{"id":8381,"date":"2024-02-29T17:17:52","date_gmt":"2024-02-29T16:17:52","guid":{"rendered":"https:\/\/www.klasmeier.com\/?post_type=product&#038;p=8381"},"modified":"2025-12-03T12:01:46","modified_gmt":"2025-12-03T11:01:46","slug":"thermometre-de-reference-industriel-pt100-in-100-c-400-c","status":"publish","type":"product","link":"https:\/\/www.klasmeier.com\/fr\/produkt\/thermometre-de-reference-industriel-pt100-in-100-c-400-c\/","title":{"rendered":"Thermom\u00e8tre de r\u00e9f\u00e9rence industriel Pt100 IN (-100 \u00b0C \u2026 400 \u00b0C)"},"content":{"rendered":"\n<div class=\"wp-block-group has-global-padding is-layout-constrained wp-container-core-group-is-layout-530ec779 wp-block-group-is-layout-constrained\">\n<div class=\"wp-block-group is-vertical is-layout-flex wp-container-core-group-is-layout-fe9cc265 wp-block-group-is-layout-flex\">\n<figure class=\"wp-block-image size-full\"><img loading=\"lazy\" decoding=\"async\" width=\"310\" height=\"89\" src=\"https:\/\/www.klasmeier.com\/wp-content\/uploads\/exacal.png\" alt=\"\" class=\"wp-image-8297\" srcset=\"https:\/\/www.klasmeier.com\/wp-content\/uploads\/exacal.png 310w, https:\/\/www.klasmeier.com\/wp-content\/uploads\/exacal-300x86.png 300w\" sizes=\"auto, (max-width: 310px) 100vw, 310px\" \/><\/figure>\n\n\n\n<div class=\"wp-block-columns is-layout-flex wp-container-core-columns-is-layout-28f84493 wp-block-columns-is-layout-flex\">\n<div class=\"wp-block-column is-layout-flow wp-block-column-is-layout-flow\" style=\"flex-basis:66.66%\">\n<p>Thermom\u00e8tre de r\u00e9f\u00e9rence pr\u00e9cis pour mesurer des temp\u00e9ratures exactes ou comme <strong>\u00e9talon industriel de temp\u00e9rature, par exemple pour les calibrateurs de blocs de temp\u00e9rature.<\/strong><\/p>\n\n\n\n<p><mark style=\"background-color:rgba(0, 0, 0, 0)\" class=\"has-inline-color has-accent-3-color\"><i class=\"fas fa-circle-check\"><\/i><\/mark><strong> Design fin<\/strong><br>Le capteur de temp\u00e9rature avec un <strong>diam\u00e8tre de 4 mm<\/strong> et une poign\u00e9e r\u00e9duite permet une utilisation dans des espaces confin\u00e9s, par exemple <strong>avec des calibrateurs de blocs de temp\u00e9rature.<\/strong><\/p>\n\n\n\n<p><mark style=\"background-color:rgba(0, 0, 0, 0)\" class=\"has-inline-color has-accent-3-color\"><i class=\"fas fa-circle-check\"><\/i><\/mark> <strong>Capteurs de temp\u00e9rature Pt100<\/strong><br>Utilisation de capteurs de temp\u00e9rature hautement stables et vieillis.<\/p>\n<\/div>\n\n\n\n<div class=\"wp-block-column is-layout-flow wp-block-column-is-layout-flow\" style=\"flex-basis:33.33%\">\n<figure class=\"wp-block-image size-medium\"><img loading=\"lazy\" decoding=\"async\" width=\"300\" height=\"300\" src=\"https:\/\/www.klasmeier.com\/wp-content\/uploads\/klasmeier_EU_Precision_Thermometry_transparent-300x300.webp\" alt=\"\" class=\"wp-image-13161\" srcset=\"https:\/\/www.klasmeier.com\/wp-content\/uploads\/klasmeier_EU_Precision_Thermometry_transparent-300x300.webp 300w, https:\/\/www.klasmeier.com\/wp-content\/uploads\/klasmeier_EU_Precision_Thermometry_transparent-150x150.webp 150w, https:\/\/www.klasmeier.com\/wp-content\/uploads\/klasmeier_EU_Precision_Thermometry_transparent-768x768.webp 768w, https:\/\/www.klasmeier.com\/wp-content\/uploads\/klasmeier_EU_Precision_Thermometry_transparent-600x600.webp 600w, https:\/\/www.klasmeier.com\/wp-content\/uploads\/klasmeier_EU_Precision_Thermometry_transparent-100x100.webp 100w, https:\/\/www.klasmeier.com\/wp-content\/uploads\/klasmeier_EU_Precision_Thermometry_transparent.webp 1024w\" sizes=\"auto, (max-width: 300px) 100vw, 300px\" \/><\/figure>\n<\/div>\n<\/div>\n\n\n\n<p><span style=\"font-size: 14pt;\"><\/span><\/p>\n<\/div>\n\n\n\n<div class=\"wp-block-group is-vertical is-content-justification-stretch is-layout-flex wp-container-core-group-is-layout-88863016 wp-block-group-is-layout-flex\" style=\"padding-top:var(--wp--preset--spacing--30);padding-bottom:var(--wp--preset--spacing--30)\">\n<h3 class=\"wp-block-heading\"><strong>\u00c9talonnage<\/strong><\/h3>\n\n\n\n<p>Les thermom\u00e8tres eXacal sont \u00e9talonn\u00e9s dans notre propre <a href=\"https:\/\/www.klasmeier.com\/fr\/service-detalonnage-klasmeier\/\">laboratoire d&rsquo;\u00e9talonnage accr\u00e9dit\u00e9 DAkkS<\/a>. L&rsquo;accr\u00e9ditation DAkkS garantit que tous les \u00e9talonnages sont tra\u00e7ables aux normes nationales et internationales. L&rsquo;incertitude de mesure est calcul\u00e9e \u00e0 partir de nombreux composants. Les plus grandes contributions sont <strong>la reproductibilit\u00e9, l&rsquo;auto-\u00e9chauffement et l&rsquo;hyst\u00e9r\u00e9sis.<\/strong><\/p>\n\n\n\n<div class=\"wp-block-buttons is-content-justification-center is-layout-flex wp-container-core-buttons-is-layout-d565fcec wp-block-buttons-is-layout-flex\" style=\"margin-top:var(--wp--preset--spacing--20);margin-bottom:var(--wp--preset--spacing--20)\">\n<div class=\"wp-block-button hvr-shrink\"><a class=\"wp-block-button__link wp-element-button\" href=\"https:\/\/www.klasmeier.com\/fr\/kalibrierdienst-klasmeier\/kalibrierung-von-widerstandsthermometern\/\">\u00c9talonnage des thermom\u00e8tres \u00e0 r\u00e9sistance<\/a><\/div>\n<\/div>\n<\/div>\n\n\n\n<div class=\"wp-block-group is-vertical is-content-justification-stretch is-layout-flex wp-container-core-group-is-layout-04fbc4f9 wp-block-group-is-layout-flex\" style=\"padding-top:var(--wp--preset--spacing--30);padding-bottom:var(--wp--preset--spacing--30)\">\n<h3 class=\"wp-block-heading\"><strong>Incertitude de mesure<\/strong><\/h3>\n\n\n\n<figure class=\"wp-block-image aligncenter size-full has-custom-border\"><img loading=\"lazy\" decoding=\"async\" width=\"1024\" height=\"582\" src=\"https:\/\/www.klasmeier.com\/wp-content\/uploads\/Pt100-Modell-IN-eXacal-Klasmeier-1024x582-1.png\" alt=\"\" class=\"wp-image-4708\" style=\"border-radius:50px\" srcset=\"https:\/\/www.klasmeier.com\/wp-content\/uploads\/Pt100-Modell-IN-eXacal-Klasmeier-1024x582-1.png 1024w, https:\/\/www.klasmeier.com\/wp-content\/uploads\/Pt100-Modell-IN-eXacal-Klasmeier-1024x582-1-300x171.png 300w, https:\/\/www.klasmeier.com\/wp-content\/uploads\/Pt100-Modell-IN-eXacal-Klasmeier-1024x582-1-768x437.png 768w, https:\/\/www.klasmeier.com\/wp-content\/uploads\/Pt100-Modell-IN-eXacal-Klasmeier-1024x582-1-600x341.png 600w\" sizes=\"auto, (max-width: 1024px) 100vw, 1024px\" \/><\/figure>\n<\/div>\n<\/div>\n","protected":false},"excerpt":{"rendered":"<p>Fabricant : Klasmeier \/ eXacal mod\u00e8le : Pt100IN<\/p>\n","protected":false},"featured_media":11382,"template":"","meta":[],"product_brand":[],"product_cat":[],"product_tag":[],"class_list":{"0":"post-8381","1":"product","2":"type-product","3":"status-publish","4":"has-post-thumbnail","7":"first","8":"instock","9":"shipping-taxable","10":"purchasable","11":"product-type-variable"},"_links":{"self":[{"href":"https:\/\/www.klasmeier.com\/fr\/wp-json\/wp\/v2\/product\/8381","targetHints":{"allow":["GET"]}}],"collection":[{"href":"https:\/\/www.klasmeier.com\/fr\/wp-json\/wp\/v2\/product"}],"about":[{"href":"https:\/\/www.klasmeier.com\/fr\/wp-json\/wp\/v2\/types\/product"}],"wp:featuredmedia":[{"embeddable":true,"href":"https:\/\/www.klasmeier.com\/fr\/wp-json\/wp\/v2\/media\/11382"}],"wp:attachment":[{"href":"https:\/\/www.klasmeier.com\/fr\/wp-json\/wp\/v2\/media?parent=8381"}],"wp:term":[{"taxonomy":"product_brand","embeddable":true,"href":"https:\/\/www.klasmeier.com\/fr\/wp-json\/wp\/v2\/product_brand?post=8381"},{"taxonomy":"product_cat","embeddable":true,"href":"https:\/\/www.klasmeier.com\/fr\/wp-json\/wp\/v2\/product_cat?post=8381"},{"taxonomy":"product_tag","embeddable":true,"href":"https:\/\/www.klasmeier.com\/fr\/wp-json\/wp\/v2\/product_tag?post=8381"}],"curies":[{"name":"wp","href":"https:\/\/api.w.org\/{rel}","templated":true}]}}