{"id":8343,"date":"2024-02-29T17:20:50","date_gmt":"2024-02-29T16:20:50","guid":{"rendered":"https:\/\/www.klasmeier.com\/?post_type=product&#038;p=8343"},"modified":"2025-12-03T11:36:32","modified_gmt":"2025-12-03T10:36:32","slug":"thermometre-de-reference-sprt-secondaire-100-c-a-670-c","status":"publish","type":"product","link":"https:\/\/www.klasmeier.com\/fr\/produkt\/thermometre-de-reference-sprt-secondaire-100-c-a-670-c\/","title":{"rendered":"Thermom\u00e8tre de R\u00e9f\u00e9rence SPRT Secondaire -100 \u00b0C \u00e0 670 \u00b0C"},"content":{"rendered":"\n<figure class=\"wp-block-image aligncenter size-full\"><img loading=\"lazy\" decoding=\"async\" width=\"310\" height=\"89\" src=\"https:\/\/www.klasmeier.com\/wp-content\/uploads\/exacal.png\" alt=\"\" class=\"wp-image-8297\" srcset=\"https:\/\/www.klasmeier.com\/wp-content\/uploads\/exacal.png 310w, https:\/\/www.klasmeier.com\/wp-content\/uploads\/exacal-300x86.png 300w\" sizes=\"auto, (max-width: 310px) 100vw, 310px\" \/><\/figure>\n\n\n\n<h3 class=\"wp-block-heading\"><strong>Particularit\u00e9s du mod\u00e8le SPRT secondaire 215: <\/strong><\/h3>\n\n\n\n<div class=\"wp-block-columns is-layout-flex wp-container-core-columns-is-layout-28f84493 wp-block-columns-is-layout-flex\">\n<div class=\"wp-block-column is-layout-flow wp-block-column-is-layout-flow\" style=\"flex-basis:66.66%\">\n<p><mark style=\"background-color:rgba(0, 0, 0, 0)\" class=\"has-inline-color has-accent-3-color\"><i class=\"fas fa-circle-check\"><\/i> <\/mark><strong>Plage de temp\u00e9rature :<\/strong> avec une plage d&rsquo;utilisation comprise entre -100 \u00b0C et 670 \u00b0C, notre thermom\u00e8tre de r\u00e9f\u00e9rence SPRT secondaire mod\u00e8le 215 couvre une plage de temp\u00e9rature moyenne pour les applications courantes. Cela en fait une solution polyvalente pour les exigences de mesure les plus diverses.<\/p>\n\n\n\n<p><mark style=\"background-color:rgba(0, 0, 0, 0)\" class=\"has-inline-color has-accent-3-color\"><i class=\"fas fa-circle-check\"><\/i><\/mark> <strong>Faibles incertitudes de mesure :<\/strong> la pr\u00e9cision du thermom\u00e8tre est soulign\u00e9e par ses faibles incertitudes de mesure de seulement 2,5 mK \u00e0 13,5 mK avec un \u00e9talonnage accr\u00e9dit\u00e9 DAkkS selon la norme DIN EN ISO\/IEC 17025. Cette bonne pr\u00e9cision garantit des r\u00e9sultats fiables dans tous les domaines d&rsquo;application.<\/p>\n<\/div>\n\n\n\n<div class=\"wp-block-column is-layout-flow wp-block-column-is-layout-flow\" style=\"flex-basis:33.33%\">\n<figure class=\"wp-block-image size-medium\"><img loading=\"lazy\" decoding=\"async\" width=\"300\" height=\"300\" src=\"https:\/\/www.klasmeier.com\/wp-content\/uploads\/klasmeier_EU_Precision_Thermometry_transparent-300x300.webp\" alt=\"\" class=\"wp-image-13161\" srcset=\"https:\/\/www.klasmeier.com\/wp-content\/uploads\/klasmeier_EU_Precision_Thermometry_transparent-300x300.webp 300w, https:\/\/www.klasmeier.com\/wp-content\/uploads\/klasmeier_EU_Precision_Thermometry_transparent-150x150.webp 150w, https:\/\/www.klasmeier.com\/wp-content\/uploads\/klasmeier_EU_Precision_Thermometry_transparent-768x768.webp 768w, https:\/\/www.klasmeier.com\/wp-content\/uploads\/klasmeier_EU_Precision_Thermometry_transparent-600x600.webp 600w, https:\/\/www.klasmeier.com\/wp-content\/uploads\/klasmeier_EU_Precision_Thermometry_transparent-100x100.webp 100w, https:\/\/www.klasmeier.com\/wp-content\/uploads\/klasmeier_EU_Precision_Thermometry_transparent.webp 1024w\" sizes=\"auto, (max-width: 300px) 100vw, 300px\" \/><\/figure>\n<\/div>\n<\/div>\n\n\n\n<p><mark style=\"background-color:rgba(0, 0, 0, 0)\" class=\"has-inline-color has-accent-3-color\"><i class=\"fas fa-circle-check\"><\/i><\/mark> <strong>Robustesse :<\/strong> alternative robuste aux SPRT tr\u00e8s sensibles avec gaine en quartz, notre thermom\u00e8tre de r\u00e9f\u00e9rence SPRT secondaire se distingue par sa gaine m\u00e9tallique et ses r\u00e9sistances de mesure stables. Il est donc id\u00e9al pour une utilisation \u00e0 long terme.<\/p>\n\n\n\n<p><mark style=\"background-color:rgba(0, 0, 0, 0)\" class=\"has-inline-color has-accent-3-color\"><i class=\"fas fa-circle-check\"><\/i><\/mark> <strong>Nouveau capteur SPRT :<\/strong> le capteur de temp\u00e9rature SPRT nouvellement d\u00e9velopp\u00e9 par Klasmeier a \u00e9t\u00e9 am\u00e9lior\u00e9 dans les domaines suivants :<\/p>\n\n\n\n<div class=\"wp-block-columns is-layout-flex wp-container-core-columns-is-layout-28f84493 wp-block-columns-is-layout-flex\">\n<div class=\"wp-block-column is-layout-flow wp-block-column-is-layout-flow\" style=\"flex-basis:100%\">\n<ul class=\"wp-block-list is-style-checkmark-list\">\n<li>R\u00e9ponse rapide<\/li>\n\n\n\n<li>Faible hyst\u00e9r\u00e9sis<\/li>\n\n\n\n<li>Faible \u00e9chauffement propre<\/li>\n\n\n\n<li>Excellente reproductibilit\u00e9 et stabilit\u00e9<\/li>\n<\/ul>\n<\/div>\n<\/div>\n\n\n\n<div class=\"wp-block-group alignwide is-vertical is-layout-flex wp-container-core-group-is-layout-ab79abe2 wp-block-group-is-layout-flex\" style=\"padding-top:var(--wp--preset--spacing--30);padding-bottom:var(--wp--preset--spacing--30)\">\n<h2 class=\"wp-block-heading\">Capteurs de temp\u00e9rature issus de notre propre fabrication<\/h2>\n\n\n\n<p>Chaque capteur de temp\u00e9rature du thermom\u00e8tre \u00e0 r\u00e9sistance platine standard (SPRT) eXacal 230 est fabriqu\u00e9 avec le plus grand soin et la plus grande pr\u00e9cision dans notre usine de Fulda. Le d\u00e9veloppement et la fabrication de nos propres r\u00e9sistances de mesure garantissent une qualit\u00e9 et une fiabilit\u00e9 maximales.<\/p>\n\n\n\n<p><strong>Pourquoi choisir Klasmeier-Manufaktur ?<\/strong><\/p>\n\n\n\n<ul class=\"wp-block-list\">\n<li><strong>Pr\u00e9cision artisanale :<\/strong> nos SPRT sont fabriqu\u00e9s par des experts exp\u00e9riment\u00e9s qui surveillent attentivement chaque d\u00e9tail.<\/li>\n\n\n\n<li><strong>Solutions individuelles :<\/strong> nous pouvons r\u00e9pondre \u00e0 des exigences sp\u00e9cifiques et fabriquer des capteurs sur mesure pour votre application.<\/li>\n\n\n\n<li><strong>Contr\u00f4le qualit\u00e9 :<\/strong> chaque capteur est soumis \u00e0 des proc\u00e9dures de test rigoureuses afin de garantir qu&rsquo;il r\u00e9pond aux exigences \u00e9lev\u00e9es de l&rsquo;\u00e9chelle internationale de temp\u00e9rature ITS-90.<\/li>\n<\/ul>\n\n\n\n<p>Gr\u00e2ce \u00e0 la fabrication dans notre propre usine, nous avons un contr\u00f4le total sur l&rsquo;ensemble du processus de production, du choix des mat\u00e9riaux \u00e0 l&rsquo;\u00e9talonnage final accr\u00e9dit\u00e9. Le r\u00e9sultat : un produit qui r\u00e9pond aux exigences les plus \u00e9lev\u00e9es en mati\u00e8re de technologie de mesure.<\/p>\n\n\n\n<h3 class=\"wp-block-heading\"><strong>\u00c9talonnage certifi\u00e9 DAkkS des SPRT secondaires<\/strong><\/h3>\n\n\n\n<p>Dans notre <strong><a href=\"https:\/\/www.klasmeier.com\/fr\/entreprise\/portrait-de-lentreprise\/kalibrierdienst-klasmeier\/\">laboratoire d&rsquo;\u00e9talonnage interne accr\u00e9dit\u00e9 DAkkS<\/a><\/strong>, nous proposons des services d&rsquo;\u00e9talonnage de haute pr\u00e9cision pour les SPRT. Notre accr\u00e9ditation garantit que chaque \u00e9talonnage est effectu\u00e9 conform\u00e9ment aux normes internationalement reconnues <strong>DIN EN ISO\/IEC 17025<\/strong>. Cela garantit une tra\u00e7abilit\u00e9 compl\u00e8te par rapport aux normes nationales et internationales.<\/p>\n\n\n\n<p><\/p>\n\n\n\n<figure class=\"wp-block-image size-large has-custom-border\"><img data-dominant-color=\"f7f7f8\" data-has-transparency=\"false\" loading=\"lazy\" decoding=\"async\" width=\"1024\" height=\"586\" src=\"https:\/\/www.klasmeier.com\/wp-content\/uploads\/SPRT-215-eXacal-Klasmeier-1024x586.webp\" alt=\"\" class=\"wp-image-11124 not-transparent\" style=\"--dominant-color: #f7f7f8; border-radius:50px\" srcset=\"https:\/\/www.klasmeier.com\/wp-content\/uploads\/SPRT-215-eXacal-Klasmeier-1024x586.webp 1024w, https:\/\/www.klasmeier.com\/wp-content\/uploads\/SPRT-215-eXacal-Klasmeier-300x172.webp 300w, https:\/\/www.klasmeier.com\/wp-content\/uploads\/SPRT-215-eXacal-Klasmeier-768x439.webp 768w, https:\/\/www.klasmeier.com\/wp-content\/uploads\/SPRT-215-eXacal-Klasmeier-1536x879.webp 1536w, https:\/\/www.klasmeier.com\/wp-content\/uploads\/SPRT-215-eXacal-Klasmeier-2048x1172.webp 2048w, https:\/\/www.klasmeier.com\/wp-content\/uploads\/SPRT-215-eXacal-Klasmeier-600x343.webp 600w\" sizes=\"auto, (max-width: 1024px) 100vw, 1024px\" \/><\/figure>\n\n\n\n<div style=\"height:45px\" aria-hidden=\"true\" class=\"wp-block-spacer wp-container-content-95fa6ccb\"><\/div>\n\n\n\n<figure class=\"wp-block-table pttb\"><table class=\"has-fixed-layout\"><tbody><tr><td class=\"has-text-align-center\" data-align=\"center\"><strong>Domaine<\/strong><\/td><td><strong>Points fixes de temp\u00e9rature<\/strong><\/td><td><strong>Incertitude de mesure<\/strong><\/td><\/tr><tr><td class=\"has-text-align-center\" data-align=\"center\">-38,8344 \u00b0C &#8211; 0,01 \u00b0C<\/td><td>Du mercure \u00e0 l&rsquo;eau<\/td><td>2,5 mK<\/td><\/tr><tr><td class=\"has-text-align-center\" data-align=\"center\">0,01 \u00b0C &#8211; 29,7646 \u00b0C<\/td><td>De l&rsquo;eau au gallium<\/td><td>3,5 mK<\/td><\/tr><tr><td class=\"has-text-align-center\" data-align=\"center\">0,01 \u00b0C &#8211; 231,928 \u00b0C<\/td><td>De l&rsquo;eau \u00e0 l&rsquo;\u00e9tain<\/td><td>8,5 mK<\/td><\/tr><tr><td class=\"has-text-align-center\" data-align=\"center\">0,01 \u00b0C &#8211; 419,527 \u00b0C<\/td><td>De l&rsquo;eau au zinc<\/td><td>13,5 mK<\/td><\/tr><tr><td class=\"has-text-align-center\" data-align=\"center\">0,01 \u00b0C &#8211; 660,323 \u00b0C<\/td><td>De l&rsquo;eau \u00e0 l&rsquo;aluminium<\/td><td>13,5 mK<\/td><\/tr><\/tbody><\/table><figcaption class=\"wp-element-caption\">Les incertitudes de mesure indiqu\u00e9es correspondent \u00e0 k=2, comprennent une fonction d&rsquo;\u00e9cart ITS-90, l&rsquo;auto-\u00e9chauffement et l&rsquo;hyst\u00e9r\u00e9sis, et sont indiqu\u00e9es pour la plage correspondante.<\/figcaption><\/figure>\n<\/div>\n\n\n\n<div class=\"wp-block-group is-vertical is-content-justification-center is-layout-flex wp-container-core-group-is-layout-7add347e wp-block-group-is-layout-flex\" style=\"padding-top:var(--wp--preset--spacing--30);padding-bottom:var(--wp--preset--spacing--30)\">\n<h3 class=\"wp-block-heading\">Qu&rsquo;est-ce qui rend notre \u00e9talonnage si particulier ?<\/h3>\n\n\n\n<p><mark style=\"background-color:rgba(0, 0, 0, 0)\" class=\"has-inline-color has-accent-3-color\"><i class=\"fas fa-circle-check\"><\/i><\/mark> Tra\u00e7abilit\u00e9 : gr\u00e2ce \u00e0 notre accr\u00e9ditation DAkkS, chaque \u00e9talonnage est directement li\u00e9 aux normes nationales et internationales. Vous avez ainsi la garantie que vos r\u00e9sultats de mesure sont reconnus dans le monde entier.<\/p>\n\n\n\n<p><mark style=\"background-color:rgba(0, 0, 0, 0)\" class=\"has-inline-color has-accent-3-color\"><i class=\"fas fa-circle-check\"><\/i><\/mark> Incertitude de mesure : la pr\u00e9cision de notre \u00e9talonnage repose sur une \u00e9valuation minutieuse de toutes les composantes d&rsquo;incertitude, y compris la reproductibilit\u00e9 du thermom\u00e8tre, la fonction d&rsquo;\u00e9cart ITS-90, l&rsquo;auto-\u00e9chauffement et l&rsquo;hyst\u00e9r\u00e9sis du capteur.<\/p>\n\n\n\n<p><mark style=\"background-color:rgba(0, 0, 0, 0)\" class=\"has-inline-color has-accent-3-color\"><i class=\"fas fa-circle-check\"><\/i><\/mark> Domaine d&rsquo;application : gr\u00e2ce aux informations d\u00e9taill\u00e9es figurant sur le certificat d&rsquo;\u00e9talonnage, vous pouvez utiliser votre SPRT secondaire en toute confiance dans une plage de temp\u00e9rature comprise entre -38,8344 \u00b0C et 660,323 \u00b0C.<\/p>\n\n\n\n<p>En savoir plus sur notre laboratoire d&rsquo;\u00e9talonnage :<\/p>\n\n\n\n<p><a href=\"https:\/\/www.klasmeier.com\/fr\/service-detalonnage-klasmeier\/etalonnage-des-thermometres-a-resistance-en-platine-standard\/\">\u00c9talonnage des thermom\u00e8tres \u00e0 r\u00e9sistance standard en platine<\/a><\/p>\n<\/div>\n","protected":false},"excerpt":{"rendered":"<p>Model: eXacal 215 <br \/>Manufacturer: Klasmeier<\/p>\n","protected":false},"featured_media":8342,"template":"","meta":[],"product_brand":[],"product_cat":[],"product_tag":[],"class_list":{"0":"post-8343","1":"product","2":"type-product","3":"status-publish","4":"has-post-thumbnail","7":"first","8":"instock","9":"shipping-taxable","10":"product-type-simple"},"_links":{"self":[{"href":"https:\/\/www.klasmeier.com\/fr\/wp-json\/wp\/v2\/product\/8343","targetHints":{"allow":["GET"]}}],"collection":[{"href":"https:\/\/www.klasmeier.com\/fr\/wp-json\/wp\/v2\/product"}],"about":[{"href":"https:\/\/www.klasmeier.com\/fr\/wp-json\/wp\/v2\/types\/product"}],"wp:featuredmedia":[{"embeddable":true,"href":"https:\/\/www.klasmeier.com\/fr\/wp-json\/wp\/v2\/media\/8342"}],"wp:attachment":[{"href":"https:\/\/www.klasmeier.com\/fr\/wp-json\/wp\/v2\/media?parent=8343"}],"wp:term":[{"taxonomy":"product_brand","embeddable":true,"href":"https:\/\/www.klasmeier.com\/fr\/wp-json\/wp\/v2\/product_brand?post=8343"},{"taxonomy":"product_cat","embeddable":true,"href":"https:\/\/www.klasmeier.com\/fr\/wp-json\/wp\/v2\/product_cat?post=8343"},{"taxonomy":"product_tag","embeddable":true,"href":"https:\/\/www.klasmeier.com\/fr\/wp-json\/wp\/v2\/product_tag?post=8343"}],"curies":[{"name":"wp","href":"https:\/\/api.w.org\/{rel}","templated":true}]}}