{"id":8327,"date":"2024-02-29T17:20:51","date_gmt":"2024-02-29T16:20:51","guid":{"rendered":"https:\/\/www.klasmeier.com\/?post_type=product&#038;p=8327"},"modified":"2025-12-03T11:30:54","modified_gmt":"2025-12-03T10:30:54","slug":"thermometre-de-reference-sprt-secondaire-200-c-a-250-c","status":"publish","type":"product","link":"https:\/\/www.klasmeier.com\/fr\/produkt\/thermometre-de-reference-sprt-secondaire-200-c-a-250-c\/","title":{"rendered":"Thermom\u00e8tre de r\u00e9f\u00e9rence SPRT secondaire 200 \u00b0C \u00e0 250 \u00b0C"},"content":{"rendered":"\n<div class=\"wp-block-group has-global-padding is-layout-constrained wp-container-core-group-is-layout-530ec779 wp-block-group-is-layout-constrained\">\n<div class=\"wp-block-columns alignwide are-vertically-aligned-top is-layout-flex wp-container-core-columns-is-layout-28f84493 wp-block-columns-is-layout-flex\">\n<div class=\"wp-block-column is-layout-flow wp-block-column-is-layout-flow\" style=\"flex-basis:30%\">\n<figure class=\"wp-block-image alignleft is-resized has-custom-border\"><img loading=\"lazy\" decoding=\"async\" width=\"1024\" height=\"1024\" src=\"https:\/\/www.klasmeier.com\/wp-content\/uploads\/eXacal_SPRT_Klasmeier_216-1024x1024.jpg\" alt=\"Low-Temperature Thermometer: The Robust Secondary SPRT Reference Thermometer for Accurate Temperature Measurements\" class=\"wp-image-5410\" style=\"border-radius:50px;width:304px;height:auto\" srcset=\"https:\/\/www.klasmeier.com\/wp-content\/uploads\/eXacal_SPRT_Klasmeier_216-1024x1024.jpg 1024w, https:\/\/www.klasmeier.com\/wp-content\/uploads\/eXacal_SPRT_Klasmeier_216-300x300.jpg 300w, https:\/\/www.klasmeier.com\/wp-content\/uploads\/eXacal_SPRT_Klasmeier_216-150x150.jpg 150w, https:\/\/www.klasmeier.com\/wp-content\/uploads\/eXacal_SPRT_Klasmeier_216-768x768.jpg 768w, https:\/\/www.klasmeier.com\/wp-content\/uploads\/eXacal_SPRT_Klasmeier_216-600x600.jpg 600w, https:\/\/www.klasmeier.com\/wp-content\/uploads\/eXacal_SPRT_Klasmeier_216-100x100.jpg 100w, https:\/\/www.klasmeier.com\/wp-content\/uploads\/eXacal_SPRT_Klasmeier_216.jpg 1200w\" sizes=\"auto, (max-width: 1024px) 100vw, 1024px\" \/><\/figure>\n<\/div>\n\n\n\n<div class=\"wp-block-column is-layout-flow wp-block-column-is-layout-flow\" style=\"flex-basis:75%\">\n<p><strong>Thermom\u00e8tre \u00e0 basse temp\u00e9rature : Le thermom\u00e8tre de r\u00e9f\u00e9rence SPRT secondaire robuste pour des mesures de temp\u00e9rature pr\u00e9cises<\/strong><\/p>\n\n\n\n<p><span style=\"font-size: 14pt;\">Notre thermom\u00e8tre SPRT (thermom\u00e8tre \u00e0 r\u00e9sistance de platine standard) \u00e0 basse temp\u00e9rature est une norme de calibration pour les mesures de temp\u00e9rature de pr\u00e9cision dans les applications les plus exigeantes. Con\u00e7us pour r\u00e9pondre aux besoins de la recherche, de l&rsquo;industrie et de l&rsquo;assurance qualit\u00e9, ces thermom\u00e8tres offrent une excellente pr\u00e9cision et fiabilit\u00e9. Gr\u00e2ce \u00e0 leur robustesse, ils constituent une alternative attrayante aux thermom\u00e8tres souvent tr\u00e8s d\u00e9licats avec une gaine de protection en quartz pour les travaux de mesure quotidiens.<\/span><\/p>\n<\/div>\n<\/div>\n\n\n\n<div class=\"wp-block-group alignwide is-vertical is-content-justification-stretch is-layout-flex wp-container-core-group-is-layout-88863016 wp-block-group-is-layout-flex\" style=\"padding-top:var(--wp--preset--spacing--30);padding-bottom:var(--wp--preset--spacing--30)\">\n<figure class=\"wp-block-image size-full\"><img loading=\"lazy\" decoding=\"async\" width=\"310\" height=\"89\" src=\"https:\/\/www.klasmeier.com\/wp-content\/uploads\/exacal.png\" alt=\"\" class=\"wp-image-8297\" srcset=\"https:\/\/www.klasmeier.com\/wp-content\/uploads\/exacal.png 310w, https:\/\/www.klasmeier.com\/wp-content\/uploads\/exacal-300x86.png 300w\" sizes=\"auto, (max-width: 310px) 100vw, 310px\" \/><\/figure>\n\n\n\n<h3 class=\"wp-block-heading\"><strong>Caract\u00e9ristiques du thermom\u00e8tre SPRT secondaire mod\u00e8le 216 :<\/strong><\/h3>\n\n\n\n<div class=\"wp-block-columns is-layout-flex wp-container-core-columns-is-layout-28f84493 wp-block-columns-is-layout-flex\">\n<div class=\"wp-block-column is-layout-flow wp-block-column-is-layout-flow\" style=\"flex-basis:66.66%\">\n<p><mark style=\"background-color:rgba(0, 0, 0, 0)\" class=\"has-inline-color has-accent-3-color\"><i class=\"fas fa-circle-check\"><\/i><\/mark> <span><strong>Remplissage de gaz protecteur :<\/strong><br>La poign\u00e9e du SPRT est \u00e9tanche \u00e0 l&rsquo;air, ce qui permet de remplir le thermom\u00e8tre de gaz protecteur. Cette conception prot\u00e8ge le thermom\u00e8tre des influences environnementales, am\u00e9liorant ainsi ses performances, notamment \u00e0 des temp\u00e9ratures extr\u00eamement basses. Le remplissage de gaz protecteur permet au thermom\u00e8tre de fonctionner \u00e0 des temp\u00e9ratures aussi basses que -200\u00b0C, permettant ainsi une calibration jusqu&rsquo;au point triple de l&rsquo;argon \u00e0 environ -189\u00b0C.<\/span><\/p>\n\n\n\n<p><mark style=\"background-color:rgba(0, 0, 0, 0)\" class=\"has-inline-color has-accent-3-color\"><i class=\"fas fa-circle-check\"><\/i> <\/mark><span><strong>Plage de temp\u00e9rature :<\/strong><br>Avec une plage de fonctionnement de -200\u00b0C \u00e0 250\u00b0C, notre thermom\u00e8tre de r\u00e9f\u00e9rence SPRT secondaire mod\u00e8le 216 couvre une large plage de temp\u00e9ratures basses. Cela en fait une solution parfaite pour divers besoins de mesure.<\/span><\/p>\n<\/div>\n\n\n\n<div class=\"wp-block-column is-layout-flow wp-block-column-is-layout-flow\" style=\"flex-basis:33.33%\">\n<figure class=\"wp-block-image size-medium\"><img loading=\"lazy\" decoding=\"async\" width=\"300\" height=\"300\" src=\"https:\/\/www.klasmeier.com\/wp-content\/uploads\/klasmeier_EU_Precision_Thermometry_transparent-300x300.webp\" alt=\"\" class=\"wp-image-13161\" srcset=\"https:\/\/www.klasmeier.com\/wp-content\/uploads\/klasmeier_EU_Precision_Thermometry_transparent-300x300.webp 300w, https:\/\/www.klasmeier.com\/wp-content\/uploads\/klasmeier_EU_Precision_Thermometry_transparent-150x150.webp 150w, https:\/\/www.klasmeier.com\/wp-content\/uploads\/klasmeier_EU_Precision_Thermometry_transparent-768x768.webp 768w, https:\/\/www.klasmeier.com\/wp-content\/uploads\/klasmeier_EU_Precision_Thermometry_transparent-600x600.webp 600w, https:\/\/www.klasmeier.com\/wp-content\/uploads\/klasmeier_EU_Precision_Thermometry_transparent-100x100.webp 100w, https:\/\/www.klasmeier.com\/wp-content\/uploads\/klasmeier_EU_Precision_Thermometry_transparent.webp 1024w\" sizes=\"auto, (max-width: 300px) 100vw, 300px\" \/><\/figure>\n<\/div>\n<\/div>\n\n\n\n<p><mark style=\"background-color:rgba(0, 0, 0, 0)\" class=\"has-inline-color has-accent-3-color\"><i class=\"fas fa-circle-check\"><\/i><\/mark> <strong>Faibles incertitudes de mesure :<\/strong><br>La pr\u00e9cision du thermom\u00e8tre est mise en \u00e9vidence par ses faibles incertitudes de mesure, de seulement 4,5 mK \u00e0 7 mK avec une calibration DAkkS accr\u00e9dit\u00e9e selon la norme DIN EN ISO\/IEC 17025. Cette grande pr\u00e9cision garantit des r\u00e9sultats fiables dans tous les domaines d&rsquo;application.<\/p>\n\n\n\n<p><mark style=\"background-color:rgba(0, 0, 0, 0)\" class=\"has-inline-color has-accent-3-color\"><i class=\"fas fa-circle-check\"><\/i><\/mark> <span><strong>Robustesse :<\/strong><br>En tant qu&rsquo;alternative robuste aux SPRT (thermom\u00e8tres \u00e0 r\u00e9sistance de platine standard) hautement sensibles avec une gaine en quartz, nos thermom\u00e8tres de r\u00e9f\u00e9rence SPRT secondaires se distinguent par leur gaine m\u00e9tallique et leur d\u00e9tecteur de temp\u00e9rature stable. Cela les rend id\u00e9aux pour un usage \u00e0 long terme.<\/span><\/p>\n\n\n\n<p><mark style=\"background-color:rgba(0, 0, 0, 0)\" class=\"has-inline-color has-accent-3-color\"><i class=\"fas fa-circle-check\"><\/i><\/mark> <strong>Nouveau capteur SPRT :<\/strong><br>Le d\u00e9tecteur de temp\u00e9rature SPRT r\u00e9cemment d\u00e9velopp\u00e9 par Klasmeier a \u00e9t\u00e9 am\u00e9lior\u00e9 dans les domaines suivants :<\/p>\n\n\n\n<div class=\"wp-block-columns is-layout-flex wp-container-core-columns-is-layout-28f84493 wp-block-columns-is-layout-flex\">\n<div class=\"wp-block-column is-layout-flow wp-block-column-is-layout-flow\" style=\"flex-basis:100%\">\n<ul class=\"wp-block-list is-style-checkmark-list\">\n<li>Temps de r\u00e9ponse rapide<\/li>\n\n\n\n<li>Faible hyst\u00e9r\u00e9sis<\/li>\n\n\n\n<li>Chauffage interne minimal<\/li>\n\n\n\n<li>Excellente reproductibilit\u00e9 et stabilit\u00e9<\/li>\n<\/ul>\n<\/div>\n<\/div>\n<\/div>\n\n\n\n<div class=\"wp-block-group alignwide is-vertical is-layout-flex wp-container-core-group-is-layout-ab79abe2 wp-block-group-is-layout-flex\" style=\"padding-top:var(--wp--preset--spacing--30);padding-bottom:var(--wp--preset--spacing--30)\">\n<h3 class=\"wp-block-heading\"><strong><strong>Calibration DAkkS certifi\u00e9e des SPRT \u00e0 basse temp\u00e9rature<\/strong><\/strong><\/h3>\n\n\n\n<p>Dans notre <strong><a href=\"https:\/\/www.klasmeier.com\/fr\/entreprise\/portrait-de-lentreprise\/kalibrierdienst-klasmeier\/\">laboratoire de calibration accr\u00e9dit\u00e9 DAkkS<\/a><\/strong> en interne, nous proposons des services de calibration haute pr\u00e9cision pour les SPRT \u00e0 basse temp\u00e9rature. Notre calibration garantit que chaque mesure est effectu\u00e9e conform\u00e9ment aux normes internationales reconnues de la norme <strong>DIN EN ISO\/IEC 17025<\/strong>, assurant ainsi la tra\u00e7abilit\u00e9 aux normes nationales et internationales.<\/p>\n\n\n\n<p><span>Notre thermom\u00e8tre de r\u00e9f\u00e9rence SPRT secondaire pour basses temp\u00e9ratures est sp\u00e9cialement con\u00e7u pour \u00eatre calibr\u00e9 \u00e0 des temp\u00e9ratures allant jusqu&rsquo;au point triple de l&rsquo;argon. Cela permet son utilisation dans des applications \u00e0 tr\u00e8s basse temp\u00e9rature n\u00e9cessitant une mesure de temp\u00e9rature fiable.<\/span><\/p>\n\n\n\n<figure class=\"wp-block-image size-large has-custom-border\"><img loading=\"lazy\" decoding=\"async\" width=\"1024\" height=\"567\" src=\"https:\/\/www.klasmeier.com\/wp-content\/uploads\/SPRT-216-eXacal-Klasmeier-1024x567.png\" alt=\"Measurement Uncertainty: Secondary SPRT Reference Thermometer Model 216\" class=\"wp-image-6205\" style=\"border-radius:50px\" srcset=\"https:\/\/www.klasmeier.com\/wp-content\/uploads\/SPRT-216-eXacal-Klasmeier-1024x567.png 1024w, https:\/\/www.klasmeier.com\/wp-content\/uploads\/SPRT-216-eXacal-Klasmeier-300x166.png 300w, https:\/\/www.klasmeier.com\/wp-content\/uploads\/SPRT-216-eXacal-Klasmeier-768x425.png 768w, https:\/\/www.klasmeier.com\/wp-content\/uploads\/SPRT-216-eXacal-Klasmeier-1536x850.png 1536w, https:\/\/www.klasmeier.com\/wp-content\/uploads\/SPRT-216-eXacal-Klasmeier-2048x1134.png 2048w, https:\/\/www.klasmeier.com\/wp-content\/uploads\/SPRT-216-eXacal-Klasmeier-600x332.png 600w\" sizes=\"auto, (max-width: 1024px) 100vw, 1024px\" \/><\/figure>\n\n\n\n<div style=\"height:45px\" aria-hidden=\"true\" class=\"wp-block-spacer wp-container-content-95fa6ccb\"><\/div>\n\n\n\n<figure class=\"wp-block-table pttb\"><table class=\"has-fixed-layout\"><tbody><tr><td class=\"has-text-align-center\" data-align=\"center\"><strong>Plage de temp\u00e9rature<\/strong><\/td><td><strong>M\u00e9thode<\/strong><\/td><td><strong>Incertitude de mesure<\/strong><\/td><\/tr><tr><\/tr><tr><td class=\"has-text-align-center\" data-align=\"center\">-189,3442 \u00b0C &#8211; 0,01 \u00b0C<\/td><td>Argon \u00e0 eau<\/td><td>6 mK<\/td><\/tr><tr><td class=\"has-text-align-center\" data-align=\"center\">-38,8344 \u00b0C &#8211; 0,01 \u00b0C<\/td><td>Mercure \u00e0 eau<\/td><td>6 mK<\/td><\/tr><tr><td class=\"has-text-align-center\" data-align=\"center\">0,01 \u00b0C &#8211; 29,7646 \u00b0C<\/td><td>Eau \u00e0 gallium<\/td><td>6 mK<\/td><\/tr><tr><td class=\"has-text-align-center\" data-align=\"center\">0,01 \u00b0C &#8211; 156,5985 \u00b0C<\/td><td>Eau \u00e0 indium<\/td><td>6 mK<\/td><\/tr><tr><td class=\"has-text-align-center\" data-align=\"center\">0,01 \u00b0C &#8211; 231,928 \u00b0C<\/td><td>Eau \u00e0 \u00e9tain<\/td><td>7 mK<\/td><\/tr><\/tbody><\/table><figcaption class=\"wp-element-caption\">\n    Les incertitudes de mesure sp\u00e9cifi\u00e9es correspondent \u00e0 k=2, incluant une fonction de d\u00e9viation ITS-90, l&rsquo;auto-chauffage et l&rsquo;hyst\u00e9r\u00e9sis, et sont fournies pour chaque plage respective.\n  <\/figcaption><\/figure>\n<\/div>\n\n\n\n<div class=\"wp-block-group is-vertical is-content-justification-center is-layout-flex wp-container-core-group-is-layout-7add347e wp-block-group-is-layout-flex\" style=\"padding-top:var(--wp--preset--spacing--30);padding-bottom:var(--wp--preset--spacing--30)\">\n<h3 class=\"wp-block-heading\">Qu&rsquo;est-ce qui rend notre calibration sp\u00e9ciale ?<\/h3>\n\n\n\n<p><mark style=\"background-color:rgba(0, 0, 0, 0)\" class=\"has-inline-color has-accent-3-color\"><i class=\"fas fa-circle-check\"><\/i><\/mark> <span><strong>Tra\u00e7abilit\u00e9<\/strong>&nbsp;: Gr\u00e2ce \u00e0 notre accr\u00e9ditation DAkkS (DIN EN ISO\/IEC 17025), chaque calibration est directement li\u00e9e aux normes nationales et internationales. Cela garantit que vos r\u00e9sultats de mesure sont reconnus \u00e0 l&rsquo;\u00e9chelle mondiale.<\/span><\/p>\n\n\n\n<p><mark style=\"background-color:rgba(0, 0, 0, 0)\" class=\"has-inline-color has-accent-3-color\"><i class=\"fas fa-circle-check\"><\/i><\/mark> <span><strong>Incertitude de mesure<\/strong>&nbsp;: La pr\u00e9cision de notre calibration repose sur une \u00e9valuation minutieuse de tous les composants d&rsquo;incertitude, y compris la reproductibilit\u00e9 du thermom\u00e8tre, la fonction de d\u00e9viation ITS-90, l&rsquo;auto-chauffage et l&rsquo;hyst\u00e9r\u00e9sis du capteur.<\/span><\/p>\n\n\n\n<p><mark style=\"background-color:rgba(0, 0, 0, 0)\" class=\"has-inline-color has-accent-3-color\"><i class=\"fas fa-circle-check\"><\/i><\/mark> <span><strong>Plage d&rsquo;application<\/strong>&nbsp;: Gr\u00e2ce aux informations d\u00e9taill\u00e9es du certificat de calibration, vous pouvez utiliser vos SPRTs basse temp\u00e9rature dans la plage de temp\u00e9rature de -189 \u00b0C \u00e0 232 \u00b0C en toute confiance.<\/span><\/p>\n<\/div>\n<\/div>\n","protected":false},"excerpt":{"rendered":"<p>Mod\u00e8le : eXacal 216 Fabricant : Klasmeier<\/p>\n","protected":false},"featured_media":8328,"template":"","meta":[],"product_brand":[],"product_cat":[],"product_tag":[],"class_list":{"0":"post-8327","1":"product","2":"type-product","3":"status-publish","4":"has-post-thumbnail","7":"first","8":"instock","9":"shipping-taxable","10":"product-type-simple"},"_links":{"self":[{"href":"https:\/\/www.klasmeier.com\/fr\/wp-json\/wp\/v2\/product\/8327","targetHints":{"allow":["GET"]}}],"collection":[{"href":"https:\/\/www.klasmeier.com\/fr\/wp-json\/wp\/v2\/product"}],"about":[{"href":"https:\/\/www.klasmeier.com\/fr\/wp-json\/wp\/v2\/types\/product"}],"wp:featuredmedia":[{"embeddable":true,"href":"https:\/\/www.klasmeier.com\/fr\/wp-json\/wp\/v2\/media\/8328"}],"wp:attachment":[{"href":"https:\/\/www.klasmeier.com\/fr\/wp-json\/wp\/v2\/media?parent=8327"}],"wp:term":[{"taxonomy":"product_brand","embeddable":true,"href":"https:\/\/www.klasmeier.com\/fr\/wp-json\/wp\/v2\/product_brand?post=8327"},{"taxonomy":"product_cat","embeddable":true,"href":"https:\/\/www.klasmeier.com\/fr\/wp-json\/wp\/v2\/product_cat?post=8327"},{"taxonomy":"product_tag","embeddable":true,"href":"https:\/\/www.klasmeier.com\/fr\/wp-json\/wp\/v2\/product_tag?post=8327"}],"curies":[{"name":"wp","href":"https:\/\/api.w.org\/{rel}","templated":true}]}}