{"id":8320,"date":"2024-11-21T09:32:37","date_gmt":"2024-11-21T08:32:37","guid":{"rendered":"https:\/\/www.klasmeier.com\/?post_type=product&#038;p=8320"},"modified":"2025-12-03T11:39:58","modified_gmt":"2025-12-03T10:39:58","slug":"thermometre-standard-primaire-a-resistance-de-platine-sprt-200-c-a-670-c","status":"publish","type":"product","link":"https:\/\/www.klasmeier.com\/fr\/produkt\/thermometre-standard-primaire-a-resistance-de-platine-sprt-200-c-a-670-c\/","title":{"rendered":"Thermom\u00e8tre standard primaire \u00e0 r\u00e9sistance de platine (SPRT) -200 \u00b0C \u00e0 670 \u00b0C"},"content":{"rendered":"\n<figure class=\"wp-block-image aligncenter size-full\"><img loading=\"lazy\" decoding=\"async\" width=\"310\" height=\"89\" src=\"https:\/\/www.klasmeier.com\/wp-content\/uploads\/exacal.png\" alt=\"\" class=\"wp-image-8297\" srcset=\"https:\/\/www.klasmeier.com\/wp-content\/uploads\/exacal.png 310w, https:\/\/www.klasmeier.com\/wp-content\/uploads\/exacal-300x86.png 300w\" sizes=\"auto, (max-width: 310px) 100vw, 310px\" \/><\/figure>\n\n\n\n<div class=\"wp-block-columns is-layout-flex wp-container-core-columns-is-layout-28f84493 wp-block-columns-is-layout-flex\">\n<div class=\"wp-block-column is-layout-flow wp-block-column-is-layout-flow\" style=\"flex-basis:66.66%\">\n<p><strong>Le eXacal 230<\/strong> est un thermom\u00e8tre \u00e0 r\u00e9sistance en platine standard (SPRT) de tr\u00e8s haute pr\u00e9cision, sp\u00e9cialement con\u00e7u pour une utilisation en laboratoires de m\u00e9trologie. Il offre une stabilit\u00e9 exceptionnelle, de faibles incertitudes de mesure et r\u00e9pond parfaitement aux exigences de l\u2019\u00c9chelle Internationale de Temp\u00e9rature (ITS-90). Avec sa plage de mesure allant de <strong>-200\u00a0\u00b0C \u00e0 +670\u00a0\u00b0C<\/strong>, il constitue le choix id\u00e9al pour les op\u00e9rations d\u2019\u00e9talonnage dans les domaines de la recherche et de l\u2019industrie.<br><br><strong>Caract\u00e9ristiques<\/strong><\/p>\n\n\n\n<p>\u2022 <strong>Pr\u00e9cision&nbsp;:<\/strong> Excellente exactitude de mesure, associ\u00e9e \u00e0 des incertitudes minimales.<\/p>\n\n\n\n<p>\u2022 <strong>Plage de temp\u00e9rature&nbsp;:<\/strong> Ce thermom\u00e8tre \u00e0 r\u00e9sistance en platine standard (SPRT) peut \u00eatre utilis\u00e9 de <strong>-200&nbsp;\u00b0C \u00e0 +670&nbsp;\u00b0C<\/strong>.<\/p>\n\n\n\n<p>\u2022 <strong>Qualit\u00e9&nbsp;:<\/strong> Fabriqu\u00e9 \u00e0 partir de platine de haute puret\u00e9 pour une stabilit\u00e9 et une fiabilit\u00e9 maximales.<\/p>\n\n\n\n<p>\u2022 <strong>Tra\u00e7abilit\u00e9&nbsp;:<\/strong> Le thermom\u00e8tre standard \u00e0 r\u00e9sistance en platine eXacal 230 est enti\u00e8rement conforme aux exigences de l\u2019ITS-90.<\/p>\n<\/div>\n\n\n\n<div class=\"wp-block-column is-layout-flow wp-block-column-is-layout-flow\" style=\"flex-basis:33.33%\">\n<figure class=\"wp-block-image size-medium\"><img loading=\"lazy\" decoding=\"async\" width=\"300\" height=\"300\" src=\"https:\/\/www.klasmeier.com\/wp-content\/uploads\/klasmeier_EU_Precision_Thermometry_transparent-300x300.webp\" alt=\"\" class=\"wp-image-13161\" srcset=\"https:\/\/www.klasmeier.com\/wp-content\/uploads\/klasmeier_EU_Precision_Thermometry_transparent-300x300.webp 300w, https:\/\/www.klasmeier.com\/wp-content\/uploads\/klasmeier_EU_Precision_Thermometry_transparent-150x150.webp 150w, https:\/\/www.klasmeier.com\/wp-content\/uploads\/klasmeier_EU_Precision_Thermometry_transparent-768x768.webp 768w, https:\/\/www.klasmeier.com\/wp-content\/uploads\/klasmeier_EU_Precision_Thermometry_transparent-600x600.webp 600w, https:\/\/www.klasmeier.com\/wp-content\/uploads\/klasmeier_EU_Precision_Thermometry_transparent-100x100.webp 100w, https:\/\/www.klasmeier.com\/wp-content\/uploads\/klasmeier_EU_Precision_Thermometry_transparent.webp 1024w\" sizes=\"auto, (max-width: 300px) 100vw, 300px\" \/><\/figure>\n<\/div>\n<\/div>\n\n\n\n<p><strong>Applications<\/strong><\/p>\n\n\n\n<p>\u2022 \u00c9talonnage de capteurs industriels et de thermom\u00e8tres de r\u00e9f\u00e9rence<\/p>\n\n\n\n<p>\u2022 Mesures de temp\u00e9rature de haute pr\u00e9cision en laboratoires de m\u00e9trologie<\/p>\n\n\n\n<p>\u2022 Tra\u00e7abilit\u00e9 des mesures de temp\u00e9rature aux normes internationales<\/p>\n\n\n\n<h2 class=\"wp-block-heading\">\u00c9talonnage accr\u00e9dit\u00e9 selon DIN EN ISO\/IEC 17025<\/h2>\n\n\n\n<p>Dans notre <strong>laboratoire d\u2019\u00e9talonnage accr\u00e9dit\u00e9 selon DIN EN ISO\/IEC 17025 (DAkkS)<\/strong>, nous \u00e9talonnons les thermom\u00e8tres \u00e0 r\u00e9sistance en platine standard (SPRT) avec la plus haute pr\u00e9cision. Chaque thermom\u00e8tre \u00e9talonn\u00e9 est accompagn\u00e9 d\u2019un certificat d\u2019\u00e9talonnage garantissant la tra\u00e7abilit\u00e9 et l\u2019incertitude de mesure sp\u00e9cifi\u00e9e.<\/p>\n\n\n\n<h3 class=\"wp-block-heading\">Incertitude de mesure des thermom\u00e8tres \u00e0 r\u00e9sistance en platine standard (SPRT)<\/h3>\n\n\n\n<figure class=\"wp-block-image size-large\"><img data-dominant-color=\"f7f7f8\" data-has-transparency=\"false\" style=\"--dominant-color: #f7f7f8;\" loading=\"lazy\" decoding=\"async\" width=\"1024\" height=\"585\" src=\"https:\/\/www.klasmeier.com\/wp-content\/uploads\/SPRT-230-eXacal-Klasmeier-1024x585.webp\" alt=\"eXacal 230 - Thermom\u00e8tre \u00e0 r\u00e9sistance en platine standard\" class=\"wp-image-7766 not-transparent\" srcset=\"https:\/\/www.klasmeier.com\/wp-content\/uploads\/SPRT-230-eXacal-Klasmeier-1024x585.webp 1024w, https:\/\/www.klasmeier.com\/wp-content\/uploads\/SPRT-230-eXacal-Klasmeier-300x171.webp 300w, https:\/\/www.klasmeier.com\/wp-content\/uploads\/SPRT-230-eXacal-Klasmeier-768x439.webp 768w, https:\/\/www.klasmeier.com\/wp-content\/uploads\/SPRT-230-eXacal-Klasmeier-1536x878.webp 1536w, https:\/\/www.klasmeier.com\/wp-content\/uploads\/SPRT-230-eXacal-Klasmeier-2048x1170.webp 2048w, https:\/\/www.klasmeier.com\/wp-content\/uploads\/SPRT-230-eXacal-Klasmeier-600x343.webp 600w\" sizes=\"auto, (max-width: 1024px) 100vw, 1024px\" \/><\/figure>\n\n\n\n<figure class=\"wp-block-table\"><table class=\"has-fixed-layout\"><tbody><tr><td><strong>Plage<\/strong><\/td><td><strong>Points fixes de temp\u00e9rature<\/strong><\/td><td><strong>Incertitude de mesure<\/strong><\/td><\/tr><tr><td>-189.3442&nbsp;\u00b0C \u2013 0.01&nbsp;\u00b0C<\/td><td>Argon \u00e0 Eau<\/td><td>5,5&nbsp;mK<\/td><\/tr><tr><td>-38.8344&nbsp;\u00b0C \u2013 0.01&nbsp;\u00b0C<\/td><td>Mercure \u00e0 Eau<\/td><td>2,5&nbsp;mK<\/td><\/tr><tr><td>0.01&nbsp;\u00b0C \u2013 29.7646&nbsp;\u00b0C<\/td><td>Eau \u00e0 Gallium<\/td><td>4,5&nbsp;mK<\/td><\/tr><tr><td>0.01&nbsp;\u00b0C \u2013 420.527&nbsp;\u00b0C<\/td><td>Eau \u00e0 Zinc<\/td><td>4,5&nbsp;mK<\/td><\/tr><tr><td>0.01&nbsp;\u00b0C \u2013 660.323&nbsp;\u00b0C<\/td><td>Eau \u00e0 Aluminium<\/td><td>7,0&nbsp;mK<\/td><\/tr><\/tbody><\/table><\/figure>\n\n\n\n<p>Les incertitudes de mesure indiqu\u00e9es correspondent \u00e0 k=2, incluent une fonction de d\u00e9viation ITS-90, l\u2019auto-\u00e9chauffement et l\u2019hyst\u00e9r\u00e9sis, et sont pr\u00e9cis\u00e9es pour chaque plage respective.<\/p>\n\n\n\n<p>En savoir plus sur notre laboratoire d\u2019\u00e9talonnage&nbsp;:<\/p>\n\n\n\n<p><a href=\"https:\/\/www.klasmeier.com\/fr\/kalibrierdienst-klasmeier\/kalibrierung-von-standard-platin-widerstandsthermometern\/\">\u00c9talonnage de thermom\u00e8tres \u00e0 r\u00e9sistance en platine standard<\/a><\/p>\n\n\n\n<h2 class=\"wp-block-heading\">Capteurs de temp\u00e9rature issus de notre propre site de production<\/h2>\n\n\n\n<p>Chaque capteur de temp\u00e9rature du thermom\u00e8tre \u00e0 r\u00e9sistance en platine standard eXacal 230 (SPRT) est fabriqu\u00e9 avec le plus grand soin et la plus grande pr\u00e9cision dans notre site de production interne \u00e0 Fulda. Le d\u00e9veloppement et la production de nos propres \u00e9l\u00e9ments sensibles garantissent une qualit\u00e9 et une fiabilit\u00e9 optimales.<\/p>\n\n\n\n<p><strong>Pourquoi choisir la manufacture Klasmeier&nbsp;?<\/strong><br><strong>\u2022 Pr\u00e9cision d\u2019ex\u00e9cution&nbsp;:<\/strong> Nos SPRT sont confectionn\u00e9s par des experts exp\u00e9riment\u00e9s qui portent une attention particuli\u00e8re aux moindres d\u00e9tails.<br><strong>\u2022 Solutions personnalis\u00e9es&nbsp;:<\/strong> Nous pouvons r\u00e9pondre \u00e0 des exigences sp\u00e9cifiques et concevoir des capteurs sur mesure pour vos applications.<br><strong>\u2022 Contr\u00f4le qualit\u00e9&nbsp;:<\/strong> Chaque capteur subit des tests rigoureux pour s\u2019assurer qu\u2019il satisfait aux exigences strictes de l\u2019\u00c9chelle Internationale de Temp\u00e9rature ITS-90.<\/p>\n\n\n\n<p>En produisant en interne, nous contr\u00f4lons l\u2019int\u00e9gralit\u00e9 du processus de fabrication \u2013 depuis la s\u00e9lection des mat\u00e9riaux jusqu\u2019\u00e0 l\u2019\u00e9talonnage accr\u00e9dit\u00e9 final. Le r\u00e9sultat&nbsp;: un produit r\u00e9pondant aux plus hautes exigences en m\u00e9trologie.<\/p>\n","protected":false},"excerpt":{"rendered":"<p>Fabricant : Klasmeier \/ eXacal mod\u00e8le : eXacal 230<\/p>\n","protected":false},"featured_media":8322,"template":"","meta":[],"product_brand":[],"product_cat":[],"product_tag":[],"class_list":{"0":"post-8320","1":"product","2":"type-product","3":"status-publish","4":"has-post-thumbnail","7":"first","8":"instock","9":"shipping-taxable","10":"product-type-simple"},"_links":{"self":[{"href":"https:\/\/www.klasmeier.com\/fr\/wp-json\/wp\/v2\/product\/8320","targetHints":{"allow":["GET"]}}],"collection":[{"href":"https:\/\/www.klasmeier.com\/fr\/wp-json\/wp\/v2\/product"}],"about":[{"href":"https:\/\/www.klasmeier.com\/fr\/wp-json\/wp\/v2\/types\/product"}],"wp:featuredmedia":[{"embeddable":true,"href":"https:\/\/www.klasmeier.com\/fr\/wp-json\/wp\/v2\/media\/8322"}],"wp:attachment":[{"href":"https:\/\/www.klasmeier.com\/fr\/wp-json\/wp\/v2\/media?parent=8320"}],"wp:term":[{"taxonomy":"product_brand","embeddable":true,"href":"https:\/\/www.klasmeier.com\/fr\/wp-json\/wp\/v2\/product_brand?post=8320"},{"taxonomy":"product_cat","embeddable":true,"href":"https:\/\/www.klasmeier.com\/fr\/wp-json\/wp\/v2\/product_cat?post=8320"},{"taxonomy":"product_tag","embeddable":true,"href":"https:\/\/www.klasmeier.com\/fr\/wp-json\/wp\/v2\/product_tag?post=8320"}],"curies":[{"name":"wp","href":"https:\/\/api.w.org\/{rel}","templated":true}]}}