{"id":8479,"date":"2024-04-21T17:33:34","date_gmt":"2024-04-21T15:33:34","guid":{"rendered":"https:\/\/www.klasmeier.com\/?page_id=8479"},"modified":"2025-01-30T16:30:03","modified_gmt":"2025-01-30T15:30:03","slug":"service-et-assistance","status":"publish","type":"page","link":"https:\/\/www.klasmeier.com\/fr\/service-et-assistance\/","title":{"rendered":"Service et Assistance"},"content":{"rendered":"\n<div class=\"wp-block-group alignfull has-global-padding is-layout-constrained wp-block-group-is-layout-constrained\" style=\"padding-top:var(--wp--preset--spacing--30);padding-bottom:var(--wp--preset--spacing--30)\">\n<figure class=\"wp-block-image alignwide size-full has-custom-border\"><img loading=\"lazy\" decoding=\"async\" width=\"1280\" height=\"853\" src=\"https:\/\/www.klasmeier.com\/wp-content\/uploads\/Service-Support-Klasmeier.jpg\" alt=\"\" class=\"wp-image-2852\" style=\"border-radius:50px\" srcset=\"https:\/\/www.klasmeier.com\/wp-content\/uploads\/Service-Support-Klasmeier.jpg 1280w, https:\/\/www.klasmeier.com\/wp-content\/uploads\/Service-Support-Klasmeier-300x200.jpg 300w, https:\/\/www.klasmeier.com\/wp-content\/uploads\/Service-Support-Klasmeier-1024x682.jpg 1024w, https:\/\/www.klasmeier.com\/wp-content\/uploads\/Service-Support-Klasmeier-768x512.jpg 768w, https:\/\/www.klasmeier.com\/wp-content\/uploads\/Service-Support-Klasmeier-600x400.jpg 600w\" sizes=\"auto, (max-width: 1280px) 100vw, 1280px\" \/><\/figure>\n<\/div>\n\n\n\n<div class=\"wp-block-group alignfull has-global-padding is-layout-constrained wp-container-core-group-is-layout-0d683d8b wp-block-group-is-layout-constrained\" style=\"padding-top:var(--wp--preset--spacing--30);padding-bottom:var(--wp--preset--spacing--30)\">\n<h2 class=\"wp-block-heading alignwide has-text-align-center\">Service et Assistance<\/h2>\n\n\n\n<h3 class=\"wp-block-heading alignwide\">Service apr\u00e8s-vente et assistance<\/h3>\n\n\n\n<p>En cas de panne d\u2019un appareil, une assistance rapide est essentielle. En tant que partenaire de longue date pour la distribution et le service des appareils\u00a0<strong>ISOTECH<\/strong>\u00a0et fabricant des produits\u00a0<strong>eXacal<\/strong>, nous sommes en mesure de r\u00e9agir rapidement et de vous apporter une aide efficace.<\/p>\n\n\n\n<p><mark style=\"background-color:rgba(0, 0, 0, 0);color:#dd3333\" class=\"has-inline-color\"><i class=\"fas fa-circle-check\"><\/i><\/mark> <strong>R\u00e9parations en interne<\/strong>\u00a0\u2013 Pour minimiser les d\u00e9lais d\u2019intervention, toutes les r\u00e9parations sont effectu\u00e9es dans nos locaux. Vos appareils n\u2019ont donc pas besoin d\u2019\u00eatre envoy\u00e9s au fabricant.<br><mark style=\"background-color:rgba(0, 0, 0, 0);color:#dd3333\" class=\"has-inline-color\"><i class=\"fas fa-circle-check\"><\/i><\/mark> <strong>Utilisation de pi\u00e8ces d&rsquo;origine<\/strong>\u00a0\u2013 Seules des pi\u00e8ces d&rsquo;origine sont utilis\u00e9es pour les r\u00e9parations, garantissant ainsi une qualit\u00e9 et une fiabilit\u00e9 maximales.<br><mark style=\"background-color:rgba(0, 0, 0, 0);color:#dd3333\" class=\"has-inline-color\"><i class=\"fas fa-circle-check\"><\/i><\/mark> <strong>R\u00e9glage et recalibration en laboratoire<\/strong>\u00a0\u2013 Si un ajustement ou une recalibration est n\u00e9cessaire apr\u00e8s une r\u00e9paration, nous la r\u00e9alisons dans notre propre\u00a0<strong>laboratoire d&rsquo;\u00e9talonnage DAkkS D-K-15224-01-00<\/strong>, conform\u00e9ment \u00e0 la norme\u00a0<strong>DIN EN ISO\/IEC 17025:2005<\/strong>.<br><mark style=\"background-color:rgba(0, 0, 0, 0);color:#dd3333\" class=\"has-inline-color\"><i class=\"fas fa-circle-check\"><\/i><\/mark> <strong>Mises \u00e0 jour du firmware<\/strong>&nbsp;\u2013 Les mises \u00e0 jour du firmware des&nbsp;<strong>milliK \/ millisKanner \/ microK \/ microsKanner<\/strong>&nbsp;sont automatiquement effectu\u00e9es par notre service technique lors des r\u00e9parations ou des recalibrations, assurant ainsi que vos appareils disposent toujours de la version logicielle la plus r\u00e9cente.<\/p>\n\n\n\n<p>Nous vous accompagnons \u00e9galement avec nos&nbsp;<strong>inserts d&rsquo;\u00e9talonnage personnalis\u00e9s<\/strong>&nbsp;adapt\u00e9s \u00e0 vos besoins.<\/p>\n<\/div>\n","protected":false},"excerpt":{"rendered":"<p>Service et Assistance Service apr\u00e8s-vente et assistance En cas de panne d\u2019un appareil, une assistance rapide est essentielle. En tant que partenaire de longue date pour la distribution et le service des appareils\u00a0ISOTECH\u00a0et fabricant des produits\u00a0eXacal, nous sommes en mesure de r\u00e9agir rapidement et de vous apporter une aide efficace. R\u00e9parations en interne\u00a0\u2013 Pour minimiser [&hellip;]<\/p>\n","protected":false},"author":4,"featured_media":0,"parent":0,"menu_order":0,"comment_status":"closed","ping_status":"closed","template":"","meta":{"footnotes":""},"class_list":["post-8479","page","type-page","status-publish","hentry"],"_links":{"self":[{"href":"https:\/\/www.klasmeier.com\/fr\/wp-json\/wp\/v2\/pages\/8479","targetHints":{"allow":["GET"]}}],"collection":[{"href":"https:\/\/www.klasmeier.com\/fr\/wp-json\/wp\/v2\/pages"}],"about":[{"href":"https:\/\/www.klasmeier.com\/fr\/wp-json\/wp\/v2\/types\/page"}],"author":[{"embeddable":true,"href":"https:\/\/www.klasmeier.com\/fr\/wp-json\/wp\/v2\/users\/4"}],"replies":[{"embeddable":true,"href":"https:\/\/www.klasmeier.com\/fr\/wp-json\/wp\/v2\/comments?post=8479"}],"version-history":[{"count":1,"href":"https:\/\/www.klasmeier.com\/fr\/wp-json\/wp\/v2\/pages\/8479\/revisions"}],"predecessor-version":[{"id":8488,"href":"https:\/\/www.klasmeier.com\/fr\/wp-json\/wp\/v2\/pages\/8479\/revisions\/8488"}],"wp:attachment":[{"href":"https:\/\/www.klasmeier.com\/fr\/wp-json\/wp\/v2\/media?parent=8479"}],"curies":[{"name":"wp","href":"https:\/\/api.w.org\/{rel}","templated":true}]}}