{"id":8278,"date":"2024-04-18T21:29:53","date_gmt":"2024-04-18T19:29:53","guid":{"rendered":"https:\/\/www.klasmeier.com\/?page_id=8278"},"modified":"2025-04-02T11:17:59","modified_gmt":"2025-04-02T09:17:59","slug":"reparation-de-thermometres","status":"publish","type":"page","link":"https:\/\/www.klasmeier.com\/fr\/manufacture-de-thermometres\/reparation-de-thermometres\/","title":{"rendered":"R\u00e9paration de thermom\u00e8tres"},"content":{"rendered":"\n<div class=\"wp-block-cover alignfull has-base-2-color has-text-color has-link-color wp-elements-88ddb482992f7cdf374a872bd57ad00f\"><span aria-hidden=\"true\" class=\"wp-block-cover__background has-contrast-background-color has-background-dim\"><\/span><img loading=\"lazy\" decoding=\"async\" width=\"1820\" height=\"797\" class=\"wp-block-cover__image-background wp-image-2620\" alt=\"\" src=\"https:\/\/www.klasmeier.com\/wp-content\/uploads\/Thermometer-Reparatur-Klasmeier.jpg\" data-object-fit=\"cover\" srcset=\"https:\/\/www.klasmeier.com\/wp-content\/uploads\/Thermometer-Reparatur-Klasmeier.jpg 1820w, https:\/\/www.klasmeier.com\/wp-content\/uploads\/Thermometer-Reparatur-Klasmeier-300x131.jpg 300w, https:\/\/www.klasmeier.com\/wp-content\/uploads\/Thermometer-Reparatur-Klasmeier-1024x448.jpg 1024w, https:\/\/www.klasmeier.com\/wp-content\/uploads\/Thermometer-Reparatur-Klasmeier-768x336.jpg 768w, https:\/\/www.klasmeier.com\/wp-content\/uploads\/Thermometer-Reparatur-Klasmeier-1536x673.jpg 1536w, https:\/\/www.klasmeier.com\/wp-content\/uploads\/Thermometer-Reparatur-Klasmeier-600x263.jpg 600w\" sizes=\"auto, (max-width: 1820px) 100vw, 1820px\" \/><div class=\"wp-block-cover__inner-container is-layout-flow wp-block-cover-is-layout-flow\">\n<h2 class=\"wp-block-heading has-text-align-center hm\"><strong>R\u00e9paration de thermom\u00e8tres<\/strong><\/h2>\n<\/div><\/div>\n\n\n\n<div class=\"wp-block-group alignfull has-global-padding is-layout-constrained wp-container-core-group-is-layout-a87bbb62 wp-block-group-is-layout-constrained\" style=\"padding-top:var(--wp--preset--spacing--30);padding-right:var(--wp--preset--spacing--30);padding-bottom:var(--wp--preset--spacing--30);padding-left:var(--wp--preset--spacing--30)\">\n<h1 class=\"wp-block-heading alignwide has-text-align-center has-large-font-size\">Nous r\u00e9parons les thermom\u00e8tres de pr\u00e9cision<br>Pour plus de durabilit\u00e9 : sauver les thermom\u00e8tres ayant une histoire pr\u00e9cieuse<\/h1>\n\n\n\n<div class=\"wp-block-columns is-layout-flex wp-container-core-columns-is-layout-28f84493 wp-block-columns-is-layout-flex\">\n<div class=\"wp-block-column is-layout-flow wp-block-column-is-layout-flow\" style=\"flex-basis:66%\">\n<p><strong>Nouveau chez Klasmeier : Apr\u00e8s cinq ann\u00e9es de d\u00e9veloppement, nous proposons d\u00e9sormais la r\u00e9paration de thermom\u00e8tres de pr\u00e9cision \u2013 offrant ainsi une solution particuli\u00e8rement durable pour le secteur.<\/strong><\/p>\n\n\n\n<p><mark style=\"background-color:rgba(0, 0, 0, 0);color:#dd3333\" class=\"has-inline-color\"><i class=\"fas fa-circle-check\"><\/i><\/mark> <strong>R\u00e9paration<\/strong> effectu\u00e9e dans notre propre <strong>manufacture de thermom\u00e8tres<\/strong><br><mark style=\"background-color:rgba(0, 0, 0, 0);color:#dd3333\" class=\"has-inline-color\"><i class=\"fas fa-circle-check\"><\/i><\/mark> <strong>Les thermom\u00e8tres de diff\u00e9rents fabricants<\/strong> peuvent \u00eatre remis en \u00e9tat<br><mark style=\"background-color:rgba(0, 0, 0, 0);color:#dd3333\" class=\"has-inline-color\"><i class=\"fas fa-circle-check\"><\/i><\/mark> <strong>V\u00e9rification de la stabilit\u00e9 et calibration<\/strong> dans le laboratoire de calibration de temp\u00e9rature DAkkS<br><mark style=\"background-color:rgba(0, 0, 0, 0);color:#dd3333\" class=\"has-inline-color\"><i class=\"fas fa-circle-check\"><\/i><\/mark> <strong>L&rsquo;historique<\/strong> des thermom\u00e8tres <strong>reste pr\u00e9serv\u00e9<\/strong><br><mark style=\"background-color:rgba(0, 0, 0, 0);color:#dd3333\" class=\"has-inline-color\"><i class=\"fas fa-circle-check\"><\/i><\/mark> Les thermom\u00e8tres de pr\u00e9cision de haute qualit\u00e9 peuvent continuer \u00e0 \u00eatre utilis\u00e9s<\/p>\n<\/div>\n\n\n\n<div class=\"wp-block-column is-vertically-aligned-center is-layout-flow wp-block-column-is-layout-flow\" style=\"flex-basis:50%\">\n<figure class=\"wp-block-image aligncenter size-full is-resized has-custom-border hvr-grow\"><img loading=\"lazy\" decoding=\"async\" width=\"500\" height=\"333\" src=\"https:\/\/www.klasmeier.com\/wp-content\/uploads\/Thermometer-Reparatur-Elke-Seewald.jpg\" alt=\"\" class=\"wp-image-2624\" style=\"border-radius:50px;width:407px;height:auto\" srcset=\"https:\/\/www.klasmeier.com\/wp-content\/uploads\/Thermometer-Reparatur-Elke-Seewald.jpg 500w, https:\/\/www.klasmeier.com\/wp-content\/uploads\/Thermometer-Reparatur-Elke-Seewald-300x200.jpg 300w\" sizes=\"auto, (max-width: 500px) 100vw, 500px\" \/><\/figure>\n<\/div>\n<\/div>\n<\/div>\n\n\n\n<div class=\"wp-block-group alignfull has-accent-background-color has-background has-global-padding is-layout-constrained wp-container-core-group-is-layout-80fb368b wp-block-group-is-layout-constrained\" style=\"padding-top:var(--wp--preset--spacing--30);padding-right:var(--wp--preset--spacing--30);padding-bottom:var(--wp--preset--spacing--30);padding-left:var(--wp--preset--spacing--30)\">\n<p><\/p>\n\n\n\n<h2 class=\"wp-block-heading has-text-align-center\"><strong><strong>Nous r\u00e9parons pour vous :<\/strong><\/strong><\/h2>\n\n\n\n<div class=\"wp-block-columns alignwide is-layout-flex wp-container-core-columns-is-layout-514d0522 wp-block-columns-is-layout-flex\" style=\"padding-top:var(--wp--preset--spacing--20);padding-bottom:var(--wp--preset--spacing--20)\">\n<div class=\"wp-block-column is-layout-flow wp-block-column-is-layout-flow\">\n<div class=\"wp-block-group hvr-grow is-vertical is-content-justification-stretch is-layout-flex wp-container-core-group-is-layout-4c964324 wp-block-group-is-layout-flex\" style=\"padding-top:var(--wp--preset--spacing--10);padding-right:var(--wp--preset--spacing--10);padding-bottom:var(--wp--preset--spacing--10);padding-left:var(--wp--preset--spacing--10)\">\n<figure class=\"wp-block-image size-full\"><img loading=\"lazy\" decoding=\"async\" width=\"455\" height=\"455\" src=\"https:\/\/www.klasmeier.com\/wp-content\/uploads\/SPRT-Reparatur-2.png\" alt=\"\" class=\"wp-image-2628\" srcset=\"https:\/\/www.klasmeier.com\/wp-content\/uploads\/SPRT-Reparatur-2.png 455w, https:\/\/www.klasmeier.com\/wp-content\/uploads\/SPRT-Reparatur-2-300x300.png 300w, https:\/\/www.klasmeier.com\/wp-content\/uploads\/SPRT-Reparatur-2-150x150.png 150w, https:\/\/www.klasmeier.com\/wp-content\/uploads\/SPRT-Reparatur-2-100x100.png 100w\" sizes=\"auto, (max-width: 455px) 100vw, 455px\" \/><\/figure>\n\n\n\n<h2 class=\"wp-block-heading has-text-align-center has-large-font-size\">SPRT<br>(Thermom\u00e8tre \u00e0 r\u00e9sistance en platine standard)<\/h2>\n\n\n\n<p><mark style=\"background-color:rgba(0, 0, 0, 0);color:#dd3333\" class=\"has-inline-color\"><i class=\"fas fa-circle-check\"><\/i><\/mark> <strong>Remplissage de gaz de protection inclus<\/strong><br><mark style=\"background-color:rgba(0, 0, 0, 0);color:#dd3333\" class=\"has-inline-color\"><i class=\"fas fa-circle-check\"><\/i><\/mark> <strong>Avec poign\u00e9e \u00e9tanche au gaz<\/strong><\/p>\n<\/div>\n<\/div>\n\n\n\n<div class=\"wp-block-column is-layout-flow wp-block-column-is-layout-flow\">\n<div class=\"wp-block-group hvr-grow is-vertical is-content-justification-stretch is-layout-flex wp-container-core-group-is-layout-4c964324 wp-block-group-is-layout-flex\" style=\"padding-top:var(--wp--preset--spacing--10);padding-right:var(--wp--preset--spacing--10);padding-bottom:var(--wp--preset--spacing--10);padding-left:var(--wp--preset--spacing--10)\">\n<figure class=\"wp-block-image size-full\"><img loading=\"lazy\" decoding=\"async\" width=\"455\" height=\"455\" src=\"https:\/\/www.klasmeier.com\/wp-content\/uploads\/Praezisionsthermometer-Reparatur-1.png\" alt=\"\" class=\"wp-image-2634\" srcset=\"https:\/\/www.klasmeier.com\/wp-content\/uploads\/Praezisionsthermometer-Reparatur-1.png 455w, https:\/\/www.klasmeier.com\/wp-content\/uploads\/Praezisionsthermometer-Reparatur-1-300x300.png 300w, https:\/\/www.klasmeier.com\/wp-content\/uploads\/Praezisionsthermometer-Reparatur-1-150x150.png 150w, https:\/\/www.klasmeier.com\/wp-content\/uploads\/Praezisionsthermometer-Reparatur-1-100x100.png 100w\" sizes=\"auto, (max-width: 455px) 100vw, 455px\" \/><\/figure>\n\n\n\n<h2 class=\"wp-block-heading has-text-align-center has-large-font-size\">Thermom\u00e8tres de pr\u00e9cision<br>(Pt100, Pt25, etc.)<\/h2>\n\n\n\n<div class=\"wp-block-group has-global-padding is-layout-constrained wp-block-group-is-layout-constrained\">\n<p><mark style=\"background-color:rgba(0, 0, 0, 0);color:#dd3333\" class=\"has-inline-color\"><i class=\"fas fa-circle-check\"><\/i><\/mark> <strong>Selon la d\u00e9faillance, remplacement de<\/strong><\/p>\n\n\n\n<div class=\"wp-block-group has-global-padding is-layout-constrained wp-container-core-group-is-layout-a119c273 wp-block-group-is-layout-constrained\" style=\"margin-top:0;margin-bottom:0;padding-top:var(--wp--preset--spacing--10);padding-right:var(--wp--preset--spacing--20);padding-bottom:var(--wp--preset--spacing--10);padding-left:var(--wp--preset--spacing--20)\">\n<p><mark style=\"background-color:rgba(0, 0, 0, 0);color:#dd3333\" class=\"has-inline-color\"><i class=\"fas fa-circle-check\"><\/i><\/mark> <strong>La r\u00e9sistance de mesure&nbsp;<\/strong><br><mark style=\"background-color:rgba(0, 0, 0, 0);color:#dd3333\" class=\"has-inline-color\"><i class=\"fas fa-circle-check\"><\/i><\/mark> <strong>Le tube de protection<\/strong><br><mark style=\"background-color:rgba(0, 0, 0, 0);color:#dd3333\" class=\"has-inline-color\"><i class=\"fas fa-circle-check\"><\/i><\/mark> <strong>La technique de connexion<\/strong><\/p>\n<\/div>\n<\/div>\n<\/div>\n<\/div>\n\n\n\n<div class=\"wp-block-column is-layout-flow wp-block-column-is-layout-flow\">\n<div class=\"wp-block-group hvr-grow is-vertical is-content-justification-stretch is-layout-flex wp-container-core-group-is-layout-4c964324 wp-block-group-is-layout-flex\" style=\"padding-top:var(--wp--preset--spacing--10);padding-right:var(--wp--preset--spacing--10);padding-bottom:var(--wp--preset--spacing--10);padding-left:var(--wp--preset--spacing--10)\">\n<figure class=\"wp-block-image size-full\"><img loading=\"lazy\" decoding=\"async\" width=\"455\" height=\"455\" src=\"https:\/\/www.klasmeier.com\/wp-content\/uploads\/Thermoelement-Reparatur-1.png\" alt=\"\" class=\"wp-image-2636\" srcset=\"https:\/\/www.klasmeier.com\/wp-content\/uploads\/Thermoelement-Reparatur-1.png 455w, https:\/\/www.klasmeier.com\/wp-content\/uploads\/Thermoelement-Reparatur-1-300x300.png 300w, https:\/\/www.klasmeier.com\/wp-content\/uploads\/Thermoelement-Reparatur-1-150x150.png 150w, https:\/\/www.klasmeier.com\/wp-content\/uploads\/Thermoelement-Reparatur-1-100x100.png 100w\" sizes=\"auto, (max-width: 455px) 100vw, 455px\" \/><\/figure>\n\n\n\n<h2 class=\"wp-block-heading has-text-align-center has-large-font-size\">Thermocouples<br>(Type R, S, B, Pt\/Pd, Au\/Pt)<\/h2>\n\n\n\n<div class=\"wp-block-group has-global-padding is-layout-constrained wp-container-core-group-is-layout-19e250f3 wp-block-group-is-layout-constrained\">\n<p><mark style=\"background-color:rgba(0, 0, 0, 0);color:#dd3333\" class=\"has-inline-color\"><i class=\"fas fa-circle-check\"><\/i><\/mark> <strong>Reconstruction de<\/strong><\/p>\n\n\n\n<div class=\"wp-block-group has-global-padding is-layout-constrained wp-container-core-group-is-layout-6ebb2501 wp-block-group-is-layout-constrained\" style=\"padding-top:var(--wp--preset--spacing--10);padding-right:var(--wp--preset--spacing--20);padding-bottom:var(--wp--preset--spacing--10);padding-left:var(--wp--preset--spacing--20)\">\n<p><mark style=\"background-color:rgba(0, 0, 0, 0);color:#dd3333\" class=\"has-inline-color\"><i class=\"fas fa-circle-check\"><\/i><\/mark> <strong>Tube de protection<\/strong><br><mark style=\"background-color:rgba(0, 0, 0, 0);color:#dd3333\" class=\"has-inline-color\"><i class=\"fas fa-circle-check\"><\/i><\/mark> <strong>Technique de connexion<\/strong><br><mark style=\"background-color:rgba(0, 0, 0, 0);color:#dd3333\" class=\"has-inline-color\"><i class=\"fas fa-circle-check\"><\/i><\/mark> <strong>\u00c9l\u00e9ment de mesure<\/strong><\/p>\n<\/div>\n<\/div>\n<\/div>\n<\/div>\n<\/div>\n<\/div>\n\n\n\n<div class=\"wp-block-group alignfull has-global-padding is-layout-constrained wp-container-core-group-is-layout-80fb368b wp-block-group-is-layout-constrained\" style=\"padding-top:var(--wp--preset--spacing--30);padding-right:var(--wp--preset--spacing--30);padding-bottom:var(--wp--preset--spacing--30);padding-left:var(--wp--preset--spacing--30)\">\n<p><\/p>\n\n\n\n<h3 class=\"wp-block-heading alignwide has-text-align-center\"><strong><strong>Envoyez-nous votre thermom\u00e8tre pour r\u00e9paration<\/strong><\/strong><\/h3>\n\n\n\n<div class=\"wp-block-columns alignwide is-layout-flex wp-container-core-columns-is-layout-8d88fe0f wp-block-columns-is-layout-flex\" style=\"padding-top:var(--wp--preset--spacing--20);padding-bottom:var(--wp--preset--spacing--20)\">\n<div class=\"wp-block-column is-vertically-aligned-center is-layout-flow wp-block-column-is-layout-flow\" style=\"padding-right:var(--wp--preset--spacing--30);flex-basis:66%\">\n<p><mark style=\"background-color:rgba(0, 0, 0, 0);color:#dd3333\" class=\"has-inline-color\"><i class=\"fas fa-circle-check\"><\/i><\/mark> Apr\u00e8s r\u00e9ception et \u00e9valuation de votre thermom\u00e8tre, nous vous enverrons un e-mail avec plus d\u2019informations et le devis pour la r\u00e9paration, pour approbation.<\/p>\n\n\n\n<p><mark style=\"background-color:rgba(0, 0, 0, 0);color:#dd3333\" class=\"has-inline-color\"><i class=\"fas fa-circle-check\"><\/i><\/mark> Apr\u00e8s approbation du devis, vous recevrez notre confirmation de commande avec la date de livraison pr\u00e9vue.<\/p>\n\n\n\n<p><strong>Attention :<\/strong><br>Apr\u00e8s la r\u00e9paration, nous ne pouvons pas garantir les caract\u00e9ristiques originales de l\u2019SPRT. Nous n\u2019avons aucun contr\u00f4le sur la fonction de la r\u00e9sistance de mesure et une possible contamination due \u00e0 la d\u00e9faillance.<br>Si le thermom\u00e8tre ne correspond plus \u00e0 l\u2019ITS-90 ou aux exigences de stabilit\u00e9 du laboratoire de calibration apr\u00e8s la r\u00e9paration, des frais de r\u00e9paration forfaitaires seront factur\u00e9s en tant que part des co\u00fbts directs.<\/p>\n<\/div>\n\n\n\n<div class=\"wp-block-column is-vertically-aligned-center is-layout-flow wp-block-column-is-layout-flow\" style=\"flex-basis:50%\">\n<figure class=\"wp-block-image aligncenter size-full is-resized has-custom-border hvr-grow\"><img loading=\"lazy\" decoding=\"async\" width=\"500\" height=\"333\" src=\"https:\/\/www.klasmeier.com\/wp-content\/uploads\/Thermometer-Reparatur-unterschiedlicher-Hersteller.jpg\" alt=\"\" class=\"wp-image-2648\" style=\"border-radius:50px;width:423px;height:auto\" srcset=\"https:\/\/www.klasmeier.com\/wp-content\/uploads\/Thermometer-Reparatur-unterschiedlicher-Hersteller.jpg 500w, https:\/\/www.klasmeier.com\/wp-content\/uploads\/Thermometer-Reparatur-unterschiedlicher-Hersteller-300x200.jpg 300w\" sizes=\"auto, (max-width: 500px) 100vw, 500px\" \/><\/figure>\n<\/div>\n<\/div>\n<\/div>\n\n\n\n<div class=\"wp-block-group alignfull has-global-padding is-layout-constrained wp-container-core-group-is-layout-0c8379ad wp-block-group-is-layout-constrained\" style=\"margin-top:var(--wp--preset--spacing--30);margin-bottom:var(--wp--preset--spacing--30);padding-top:var(--wp--preset--spacing--20);padding-right:var(--wp--preset--spacing--30);padding-bottom:var(--wp--preset--spacing--20);padding-left:var(--wp--preset--spacing--30)\">\n<h3 class=\"wp-block-heading alignwide has-text-align-center\"><strong><strong>Ensemble, trouvons la solution qui vous convient<\/strong><\/strong><\/h3>\n\n\n\n<div class=\"wp-block-columns alignwide hvr-grow has-accent-background-color has-background is-layout-flex wp-container-core-columns-is-layout-b6a795d6 wp-block-columns-is-layout-flex\" style=\"border-radius:50px;margin-top:var(--wp--preset--spacing--40);margin-bottom:var(--wp--preset--spacing--40);padding-top:var(--wp--preset--spacing--20);padding-right:var(--wp--preset--spacing--20);padding-bottom:var(--wp--preset--spacing--20);padding-left:var(--wp--preset--spacing--20)\">\n<div class=\"wp-block-column is-layout-flow wp-block-column-is-layout-flow\" style=\"flex-basis:40%\">\n<figure class=\"wp-block-image aligncenter size-full has-custom-border\"><img loading=\"lazy\" decoding=\"async\" width=\"500\" height=\"333\" src=\"https:\/\/www.klasmeier.com\/wp-content\/uploads\/ES.png\" alt=\"\" class=\"wp-image-2653\" style=\"border-radius:50px\" srcset=\"https:\/\/www.klasmeier.com\/wp-content\/uploads\/ES.png 500w, https:\/\/www.klasmeier.com\/wp-content\/uploads\/ES-300x200.png 300w\" sizes=\"auto, (max-width: 500px) 100vw, 500px\" \/><\/figure>\n<\/div>\n\n\n\n<div class=\"wp-block-column is-vertically-aligned-center is-layout-flow wp-block-column-is-layout-flow\" style=\"flex-basis:60%\">\n<h3 class=\"wp-block-heading has-text-align-center\">Contactez directement notre experte&nbsp;!<\/h3>\n\n\n\n<p class=\"has-text-align-center\"><br><strong><strong>Votre interlocutrice pour les&nbsp;thermom\u00e8tres de pr\u00e9cision&nbsp;:<\/strong><\/strong><\/p>\n\n\n\n<p class=\"has-text-align-center\"><strong>Elke Seewald<\/strong><br><em><em>Responsable de la manufacture eXacal chez Klasmeier<\/em><\/em><\/p>\n\n\n\n<p class=\"has-text-align-center\"><mark style=\"background-color:rgba(0, 0, 0, 0);color:#dd3333\" class=\"has-inline-color\"><i class=\"fas fa-envelope\"><\/i><\/mark> <a href=\"https:\/\/www.klasmeier.com\/fr\/entreprise\/contactez-nous\/\">Prendre contact maintenant<\/a><\/p>\n<\/div>\n<\/div>\n<\/div>\n","protected":false},"excerpt":{"rendered":"<p>Nous r\u00e9parons les thermom\u00e8tres de pr\u00e9cisionPour plus de durabilit\u00e9 : sauver les thermom\u00e8tres ayant une histoire pr\u00e9cieuse Nouveau chez Klasmeier : Apr\u00e8s cinq ann\u00e9es de d\u00e9veloppement, nous proposons d\u00e9sormais la r\u00e9paration de thermom\u00e8tres de pr\u00e9cision \u2013 offrant ainsi une solution particuli\u00e8rement durable pour le secteur. R\u00e9paration effectu\u00e9e dans notre propre manufacture de thermom\u00e8tres Les thermom\u00e8tres [&hellip;]<\/p>\n","protected":false},"author":4,"featured_media":0,"parent":8250,"menu_order":0,"comment_status":"closed","ping_status":"closed","template":"","meta":{"footnotes":""},"class_list":["post-8278","page","type-page","status-publish","hentry"],"_links":{"self":[{"href":"https:\/\/www.klasmeier.com\/fr\/wp-json\/wp\/v2\/pages\/8278","targetHints":{"allow":["GET"]}}],"collection":[{"href":"https:\/\/www.klasmeier.com\/fr\/wp-json\/wp\/v2\/pages"}],"about":[{"href":"https:\/\/www.klasmeier.com\/fr\/wp-json\/wp\/v2\/types\/page"}],"author":[{"embeddable":true,"href":"https:\/\/www.klasmeier.com\/fr\/wp-json\/wp\/v2\/users\/4"}],"replies":[{"embeddable":true,"href":"https:\/\/www.klasmeier.com\/fr\/wp-json\/wp\/v2\/comments?post=8278"}],"version-history":[{"count":4,"href":"https:\/\/www.klasmeier.com\/fr\/wp-json\/wp\/v2\/pages\/8278\/revisions"}],"predecessor-version":[{"id":11580,"href":"https:\/\/www.klasmeier.com\/fr\/wp-json\/wp\/v2\/pages\/8278\/revisions\/11580"}],"up":[{"embeddable":true,"href":"https:\/\/www.klasmeier.com\/fr\/wp-json\/wp\/v2\/pages\/8250"}],"wp:attachment":[{"href":"https:\/\/www.klasmeier.com\/fr\/wp-json\/wp\/v2\/media?parent=8278"}],"curies":[{"name":"wp","href":"https:\/\/api.w.org\/{rel}","templated":true}]}}