{"id":8222,"date":"2024-03-25T12:21:37","date_gmt":"2024-03-25T11:21:37","guid":{"rendered":"https:\/\/www.klasmeier.com\/?page_id=8222"},"modified":"2025-04-02T11:20:21","modified_gmt":"2025-04-02T09:20:21","slug":"boutique","status":"publish","type":"page","link":"https:\/\/www.klasmeier.com\/fr\/boutique\/","title":{"rendered":"Boutique"},"content":{"rendered":"\n<div class=\"wp-block-group alignfull has-global-padding is-layout-constrained wp-block-group-is-layout-constrained\" style=\"margin-top:0;padding-top:var(--wp--preset--spacing--40);padding-bottom:var(--wp--preset--spacing--40)\">\n<h2 class=\"wp-block-heading alignwide has-text-align-center\"><strong>Produits<\/strong><\/h2>\n\n\n\n<h3 class=\"wp-block-heading alignwide has-text-align-center\">Thermom\u00e8tres de pr\u00e9cision fabriqu\u00e9s \u00e0 la main et services d&rsquo;\u00e9talonnage de notre laboratoire d&rsquo;\u00e9talonnage accr\u00e9dit\u00e9 DAkkS<\/h3>\n\n\n\n<div class=\"wp-block-group alignwide has-global-padding is-layout-constrained wp-block-group-is-layout-constrained\" style=\"padding-top:var(--wp--preset--spacing--30);padding-bottom:var(--wp--preset--spacing--30)\">\n<figure class=\"wp-block-image alignwide size-full has-custom-border\"><img loading=\"lazy\" decoding=\"async\" width=\"1280\" height=\"720\" src=\"https:\/\/www.klasmeier.com\/wp-content\/uploads\/Pt100I-Griff-edited.jpg\" alt=\"\" class=\"wp-image-4122\" style=\"border-radius:50px\" srcset=\"https:\/\/www.klasmeier.com\/wp-content\/uploads\/Pt100I-Griff-edited.jpg 1280w, https:\/\/www.klasmeier.com\/wp-content\/uploads\/Pt100I-Griff-edited-300x169.jpg 300w, https:\/\/www.klasmeier.com\/wp-content\/uploads\/Pt100I-Griff-edited-1024x576.jpg 1024w, https:\/\/www.klasmeier.com\/wp-content\/uploads\/Pt100I-Griff-edited-768x432.jpg 768w, https:\/\/www.klasmeier.com\/wp-content\/uploads\/Pt100I-Griff-edited-600x338.jpg 600w\" sizes=\"auto, (max-width: 1280px) 100vw, 1280px\" \/><\/figure>\n<\/div>\n<\/div>\n\n\n\n<div class=\"wp-block-group alignfull has-global-padding is-layout-constrained wp-block-group-is-layout-constrained\">\n<h2 class=\"wp-block-heading has-text-align-center\"><strong>Ce que nous proposons :<\/strong><\/h2>\n\n\n\n<div class=\"wp-block-group alignwide has-global-padding is-layout-constrained wp-container-core-group-is-layout-8b335784 wp-block-group-is-layout-constrained\" style=\"padding-top:var(--wp--preset--spacing--40);padding-bottom:var(--wp--preset--spacing--40)\">\n<div class=\"wp-block-columns alignwide is-layout-flex wp-container-core-columns-is-layout-7fc3d43a wp-block-columns-is-layout-flex\">\n<div class=\"wp-block-column is-layout-flow wp-block-column-is-layout-flow\">\n<div class=\"wp-block-group hvr-grow has-accent-background-color has-background is-vertical is-content-justification-center is-layout-flex wp-container-core-group-is-layout-101fcb7d wp-block-group-is-layout-flex\" style=\"border-radius:50px;padding-top:var(--wp--preset--spacing--30);padding-right:var(--wp--preset--spacing--30);padding-bottom:var(--wp--preset--spacing--30);padding-left:var(--wp--preset--spacing--30)\">\n<figure class=\"wp-block-image size-full is-resized\"><img loading=\"lazy\" decoding=\"async\" width=\"310\" height=\"89\" src=\"https:\/\/www.klasmeier.com\/wp-content\/uploads\/exacal.png\" alt=\"\" class=\"wp-image-2717\" style=\"width:376px;height:auto\" srcset=\"https:\/\/www.klasmeier.com\/wp-content\/uploads\/exacal.png 310w, https:\/\/www.klasmeier.com\/wp-content\/uploads\/exacal-300x86.png 300w\" sizes=\"auto, (max-width: 310px) 100vw, 310px\" \/><\/figure>\n\n\n\n<h4 class=\"wp-block-heading has-text-align-center\"><strong>Manufactory de thermom\u00e8tres<\/strong><\/h4>\n\n\n\n<div class=\"wp-block-group is-vertical is-content-justification-stretch is-layout-flex wp-container-core-group-is-layout-ef933e46 wp-block-group-is-layout-flex\">\n<p><mark style=\"background-color:rgba(0, 0, 0, 0);color:#dd3333\" class=\"has-inline-color\"><i class=\"fas fa-circle-check\"><\/i><\/mark> <strong>Thermom\u00e8tres<\/strong><br>Fabriqu\u00e9s avec soin et minutie dans notre propre Manufactory eXacal chez Klasmeier.<\/p>\n\n\n\n<p><mark style=\"background-color:rgba(0, 0, 0, 0);color:#dd3333\" class=\"has-inline-color\"><i class=\"fas fa-circle-check\"><\/i><\/mark> <strong>R\u00e9paration de thermom\u00e8tres<\/strong><br>Pour plus de durabilit\u00e9 : continuez \u00e0 utiliser vos thermom\u00e8tres dot\u00e9s d&rsquo;une pr\u00e9cieuse histoire \u00e0 long terme. Apr\u00e8s cinq ans de d\u00e9veloppement, nous proposons d\u00e9sormais la r\u00e9paration de thermom\u00e8tres de pr\u00e9cision \u2013 une solution tr\u00e8s durable pour l&rsquo;industrie.<\/p>\n\n\n\n<p><mark style=\"background-color:rgba(0, 0, 0, 0);color:#dd3333\" class=\"has-inline-color\"><i class=\"fas fa-circle-check\"><\/i><\/mark> <strong>Manufactory<\/strong><br>Les thermom\u00e8tres de pr\u00e9cision eXacal sont utilis\u00e9s pour des mesures de temp\u00e9rature pr\u00e9cises ou comme standards d&rsquo;\u00e9talonnage. Ils ont \u00e9t\u00e9 continuellement optimis\u00e9s au fil des ann\u00e9es dans notre Manufactory pour garantir une pr\u00e9cision de mesure maximale.<\/p>\n\n\n\n<p><mark style=\"background-color:rgba(0, 0, 0, 0);color:#dd3333\" class=\"has-inline-color\"><i class=\"fas fa-circle-check\"><\/i><\/mark> <strong>Capteurs de temp\u00e9rature<\/strong><br>Dans le domaine de la thermom\u00e9trie, la pr\u00e9cision du capteur de temp\u00e9rature est un facteur crucial pour l&rsquo;exactitude et la fiabilit\u00e9 d&rsquo;un thermom\u00e8tre.<\/p>\n\n\n\n<p><mark style=\"background-color:rgba(0, 0, 0, 0);color:#dd3333\" class=\"has-inline-color\"><i class=\"fas fa-circle-check\"><\/i><\/mark> <strong>Technologie<\/strong><br>Les thermom\u00e8tres de pr\u00e9cision eXacal ont \u00e9t\u00e9 con\u00e7us \u00e0 partir de z\u00e9ro. Le d\u00e9veloppement a dur\u00e9 plus de quatre ans. Tous les composants utilis\u00e9s ont \u00e9t\u00e9 soigneusement con\u00e7us et coordonn\u00e9s entre eux.<\/p>\n<\/div>\n\n\n\n<div class=\"wp-block-buttons is-content-justification-center is-layout-flex wp-container-core-buttons-is-layout-b5994976 wp-block-buttons-is-layout-flex\">\n<div class=\"wp-block-button is-style-outline hvr-shrink is-style-outline--1\"><a class=\"wp-block-button__link has-text-align-center wp-element-button\" href=\"\/fr\/thermometer-manufaktur\/\">Acc\u00e9der&nbsp;\u00e0&nbsp;la&nbsp;Manufactory<\/a><\/div>\n<\/div>\n<\/div>\n<\/div>\n\n\n\n<div class=\"wp-block-column is-layout-flow wp-block-column-is-layout-flow\">\n<div class=\"wp-block-group hvr-grow has-accent-background-color has-background is-vertical is-content-justification-center is-layout-flex wp-container-core-group-is-layout-aacb5aaa wp-block-group-is-layout-flex\" style=\"border-radius:50px;padding-top:var(--wp--preset--spacing--30);padding-right:var(--wp--preset--spacing--30);padding-bottom:var(--wp--preset--spacing--30);padding-left:var(--wp--preset--spacing--30)\">\n<figure class=\"wp-block-image size-full is-resized\"><img loading=\"lazy\" decoding=\"async\" width=\"277\" height=\"98\" src=\"https:\/\/www.klasmeier.com\/wp-content\/uploads\/2024\/04\/dakks-akkreditierung-klasmeier.png\" alt=\"\" class=\"wp-image-2148\" style=\"width:302px;height:auto\"\/><\/figure>\n\n\n\n<h4 class=\"wp-block-heading has-text-align-center\"><strong>Service d&rsquo;\u00e9talonnage<\/strong><\/h4>\n\n\n\n<div class=\"wp-block-group is-vertical is-layout-flex wp-container-core-group-is-layout-ea0cb840 wp-block-group-is-layout-flex\">\n<p><mark style=\"background-color:rgba(0, 0, 0, 0);color:#dd3333\" class=\"has-inline-color\"><i class=\"fas fa-circle-check\"><\/i><\/mark> <strong>Thermom\u00e8tres standards<\/strong><br>L&rsquo;\u00e9talonnage DAkkS des thermom\u00e8tres standards ITS-90 (SPRT) est effectu\u00e9 aux points fixes ITS-90.<\/p>\n\n\n\n<p><mark style=\"background-color:rgba(0, 0, 0, 0);color:#dd3333\" class=\"has-inline-color\"><i class=\"fas fa-circle-check\"><\/i><\/mark> <strong>Thermom\u00e8tres \u00e0 r\u00e9sistance<\/strong><br>L&rsquo;\u00e9talonnage des thermom\u00e8tres \u00e0 r\u00e9sistance (capteurs de temp\u00e9rature tels que Pt100, Pt25, etc.) et des indicateurs avec certificat d&rsquo;\u00e9talonnage DAkkS est r\u00e9alis\u00e9 aux points fixes ITS-90 compacts.<\/p>\n\n\n\n<p><mark style=\"background-color:rgba(0, 0, 0, 0);color:#dd3333\" class=\"has-inline-color\"><i class=\"fas fa-circle-check\"><\/i><\/mark> <strong>Thermocouples<\/strong><br>Les thermocouples sont \u00e9talonn\u00e9s aux points fixes de temp\u00e9rature ITS-90, allant du point triple de l&rsquo;eau au point de cong\u00e9lation de l&rsquo;argent, avec des incertitudes de mesure exceptionnelles.<\/p>\n\n\n\n<p><mark style=\"background-color:rgba(0, 0, 0, 0);color:#dd3333\" class=\"has-inline-color\"><i class=\"fas fa-circle-check\"><\/i><\/mark> <strong>Calibrateurs \u00e0 bloc sec <\/strong><br>Les calibrateurs \u00e0 bloc sec sont \u00e9talonn\u00e9s par comparaison avec des thermom\u00e8tres \u00e0 r\u00e9sistance ou des thermocouples \u00e9talonn\u00e9s. L&rsquo;\u00e9talonnage est bas\u00e9 sur la directive DAkkS-DKD R5-4 pour l&rsquo;\u00e9talonnage des calibrateurs \u00e0 bloc ou sur les rapports d&rsquo;essai internes de Klasmeier pour les appareils ISOTECH.<\/p>\n\n\n\n<p><mark style=\"background-color:rgba(0, 0, 0, 0);color:#dd3333\" class=\"has-inline-color\"><i class=\"fas fa-circle-check\"><\/i><\/mark> <strong>Points fixes de temp\u00e9rature<\/strong><br>Les points fixes de temp\u00e9rature sont \u00e9talonn\u00e9s par comparaison avec des points fixes de temp\u00e9rature de r\u00e9f\u00e9rence en utilisant des thermom\u00e8tres \u00e0 r\u00e9sistance standards hautement stables (SPRT).<\/p>\n\n\n\n<p><mark style=\"background-color:rgba(0, 0, 0, 0);color:#dd3333\" class=\"has-inline-color\"><i class=\"fas fa-circle-check\"><\/i><\/mark> <strong>\u00c9talonnage \u00e0 basses temp\u00e9ratures<\/strong><br>Vous souhaitez \u00e9talonner des thermom\u00e8tres \u00e0 des temp\u00e9ratures extr\u00eamement basses ? Mais la plage de temp\u00e9rature des bains d&rsquo;\u00e9talonnage et des proc\u00e9dures standardis\u00e9es ne suffit pas ? Vous \u00eates au bon endroit. Nous utilisons de l&rsquo;azote en \u00e9bullition pour \u00e9tendre la plage de temp\u00e9rature.<\/p>\n<\/div>\n\n\n\n<div class=\"wp-block-buttons is-content-justification-center is-layout-flex wp-container-core-buttons-is-layout-a89b3969 wp-block-buttons-is-layout-flex\">\n<div class=\"wp-block-button is-style-outline hvr-shrink is-style-outline--2\"><a class=\"wp-block-button__link wp-element-button\" href=\"\/fr\/kalibrierdienst-klasmeier\/\">Acc\u00e9der&nbsp;au&nbsp;service&nbsp;d&rsquo;\u00e9talonnage<\/a><\/div>\n<\/div>\n<\/div>\n<\/div>\n<\/div>\n<\/div>\n<\/div>\n\n\n\n<div class=\"wp-block-group alignfull has-global-padding is-layout-constrained wp-block-group-is-layout-constrained\" style=\"padding-top:var(--wp--preset--spacing--30);padding-bottom:var(--wp--preset--spacing--30)\">\n<h3 class=\"wp-block-heading has-text-align-center\"><strong>Nous vous proposons des conseils personnalis\u00e9s!<\/strong><\/h3>\n\n\n\n<div class=\"wp-block-group alignwide has-global-padding is-layout-constrained wp-container-core-group-is-layout-7657ddd5 wp-block-group-is-layout-constrained\" style=\"padding-top:var(--wp--preset--spacing--30);padding-bottom:var(--wp--preset--spacing--30)\">\n<div class=\"wp-block-columns alignwide is-layout-flex wp-container-core-columns-is-layout-7fc3d43a wp-block-columns-is-layout-flex\">\n<div class=\"wp-block-column is-layout-flow wp-block-column-is-layout-flow\" style=\"flex-basis:50%\">\n<div class=\"wp-block-group hvr-grow has-accent-background-color has-background is-vertical is-content-justification-center is-layout-flex wp-container-core-group-is-layout-101fcb7d wp-block-group-is-layout-flex\" style=\"border-radius:50px;padding-top:var(--wp--preset--spacing--30);padding-right:var(--wp--preset--spacing--30);padding-bottom:var(--wp--preset--spacing--30);padding-left:var(--wp--preset--spacing--30)\">\n<figure class=\"wp-block-image size-full is-resized has-custom-border\"><img loading=\"lazy\" decoding=\"async\" width=\"500\" height=\"333\" src=\"https:\/\/www.klasmeier.com\/wp-content\/uploads\/ES.png\" alt=\"\" class=\"wp-image-2654\" style=\"border-radius:50px;width:514px;height:auto\" srcset=\"https:\/\/www.klasmeier.com\/wp-content\/uploads\/ES.png 500w, https:\/\/www.klasmeier.com\/wp-content\/uploads\/ES-300x200.png 300w\" sizes=\"auto, (max-width: 500px) 100vw, 500px\" \/><\/figure>\n\n\n\n<h4 class=\"wp-block-heading has-text-align-center\"><strong>Elke Seewald<\/strong><br><em>Responsable de la manufacture eXacal, Production de thermom\u00e8tres<\/em><\/h4>\n\n\n\n<p class=\"has-text-align-center\"><mark style=\"background-color:rgba(0, 0, 0, 0)\" class=\"has-inline-color has-accent-3-color\"><i class=\"fas fa-envelope\"><\/i><\/mark> <a href=\"https:\/\/www.klasmeier.com\/fr\/entreprise\/contactez-nous\/\">Prendre contact maintenant<\/a><\/p>\n<\/div>\n<\/div>\n\n\n\n<div class=\"wp-block-column is-layout-flow wp-block-column-is-layout-flow\" style=\"flex-basis:50%\">\n<div class=\"wp-block-group hvr-grow has-accent-background-color has-background is-vertical is-content-justification-center is-layout-flex wp-container-core-group-is-layout-aacb5aaa wp-block-group-is-layout-flex\" style=\"border-radius:50px;padding-top:var(--wp--preset--spacing--30);padding-right:var(--wp--preset--spacing--30);padding-bottom:var(--wp--preset--spacing--30);padding-left:var(--wp--preset--spacing--30)\">\n<figure class=\"wp-block-image size-full is-resized has-custom-border\"><img loading=\"lazy\" decoding=\"async\" width=\"640\" height=\"427\" src=\"https:\/\/www.klasmeier.com\/wp-content\/uploads\/2024\/03\/Ansprechpartner-Labor-Boris-Kalb.png\" alt=\"\" class=\"wp-image-1375\" style=\"border-radius:50px;width:514px\" srcset=\"https:\/\/www.klasmeier.com\/wp-content\/uploads\/2024\/03\/Ansprechpartner-Labor-Boris-Kalb.png 640w, https:\/\/www.klasmeier.com\/wp-content\/uploads\/2024\/03\/Ansprechpartner-Labor-Boris-Kalb-300x200.png 300w, https:\/\/www.klasmeier.com\/wp-content\/uploads\/2024\/03\/Ansprechpartner-Labor-Boris-Kalb-600x400.png 600w\" sizes=\"auto, (max-width: 640px) 100vw, 640px\" \/><\/figure>\n\n\n\n<h4 class=\"wp-block-heading has-text-align-center\"><strong>Boris Kalb<\/strong><br><em>Responsable du laboratoire de calibration Klasmeier, R\u00e9f\u00e9rent des s\u00e9minaires sur la temp\u00e9rature<\/em><\/h4>\n\n\n\n<p class=\"has-text-align-center\"><mark style=\"background-color:rgba(0, 0, 0, 0)\" class=\"has-inline-color has-accent-3-color\"><i class=\"fas fa-envelope\"><\/i><\/mark> <a href=\"https:\/\/www.klasmeier.com\/fr\/entreprise\/contactez-nous\/\">Prendre contact maintenant<\/a><\/p>\n<\/div>\n<\/div>\n<\/div>\n<\/div>\n<\/div>\n","protected":false},"excerpt":{"rendered":"<p>Produits Thermom\u00e8tres de pr\u00e9cision fabriqu\u00e9s \u00e0 la main et services d&rsquo;\u00e9talonnage de notre laboratoire d&rsquo;\u00e9talonnage accr\u00e9dit\u00e9 DAkkS Ce que nous proposons : Manufactory de thermom\u00e8tres Thermom\u00e8tresFabriqu\u00e9s avec soin et minutie dans notre propre Manufactory eXacal chez Klasmeier. R\u00e9paration de thermom\u00e8tresPour plus de durabilit\u00e9 : continuez \u00e0 utiliser vos thermom\u00e8tres dot\u00e9s d&rsquo;une pr\u00e9cieuse histoire \u00e0 long [&hellip;]<\/p>\n","protected":false},"author":4,"featured_media":0,"parent":0,"menu_order":0,"comment_status":"closed","ping_status":"closed","template":"","meta":{"footnotes":""},"class_list":["post-8222","page","type-page","status-publish","hentry"],"_links":{"self":[{"href":"https:\/\/www.klasmeier.com\/fr\/wp-json\/wp\/v2\/pages\/8222","targetHints":{"allow":["GET"]}}],"collection":[{"href":"https:\/\/www.klasmeier.com\/fr\/wp-json\/wp\/v2\/pages"}],"about":[{"href":"https:\/\/www.klasmeier.com\/fr\/wp-json\/wp\/v2\/types\/page"}],"author":[{"embeddable":true,"href":"https:\/\/www.klasmeier.com\/fr\/wp-json\/wp\/v2\/users\/4"}],"replies":[{"embeddable":true,"href":"https:\/\/www.klasmeier.com\/fr\/wp-json\/wp\/v2\/comments?post=8222"}],"version-history":[{"count":2,"href":"https:\/\/www.klasmeier.com\/fr\/wp-json\/wp\/v2\/pages\/8222\/revisions"}],"predecessor-version":[{"id":11588,"href":"https:\/\/www.klasmeier.com\/fr\/wp-json\/wp\/v2\/pages\/8222\/revisions\/11588"}],"wp:attachment":[{"href":"https:\/\/www.klasmeier.com\/fr\/wp-json\/wp\/v2\/media?parent=8222"}],"curies":[{"name":"wp","href":"https:\/\/api.w.org\/{rel}","templated":true}]}}