{"id":8215,"date":"2024-03-21T09:52:00","date_gmt":"2024-03-21T08:52:00","guid":{"rendered":"https:\/\/www.klasmeier.com\/?page_id=8215"},"modified":"2025-04-02T11:20:49","modified_gmt":"2025-04-02T09:20:49","slug":"connect","status":"publish","type":"page","link":"https:\/\/www.klasmeier.com\/fr\/entreprise\/connect\/","title":{"rendered":"KlasmeierConnect"},"content":{"rendered":"\n<div class=\"wp-block-group alignfull has-global-padding is-layout-constrained wp-container-core-group-is-layout-667d36a5 wp-block-group-is-layout-constrained\" style=\"margin-top:0;margin-bottom:0;padding-top:var(--wp--preset--spacing--20);padding-right:var(--wp--preset--spacing--30);padding-bottom:var(--wp--preset--spacing--20);padding-left:var(--wp--preset--spacing--30)\">\n<div class=\"wp-block-group has-global-padding is-layout-constrained wp-block-group-is-layout-constrained\" style=\"margin-top:var(--wp--preset--spacing--30);margin-bottom:var(--wp--preset--spacing--30)\">\n<figure class=\"wp-block-image aligncenter size-full hvr-grow\"><img loading=\"lazy\" decoding=\"async\" width=\"750\" height=\"86\" src=\"https:\/\/www.klasmeier.com\/wp-content\/uploads\/2024\/03\/KK-connect-logo-final.png\" alt=\"\" class=\"wp-image-1716\" srcset=\"https:\/\/www.klasmeier.com\/wp-content\/uploads\/2024\/03\/KK-connect-logo-final.png 750w, https:\/\/www.klasmeier.com\/wp-content\/uploads\/2024\/03\/KK-connect-logo-final-300x34.png 300w, https:\/\/www.klasmeier.com\/wp-content\/uploads\/2024\/03\/KK-connect-logo-final-600x69.png 600w\" sizes=\"auto, (max-width: 750px) 100vw, 750px\" \/><\/figure>\n<\/div>\n\n\n\n<h2 class=\"wp-block-heading alignwide has-text-align-center\">Avec KlasmeierConnect, connectez-vous de mani\u00e8re optimale<\/h2>\n\n\n\n<h3 class=\"wp-block-heading alignwide has-text-align-center\">Communaut\u00e9 en ligne : plateforme pour les participants et les intervenants avec de nombreuses fonctionnalit\u00e9s<\/h3>\n\n\n\n<p>Les participants aux <a href=\"\/fr\/seminare\/\">s\u00e9minaires<\/a> de Klasmeier b\u00e9n\u00e9ficient d&rsquo;un service sp\u00e9cial gratuit : <a href=\"http:\/\/connect.klasmeier.com\/\" target=\"_blank\" rel=\"noopener\">KlasmeierConnect<\/a>. Cette communaut\u00e9 en ligne permet aux participants et aux intervenants d&rsquo;\u00e9changer d\u00e9j\u00e0 pendant la formation. L&rsquo;acc\u00e8s \u00e0 <strong>la communaut\u00e9, avec fonctions de chat de groupe<\/strong>, <strong>messages directs<\/strong> et bien d&rsquo;autres fonctionnalit\u00e9s, reste gratuit m\u00eame apr\u00e8s la fin de la formation.<\/p>\n\n\n\n<div class=\"wp-block-buttons is-content-justification-center is-layout-flex wp-container-core-buttons-is-layout-a89b3969 wp-block-buttons-is-layout-flex\">\n<div class=\"wp-block-button hvr-shrink\"><a class=\"wp-block-button__link wp-element-button\" href=\"https:\/\/connect.klasmeier.com\/\" style=\"padding-top:var(--wp--preset--spacing--10);padding-right:var(--wp--preset--spacing--20);padding-bottom:var(--wp--preset--spacing--10);padding-left:var(--wp--preset--spacing--20)\" target=\"_blank\" rel=\"noopener\">Connexion<\/a><\/div>\n<\/div>\n<\/div>\n\n\n\n<div class=\"wp-block-group alignfull has-global-padding is-layout-constrained wp-container-core-group-is-layout-570efc33 wp-block-group-is-layout-constrained\" style=\"padding-top:var(--wp--preset--spacing--30);padding-right:var(--wp--preset--spacing--30);padding-bottom:var(--wp--preset--spacing--30);padding-left:var(--wp--preset--spacing--30)\">\n<div class=\"wp-block-columns alignwide is-layout-flex wp-container-core-columns-is-layout-658170e2 wp-block-columns-is-layout-flex\">\n<div class=\"wp-block-column is-layout-flow wp-block-column-is-layout-flow\" style=\"flex-basis:100%\">\n<div class=\"wp-block-group hvr-grow has-accent-background-color has-background is-vertical is-content-justification-center is-layout-flex wp-container-core-group-is-layout-bc1c67bb wp-block-group-is-layout-flex\" style=\"border-radius:50px;padding-top:var(--wp--preset--spacing--20);padding-right:var(--wp--preset--spacing--20);padding-bottom:var(--wp--preset--spacing--20);padding-left:var(--wp--preset--spacing--20)\">\n<p class=\"has-text-align-center\"><strong><strong>Espace membre<\/strong><\/strong><\/p>\n\n\n\n<figure class=\"wp-block-image size-full is-resized has-custom-border is-style-default\"><img loading=\"lazy\" decoding=\"async\" width=\"300\" height=\"206\" src=\"https:\/\/www.klasmeier.com\/wp-content\/uploads\/2024\/03\/Klasmeier.Connect-Profil-Uebersicht-300x206-1.png\" alt=\"\" class=\"wp-image-1718\" style=\"border-radius:12px;width:344px\"\/><\/figure>\n<\/div>\n<\/div>\n\n\n\n<div class=\"wp-block-column is-layout-flow wp-block-column-is-layout-flow\" style=\"flex-basis:100%\">\n<div class=\"wp-block-group hvr-grow has-accent-background-color has-background is-vertical is-content-justification-center is-layout-flex wp-container-core-group-is-layout-bc1c67bb wp-block-group-is-layout-flex\" style=\"border-radius:50px;padding-top:var(--wp--preset--spacing--20);padding-right:var(--wp--preset--spacing--20);padding-bottom:var(--wp--preset--spacing--20);padding-left:var(--wp--preset--spacing--20)\">\n<p class=\"has-text-align-center\"><strong>Groupes<\/strong><\/p>\n\n\n\n<figure class=\"wp-block-image size-full is-resized has-custom-border\"><img loading=\"lazy\" decoding=\"async\" width=\"300\" height=\"204\" src=\"https:\/\/www.klasmeier.com\/wp-content\/uploads\/2024\/03\/Klasmeier.Connect-Gruppen-300x204-1.png\" alt=\"\" class=\"wp-image-1720\" style=\"border-radius:12px;width:344px;height:auto\"\/><\/figure>\n<\/div>\n<\/div>\n\n\n\n<div class=\"wp-block-column is-layout-flow wp-block-column-is-layout-flow\" style=\"flex-basis:100%\">\n<div class=\"wp-block-group hvr-grow has-accent-background-color has-background is-vertical is-content-justification-center is-layout-flex wp-container-core-group-is-layout-bc1c67bb wp-block-group-is-layout-flex\" style=\"border-radius:50px;padding-top:var(--wp--preset--spacing--20);padding-right:var(--wp--preset--spacing--20);padding-bottom:var(--wp--preset--spacing--20);padding-left:var(--wp--preset--spacing--20)\">\n<p class=\"has-text-align-center\"><strong>M\u00e9diath\u00e8que<\/strong><\/p>\n\n\n\n<figure class=\"wp-block-image size-full is-resized has-custom-border\"><img loading=\"lazy\" decoding=\"async\" width=\"300\" height=\"203\" src=\"https:\/\/www.klasmeier.com\/wp-content\/uploads\/2024\/03\/Klasmeier.Connect-Mediathek-300x203-1.png\" alt=\"\" class=\"wp-image-1722\" style=\"border-radius:12px;width:344px;height:auto\"\/><\/figure>\n<\/div>\n<\/div>\n<\/div>\n<\/div>\n\n\n\n<div class=\"wp-block-group alignfull has-global-padding is-layout-constrained wp-container-core-group-is-layout-bffc7401 wp-block-group-is-layout-constrained\" style=\"padding-top:var(--wp--preset--spacing--30);padding-right:var(--wp--preset--spacing--30);padding-bottom:var(--wp--preset--spacing--30);padding-left:var(--wp--preset--spacing--30)\">\n<div class=\"wp-block-group alignwide has-global-padding is-layout-constrained wp-container-core-group-is-layout-530ec779 wp-block-group-is-layout-constrained\">\n<h3 class=\"wp-block-heading alignwide\"><mark style=\"background-color:rgba(0, 0, 0, 0);color:#dd3333\" class=\"has-inline-color\"><i class=\"fas fa-circle-check\"><\/i><\/mark> Conseils d&rsquo;experts issus de l&rsquo;industrie et de la recherche<\/h3>\n\n\n\n<p>Des questions sont pos\u00e9es et r\u00e9pondues, des documents \u00e9chang\u00e9s, des donn\u00e9es et des connaissances actuelles \u00e9valu\u00e9es : de jeunes sp\u00e9cialistes, des experts exp\u00e9riment\u00e9s, des collaborateurs de laboratoires d&rsquo;\u00e9talonnage ainsi que leurs responsables, mais aussi des professionnels de l&rsquo;industrie utilisent ce r\u00e9seau pour un \u00e9change permanent.<br><strong>Avantage particulier<\/strong>&nbsp;: les formateurs restent \u00e9galement disponibles dans la communaut\u00e9 en tant qu&rsquo;interlocuteurs et continuent d&rsquo;offrir leur expertise.<\/p>\n\n\n\n<p>La documentation compl\u00e8te du <a href=\"\/fr\/seminare\/\">s\u00e9minaire<\/a> en ligne ainsi que l&rsquo;attestation de participation sont \u00e9galement fournies au format num\u00e9rique. Sur demande, ces documents peuvent \u00eatre envoy\u00e9s sous forme papier par courrier postal.<\/p>\n<\/div>\n\n\n\n<div class=\"wp-block-group alignwide has-global-padding is-layout-constrained wp-container-core-group-is-layout-530ec779 wp-block-group-is-layout-constrained\">\n<h3 class=\"wp-block-heading alignwide\"><mark style=\"background-color:rgba(0, 0, 0, 0);color:#dd3333\" class=\"has-inline-color\"><i class=\"fas fa-circle-check\"><\/i><\/mark> Bien plus qu&rsquo;un simple webinaire : rencontre virtuelle avec \u00e9changes<\/h3>\n\n\n\n<p>Dans la salle de conf\u00e9rence virtuelle, les participants peuvent poser leurs questions aux formateurs \u00e0 tout moment. Cela permet un \u00e9change intensif garantissant un apprentissage optimal.<\/p>\n\n\n\n<p>Les offres en ligne comprennent plusieurs modules th\u00e9oriques de 60 minutes, suivis de parties pratiques o\u00f9 une connexion en direct avec le laboratoire d&rsquo;\u00e9talonnage est \u00e9tablie via vid\u00e9o. Les connaissances acquises sont imm\u00e9diatement mises en pratique.<\/p>\n\n\n\n<p>Tous les modules en ligne sont enregistr\u00e9s et mis \u00e0 disposition des participants sous forme de vid\u00e9os dans la communaut\u00e9 Klasmeier.Connect apr\u00e8s le s\u00e9minaire.<\/p>\n<\/div>\n<\/div>\n\n\n\n<div class=\"wp-block-group alignfull has-global-padding is-layout-constrained wp-container-core-group-is-layout-80fb368b wp-block-group-is-layout-constrained\" style=\"padding-top:var(--wp--preset--spacing--30);padding-right:var(--wp--preset--spacing--30);padding-bottom:var(--wp--preset--spacing--30);padding-left:var(--wp--preset--spacing--30)\">\n<div class=\"wp-block-columns alignwide hvr-grow has-accent-background-color has-background is-layout-flex wp-container-core-columns-is-layout-0d2466c3 wp-block-columns-is-layout-flex\" style=\"border-radius:50px;padding-top:var(--wp--preset--spacing--20);padding-right:var(--wp--preset--spacing--20);padding-bottom:var(--wp--preset--spacing--20);padding-left:var(--wp--preset--spacing--20)\">\n<div class=\"wp-block-column is-layout-flow wp-block-column-is-layout-flow\" style=\"flex-basis:40%\">\n<figure class=\"wp-block-image aligncenter size-full has-custom-border\"><img loading=\"lazy\" decoding=\"async\" width=\"500\" height=\"333\" src=\"https:\/\/www.klasmeier.com\/wp-content\/uploads\/2024\/03\/NW.png\" alt=\"\" class=\"wp-image-1619\" style=\"border-radius:30px\" srcset=\"https:\/\/www.klasmeier.com\/wp-content\/uploads\/2024\/03\/NW.png 500w, https:\/\/www.klasmeier.com\/wp-content\/uploads\/2024\/03\/NW-300x200.png 300w\" sizes=\"auto, (max-width: 500px) 100vw, 500px\" \/><\/figure>\n<\/div>\n\n\n\n<div class=\"wp-block-column is-vertically-aligned-center is-layout-flow wp-block-column-is-layout-flow\">\n<h3 class=\"wp-block-heading has-text-align-center\">Des questions sur KlasmeierConnect ?<\/h3>\n\n\n\n<p class=\"has-text-align-center\"><strong>Votre contact chez Klasmeier :<\/strong><\/p>\n\n\n\n<p class=\"has-text-align-center\">Nelli Wall &#8211; <a href=\"https:\/\/www.klasmeier.com\/fr\/entreprise\/contactez-nous\/\">Prendre contact maintenant<\/a><\/p>\n<\/div>\n<\/div>\n<\/div>\n","protected":false},"excerpt":{"rendered":"<p>Avec KlasmeierConnect, connectez-vous de mani\u00e8re optimale Communaut\u00e9 en ligne : plateforme pour les participants et les intervenants avec de nombreuses fonctionnalit\u00e9s Les participants aux s\u00e9minaires de Klasmeier b\u00e9n\u00e9ficient d&rsquo;un service sp\u00e9cial gratuit : KlasmeierConnect. Cette communaut\u00e9 en ligne permet aux participants et aux intervenants d&rsquo;\u00e9changer d\u00e9j\u00e0 pendant la formation. L&rsquo;acc\u00e8s \u00e0 la communaut\u00e9, avec fonctions [&hellip;]<\/p>\n","protected":false},"author":4,"featured_media":0,"parent":8145,"menu_order":0,"comment_status":"closed","ping_status":"closed","template":"","meta":{"footnotes":""},"class_list":["post-8215","page","type-page","status-publish","hentry"],"_links":{"self":[{"href":"https:\/\/www.klasmeier.com\/fr\/wp-json\/wp\/v2\/pages\/8215","targetHints":{"allow":["GET"]}}],"collection":[{"href":"https:\/\/www.klasmeier.com\/fr\/wp-json\/wp\/v2\/pages"}],"about":[{"href":"https:\/\/www.klasmeier.com\/fr\/wp-json\/wp\/v2\/types\/page"}],"author":[{"embeddable":true,"href":"https:\/\/www.klasmeier.com\/fr\/wp-json\/wp\/v2\/users\/4"}],"replies":[{"embeddable":true,"href":"https:\/\/www.klasmeier.com\/fr\/wp-json\/wp\/v2\/comments?post=8215"}],"version-history":[{"count":2,"href":"https:\/\/www.klasmeier.com\/fr\/wp-json\/wp\/v2\/pages\/8215\/revisions"}],"predecessor-version":[{"id":11589,"href":"https:\/\/www.klasmeier.com\/fr\/wp-json\/wp\/v2\/pages\/8215\/revisions\/11589"}],"up":[{"embeddable":true,"href":"https:\/\/www.klasmeier.com\/fr\/wp-json\/wp\/v2\/pages\/8145"}],"wp:attachment":[{"href":"https:\/\/www.klasmeier.com\/fr\/wp-json\/wp\/v2\/media?parent=8215"}],"curies":[{"name":"wp","href":"https:\/\/api.w.org\/{rel}","templated":true}]}}