{"id":8207,"date":"2024-03-21T08:07:52","date_gmt":"2024-03-21T07:07:52","guid":{"rendered":"https:\/\/www.klasmeier.com\/?page_id=8207"},"modified":"2025-04-02T11:21:04","modified_gmt":"2025-04-02T09:21:04","slug":"cloud","status":"publish","type":"page","link":"https:\/\/www.klasmeier.com\/fr\/entreprise\/cloud\/","title":{"rendered":"KlasmeierCloud"},"content":{"rendered":"\n<div class=\"wp-block-group alignfull has-global-padding is-layout-constrained wp-container-core-group-is-layout-c66841cd wp-block-group-is-layout-constrained\" style=\"padding-top:var(--wp--preset--spacing--30);padding-right:var(--wp--preset--spacing--30);padding-bottom:var(--wp--preset--spacing--30);padding-left:var(--wp--preset--spacing--30)\">\n<figure class=\"wp-block-image size-full has-custom-border\"><img loading=\"lazy\" decoding=\"async\" width=\"671\" height=\"86\" src=\"https:\/\/www.klasmeier.com\/wp-content\/uploads\/KlasmeierCloud.png\" alt=\"\" class=\"wp-image-3223\" style=\"border-radius:25px\" srcset=\"https:\/\/www.klasmeier.com\/wp-content\/uploads\/KlasmeierCloud.png 671w, https:\/\/www.klasmeier.com\/wp-content\/uploads\/KlasmeierCloud-300x38.png 300w, https:\/\/www.klasmeier.com\/wp-content\/uploads\/KlasmeierCloud-600x77.png 600w\" sizes=\"auto, (max-width: 671px) 100vw, 671px\" \/><\/figure>\n\n\n\n<h2 class=\"wp-block-heading alignwide has-text-align-center has-x-large-font-size\"><strong><strong><strong>Notre archive num\u00e9rique<\/strong><\/strong><\/strong><\/h2>\n\n\n\n<h3 class=\"wp-block-heading alignwide has-text-align-center\"><strong><strong>Documents d&rsquo;\u00e9talonnage, contacts, informations importantes sur nos produits.<\/strong><\/strong><\/h3>\n\n\n\n<div class=\"wp-block-group alignwide has-global-padding is-layout-constrained wp-container-core-group-is-layout-530ec779 wp-block-group-is-layout-constrained\" style=\"font-size:clamp(0.875rem, 0.875rem + ((1vw - 0.2rem) * 0.708), 1.3rem);\">\n<p>D&rsquo;un simple clic dans l&rsquo;archive num\u00e9rique : tous les documents d&rsquo;\u00e9talonnage ainsi que d&rsquo;autres informations essentielles sur les produits calibr\u00e9s par Klasmeier sont accessibles dans le cloud Klasmeier \u2013 sans limite de temps et totalement gratuit.<\/p>\n\n\n\n<p><mark style=\"background-color:rgba(0, 0, 0, 0);color:#dd3333\" class=\"has-inline-color\"><i class=\"fas fa-circle-check\"><\/i><\/mark><strong> Rapide et simple<br><\/strong>Plus besoin de chercher dans d&rsquo;innombrables dossiers ou de gaspiller du papier inutilement : gr\u00e2ce au QR code appos\u00e9 directement sur tous les appareils calibr\u00e9s par Klasmeier, vous acc\u00e9dez rapidement et facilement \u00e0 l&rsquo;archive num\u00e9rique o\u00f9 toutes les informations sur les produits sont class\u00e9es de mani\u00e8re claire et accessible.<\/p>\n\n\n\n<p><mark style=\"background-color:rgba(0, 0, 0, 0);color:#dd3333\" class=\"has-inline-color\"><i class=\"fas fa-circle-check\"><\/i><\/mark><strong> Contacts chez Klasmeier<br><\/strong>En plus des certificats d&rsquo;\u00e9talonnage, la Klasmeier Cloud contient \u00e9galement les coordonn\u00e9es des contacts correspondants chez Klasmeier, disponibles pour r\u00e9pondre \u00e0 vos questions \u2013 m\u00eame longtemps apr\u00e8s.<\/p>\n\n\n\n<p><mark style=\"background-color:rgba(0, 0, 0, 0);color:#dd3333\" class=\"has-inline-color\"><i class=\"fas fa-circle-check\"><\/i><\/mark><strong> Accessible depuis tous les appareils<br><\/strong>Les documents de la Klasmeier Cloud sont accessibles depuis tous les appareils mobiles, que ce soit depuis un PC au bureau ou en d\u00e9placement avec un t\u00e9l\u00e9phone portable ou une tablette. L&rsquo;archive est conforme au r\u00e8glement g\u00e9n\u00e9ral sur la protection des donn\u00e9es (RGPD) de l&rsquo;UE, garantissant ainsi tous les avantages juridiques pour les utilisateurs.<\/p>\n\n\n\n<p>Pour ceux qui pr\u00e9f\u00e8rent n\u00e9anmoins recevoir les documents d&rsquo;\u00e9talonnage en format papier, ils peuvent \u00eatre demand\u00e9s gratuitement.<\/p>\n<\/div>\n<\/div>\n\n\n\n<div class=\"wp-block-group alignfull has-global-padding is-layout-constrained wp-container-core-group-is-layout-dffbd562 wp-block-group-is-layout-constrained\" style=\"padding-top:var(--wp--preset--spacing--30);padding-right:var(--wp--preset--spacing--30);padding-bottom:var(--wp--preset--spacing--30);padding-left:var(--wp--preset--spacing--30)\">\n<h3 class=\"wp-block-heading alignwide has-text-align-center\"><strong><strong><strong>Les avantages en un coup d&rsquo;\u0153il<\/strong><\/strong><\/strong><\/h3>\n\n\n\n<div class=\"wp-block-columns alignwide are-vertically-aligned-top is-layout-flex wp-container-core-columns-is-layout-38638728 wp-block-columns-is-layout-flex\" style=\"margin-top:var(--wp--preset--spacing--40);margin-bottom:var(--wp--preset--spacing--40);padding-top:0;padding-right:0;padding-bottom:0;padding-left:0\">\n<div class=\"wp-block-column is-vertically-aligned-top hvr-grow is-layout-flow wp-block-column-is-layout-flow\" style=\"padding-top:0;padding-bottom:0\">\n<div class=\"wp-block-group has-accent-background-color has-background is-vertical is-content-justification-center is-layout-flex wp-container-core-group-is-layout-4fac4482 wp-block-group-is-layout-flex\" style=\"border-radius:50px;padding-top:var(--wp--preset--spacing--30);padding-right:var(--wp--preset--spacing--30);padding-bottom:var(--wp--preset--spacing--30);padding-left:var(--wp--preset--spacing--30)\">\n<p><mark style=\"background-color:rgba(0, 0, 0, 0);color:#dd3333\" class=\"has-inline-color\"><i class=\"fas fa-leaf fa-6x\"><\/i><\/mark><\/p>\n\n\n\n<p class=\"has-text-align-center has-large-font-size\"><strong><strong>Respectueux de l&rsquo;environnement<\/strong><\/strong><\/p>\n\n\n\n<p class=\"has-text-align-center\" style=\"font-size:clamp(0.875rem, 0.875rem + ((1vw - 0.2rem) * 0.708), 1.3rem);\">Gr\u00e2ce \u00e0 l&rsquo;archivage num\u00e9rique, les ressources en papier sont \u00e9conomis\u00e9es et notre environnement est pr\u00e9serv\u00e9.<\/p>\n<\/div>\n<\/div>\n\n\n\n<div class=\"wp-block-column is-vertically-aligned-top hvr-grow is-layout-flow wp-block-column-is-layout-flow\">\n<div class=\"wp-block-group has-accent-background-color has-background is-vertical is-content-justification-center is-layout-flex wp-container-core-group-is-layout-4fac4482 wp-block-group-is-layout-flex\" style=\"border-radius:50px;padding-top:var(--wp--preset--spacing--30);padding-right:var(--wp--preset--spacing--30);padding-bottom:var(--wp--preset--spacing--30);padding-left:var(--wp--preset--spacing--30)\">\n<p><mark style=\"background-color:rgba(0, 0, 0, 0);color:#dd3333\" class=\"has-inline-color\"><i class=\"fas fa-clock fa-6x\"><\/i><\/mark><\/p>\n\n\n\n<p class=\"has-text-align-center has-large-font-size\"><strong><strong>Rapide et efficace<\/strong><\/strong><\/p>\n\n\n\n<p class=\"has-text-align-center\" style=\"font-size:clamp(0.875rem, 0.875rem + ((1vw - 0.2rem) * 0.708), 1.3rem);\">Plus besoin de chercher longtemps les certificats d&rsquo;\u00e9talonnage gr\u00e2ce \u00e0 une bonne vue d&rsquo;ensemble des documents dans le cloud.<\/p>\n<\/div>\n<\/div>\n<\/div>\n\n\n\n<div class=\"wp-block-columns alignwide are-vertically-aligned-top is-layout-flex wp-container-core-columns-is-layout-38638728 wp-block-columns-is-layout-flex\" style=\"margin-top:var(--wp--preset--spacing--40);margin-bottom:var(--wp--preset--spacing--40);padding-top:0;padding-right:0;padding-bottom:0;padding-left:0\">\n<div class=\"wp-block-column is-vertically-aligned-top hvr-grow is-layout-flow wp-block-column-is-layout-flow\" style=\"padding-top:0;padding-bottom:0\">\n<div class=\"wp-block-group has-accent-background-color has-background is-vertical is-content-justification-center is-layout-flex wp-container-core-group-is-layout-4fac4482 wp-block-group-is-layout-flex\" style=\"border-radius:50px;padding-top:var(--wp--preset--spacing--30);padding-right:var(--wp--preset--spacing--30);padding-bottom:var(--wp--preset--spacing--30);padding-left:var(--wp--preset--spacing--30)\">\n<p><mark style=\"background-color:rgba(0, 0, 0, 0);color:#dd3333\" class=\"has-inline-color\"><i class=\"fas fa-cloud-download fa-6x\"><\/i><\/mark><\/p>\n\n\n\n<p class=\"has-text-align-center has-large-font-size\"><strong><strong>Multiplateforme<\/strong><\/strong><\/p>\n\n\n\n<p class=\"has-text-align-center\" style=\"font-size:clamp(0.875rem, 0.875rem + ((1vw - 0.2rem) * 0.708), 1.3rem);\">Vos documents dans le cloud sont accessibles depuis tous les appareils.<\/p>\n<\/div>\n<\/div>\n\n\n\n<div class=\"wp-block-column is-vertically-aligned-top hvr-grow is-layout-flow wp-block-column-is-layout-flow\">\n<div class=\"wp-block-group has-accent-background-color has-background is-vertical is-content-justification-center is-layout-flex wp-container-core-group-is-layout-2cdb2f0c wp-block-group-is-layout-flex\" style=\"border-radius:50px;margin-top:0;margin-bottom:0;padding-top:var(--wp--preset--spacing--30);padding-right:var(--wp--preset--spacing--30);padding-bottom:var(--wp--preset--spacing--30);padding-left:var(--wp--preset--spacing--30)\">\n<p><mark style=\"background-color:rgba(0, 0, 0, 0);color:#dd3333\" class=\"has-inline-color\"><i class=\"fas fa-folder fa-6x\"><\/i><\/mark><\/p>\n\n\n\n<p class=\"has-text-align-center has-large-font-size\"><strong><strong>Conforme au RGPD<\/strong><\/strong><\/p>\n\n\n\n<p class=\"has-text-align-center\" style=\"font-size:clamp(0.875rem, 0.875rem + ((1vw - 0.2rem) * 0.708), 1.3rem);\">Archive conforme au RGPD pour tous vos documents d&rsquo;\u00e9talonnage.<\/p>\n<\/div>\n<\/div>\n<\/div>\n<\/div>\n\n\n\n<div class=\"wp-block-group alignfull has-accent-background-color has-background has-global-padding is-layout-constrained wp-container-core-group-is-layout-a87bbb62 wp-block-group-is-layout-constrained\" style=\"padding-top:var(--wp--preset--spacing--30);padding-right:var(--wp--preset--spacing--30);padding-bottom:var(--wp--preset--spacing--30);padding-left:var(--wp--preset--spacing--30)\">\n<h3 class=\"wp-block-heading alignwide has-text-align-center\"><strong><strong>Et voici comment cela fonctionne<\/strong><\/strong><\/h3>\n\n\n\n<div class=\"wp-block-columns alignwide is-layout-flex wp-container-core-columns-is-layout-eeddd1a4 wp-block-columns-is-layout-flex\">\n<div class=\"wp-block-column is-vertically-aligned-stretch is-layout-flow wp-container-core-column-is-layout-25092537 wp-block-column-is-layout-flow\" style=\"padding-right:var(--wp--preset--spacing--30);padding-left:0\">\n<div class=\"wp-block-group is-vertical is-content-justification-center is-layout-flex wp-container-core-group-is-layout-2cec4ef0 wp-block-group-is-layout-flex\" style=\"min-height:100%\">\n<figure class=\"wp-block-image size-full has-custom-border hvr-grow\"><img loading=\"lazy\" decoding=\"async\" width=\"392\" height=\"460\" src=\"https:\/\/www.klasmeier.com\/wp-content\/uploads\/2024\/03\/klasmeier.cloud-grey-background.png\" alt=\"\" class=\"wp-image-1691\" style=\"border-radius:50px\" srcset=\"https:\/\/www.klasmeier.com\/wp-content\/uploads\/2024\/03\/klasmeier.cloud-grey-background.png 392w, https:\/\/www.klasmeier.com\/wp-content\/uploads\/2024\/03\/klasmeier.cloud-grey-background-256x300.png 256w\" sizes=\"auto, (max-width: 392px) 100vw, 392px\" \/><\/figure>\n\n\n\n<h3 class=\"wp-block-heading\" style=\"writing-mode:horizontal-tb\">Scannez le QR-Code sur votre appareil\u2026<\/h3>\n<\/div>\n<\/div>\n\n\n\n<div class=\"wp-block-column is-vertically-aligned-center is-layout-flow wp-block-column-is-layout-flow\">\n<div class=\"wp-block-group is-vertical is-content-justification-center is-layout-flex wp-container-core-group-is-layout-e52c553a wp-block-group-is-layout-flex\" style=\"min-height:100%;padding-left:var(--wp--preset--spacing--30)\">\n<figure class=\"wp-block-image size-full has-custom-border hvr-grow wp-duotone-unset-2\"><img loading=\"lazy\" decoding=\"async\" width=\"364\" height=\"700\" src=\"https:\/\/www.klasmeier.com\/wp-content\/uploads\/2024\/03\/Klasmeier-Cloud-grey-background.jpg\" alt=\"\" class=\"wp-image-1693\" style=\"border-style:none;border-width:0px;border-radius:50px\" srcset=\"https:\/\/www.klasmeier.com\/wp-content\/uploads\/2024\/03\/Klasmeier-Cloud-grey-background.jpg 364w, https:\/\/www.klasmeier.com\/wp-content\/uploads\/2024\/03\/Klasmeier-Cloud-grey-background-156x300.jpg 156w\" sizes=\"auto, (max-width: 364px) 100vw, 364px\" \/><\/figure>\n\n\n\n<h3 class=\"wp-block-heading\">&#8230;et acc\u00e9dez \u00e0 vos documents d&rsquo;\u00e9talonnage num\u00e9riques dans le cloud Klasmeier !<\/h3>\n<\/div>\n<\/div>\n<\/div>\n<\/div>\n\n\n\n<div class=\"wp-block-group alignfull has-global-padding is-layout-constrained wp-container-core-group-is-layout-c035952e wp-block-group-is-layout-constrained\" style=\"padding-top:var(--wp--preset--spacing--30);padding-right:var(--wp--preset--spacing--30);padding-bottom:var(--wp--preset--spacing--30);padding-left:var(--wp--preset--spacing--30)\">\n<h3 class=\"wp-block-heading alignwide\">Vous souhaitez recevoir vos documents d&rsquo;\u00e9talonnage sous forme papier ?<\/h3>\n\n\n\n<p style=\"font-size:clamp(0.875rem, 0.875rem + ((1vw - 0.2rem) * 0.708), 1.3rem);line-height:2.5\"><strong>Vous pouvez les demander gratuitement comme suit :<\/strong><\/p>\n\n\n\n<p style=\"line-height:0.9\"><mark style=\"background-color:rgba(0, 0, 0, 0);color:#dd3333\" class=\"has-inline-color\"><i class=\"fas fa-cloud-download\"><\/i><\/mark> <strong>Le plus simple<\/strong>&nbsp;: directement depuis le Cloud Klasmeier via le QR-Code sur votre appareil<\/p>\n\n\n\n<p style=\"line-height:0.9\"><mark style=\"background-color:rgba(0, 0, 0, 0);color:#dd3333\" class=\"has-inline-color\"><i class=\"fas fa-desktop\"><\/i><\/mark> <strong>Sur notre site web<\/strong>\u00a0:\u00a0<a href=\"https:\/\/www.klasmeier.com\/kalibrierdokumente\">www.klasmeier.com\/fr\/kalibrierdokumente<\/a><\/p>\n\n\n\n<p style=\"line-height:0.9\"><mark style=\"background-color:rgba(0, 0, 0, 0);color:#dd3333\" class=\"has-inline-color\"><i class=\"fas fa-phone\"><\/i><\/mark> <strong>Par t\u00e9l\u00e9phone<\/strong>&nbsp;: appelez-nous au 0661 380940-0<\/p>\n\n\n\n<p style=\"line-height:2\"><strong>Nous vous envoyons vos documents sous quelques jours par voie postale.<\/strong><\/p>\n<\/div>\n","protected":false},"excerpt":{"rendered":"<p>Notre archive num\u00e9rique Documents d&rsquo;\u00e9talonnage, contacts, informations importantes sur nos produits. D&rsquo;un simple clic dans l&rsquo;archive num\u00e9rique : tous les documents d&rsquo;\u00e9talonnage ainsi que d&rsquo;autres informations essentielles sur les produits calibr\u00e9s par Klasmeier sont accessibles dans le cloud Klasmeier \u2013 sans limite de temps et totalement gratuit. Rapide et simplePlus besoin de chercher dans d&rsquo;innombrables [&hellip;]<\/p>\n","protected":false},"author":4,"featured_media":0,"parent":8145,"menu_order":0,"comment_status":"closed","ping_status":"closed","template":"","meta":{"footnotes":""},"class_list":["post-8207","page","type-page","status-publish","hentry"],"_links":{"self":[{"href":"https:\/\/www.klasmeier.com\/fr\/wp-json\/wp\/v2\/pages\/8207","targetHints":{"allow":["GET"]}}],"collection":[{"href":"https:\/\/www.klasmeier.com\/fr\/wp-json\/wp\/v2\/pages"}],"about":[{"href":"https:\/\/www.klasmeier.com\/fr\/wp-json\/wp\/v2\/types\/page"}],"author":[{"embeddable":true,"href":"https:\/\/www.klasmeier.com\/fr\/wp-json\/wp\/v2\/users\/4"}],"replies":[{"embeddable":true,"href":"https:\/\/www.klasmeier.com\/fr\/wp-json\/wp\/v2\/comments?post=8207"}],"version-history":[{"count":3,"href":"https:\/\/www.klasmeier.com\/fr\/wp-json\/wp\/v2\/pages\/8207\/revisions"}],"predecessor-version":[{"id":11590,"href":"https:\/\/www.klasmeier.com\/fr\/wp-json\/wp\/v2\/pages\/8207\/revisions\/11590"}],"up":[{"embeddable":true,"href":"https:\/\/www.klasmeier.com\/fr\/wp-json\/wp\/v2\/pages\/8145"}],"wp:attachment":[{"href":"https:\/\/www.klasmeier.com\/fr\/wp-json\/wp\/v2\/media?parent=8207"}],"curies":[{"name":"wp","href":"https:\/\/api.w.org\/{rel}","templated":true}]}}