{"id":8199,"date":"2024-03-12T16:53:26","date_gmt":"2024-03-12T15:53:26","guid":{"rendered":"https:\/\/www.klasmeier.com\/?page_id=8199"},"modified":"2025-05-08T13:13:14","modified_gmt":"2025-05-08T11:13:14","slug":"emplois-carriere","status":"publish","type":"page","link":"https:\/\/www.klasmeier.com\/fr\/entreprise\/emplois-carriere\/","title":{"rendered":"Emplois\/Carri\u00e8re"},"content":{"rendered":"\n<div class=\"wp-block-group alignfull has-global-padding is-layout-constrained wp-container-core-group-is-layout-a87bbb62 wp-block-group-is-layout-constrained\" style=\"padding-top:var(--wp--preset--spacing--30);padding-right:var(--wp--preset--spacing--30);padding-bottom:var(--wp--preset--spacing--30);padding-left:var(--wp--preset--spacing--30)\">\n<h3 class=\"wp-block-heading alignwide\"><strong><strong>Emplois\/Carri\u00e8re<\/strong><\/strong><\/h3>\n\n\n\n<figure class=\"wp-block-image alignwide size-full has-custom-border\"><img loading=\"lazy\" decoding=\"async\" width=\"1387\" height=\"871\" src=\"https:\/\/www.klasmeier.com\/wp-content\/uploads\/2024\/04\/KK-team.png\" alt=\"\" class=\"wp-image-2137\" style=\"border-radius:50px\" srcset=\"https:\/\/www.klasmeier.com\/wp-content\/uploads\/2024\/04\/KK-team.png 1387w, https:\/\/www.klasmeier.com\/wp-content\/uploads\/2024\/04\/KK-team-300x188.png 300w, https:\/\/www.klasmeier.com\/wp-content\/uploads\/2024\/04\/KK-team-1024x643.png 1024w, https:\/\/www.klasmeier.com\/wp-content\/uploads\/2024\/04\/KK-team-768x482.png 768w, https:\/\/www.klasmeier.com\/wp-content\/uploads\/2024\/04\/KK-team-600x377.png 600w\" sizes=\"auto, (max-width: 1387px) 100vw, 1387px\" \/><\/figure>\n\n\n\n<h3 class=\"wp-block-heading alignwide has-text-align-center\"><strong><strong><strong>Travailler dans l&rsquo;entreprise familiale Klasmeier<\/strong><\/strong><\/strong><\/h3>\n\n\n\n<p class=\"has-text-align-left\">Chez Klasmeier Kalibrier- und Messtechnik GmbH, tradition et innovation, esprit d&rsquo;\u00e9quipe et cr\u00e9ativit\u00e9, pr\u00e9cision et flexibilit\u00e9 se r\u00e9unissent harmonieusement : nous sommes une entreprise familiale \u2013 et cela se ressent. Nous nous soutenons mutuellement au sein de l&rsquo;\u00e9quipe et accordons une grande importance \u00e0 une atmosph\u00e8re de travail agr\u00e9able. Fond\u00e9e en 1986 par Peter Klasmeier, l&rsquo;entreprise b\u00e9n\u00e9ficie aujourd&rsquo;hui du savoir-faire et des id\u00e9es de la deuxi\u00e8me g\u00e9n\u00e9ration gr\u00e2ce \u00e0 Thomas Klasmeier. Nous \u00e9voluons en permanence, restons ouverts aux nouveaut\u00e9s et avons toujours un regard attentif sur la durabilit\u00e9.<\/p>\n\n\n\n<div class=\"wp-block-buttons is-content-justification-center is-layout-flex wp-container-core-buttons-is-layout-a89b3969 wp-block-buttons-is-layout-flex\">\n<div class=\"wp-block-button hvr-shrink\"><a class=\"wp-block-button__link wp-element-button\" href=\"https:\/\/www.klasmeier.com\/fr\/entreprise\/portrait-de-lentreprise\/\" style=\"padding-top:var(--wp--preset--spacing--10);padding-right:var(--wp--preset--spacing--20);padding-bottom:var(--wp--preset--spacing--10);padding-left:var(--wp--preset--spacing--20)\"><strong>Vers le portrait de l&rsquo;entreprise<\/strong><\/a><\/div>\n<\/div>\n<\/div>\n\n\n\n<div class=\"wp-block-group alignwide has-accent-background-color has-background is-vertical is-content-justification-center is-layout-flex wp-container-core-group-is-layout-e14aaaa0 wp-block-group-is-layout-flex\" style=\"border-radius:50px;padding-top:var(--wp--preset--spacing--40);padding-right:var(--wp--preset--spacing--20);padding-bottom:var(--wp--preset--spacing--40);padding-left:var(--wp--preset--spacing--20)\">\n<h3 class=\"wp-block-heading alignwide has-text-align-center\"><strong><strong><strong>Veuillez noter que nos offres d\u2019emploi actuelles sont disponibles exclusivement sur la\u00a0<a href=\"https:\/\/www.klasmeier.com\/fr\/entreprise\/emplois-carriere\/\">page carri\u00e8re en allemand<\/a>.<\/strong><\/strong><\/strong><\/h3>\n<\/div>\n\n\n\n<div class=\"wp-block-group alignfull has-global-padding is-layout-constrained wp-container-core-group-is-layout-f90d3be4 wp-block-group-is-layout-constrained\" style=\"padding-top:var(--wp--preset--spacing--40);padding-right:var(--wp--preset--spacing--30);padding-bottom:var(--wp--preset--spacing--40);padding-left:var(--wp--preset--spacing--30)\">\n<h3 class=\"wp-block-heading alignwide has-text-align-center\"><strong><strong><strong>Candidatures spontan\u00e9es<\/strong><\/strong><\/strong><\/h3>\n\n\n\n<div class=\"wp-block-columns alignwide is-layout-flex wp-container-core-columns-is-layout-28f84493 wp-block-columns-is-layout-flex\">\n<div class=\"wp-block-column is-vertically-aligned-center is-layout-flow wp-container-core-column-is-layout-f5bb311e wp-block-column-is-layout-flow\" style=\"flex-basis:70%\">\n<p style=\"font-size:clamp(0.875rem, 0.875rem + ((1vw - 0.2rem) * 0.708), 1.3rem);\">Vous n&rsquo;avez pas trouv\u00e9 le poste id\u00e9al dans nos offres actuelles ? Peut-\u00eatre qu&rsquo;une opportunit\u00e9 se pr\u00e9sentera bient\u00f4t&#8230; Si vous \u00eates passionn\u00e9(e) par la technologie et souhaitez travailler au sein d&rsquo;une \u00e9quipe jeune et cr\u00e9ative, nous serons ravis de recevoir votre candidature spontan\u00e9e.<\/p>\n\n\n\n<p style=\"font-size:clamp(0.875rem, 0.875rem + ((1vw - 0.2rem) * 0.708), 1.3rem);\">Veuillez envoyer vos documents pertinents \u00e0 l&rsquo;adresse suivante :<\/p>\n\n\n\n<div class=\"wp-block-group is-content-justification-center is-nowrap is-layout-flex wp-container-core-group-is-layout-23441af8 wp-block-group-is-layout-flex\">\n<p class=\"has-text-align-center hvr-grow\">Remarque : Les candidatures sont actuellement accept\u00e9es uniquement via notre\u00a0<a href=\"https:\/\/www.klasmeier.com\/fr\/entreprise\/emplois-carriere\/\">page carri\u00e8re en allemand<\/a><\/p>\n<\/div>\n<\/div>\n\n\n\n<div class=\"wp-block-column is-vertically-aligned-center is-layout-flow wp-block-column-is-layout-flow\" style=\"flex-basis:30%\">\n<figure class=\"wp-block-image aligncenter has-custom-border hvr-grow\"><img loading=\"lazy\" decoding=\"async\" width=\"300\" height=\"292\" src=\"https:\/\/www.klasmeier.com\/wp-content\/uploads\/2024\/03\/Klasmeier-Schulungen-300x292-1.jpg\" alt=\"\" class=\"wp-image-1645\" style=\"border-radius:50px\"\/><\/figure>\n<\/div>\n<\/div>\n<\/div>\n","protected":false},"excerpt":{"rendered":"<p>Emplois\/Carri\u00e8re Travailler dans l&rsquo;entreprise familiale Klasmeier Chez Klasmeier Kalibrier- und Messtechnik GmbH, tradition et innovation, esprit d&rsquo;\u00e9quipe et cr\u00e9ativit\u00e9, pr\u00e9cision et flexibilit\u00e9 se r\u00e9unissent harmonieusement : nous sommes une entreprise familiale \u2013 et cela se ressent. Nous nous soutenons mutuellement au sein de l&rsquo;\u00e9quipe et accordons une grande importance \u00e0 une atmosph\u00e8re de travail agr\u00e9able. [&hellip;]<\/p>\n","protected":false},"author":4,"featured_media":0,"parent":8145,"menu_order":0,"comment_status":"closed","ping_status":"closed","template":"","meta":{"footnotes":""},"class_list":["post-8199","page","type-page","status-publish","hentry"],"_links":{"self":[{"href":"https:\/\/www.klasmeier.com\/fr\/wp-json\/wp\/v2\/pages\/8199","targetHints":{"allow":["GET"]}}],"collection":[{"href":"https:\/\/www.klasmeier.com\/fr\/wp-json\/wp\/v2\/pages"}],"about":[{"href":"https:\/\/www.klasmeier.com\/fr\/wp-json\/wp\/v2\/types\/page"}],"author":[{"embeddable":true,"href":"https:\/\/www.klasmeier.com\/fr\/wp-json\/wp\/v2\/users\/4"}],"replies":[{"embeddable":true,"href":"https:\/\/www.klasmeier.com\/fr\/wp-json\/wp\/v2\/comments?post=8199"}],"version-history":[{"count":4,"href":"https:\/\/www.klasmeier.com\/fr\/wp-json\/wp\/v2\/pages\/8199\/revisions"}],"predecessor-version":[{"id":11962,"href":"https:\/\/www.klasmeier.com\/fr\/wp-json\/wp\/v2\/pages\/8199\/revisions\/11962"}],"up":[{"embeddable":true,"href":"https:\/\/www.klasmeier.com\/fr\/wp-json\/wp\/v2\/pages\/8145"}],"wp:attachment":[{"href":"https:\/\/www.klasmeier.com\/fr\/wp-json\/wp\/v2\/media?parent=8199"}],"curies":[{"name":"wp","href":"https:\/\/api.w.org\/{rel}","templated":true}]}}