{"id":8145,"date":"2024-03-12T16:50:42","date_gmt":"2024-03-12T15:50:42","guid":{"rendered":"https:\/\/www.klasmeier.com\/?page_id=8145"},"modified":"2025-01-30T16:27:41","modified_gmt":"2025-01-30T15:27:41","slug":"entreprise","status":"publish","type":"page","link":"https:\/\/www.klasmeier.com\/fr\/entreprise\/","title":{"rendered":"Histoire"},"content":{"rendered":"\n<figure class=\"wp-block-image alignfull size-full\"><img decoding=\"async\" src=\"https:\/\/www.klasmeier.com\/wp-content\/uploads\/2024\/03\/Klasmeier-Header-1.jpg\" alt=\"\" class=\"wp-image-1581\"\/><\/figure>\n\n\n\n<div class=\"wp-block-group alignwide has-global-padding is-layout-constrained wp-container-core-group-is-layout-e1df7a91 wp-block-group-is-layout-constrained\" style=\"padding-top:var(--wp--preset--spacing--20);padding-bottom:var(--wp--preset--spacing--20)\">\n<h3 class=\"wp-block-heading alignwide has-text-align-center\"><strong><strong><strong>Klasmeier \u2013 Pr\u00e9cision en temp\u00e9rature<\/strong><\/strong><\/strong><\/h3>\n\n\n\n<figure class=\"wp-block-image alignwide size-full has-custom-border hvr-grow\"><img loading=\"lazy\" decoding=\"async\" width=\"1600\" height=\"1067\" src=\"https:\/\/www.klasmeier.com\/wp-content\/uploads\/2024\/03\/PK-TK.jpg\" alt=\"\" class=\"wp-image-1514\" style=\"border-radius:50px\" srcset=\"https:\/\/www.klasmeier.com\/wp-content\/uploads\/2024\/03\/PK-TK.jpg 1600w, https:\/\/www.klasmeier.com\/wp-content\/uploads\/2024\/03\/PK-TK-300x200.jpg 300w, https:\/\/www.klasmeier.com\/wp-content\/uploads\/2024\/03\/PK-TK-1024x683.jpg 1024w, https:\/\/www.klasmeier.com\/wp-content\/uploads\/2024\/03\/PK-TK-768x512.jpg 768w, https:\/\/www.klasmeier.com\/wp-content\/uploads\/2024\/03\/PK-TK-1536x1024.jpg 1536w, https:\/\/www.klasmeier.com\/wp-content\/uploads\/2024\/03\/PK-TK-600x400.jpg 600w\" sizes=\"auto, (max-width: 1600px) 100vw, 1600px\" \/><figcaption class=\"wp-element-caption\">Ing\u00e9nieurs dipl\u00f4m\u00e9s Peter et Thomas Klasmeier<\/figcaption><\/figure>\n<\/div>\n\n\n\n<div class=\"wp-block-group alignfull has-accent-background-color has-background has-global-padding is-layout-constrained wp-container-core-group-is-layout-570efc33 wp-block-group-is-layout-constrained\" style=\"padding-top:var(--wp--preset--spacing--30);padding-right:var(--wp--preset--spacing--30);padding-bottom:var(--wp--preset--spacing--30);padding-left:var(--wp--preset--spacing--30)\">\n<p class=\"has-text-align-center\" style=\"font-size:clamp(0.875rem, 0.875rem + ((1vw - 0.2rem) * 0.708), 1.3rem);\">Klasmeier est une entreprise familiale de taille moyenne bas\u00e9e \u00e0 Fulda. Elle est en possession de la famille depuis plus de 35 ans et est dirig\u00e9e par l\u2019ing\u00e9nieur dipl\u00f4m\u00e9 Thomas Klasmeier, de la deuxi\u00e8me g\u00e9n\u00e9ration.<\/p>\n\n\n\n<p class=\"has-text-align-center\">L\u2019entreprise est sp\u00e9cialis\u00e9e dans la\u00a0<a href=\"\/fr\/shop\/\">mesure et la calibration de la temp\u00e9rature<\/a>, exploite le\u00a0<a href=\"\/fr\/kalibrierdienst-klasmeier\/\" target=\"_blank\" rel=\"noreferrer noopener\">service de calibration Klasmeier<\/a>, organise des\u00a0<a href=\"\/fr\/seminare\/\">formations<\/a>\u00a0et produit des\u00a0<a href=\"\/fr\/exacal\/\" target=\"_blank\" rel=\"noreferrer noopener\">thermom\u00e8tres de pr\u00e9cision eXacal.<\/a><br><\/p>\n<\/div>\n\n\n\n<div class=\"wp-block-group alignfull has-global-padding is-layout-constrained wp-container-core-group-is-layout-a87bbb62 wp-block-group-is-layout-constrained\" style=\"padding-top:var(--wp--preset--spacing--30);padding-right:var(--wp--preset--spacing--30);padding-bottom:var(--wp--preset--spacing--30);padding-left:var(--wp--preset--spacing--30)\">\n<h3 class=\"wp-block-heading alignwide\"><strong><strong><strong>Plus de 35 ans \u2013 Pr\u00e9cision en temp\u00e9rature<\/strong><\/strong><\/strong><\/h3>\n\n\n\n<p class=\"has-text-align-left\">En novembre 1986, la soci\u00e9t\u00e9 Klasmeier a \u00e9t\u00e9 fond\u00e9e en tant que soci\u00e9t\u00e9 de distribution d\u2019\u00e9quipements de calibration de temp\u00e9rature de la marque\u00a0<a href=\"https:\/\/www.klasmeier.com\/produkt\/isotech-broschuere-calibration-solutions-for-industrial-sensors\/\">ISOTECH<\/a>. Depuis lors, l\u2019\u00e9tendue des t\u00e2ches n\u2019a cess\u00e9 d\u2019\u00e9voluer. La planification et la mise en service d\u2019\u00e9quipements de calibration, ainsi que la repr\u00e9sentation et la mesure pr\u00e9cises du param\u00e8tre physique temp\u00e9rature, ont \u00e9t\u00e9 ajout\u00e9es.<\/p>\n\n\n\n<figure class=\"wp-block-image aligncenter size-full is-resized has-custom-border hvr-grow\"><img loading=\"lazy\" decoding=\"async\" width=\"350\" height=\"226\" src=\"https:\/\/www.klasmeier.com\/wp-content\/uploads\/2024\/03\/image-1.jpeg\" alt=\"\" class=\"wp-image-1543\" style=\"border-radius:50px;width:620px\" srcset=\"https:\/\/www.klasmeier.com\/wp-content\/uploads\/2024\/03\/image-1.jpeg 350w, https:\/\/www.klasmeier.com\/wp-content\/uploads\/2024\/03\/image-1-300x194.jpeg 300w\" sizes=\"auto, (max-width: 350px) 100vw, 350px\" \/><figcaption class=\"wp-element-caption\">Bureau de vente en 1986<\/figcaption><\/figure>\n\n\n\n<p class=\"has-text-align-left\">Depuis 1997, nous exploitons un\u00a0<a href=\"\/fr\/kalibrierdienst-klasmeier\/\" target=\"_blank\" rel=\"noreferrer noopener\">laboratoire de calibration de temp\u00e9rature accr\u00e9dit\u00e9<\/a>. G\u00e9n\u00e9ralement, dans de tels laboratoires, les installations de mesure de temp\u00e9rature \u00e0 calibrer sont compar\u00e9es \u00e0 des capteurs de r\u00e9f\u00e9rence calibr\u00e9s dans des thermostats. La diff\u00e9rence document\u00e9e est une mesure du r\u00e9sultat de la calibration. Nous suivons une approche unique en utilisant des points fixes d\u00e9finis de l\u2019\u00e9chelle internationale de temp\u00e9rature de 1990 (ITS-90) pour effectuer des calibrations de haute pr\u00e9cision. Dans la plage de temp\u00e9rature de -189 \u00b0C (point triple de l\u2019argon purifi\u00e9) \u00e0 962 \u00b0C (point de solidification de l\u2019argent purifi\u00e9), ces points fixes peuvent \u00eatre repr\u00e9sent\u00e9s et mesur\u00e9s avec une pr\u00e9cision allant jusqu\u2019\u00e0 1\/1000 \u00b0C (1 mK).<\/p>\n\n\n\n<div class=\"wp-block-group alignfull has-global-padding is-layout-constrained wp-container-core-group-is-layout-635d5d07 wp-block-group-is-layout-constrained\" style=\"padding-right:var(--wp--preset--spacing--30);padding-left:var(--wp--preset--spacing--30)\">\n<figure class=\"wp-block-image aligncenter size-full is-resized has-custom-border hvr-grow\"><img loading=\"lazy\" decoding=\"async\" width=\"383\" height=\"247\" src=\"https:\/\/www.klasmeier.com\/wp-content\/uploads\/2024\/03\/image-1.png\" alt=\"\" class=\"wp-image-1589\" style=\"border-radius:50px;width:620px\" srcset=\"https:\/\/www.klasmeier.com\/wp-content\/uploads\/2024\/03\/image-1.png 383w, https:\/\/www.klasmeier.com\/wp-content\/uploads\/2024\/03\/image-1-300x193.png 300w\" sizes=\"auto, (max-width: 383px) 100vw, 383px\" \/><figcaption class=\"wp-element-caption\">Stand de la soci\u00e9t\u00e9 Klasmeier<\/figcaption><\/figure>\n<\/div>\n\n\n\n<p class=\"has-text-align-left\">Nos points fixes et nos \u00e9quipements de mesure sont reli\u00e9s aux \u00e9talons nationaux allemands de la PTB (Physikalisch Technische Bundesanstalt) ainsi qu\u2019au service d\u2019\u00e9talonnage britannique UKAS et \u00e0 l\u2019accr\u00e9ditation DAkkS. Par cons\u00e9quent, toutes les mesures et les \u00e9talonnages sont tra\u00e7ables \u00e0 des \u00e9talons nationaux et internationaux. En outre, nous pouvons effectuer des \u00e9talonnages d\u2019usine tra\u00e7ables dans une plage de temp\u00e9rature de -200 \u00b0C \u00e0 1300 \u00b0C.<\/p>\n\n\n\n<p class=\"has-text-align-left\">Au d\u00e9but de l\u2019ann\u00e9e 2007, nous avons emm\u00e9nag\u00e9 dans de nouveaux locaux dans la rue Fleming \u00e0 Fulda, triplant ainsi la capacit\u00e9 de notre laboratoire d\u2019\u00e9talonnage.<\/p>\n<\/div>\n\n\n\n<div class=\"wp-block-group alignfull has-accent-background-color has-background has-global-padding is-layout-constrained wp-container-core-group-is-layout-bf4c8e8a wp-block-group-is-layout-constrained\" style=\"margin-top:0;margin-bottom:0;padding-top:var(--wp--preset--spacing--30);padding-right:var(--wp--preset--spacing--30);padding-bottom:var(--wp--preset--spacing--30);padding-left:var(--wp--preset--spacing--30)\">\n<h3 class=\"wp-block-heading alignwide has-text-align-center\"><strong><strong><strong>Historique de l\u2019entreprise<\/strong><\/strong><\/strong><\/h3>\n\n\n\n<p class=\"has-text-align-left\"><strong>1986<\/strong><br>Cr\u00e9ation de l\u2019entreprise en tant qu\u2019agence commerciale pour les dispositifs d\u2019\u00e9talonnage de temp\u00e9rature de la marque\u00a0<a href=\"https:\/\/www.klasmeier.com\/fr\/entreprise\/isotech\/\">ISOT<\/a><a href=\"https:\/\/www.klasmeier.com\/produkt\/isotech-broschuere-calibration-solutions-for-industrial-sensors\/\">E<\/a><a href=\"https:\/\/www.klasmeier.com\/fr\/entreprise\/isotech\/\">CH<\/a>\u00a0par Dipl.-Ing. Peter Klasmeier.<\/p>\n\n\n\n<p class=\"has-text-align-left\"><strong>1987 \u2013 1996<\/strong><br>Extension continue des domaines d\u2019activit\u00e9, incluant la planification et la mise en service des syst\u00e8mes d\u2019\u00e9talonnage, ainsi que la mesure et la repr\u00e9sentation hautement pr\u00e9cises du param\u00e8tre physique temp\u00e9rature.<\/p>\n\n\n\n<p class=\"has-text-align-left\"><strong>1996<\/strong><br>Mise en service d\u2019un\u00a0<a href=\"\/fr\/kalibrierdienst-klasmeier\/\" target=\"_blank\" rel=\"noreferrer noopener\">laboratoire d\u2019\u00e9talonnage DKD accr\u00e9dit\u00e9 pour le param\u00e8tre temp\u00e9rature<\/a>.<\/p>\n\n\n\n<p class=\"has-text-align-left\">Les points fixes et les \u00e9quipements de mesure sont reli\u00e9s aux \u00e9talons nationaux allemands de la PTB (Physikalisch Technische Bundesanstalt) et au service d\u2019\u00e9talonnage britannique UKAS. Par cons\u00e9quent, toutes les mesures et les \u00e9talonnages sont tra\u00e7ables \u00e0 des \u00e9talons nationaux et internationaux. Des \u00e9talonnages tra\u00e7ables peuvent \u00eatre effectu\u00e9s dans une plage de temp\u00e9rature de -200 \u00b0C \u00e0 1300 \u00b0C.<\/p>\n<\/div>\n\n\n\n<div class=\"wp-block-group alignfull has-global-padding is-layout-constrained wp-container-core-group-is-layout-bf4c8e8a wp-block-group-is-layout-constrained\" style=\"margin-top:0;margin-bottom:0;padding-top:var(--wp--preset--spacing--30);padding-right:var(--wp--preset--spacing--30);padding-bottom:var(--wp--preset--spacing--30);padding-left:var(--wp--preset--spacing--30)\">\n<p class=\"has-text-align-left\"><strong>2004<\/strong><br><a href=\"https:\/\/klasmeier.engineer\/ueber-mich-thomas-klasmeier\/\" target=\"_blank\" rel=\"noreferrer noopener\">Dipl.-Ing. (FH) Thomas Klasmeier<\/a>\u00a0est nomm\u00e9 codirigeant unique avec Dipl.-Ing. Peter Klasmeier.<\/p>\n\n\n\n<p class=\"has-text-align-left\">Extension de l\u2019accr\u00e9ditation DKD pour inclure l\u2019\u00e9talonnage aux points fixes de temp\u00e9rature : Les \u00e9talonnages DKD peuvent \u00eatre effectu\u00e9s de -38,8344 \u00b0C \u00e0 419,527 \u00b0C.<\/p>\n\n\n\n<p class=\"has-text-align-left\"><strong>2005<\/strong><br>Extension de l\u2019accr\u00e9ditation DKD pour inclure le point fixe d\u2019aluminium : Les \u00e9talonnages DKD peuvent \u00eatre effectu\u00e9s de -38,8344 \u00b0C \u00e0 660,323 \u00b0C.<\/p>\n<\/div>\n\n\n\n<div class=\"wp-block-group alignfull has-accent-background-color has-background has-global-padding is-layout-constrained wp-container-core-group-is-layout-bf4c8e8a wp-block-group-is-layout-constrained\" style=\"margin-top:0;margin-bottom:0;padding-top:var(--wp--preset--spacing--30);padding-right:var(--wp--preset--spacing--30);padding-bottom:var(--wp--preset--spacing--30);padding-left:var(--wp--preset--spacing--30)\">\n<p class=\"has-text-align-left\"><strong>2007<\/strong><br>D\u00e9m\u00e9nagement dans un b\u00e2timent plus grand situ\u00e9 dans le parc industriel M\u00fcnsterfeld\/Fulda. La capacit\u00e9 spatiale du laboratoire d\u2019\u00e9talonnage est tripl\u00e9e.<\/p>\n\n\n\n<figure class=\"wp-block-image aligncenter size-full is-resized has-custom-border hvr-grow\"><img loading=\"lazy\" decoding=\"async\" width=\"1024\" height=\"480\" src=\"https:\/\/www.klasmeier.com\/wp-content\/uploads\/2024\/03\/1-Klasmeier-Kalibrier-und-Messtechnik-GmbH-1024x480-1.jpg\" alt=\"\" class=\"wp-image-1591\" style=\"border-radius:50px;width:620px\" srcset=\"https:\/\/www.klasmeier.com\/wp-content\/uploads\/2024\/03\/1-Klasmeier-Kalibrier-und-Messtechnik-GmbH-1024x480-1.jpg 1024w, https:\/\/www.klasmeier.com\/wp-content\/uploads\/2024\/03\/1-Klasmeier-Kalibrier-und-Messtechnik-GmbH-1024x480-1-300x141.jpg 300w, https:\/\/www.klasmeier.com\/wp-content\/uploads\/2024\/03\/1-Klasmeier-Kalibrier-und-Messtechnik-GmbH-1024x480-1-768x360.jpg 768w, https:\/\/www.klasmeier.com\/wp-content\/uploads\/2024\/03\/1-Klasmeier-Kalibrier-und-Messtechnik-GmbH-1024x480-1-600x281.jpg 600w\" sizes=\"auto, (max-width: 1024px) 100vw, 1024px\" \/><figcaption class=\"wp-element-caption\">Das neue Geb\u00e4ude der Firma Klasmeie<\/figcaption><\/figure>\n\n\n\n<p class=\"has-text-align-left\"><strong>2009<\/strong><br>Extension de l\u2019accr\u00e9ditation DKD pour inclure le point fixe d\u2019argent : En tant que seul laboratoire en Allemagne, nous pouvons effectuer des \u00e9talonnages DKD de -38,8344 \u00b0C \u00e0 961,78 \u00b0C.<\/p>\n<\/div>\n\n\n\n<div class=\"wp-block-group alignfull has-global-padding is-layout-constrained wp-container-core-group-is-layout-bf4c8e8a wp-block-group-is-layout-constrained\" style=\"margin-top:0;margin-bottom:0;padding-top:var(--wp--preset--spacing--30);padding-right:var(--wp--preset--spacing--30);padding-bottom:var(--wp--preset--spacing--30);padding-left:var(--wp--preset--spacing--30)\">\n<figure class=\"wp-block-image aligncenter size-full is-resized hvr-grow\"><img loading=\"lazy\" decoding=\"async\" width=\"310\" height=\"89\" src=\"https:\/\/www.klasmeier.com\/wp-content\/uploads\/2024\/03\/exacal.png\" alt=\"\" class=\"wp-image-1593\" style=\"width:352px;height:auto\" srcset=\"https:\/\/www.klasmeier.com\/wp-content\/uploads\/2024\/03\/exacal.png 310w, https:\/\/www.klasmeier.com\/wp-content\/uploads\/2024\/03\/exacal-300x86.png 300w\" sizes=\"auto, (max-width: 310px) 100vw, 310px\" \/><\/figure>\n\n\n\n<p class=\"has-text-align-left\"><strong>2011<\/strong><br>Enregistrement de la marque\u00a0<a href=\"\/fr\/exacal\/\" target=\"_blank\" rel=\"noreferrer noopener\">eXacal<\/a>.<\/p>\n\n\n\n<p class=\"has-text-align-left\"><strong>2011<\/strong><br>Extension de l\u2019accr\u00e9ditation DKD pour inclure le point triple de l\u2019argon : Les \u00e9talonnages DKD peuvent \u00eatre effectu\u00e9s de -189,3442 \u00b0C \u00e0 961,78 \u00b0C.<\/p>\n\n\n\n<p class=\"has-text-align-left\"><strong>2012<\/strong><br>Notre service d\u2019\u00e9talonnage re\u00e7oit une nouvelle accr\u00e9ditation DAkkS.<br>Apr\u00e8s un audit r\u00e9ussi, l\u2019accr\u00e9ditation DKD existante a \u00e9t\u00e9 convertie en une accr\u00e9ditation DAkkS.<br>Le nouveau num\u00e9ro d\u2019accr\u00e9ditation du laboratoire d\u2019\u00e9talonnage est D-K-15224-01-00.<\/p>\n<\/div>\n\n\n\n<div class=\"wp-block-group alignfull has-accent-background-color has-background has-global-padding is-layout-constrained wp-container-core-group-is-layout-bf4c8e8a wp-block-group-is-layout-constrained\" style=\"margin-top:0;margin-bottom:0;padding-top:var(--wp--preset--spacing--30);padding-right:var(--wp--preset--spacing--30);padding-bottom:var(--wp--preset--spacing--30);padding-left:var(--wp--preset--spacing--30)\">\n<p class=\"has-text-align-left\"><strong>2015<\/strong><br>Extension de l\u2019accr\u00e9ditation DAkkS pour l\u2019\u00e9talonnage des ponts de mesure AC\/DC avec les plus petites incertitudes de mesure du DAkkS.<\/p>\n\n\n\n<p class=\"has-text-align-left\"><strong>2016<\/strong><br>Partenariat commercial : Klasmeier devient le repr\u00e9sentant du leader du march\u00e9 pour\u00a0<a href=\"\/produkt-kategorie\/messwiderstaende\/\">r\u00e9sistances de mesure en platine\/Capteurs de temp\u00e9rature faits \u00e0 la main<\/a>\u00a0de l\u2019entreprise\u00a0<a href=\"\/fr\/tdi-pt100-messwiderstaende\/\">TDI-Thermal Development International<\/a>.<\/p>\n\n\n\n<p class=\"has-text-align-left\"><strong>2020<\/strong><br>La nouvelle\u00a0<a href=\"\/fr\/exacal\/\" target=\"_blank\" rel=\"noreferrer noopener\">eXacal Thermometer Manufaktur<\/a>\u00a0commence son activit\u00e9. Ici, des\u00a0<a href=\"\/fr\/praezisionsthermometer-von-klasmeier\/\">thermom\u00e8tres de pr\u00e9cision<\/a>\u00a0sont fabriqu\u00e9s avec soin \u00e0 la main \u00e0 Fulda, en Allemagne. En plus de la conception des thermom\u00e8tres eux-m\u00eames, un autre objectif est le d\u00e9veloppement d\u2019outils et de processus de production propres.<\/p>\n<\/div>\n\n\n\n<div class=\"wp-block-group alignfull has-global-padding is-layout-constrained wp-container-core-group-is-layout-530ec779 wp-block-group-is-layout-constrained\">\n<div class=\"wp-block-group alignfull has-global-padding is-layout-constrained wp-container-core-group-is-layout-a7646d0d wp-block-group-is-layout-constrained\" style=\"margin-top:0;margin-bottom:0;padding-top:var(--wp--preset--spacing--30);padding-right:var(--wp--preset--spacing--30);padding-bottom:var(--wp--preset--spacing--30);padding-left:var(--wp--preset--spacing--30)\">\n<figure class=\"wp-block-image aligncenter size-full is-resized has-custom-border hvr-grow\"><img loading=\"lazy\" decoding=\"async\" width=\"1600\" height=\"1003\" src=\"https:\/\/www.klasmeier.com\/wp-content\/uploads\/2024\/03\/eXacal_Fertigung.jpg\" alt=\"\" class=\"wp-image-1392\" style=\"border-radius:50px;width:620px\" srcset=\"https:\/\/www.klasmeier.com\/wp-content\/uploads\/2024\/03\/eXacal_Fertigung.jpg 1600w, https:\/\/www.klasmeier.com\/wp-content\/uploads\/2024\/03\/eXacal_Fertigung-300x188.jpg 300w, https:\/\/www.klasmeier.com\/wp-content\/uploads\/2024\/03\/eXacal_Fertigung-1024x642.jpg 1024w, https:\/\/www.klasmeier.com\/wp-content\/uploads\/2024\/03\/eXacal_Fertigung-768x481.jpg 768w, https:\/\/www.klasmeier.com\/wp-content\/uploads\/2024\/03\/eXacal_Fertigung-1536x963.jpg 1536w, https:\/\/www.klasmeier.com\/wp-content\/uploads\/2024\/03\/eXacal_Fertigung-600x376.jpg 600w\" sizes=\"auto, (max-width: 1600px) 100vw, 1600px\" \/><figcaption class=\"wp-element-caption\">Manufaktur de thermom\u00e8tres eXacal<\/figcaption><\/figure>\n<\/div>\n\n\n\n<p><strong>2024<\/strong><br>Le service d&rsquo;\u00e9talonnage Klasmeier obtient une nouvelle accr\u00e9ditation DAkkS.<br>Apr\u00e8s un audit r\u00e9ussi, nous sommes d\u00e9sormais en <a href=\"https:\/\/www.klasmeier.com\/fr\/eignungspruefung-temperatur\/\">mesure de proposer des examens<\/a> d&rsquo;aptitude accr\u00e9dit\u00e9s conform\u00e9ment \u00e0 la norme DIN EN ISO\/IEC 17043. Le num\u00e9ro d&rsquo;accr\u00e9ditation en tant que fournisseur d&rsquo;examens d&rsquo;aptitude est D-EP-15224-01-00.<\/p>\n\n\n\n<div style=\"height:30px\" aria-hidden=\"true\" class=\"wp-block-spacer\"><\/div>\n<\/div>\n","protected":false},"excerpt":{"rendered":"<p>Klasmeier \u2013 Pr\u00e9cision en temp\u00e9rature Klasmeier est une entreprise familiale de taille moyenne bas\u00e9e \u00e0 Fulda. Elle est en possession de la famille depuis plus de 35 ans et est dirig\u00e9e par l\u2019ing\u00e9nieur dipl\u00f4m\u00e9 Thomas Klasmeier, de la deuxi\u00e8me g\u00e9n\u00e9ration. L\u2019entreprise est sp\u00e9cialis\u00e9e dans la\u00a0mesure et la calibration de la temp\u00e9rature, exploite le\u00a0service de calibration [&hellip;]<\/p>\n","protected":false},"author":4,"featured_media":0,"parent":0,"menu_order":0,"comment_status":"closed","ping_status":"closed","template":"","meta":{"footnotes":""},"class_list":["post-8145","page","type-page","status-publish","hentry"],"_links":{"self":[{"href":"https:\/\/www.klasmeier.com\/fr\/wp-json\/wp\/v2\/pages\/8145","targetHints":{"allow":["GET"]}}],"collection":[{"href":"https:\/\/www.klasmeier.com\/fr\/wp-json\/wp\/v2\/pages"}],"about":[{"href":"https:\/\/www.klasmeier.com\/fr\/wp-json\/wp\/v2\/types\/page"}],"author":[{"embeddable":true,"href":"https:\/\/www.klasmeier.com\/fr\/wp-json\/wp\/v2\/users\/4"}],"replies":[{"embeddable":true,"href":"https:\/\/www.klasmeier.com\/fr\/wp-json\/wp\/v2\/comments?post=8145"}],"version-history":[{"count":3,"href":"https:\/\/www.klasmeier.com\/fr\/wp-json\/wp\/v2\/pages\/8145\/revisions"}],"predecessor-version":[{"id":8179,"href":"https:\/\/www.klasmeier.com\/fr\/wp-json\/wp\/v2\/pages\/8145\/revisions\/8179"}],"wp:attachment":[{"href":"https:\/\/www.klasmeier.com\/fr\/wp-json\/wp\/v2\/media?parent=8145"}],"curies":[{"name":"wp","href":"https:\/\/api.w.org\/{rel}","templated":true}]}}