{"id":15257,"date":"2024-03-25T15:28:01","date_gmt":"2024-03-25T14:28:01","guid":{"rendered":"https:\/\/www.klasmeier.com\/boutique\/thermometres-de-precision\/"},"modified":"2026-05-12T15:38:33","modified_gmt":"2026-05-12T13:38:33","slug":"thermometres-de-precision","status":"publish","type":"page","link":"https:\/\/www.klasmeier.com\/fr\/boutique\/thermometres-de-precision\/","title":{"rendered":"Thermom\u00e8tres de pr\u00e9cision"},"content":{"rendered":"\n<div class=\"wp-block-group alignfull has-global-padding is-layout-constrained wp-container-core-group-is-layout-d5d53815 wp-block-group-is-layout-constrained\" style=\"margin-top:0;margin-bottom:0;padding-top:var(--wp--preset--spacing--30);padding-right:var(--wp--preset--spacing--30);padding-bottom:var(--wp--preset--spacing--30);padding-left:var(--wp--preset--spacing--30)\">\n<figure class=\"wp-block-image aligncenter size-full is-resized has-custom-border hvr-grow\"><img loading=\"lazy\" decoding=\"async\" width=\"1280\" height=\"491\" src=\"https:\/\/www.klasmeier.com\/wp-content\/uploads\/2024\/03\/eXacal-Koffer-mit-Thermoelement.png\" alt=\"\" class=\"wp-image-1931\" style=\"border-radius:50px;width:1280px\" srcset=\"https:\/\/www.klasmeier.com\/wp-content\/uploads\/2024\/03\/eXacal-Koffer-mit-Thermoelement.png 1280w, https:\/\/www.klasmeier.com\/wp-content\/uploads\/2024\/03\/eXacal-Koffer-mit-Thermoelement-300x115.png 300w, https:\/\/www.klasmeier.com\/wp-content\/uploads\/2024\/03\/eXacal-Koffer-mit-Thermoelement-1024x393.png 1024w, https:\/\/www.klasmeier.com\/wp-content\/uploads\/2024\/03\/eXacal-Koffer-mit-Thermoelement-768x295.png 768w, https:\/\/www.klasmeier.com\/wp-content\/uploads\/2024\/03\/eXacal-Koffer-mit-Thermoelement-600x230.png 600w\" sizes=\"auto, (max-width: 1280px) 100vw, 1280px\" \/><\/figure>\n<\/div>\n\n<div class=\"wp-block-group alignfull has-global-padding is-layout-constrained wp-container-core-group-is-layout-c8acb7ff wp-block-group-is-layout-constrained\" style=\"margin-top:0;margin-bottom:0;padding-top:var(--wp--preset--spacing--30);padding-right:var(--wp--preset--spacing--30);padding-bottom:var(--wp--preset--spacing--30);padding-left:var(--wp--preset--spacing--30)\">\n<h2 class=\"wp-block-heading alignwide has-text-align-center\"><strong>Thermom\u00e8tres de pr\u00e9cision<\/strong><\/h2>\n\n\n\n<h3 class=\"wp-block-heading has-text-align-center\">Thermom\u00e8tres \u00e0 r\u00e9sistance et thermocouples<\/h3>\n\n\n\n<p>Nos thermom\u00e8tres de haute qualit\u00e9 sont disponibles dans deux gammes de produits : thermom\u00e8tres de pr\u00e9cision sous forme de thermom\u00e8tres \u00e0 r\u00e9sistance ainsi que thermocouples. Chez Klasmeier, nous distribuons des thermom\u00e8tres de pr\u00e9cision de deux marques renomm\u00e9es : <a href=\"https:\/\/www.klasmeier.com\/fr\/exacal\/\">eXacal<\/a> et <a href=\"https:\/\/www.klasmeier.com\/fr\/thermometres-isotech\/\">ISOTECH<\/a>. Nos thermom\u00e8tres se distinguent par leur pr\u00e9cision et leur qualit\u00e9 maximales et sont \u00e9talonn\u00e9s dans notre propre <a href=\"https:\/\/www.klasmeier.com\/fr\/service-detalonnage-klasmeier\/\">laboratoire d&rsquo;\u00e9talonnage accr\u00e9dit\u00e9 DAkkS (DIN EN ISO\/IEC 17025)<\/a>.  <\/p>\n<\/div>\n\n<div class=\"wp-block-group alignfull has-global-padding is-layout-constrained wp-container-core-group-is-layout-80fb368b wp-block-group-is-layout-constrained\" style=\"padding-top:var(--wp--preset--spacing--30);padding-right:var(--wp--preset--spacing--30);padding-bottom:var(--wp--preset--spacing--30);padding-left:var(--wp--preset--spacing--30)\">\n<h2 class=\"wp-block-heading has-text-align-center\"><strong>Nos deux marques en d\u00e9tail<\/strong><\/h2>\n\n\n\n<div class=\"wp-block-columns alignwide is-layout-flex wp-container-core-columns-is-layout-5d045043 wp-block-columns-is-layout-flex\" style=\"padding-top:var(--wp--preset--spacing--30);padding-bottom:var(--wp--preset--spacing--30)\">\n<div class=\"wp-block-column is-vertically-aligned-stretch is-layout-flow wp-block-column-is-layout-flow\" style=\"padding-top:0;padding-right:0;padding-bottom:0;padding-left:0\">\n<div class=\"wp-block-group hvr-grow has-accent-background-color has-background is-vertical is-content-justification-stretch is-layout-flex wp-container-core-group-is-layout-41ec66f3 wp-block-group-is-layout-flex\" style=\"border-radius:50px;padding-top:var(--wp--preset--spacing--30);padding-right:var(--wp--preset--spacing--30);padding-bottom:var(--wp--preset--spacing--30);padding-left:var(--wp--preset--spacing--30)\">\n<figure class=\"wp-block-image size-full is-resized has-custom-border\"><a href=\"https:\/\/www.klasmeier.com\/fr\/thermometres-isotech\/\"><img loading=\"lazy\" decoding=\"async\" width=\"489\" height=\"67\" src=\"https:\/\/www.klasmeier.com\/wp-content\/uploads\/2024\/03\/ISOTECH-Logo-1.png\" alt=\"\" class=\"wp-image-1940\" style=\"border-radius:50px;width:547px;height:auto\" srcset=\"https:\/\/www.klasmeier.com\/wp-content\/uploads\/2024\/03\/ISOTECH-Logo-1.png 489w, https:\/\/www.klasmeier.com\/wp-content\/uploads\/2024\/03\/ISOTECH-Logo-1-300x41.png 300w\" sizes=\"auto, (max-width: 489px) 100vw, 489px\" \/><\/a><\/figure>\n\n\n\n<h3 class=\"wp-block-heading has-text-align-center\">Thermom\u00e8tres de pr\u00e9cision ISOTECH<\/h3>\n\n\n\n<p><a href=\"https:\/\/www.klasmeier.com\/fr\/thermometres-isotech\/\">ISOTECH<\/a> est un fabricant de marque renomm\u00e9 pour les produits d&rsquo;\u00e9talonnage de temp\u00e9rature. Avec plus de 40 ans d&rsquo;exp\u00e9rience dans la fabrication de thermom\u00e8tres, ISOTECH propose tout ce qui est n\u00e9cessaire, des mesures de temp\u00e9rature industrielles aux \u00e9talonnages de temp\u00e9rature haut de gamme aux points fixes de temp\u00e9rature.  <\/p>\n\n\n\n<p>Les produits ISOTECH sont distribu\u00e9s dans le monde entier via un vaste r\u00e9seau de distribution et sont utilis\u00e9s dans les applications les plus diverses.<\/p>\n\n\n\n<p class=\"has-text-align-left\"><strong>Notre offre comprend :<\/strong><\/p>\n\n\n\n<p class=\"has-text-align-left\"><mark style=\"background-color:rgba(0, 0, 0, 0);color:#dd3333\" class=\"has-inline-color\"><i class=\"fas fa-circle-check\"><\/i><\/mark> <strong>SPRT ITS-90 Thermom\u00e8tres \u00e0 r\u00e9sistance de platine \u00e9talons<\/strong><br\/><mark style=\"background-color:rgba(0, 0, 0, 0);color:#dd3333\" class=\"has-inline-color\"><i class=\"fas fa-circle-check\"><\/i><\/mark> <strong>Thermocouples en m\u00e9taux pr\u00e9cieux de types R\/S, Pt\/Au et Pt\/PD<\/strong><br\/><mark style=\"background-color:rgba(0, 0, 0, 0);color:#dd3333\" class=\"has-inline-color\"><i class=\"fas fa-circle-check\"><\/i><\/mark> <strong>Semi-\u00e9talons pour usage industriel<\/strong><\/p>\n\n\n\n<div class=\"wp-block-buttons is-content-justification-center is-layout-flex wp-container-core-buttons-is-layout-a89b3969 wp-block-buttons-is-layout-flex\">\n<div class=\"wp-block-button hvr-shrink is-style-outline is-style-outline--1\"><a class=\"wp-block-button__link wp-element-button\" href=\"https:\/\/www.klasmeier.com\/fr\/thermometres-isotech\/\">Vers les thermom\u00e8tres ISOTECH<\/a><\/div>\n<\/div>\n<\/div>\n<\/div>\n\n\n\n<div class=\"wp-block-column is-layout-flow wp-block-column-is-layout-flow\" style=\"padding-top:0;padding-right:0;padding-bottom:0;padding-left:0\">\n<div class=\"wp-block-group hvr-grow has-accent-background-color has-background is-vertical is-content-justification-stretch is-layout-flex wp-container-core-group-is-layout-21c4ce27 wp-block-group-is-layout-flex\" style=\"border-radius:50px;padding-top:var(--wp--preset--spacing--30);padding-right:var(--wp--preset--spacing--30);padding-bottom:var(--wp--preset--spacing--30);padding-left:var(--wp--preset--spacing--30)\">\n<figure class=\"wp-block-image size-full is-resized\"><a href=\"https:\/\/www.klasmeier.com\/fr\/exacal\/\"><img loading=\"lazy\" decoding=\"async\" width=\"489\" height=\"89\" src=\"https:\/\/www.klasmeier.com\/wp-content\/uploads\/2024\/03\/exacal-Logo.png\" alt=\"\" class=\"wp-image-1947\" style=\"width:544px;height:auto\" srcset=\"https:\/\/www.klasmeier.com\/wp-content\/uploads\/2024\/03\/exacal-Logo.png 489w, https:\/\/www.klasmeier.com\/wp-content\/uploads\/2024\/03\/exacal-Logo-300x55.png 300w\" sizes=\"auto, (max-width: 489px) 100vw, 489px\" \/><\/a><\/figure>\n\n\n\n<h3 class=\"wp-block-heading has-text-align-center\">Thermom\u00e8tre de pr\u00e9cision eXacal<\/h3>\n\n\n\n<p>Les thermom\u00e8tres de pr\u00e9cision <a href=\"https:\/\/www.klasmeier.com\/fr\/exacal\/\">eXacal<\/a> sont sp\u00e9cialement con\u00e7us pour les mesures de temp\u00e9rature pr\u00e9cises et comme \u00e9talons d&rsquo;\u00e9talonnage. Ils sont fabriqu\u00e9s \u00e0 la main dans notre <a href=\"https:\/\/www.klasmeier.com\/fr\/manufacture-de-thermometres\/\">manufacture de thermom\u00e8tres<\/a> interne, puis \u00e9talonn\u00e9s dans notre <a href=\"https:\/\/www.klasmeier.com\/fr\/service-detalonnage-klasmeier\/\">laboratoire d&rsquo;\u00e9talonnage accr\u00e9dit\u00e9 DAkkS selon DIN IEC 17025<\/a>.  <\/p>\n\n\n\n<p><mark style=\"background-color:rgba(0, 0, 0, 0);color:#dd3333\" class=\"has-inline-color\"><i class=\"fas fa-circle-check\"><\/i><\/mark> <strong>Thermom\u00e8tres \u00e0 r\u00e9sistance de platine \u00e9talons (SPRT) :<\/strong> capteurs de r\u00e9f\u00e9rence de haute pr\u00e9cision pour la tra\u00e7abilit\u00e9 des mesures de temp\u00e9rature \u00e0 l&rsquo;\u00e9chelle internationale de temp\u00e9rature ITS-90, utilis\u00e9s dans les laboratoires d&rsquo;\u00e9talonnage et en m\u00e9trologie. <br\/><mark style=\"background-color:rgba(0, 0, 0, 0);color:#dd3333\" class=\"has-inline-color\"><i class=\"fas fa-circle-check\"><\/i><\/mark> <strong>Thermom\u00e8tres de pr\u00e9cision :<\/strong> Id\u00e9aux comme \u00e9talon de temp\u00e9rature lors des \u00e9talonnages ou pour des mesures de temp\u00e9rature pr\u00e9cises. <br\/><mark style=\"background-color:rgba(0, 0, 0, 0);color:#dd3333\" class=\"has-inline-color\"><i class=\"fas fa-circle-check\"><\/i><\/mark> <strong>Thermom\u00e8tres de r\u00e9f\u00e9rence industriels (Pt100 et thermocouples en m\u00e9taux pr\u00e9cieux) :<\/strong> Parfaitement adapt\u00e9s \u00e0 l&rsquo;usage industriel, par exemple dans un calibrateur de temp\u00e9rature \u00e0 bloc.<br\/><mark style=\"background-color:rgba(0, 0, 0, 0);color:#dd3333\" class=\"has-inline-color\"><i class=\"fas fa-circle-check\"><\/i><\/mark> <strong>Constructions sp\u00e9ciales :<\/strong> Nous fabriquons \u00e9galement des thermom\u00e8tres de pr\u00e9cision selon vos exigences individuelles.<\/p>\n\n\n\n<div class=\"wp-block-buttons is-content-justification-center is-layout-flex wp-container-core-buttons-is-layout-a89b3969 wp-block-buttons-is-layout-flex\">\n<div class=\"wp-block-button hvr-shrink is-style-outline is-style-outline--2\"><a class=\"wp-block-button__link wp-element-button\" href=\"https:\/\/www.klasmeier.com\/fr\/exacal\/\">Vers les thermom\u00e8tres eXacal<\/a><\/div>\n<\/div>\n<\/div>\n<\/div>\n<\/div>\n\n\n\n<div class=\"wp-block-group alignwide has-global-padding is-layout-constrained wp-block-group-is-layout-constrained\">\n<div class=\"wp-block-group alignwide hvr-grow has-accent-background-color has-background has-global-padding is-layout-constrained wp-container-core-group-is-layout-70cf6c39 wp-block-group-is-layout-constrained\" style=\"border-radius:50px;margin-top:var(--wp--preset--spacing--30);margin-bottom:var(--wp--preset--spacing--30);padding-top:var(--wp--preset--spacing--30);padding-right:var(--wp--preset--spacing--30);padding-bottom:var(--wp--preset--spacing--30);padding-left:var(--wp--preset--spacing--30)\">\n<h3 class=\"wp-block-heading has-text-align-center\">La qualit\u00e9 rencontre le service :<br\/>Thermom\u00e8tres avec forfait tout compris<\/h3>\n\n\n\n<p>Notre offre ne comprend pas seulement la vente de thermom\u00e8tres, mais \u00e9galement un service complet.<br\/>Si l&rsquo;un de nos <strong>thermom\u00e8tres<\/strong> venait \u00e0 \u00eatre d\u00e9fectueux, vous pouvez <strong>le faire r\u00e9parer dans notre <a href=\"https:\/\/www.klasmeier.com\/fr\/manufacture-de-thermometres\/reparation-de-thermometres\/\">manufacture de thermom\u00e8tres<\/a> interne<\/strong>. Nous vous proposons ainsi un forfait global avantageux et pas seulement une distribution de produits. <\/p>\n\n\n\n<p>Notre expertise de longue date repose sur <strong>plus de 20 ans d&rsquo;exp\u00e9rience pratique dans l&rsquo;\u00e9talonnage de thermom\u00e8tres de pr\u00e9cision<\/strong> aux points fixes de temp\u00e9rature dans notre <a href=\"https:\/\/www.klasmeier.com\/fr\/service-detalonnage-klasmeier\/\"><strong>laboratoire d&rsquo;\u00e9talonnage<\/strong><\/a>. Nos clients b\u00e9n\u00e9ficient de cette vaste exp\u00e9rience et peuvent compter sur le fait que leurs thermom\u00e8tres r\u00e9pondent toujours aux normes les plus \u00e9lev\u00e9es. <\/p>\n<\/div>\n<\/div>\n<\/div>\n\n<div class=\"wp-block-group alignfull has-global-padding is-layout-constrained wp-container-core-group-is-layout-ff778368 wp-block-group-is-layout-constrained\" style=\"padding-right:var(--wp--preset--spacing--30);padding-left:var(--wp--preset--spacing--30)\">\n<h2 class=\"wp-block-heading has-text-align-center\"><strong>Avantages de nos thermom\u00e8tres<\/strong><\/h2>\n\n\n\n<div class=\"wp-block-columns alignwide are-vertically-aligned-top is-layout-flex wp-container-core-columns-is-layout-38638728 wp-block-columns-is-layout-flex\" style=\"margin-top:var(--wp--preset--spacing--40);margin-bottom:var(--wp--preset--spacing--40);padding-top:0;padding-right:0;padding-bottom:0;padding-left:0\">\n<div class=\"wp-block-column is-vertically-aligned-top hvr-grow is-layout-flow wp-block-column-is-layout-flow\" style=\"padding-top:0;padding-bottom:0\">\n<div class=\"wp-block-group has-accent-background-color has-background is-vertical is-content-justification-center is-layout-flex wp-container-core-group-is-layout-4fac4482 wp-block-group-is-layout-flex\" style=\"border-radius:50px;padding-top:var(--wp--preset--spacing--30);padding-right:var(--wp--preset--spacing--30);padding-bottom:var(--wp--preset--spacing--30);padding-left:var(--wp--preset--spacing--30)\">\n<p><mark style=\"background-color:rgba(0, 0, 0, 0);color:#dd3333\" class=\"has-inline-color\"><i class=\"fas fa-temperature-half fa-6x\"><\/i><\/mark><\/p>\n\n\n\n<p class=\"has-text-align-left\"><mark style=\"background-color:rgba(0, 0, 0, 0);color:#dd3333\" class=\"has-inline-color\"><i class=\"fas fa-circle-check\"><\/i><\/mark> <strong>Pr\u00e9cision et qualit\u00e9 maximales :<\/strong> Nos thermom\u00e8tres se distinguent par leur pr\u00e9cision et leur qualit\u00e9. Nous y parvenons gr\u00e2ce \u00e0 un travail manuel soign\u00e9 et \u00e0 de nombreuses ann\u00e9es d&rsquo;exp\u00e9rience dans notre <a href=\"https:\/\/www.klasmeier.com\/fr\/manufacture-de-thermometres\/\">manufacture<\/a> \u2013 pour que vous puissiez compter sur des r\u00e9sultats de mesure pr\u00e9cis. <br\/><mark style=\"background-color:rgba(0, 0, 0, 0);color:#dd3333\" class=\"has-inline-color\"><i class=\"fas fa-circle-check\"><\/i><\/mark> <strong>Gamme de services compl\u00e8te :<\/strong> Nous ne proposons pas seulement la vente de thermom\u00e8tres. Notre service comprend \u00e9galement des <strong>\u00e9talonnages accr\u00e9dit\u00e9s DAkkS<\/strong> (DIN EN ISO\/IEC 17025) <strong>ainsi que des r\u00e9parations<\/strong> dans notre manufacture de thermom\u00e8tres. Vous disposez ainsi d&rsquo;un point de contact fiable pour tous vos besoins en thermom\u00e8tres.  <br\/><mark style=\"background-color:rgba(0, 0, 0, 0);color:#dd3333\" class=\"has-inline-color\"><i class=\"fas fa-circle-check\"><\/i><\/mark> <strong>Tra\u00e7abilit\u00e9 :<\/strong> Avec les \u00e9talonnages de notre <a href=\"https:\/\/www.klasmeier.com\/fr\/service-detalonnage-klasmeier\/\">laboratoire DAkkS<\/a>, nos thermom\u00e8tres sont <strong>tra\u00e7ables selon DIN IEC 17025<\/strong> aux normes internationales. <br\/><mark style=\"background-color:rgba(0, 0, 0, 0);color:#dd3333\" class=\"has-inline-color\"><i class=\"fas fa-circle-check\"><\/i><\/mark> <strong>Adaptation flexible :<\/strong> Nous proposons des solutions sur mesure pour vos exigences. Qu&rsquo;il s&rsquo;agisse de <strong>constructions sp\u00e9ciales ou d&rsquo;exigences thermom\u00e9triques particuli\u00e8res<\/strong> \u2013 nous pouvons les r\u00e9aliser. <\/p>\n<\/div>\n<\/div>\n\n\n\n<div class=\"wp-block-column is-vertically-aligned-top hvr-grow is-layout-flow wp-block-column-is-layout-flow\">\n<div class=\"wp-block-group has-accent-background-color has-background is-vertical is-content-justification-center is-layout-flex wp-container-core-group-is-layout-4fac4482 wp-block-group-is-layout-flex\" style=\"border-radius:50px;padding-top:var(--wp--preset--spacing--30);padding-right:var(--wp--preset--spacing--30);padding-bottom:var(--wp--preset--spacing--30);padding-left:var(--wp--preset--spacing--30)\">\n<p><mark style=\"background-color:rgba(0, 0, 0, 0);color:#dd3333\" class=\"has-inline-color\"><i class=\"fas fa-handshake fa-6x\"><\/i><\/mark><\/p>\n\n\n\n<p class=\"has-text-align-left\"><mark style=\"background-color:rgba(0, 0, 0, 0);color:#dd3333\" class=\"has-inline-color\"><i class=\"fas fa-circle-check\"><\/i><\/mark> <strong>Large gamme de produits :<\/strong> Gr\u00e2ce \u00e0 nos deux marques, eXacal et ISOTECH, vous pouvez <strong>choisir parmi une large gamme de produits<\/strong>. Que vous ayez besoin de mesures de temp\u00e9rature de haute pr\u00e9cision dans l&rsquo;industrie, la recherche ou d&rsquo;autres applications, nous avons la solution adapt\u00e9e pour vous. <br\/><mark style=\"background-color:rgba(0, 0, 0, 0);color:#dd3333\" class=\"has-inline-color\"><i class=\"fas fa-circle-check\"><\/i><\/mark> <strong>Conseil client :<\/strong> Nos <strong>experts sont \u00e0 votre disposition avec leur savoir-faire<\/strong> pour vous accompagner dans le choix du thermom\u00e8tre appropri\u00e9 et pour toutes les questions relatives \u00e0 l&rsquo;\u00e9talonnage de temp\u00e9rature. Nous nous effor\u00e7ons toujours de vous offrir le meilleur conseil possible. <br\/><mark style=\"background-color:rgba(0, 0, 0, 0);color:#dd3333\" class=\"has-inline-color\"><i class=\"fas fa-circle-check\"><\/i><\/mark> <strong>Partenaire de confiance :<\/strong> Avec une longue histoire dans la technique de mesure de temp\u00e9rature et l&rsquo;\u00e9talonnage, nous sommes un <strong>partenaire de confiance pour les entreprises, les instituts de recherche et les laboratoires<\/strong> du monde entier.<br\/>Vous pouvez compter sur notre fiabilit\u00e9 et notre engagement pour une qualit\u00e9 maximale.<\/p>\n<\/div>\n<\/div>\n<\/div>\n<\/div>\n\n<div class=\"wp-block-group alignfull has-global-padding is-layout-constrained wp-container-core-group-is-layout-0c8379ad wp-block-group-is-layout-constrained\" style=\"margin-top:var(--wp--preset--spacing--30);margin-bottom:var(--wp--preset--spacing--30);padding-top:var(--wp--preset--spacing--20);padding-right:var(--wp--preset--spacing--30);padding-bottom:var(--wp--preset--spacing--20);padding-left:var(--wp--preset--spacing--30)\">\n<div class=\"wp-block-columns alignwide hvr-grow has-accent-background-color has-background is-layout-flex wp-container-core-columns-is-layout-6e1574cc wp-block-columns-is-layout-flex\" style=\"border-radius:50px;margin-top:var(--wp--preset--spacing--40);margin-bottom:var(--wp--preset--spacing--40);padding-top:var(--wp--preset--spacing--30);padding-right:var(--wp--preset--spacing--30);padding-bottom:var(--wp--preset--spacing--30);padding-left:var(--wp--preset--spacing--30)\">\n<div class=\"wp-block-column is-vertically-aligned-center is-layout-flow wp-container-core-column-is-layout-f5bb311e wp-block-column-is-layout-flow\">\n<h2 class=\"wp-block-heading has-text-align-center\">Nicht das richtige Produkt f\u00fcr Sie?<\/h2>\n\n\n\n<div class=\"wp-block-buttons is-content-justification-center is-layout-flex wp-container-core-buttons-is-layout-a89b3969 wp-block-buttons-is-layout-flex\">\n<div class=\"wp-block-button hvr-shrink is-style-outline is-style-outline--3\"><a class=\"wp-block-button__link wp-element-button\" href=\"\/shop\/\">-> Hier geht&rsquo;s zur\u00fcck zur \u00dcbersicht<\/a><\/div>\n<\/div>\n<\/div>\n<\/div>\n<\/div>\n","protected":false},"excerpt":{"rendered":"<p>Thermom\u00e8tres de pr\u00e9cision Thermom\u00e8tres \u00e0 r\u00e9sistance et thermocouples Nos thermom\u00e8tres de haute qualit\u00e9 sont disponibles dans deux gammes de produits : thermom\u00e8tres de pr\u00e9cision sous forme de thermom\u00e8tres \u00e0 r\u00e9sistance ainsi que thermocouples. Chez Klasmeier, nous distribuons des thermom\u00e8tres de pr\u00e9cision de deux marques renomm\u00e9es : eXacal et ISOTECH. Nos thermom\u00e8tres se distinguent par leur [&hellip;]<\/p>\n","protected":false},"author":4,"featured_media":0,"parent":8222,"menu_order":0,"comment_status":"closed","ping_status":"closed","template":"","meta":{"footnotes":""},"class_list":["post-15257","page","type-page","status-publish","hentry"],"_links":{"self":[{"href":"https:\/\/www.klasmeier.com\/fr\/wp-json\/wp\/v2\/pages\/15257","targetHints":{"allow":["GET"]}}],"collection":[{"href":"https:\/\/www.klasmeier.com\/fr\/wp-json\/wp\/v2\/pages"}],"about":[{"href":"https:\/\/www.klasmeier.com\/fr\/wp-json\/wp\/v2\/types\/page"}],"author":[{"embeddable":true,"href":"https:\/\/www.klasmeier.com\/fr\/wp-json\/wp\/v2\/users\/4"}],"replies":[{"embeddable":true,"href":"https:\/\/www.klasmeier.com\/fr\/wp-json\/wp\/v2\/comments?post=15257"}],"version-history":[{"count":1,"href":"https:\/\/www.klasmeier.com\/fr\/wp-json\/wp\/v2\/pages\/15257\/revisions"}],"predecessor-version":[{"id":15258,"href":"https:\/\/www.klasmeier.com\/fr\/wp-json\/wp\/v2\/pages\/15257\/revisions\/15258"}],"up":[{"embeddable":true,"href":"https:\/\/www.klasmeier.com\/fr\/wp-json\/wp\/v2\/pages\/8222"}],"wp:attachment":[{"href":"https:\/\/www.klasmeier.com\/fr\/wp-json\/wp\/v2\/media?parent=15257"}],"curies":[{"name":"wp","href":"https:\/\/api.w.org\/{rel}","templated":true}]}}