{"id":14611,"date":"2024-05-21T16:27:13","date_gmt":"2024-05-21T14:27:13","guid":{"rendered":"https:\/\/www.klasmeier.com\/mentions-legales\/"},"modified":"2026-05-12T15:25:33","modified_gmt":"2026-05-12T13:25:33","slug":"mentions-legales","status":"publish","type":"page","link":"https:\/\/www.klasmeier.com\/fr\/mentions-legales\/","title":{"rendered":"Mentions l\u00e9gales"},"content":{"rendered":"\n<div class=\"wp-block-group alignfull has-global-padding is-layout-constrained wp-container-core-group-is-layout-530ec779 wp-block-group-is-layout-constrained\">\n<h2 class=\"wp-block-heading alignwide\"><strong>Mentions l\u00e9gales<\/strong><\/h2>\n\n\n\n<p><strong>Klasmeier<\/strong><br\/>Kalibrier- und Messtechnik GmbH<\/p>\n\n\n\n<p>Flemingstrasse 12-14<br\/> D-36041 Fulda<\/p>\n\n\n\n<p>G\u00e9rant habilit\u00e9 \u00e0 repr\u00e9senter la soci\u00e9t\u00e9 : Dipl.-Ing. (FH) Thomas Klasmeier<\/p>\n\n\n\n<p>Tribunal d\u2019enregistrement : Amtsgericht Fulda<br\/>Num\u00e9ro d\u2019enregistrement : 5 HRB 727<br\/>Num\u00e9ro d\u2019identification TVA conform\u00e9ment au \u00a7 27 a de la loi allemande sur la TVA : DE 112403195<\/p>\n\n\n\n<h3 class=\"wp-block-heading\">R\u00e8glement extrajudiciaire des litiges conform\u00e9ment \u00e0 l\u2019art. 14, al. 1 du r\u00e8glement ODR et au \u00a7 36 VSBG : <\/h3>\n<\/div>\n","protected":false},"excerpt":{"rendered":"<p>Mentions l\u00e9gales KlasmeierKalibrier- und Messtechnik GmbH Flemingstrasse 12-14 D-36041 Fulda G\u00e9rant habilit\u00e9 \u00e0 repr\u00e9senter la soci\u00e9t\u00e9 : Dipl.-Ing. (FH) Thomas Klasmeier Tribunal d\u2019enregistrement : Amtsgericht FuldaNum\u00e9ro d\u2019enregistrement : 5 HRB 727Num\u00e9ro d\u2019identification TVA conform\u00e9ment au \u00a7 27 a de la loi allemande sur la TVA : DE 112403195 R\u00e8glement extrajudiciaire des litiges conform\u00e9ment \u00e0 l\u2019art. [&hellip;]<\/p>\n","protected":false},"author":4,"featured_media":0,"parent":0,"menu_order":0,"comment_status":"closed","ping_status":"closed","template":"","meta":{"footnotes":""},"class_list":["post-14611","page","type-page","status-publish","hentry"],"_links":{"self":[{"href":"https:\/\/www.klasmeier.com\/fr\/wp-json\/wp\/v2\/pages\/14611","targetHints":{"allow":["GET"]}}],"collection":[{"href":"https:\/\/www.klasmeier.com\/fr\/wp-json\/wp\/v2\/pages"}],"about":[{"href":"https:\/\/www.klasmeier.com\/fr\/wp-json\/wp\/v2\/types\/page"}],"author":[{"embeddable":true,"href":"https:\/\/www.klasmeier.com\/fr\/wp-json\/wp\/v2\/users\/4"}],"replies":[{"embeddable":true,"href":"https:\/\/www.klasmeier.com\/fr\/wp-json\/wp\/v2\/comments?post=14611"}],"version-history":[{"count":1,"href":"https:\/\/www.klasmeier.com\/fr\/wp-json\/wp\/v2\/pages\/14611\/revisions"}],"predecessor-version":[{"id":14612,"href":"https:\/\/www.klasmeier.com\/fr\/wp-json\/wp\/v2\/pages\/14611\/revisions\/14612"}],"wp:attachment":[{"href":"https:\/\/www.klasmeier.com\/fr\/wp-json\/wp\/v2\/media?parent=14611"}],"curies":[{"name":"wp","href":"https:\/\/api.w.org\/{rel}","templated":true}]}}