{"id":14477,"date":"2024-07-08T10:43:41","date_gmt":"2024-07-08T08:43:41","guid":{"rendered":"https:\/\/www.klasmeier.com\/thermometres-de-precision-isotech\/"},"modified":"2026-05-12T15:24:07","modified_gmt":"2026-05-12T13:24:07","slug":"thermometres-de-precision-isotech","status":"publish","type":"page","link":"https:\/\/www.klasmeier.com\/fr\/thermometres-de-precision-isotech\/","title":{"rendered":"Thermom\u00e8tres de pr\u00e9cision ISOTECH"},"content":{"rendered":"\n<h2 class=\"wp-block-heading alignwide\" style=\"margin-top:var(--wp--preset--spacing--10);margin-right:var(--wp--preset--spacing--10);margin-bottom:var(--wp--preset--spacing--10);margin-left:var(--wp--preset--spacing--10)\">Thermom\u00e8tre de pr\u00e9cision ISOTECH (Pt100)<\/h2>\n\n<h3 class=\"wp-block-heading alignwide\" style=\"padding-top:var(--wp--preset--spacing--10);padding-right:var(--wp--preset--spacing--10);padding-bottom:var(--wp--preset--spacing--10);padding-left:var(--wp--preset--spacing--10)\">Thermom\u00e8tres \u00e0 r\u00e9sistance de haute stabilit\u00e9 pour une utilisation comme \u00e9talons industriels et thermom\u00e8tres de pr\u00e9cision avec des calibrateurs \u00e0 bloc et des bains d\u2019\u00e9talonnage<\/h3>\n\n<figure class=\"wp-block-image alignwide size-full has-custom-border\" style=\"margin-top:var(--wp--preset--spacing--10);margin-right:var(--wp--preset--spacing--10);margin-bottom:var(--wp--preset--spacing--10);margin-left:var(--wp--preset--spacing--10)\"><a href=\"https:\/\/www.klasmeier.com\/wp-content\/uploads\/ISOTECH-Standard-Platin-Widerstandsthermometer-SPRT.png\"><img loading=\"lazy\" decoding=\"async\" width=\"1423\" height=\"211\" src=\"https:\/\/www.klasmeier.com\/wp-content\/uploads\/ISOTECH-Standard-Platin-Widerstandsthermometer-SPRT.png\" alt=\"\" class=\"wp-image-6429\" style=\"border-radius:50px\" srcset=\"https:\/\/www.klasmeier.com\/wp-content\/uploads\/ISOTECH-Standard-Platin-Widerstandsthermometer-SPRT.png 1423w, https:\/\/www.klasmeier.com\/wp-content\/uploads\/ISOTECH-Standard-Platin-Widerstandsthermometer-SPRT-300x44.png 300w, https:\/\/www.klasmeier.com\/wp-content\/uploads\/ISOTECH-Standard-Platin-Widerstandsthermometer-SPRT-1024x152.png 1024w, https:\/\/www.klasmeier.com\/wp-content\/uploads\/ISOTECH-Standard-Platin-Widerstandsthermometer-SPRT-768x114.png 768w, https:\/\/www.klasmeier.com\/wp-content\/uploads\/ISOTECH-Standard-Platin-Widerstandsthermometer-SPRT-600x89.png 600w\" sizes=\"auto, (max-width: 1423px) 100vw, 1423px\" \/><\/a><\/figure>\n\n<figure class=\"wp-block-table alignwide\" style=\"padding-top:var(--wp--preset--spacing--20);padding-right:var(--wp--preset--spacing--10);padding-bottom:var(--wp--preset--spacing--20);padding-left:var(--wp--preset--spacing--10)\"><table><tbody><tr><td>Mod\u00e8le<\/td><td><strong>Plage de<\/strong><br\/><strong>temp\u00e9rature<\/strong><\/td><td><strong>\u2300<\/strong><\/td><td><strong>Longueur (A)<\/strong><\/td><td><strong><strong>Capteur<\/strong><br\/><strong>Longueur (B)<\/strong><\/strong><\/td><td><strong>Poign\u00e9e (C)<\/strong><\/td><td class=\"has-text-align-center\" data-align=\"center\"><strong>Application<\/strong><\/td><\/tr><tr><td><a href=\"https:\/\/www.klasmeier.com\/produkt\/referenz-thermometer-50c-bis-250c-2\/\">Thermom\u00e8tre de r\u00e9f\u00e9rence<br\/>935-14-112<\/a><\/td><td>-50 \u00b0C \u00e0<br\/>250 \u00b0C<\/td><td>3 mm<\/td><td>225 mm<\/td><td>6 mm<\/td><td>sans<\/td><td class=\"has-text-align-center\" data-align=\"center\">Domaine d\u2019application<br\/>g\u00e9n\u00e9ral\/TTI-10<\/td><\/tr><tr><td><a href=\"https:\/\/www.klasmeier.com\/produkt\/referenz-thermometer-50c-bis-250c\/\">Thermom\u00e8tre de r\u00e9f\u00e9rence<br\/>935-14-61<\/a><\/td><td>-50 \u00b0C \u00e0<br\/>250 \u00b0C<\/td><td>4 mm<\/td><td>300 mm<\/td><td>6 mm<\/td><td>19 x 129 mm<\/td><td class=\"has-text-align-center\" data-align=\"center\">r\u00e9ponse rapide,<br\/>faible conductivit\u00e9<br\/>de la poign\u00e9e<\/td><\/tr><tr><td><a href=\"https:\/\/www.klasmeier.com\/produkt\/referenz-thermometer-196c-bis-250c\/\">Thermom\u00e8tre de r\u00e9f\u00e9rence<br\/>935-14-13<\/a><\/td><td>-196 \u00b0C \u00e0<br\/>250 \u00b0C<\/td><td>6 mm<\/td><td>350 mm<\/td><td>25 mm<\/td><td>25 x 115 mm<\/td><td class=\"has-text-align-center\" data-align=\"center\">Basse temp\u00e9rature<\/td><\/tr><tr><td><a href=\"https:\/\/www.klasmeier.com\/produkt\/referenz-thermometer-100c-bis-250c\/\">Thermom\u00e8tre de r\u00e9f\u00e9rence<br\/>935-14-113<\/a><\/td><td>-100 \u00b0C \u00e0<br\/>250 \u00b0C<\/td><td>6 mm<\/td><td>350 mm<\/td><td>25 mm<\/td><td>19 x 120 mm<\/td><td class=\"has-text-align-center\" data-align=\"center\">Domaine d\u2019application<br\/>g\u00e9n\u00e9ral<\/td><\/tr><tr><td><a href=\"https:\/\/www.klasmeier.com\/produkt\/referenz-thermometer-100c-bis-450c-2\/\">Thermom\u00e8tre de r\u00e9f\u00e9rence<br\/>935-14-16<\/a><\/td><td>-100 \u00b0C \u00e0<br\/>450 \u00b0C<\/td><td>6 mm<\/td><td>450 mm<\/td><td>25 mm<\/td><td>19 x 120 mm<\/td><td class=\"has-text-align-center\" data-align=\"center\">Domaine d\u2019application<br\/>g\u00e9n\u00e9ral<\/td><\/tr><tr><td><a href=\"https:\/\/www.klasmeier.com\/produkt\/referenz-thermometer-100c-bis-450c\/\">Thermom\u00e8tre de r\u00e9f\u00e9rence<br\/>935-14-116<\/a><\/td><td>-100 \u00b0C \u00e0<br\/>450 \u00b0C<\/td><td>6 mm<\/td><td>350 mm<\/td><td>25 mm<\/td><td>19 x 120 mm<\/td><td class=\"has-text-align-center\" data-align=\"center\">Domaine d\u2019application<br\/>g\u00e9n\u00e9ral\/<br\/>s\u2019adapte \u00e0 la mallette de<br\/>transport <a href=\"https:\/\/www.klasmeier.com\/produkt\/millik-praezisionsthermometer\/\">milliK<\/a><\/td><\/tr><tr><td><a href=\"https:\/\/www.klasmeier.com\/produkt\/referenz-thermometer-50c-bis-670c\/\">Thermom\u00e8tre de r\u00e9f\u00e9rence<br\/>935-14-72<\/a><\/td><td>-50 \u00b0C \u00e0<br\/>670 \u00b0C<\/td><td>6 mm<\/td><td>375 mm<\/td><td>25 mm<\/td><td>sans<\/td><td class=\"has-text-align-center\" data-align=\"center\">S\u2019adapte \u00e0 la mallette de transport <a href=\"https:\/\/www.klasmeier.com\/produkt\/blockkalibrator-jupiter-35c-bis-660c\/\">Jupiter<\/a>\/<br\/><a href=\"https:\/\/www.klasmeier.com\/produkt\/blockkalibrator-gemini-35-bis-550\/\">Gemini<\/a><\/td><\/tr><tr><td><a href=\"https:\/\/www.klasmeier.com\/produkt\/referenz-thermometer-50c-bis-350c\/\">Thermom\u00e8tre de r\u00e9f\u00e9rence<br\/>935-14-98<\/a><\/td><td>-50 \u00b0C \u00e0<br\/>350 \u00b0C<\/td><td>4 mm<\/td><td>300 mm<\/td><td>8 mm<\/td><td>sans<\/td><td class=\"has-text-align-center\" data-align=\"center\">faible conductivit\u00e9 de la poign\u00e9e<\/td><\/tr><tr><td><a href=\"https:\/\/www.klasmeier.com\/produkt\/referenz-thermometer-200c-bis-165c\/\">Thermom\u00e8tre de r\u00e9f\u00e9rence<br\/>935-14-95L<\/a><\/td><td>-200 \u00b0C \u00e0<br\/>165 \u00b0C<\/td><td>6 mm<\/td><td>480 mm<\/td><td>25 mm<\/td><td>25 x 115 mm<\/td><td class=\"has-text-align-center\" data-align=\"center\">\u00c9talon de travail<\/td><\/tr><tr><td><a href=\"https:\/\/www.klasmeier.com\/produkt\/referenz-thermometer-80c-bis-670c\/\">Thermom\u00e8tre de r\u00e9f\u00e9rence<br\/>935-14-95H<\/a><\/td><td>-80 \u00b0C \u00e0<br\/>670 \u00b0C<\/td><td>6 mm<\/td><td>480 mm<\/td><td>25 mm<\/td><td>19 x 120 mm<\/td><td class=\"has-text-align-center\" data-align=\"center\">\u00c9talon de travail<\/td><\/tr><\/tbody><\/table><figcaption class=\"wp-element-caption\">Chacun de ces thermom\u00e8tres poss\u00e8de un c\u00e2ble de raccordement en PTFE de 2 m.<\/figcaption><\/figure>\n\n<h2 class=\"wp-block-heading alignwide\" style=\"margin-top:var(--wp--preset--spacing--10);margin-right:var(--wp--preset--spacing--10);margin-bottom:var(--wp--preset--spacing--10);margin-left:var(--wp--preset--spacing--10)\">Thermom\u00e8tres de pr\u00e9cision coud\u00e9s (Pt100)<\/h2>\n\n<h3 class=\"wp-block-heading alignwide\" style=\"padding-top:var(--wp--preset--spacing--10);padding-right:var(--wp--preset--spacing--10);padding-bottom:var(--wp--preset--spacing--10);padding-left:var(--wp--preset--spacing--10)\">la t\u00eate coud\u00e9e offre un d\u00e9gagement maximal \u00e0 la partie sup\u00e9rieure du bain d\u2019\u00e9talonnage<\/h3>\n\n<figure class=\"wp-block-image alignwide size-full has-custom-border\" style=\"margin-top:var(--wp--preset--spacing--10);margin-right:var(--wp--preset--spacing--20);margin-bottom:var(--wp--preset--spacing--10);margin-left:var(--wp--preset--spacing--20)\"><img loading=\"lazy\" decoding=\"async\" width=\"1544\" height=\"360\" src=\"https:\/\/www.klasmeier.com\/wp-content\/uploads\/Abgewinkelte-Fuehler.png\" alt=\"\" class=\"wp-image-5893\" style=\"border-radius:50px\" srcset=\"https:\/\/www.klasmeier.com\/wp-content\/uploads\/Abgewinkelte-Fuehler.png 1544w, https:\/\/www.klasmeier.com\/wp-content\/uploads\/Abgewinkelte-Fuehler-300x70.png 300w, https:\/\/www.klasmeier.com\/wp-content\/uploads\/Abgewinkelte-Fuehler-1024x239.png 1024w, https:\/\/www.klasmeier.com\/wp-content\/uploads\/Abgewinkelte-Fuehler-768x179.png 768w, https:\/\/www.klasmeier.com\/wp-content\/uploads\/Abgewinkelte-Fuehler-1536x358.png 1536w, https:\/\/www.klasmeier.com\/wp-content\/uploads\/Abgewinkelte-Fuehler-600x140.png 600w\" sizes=\"auto, (max-width: 1544px) 100vw, 1544px\" \/><\/figure>\n\n<figure class=\"wp-block-table alignwide\" style=\"padding-top:var(--wp--preset--spacing--20);padding-right:var(--wp--preset--spacing--10);padding-bottom:var(--wp--preset--spacing--20);padding-left:var(--wp--preset--spacing--10)\"><table><tbody><tr><td><strong>Mod\u00e8le<\/strong><\/td><td><strong>Plage de<\/strong><br\/><strong>temp\u00e9rature<\/strong><\/td><td><strong>\u2300<\/strong><\/td><td><strong>Longueur (A)<\/strong><\/td><td><strong>Capteur<\/strong><br\/><strong>Longueur (B)<\/strong><\/td><td><strong>(C)<\/strong><\/td><td><strong>C\u00e2ble<\/strong><\/td><td class=\"has-text-align-center\" data-align=\"center\"><strong>Application<\/strong><\/td><\/tr><tr><td><a href=\"https:\/\/www.klasmeier.com\/produkt\/abgewinkeltes-referenzthermometer-50c-bis-250c\/\">Thermom\u00e8tre de r\u00e9f\u00e9rence<br\/>935-14-82<\/a><\/td><td>-50 \u00b0C \u00e0<br\/>250 \u00b0C<\/td><td>4 mm<\/td><td>165 mm<\/td><td>6 mm<\/td><td>50 mm<\/td><td>1,5 m PTFE<\/td><td class=\"has-text-align-center\" data-align=\"center\"><a href=\"https:\/\/www.klasmeier.com\/produkt\/blockkalibrator\/\">Europa<\/a>, <a href=\"https:\/\/www.klasmeier.com\/produkt\/temperatur-blockkalibrator\/\">Venus<\/a> + <a href=\"https:\/\/www.klasmeier.com\/produkt\/blockkalibrator-kalibrierung-temperatur\/\">Calisto<\/a><\/td><\/tr><tr><td><a href=\"https:\/\/www.klasmeier.com\/produkt\/abgewinkeltes-referenzthermometer-50c-bis-250c-2\/\">Thermom\u00e8tre de r\u00e9f\u00e9rence <br\/>935-14-85<\/a><\/td><td>-50 \u00b0C \u00e0<br\/>250 \u00b0C<\/td><td>6 mm<\/td><td>385 mm<\/td><td>25 mm<\/td><td>35 mm<\/td><td>0,54 m PTFE<\/td><td class=\"has-text-align-center\" data-align=\"center\"><a href=\"https:\/\/www.klasmeier.com\/produkt\/temperaturkalibrator-oceanus\/\">Oceanus 6<\/a><\/td><\/tr><\/tbody><\/table><\/figure>\n\n<h1 class=\"wp-block-heading alignwide\" style=\"margin-top:var(--wp--preset--spacing--10);margin-right:var(--wp--preset--spacing--10);margin-bottom:var(--wp--preset--spacing--10);margin-left:var(--wp--preset--spacing--10)\">Thermom\u00e8tres de pr\u00e9cision coud\u00e9s \u00e0 90\u00b0 (Pt100)<\/h1>\n\n<h3 class=\"wp-block-heading alignwide\" style=\"padding-top:var(--wp--preset--spacing--10);padding-right:var(--wp--preset--spacing--10);padding-bottom:var(--wp--preset--spacing--10);padding-left:var(--wp--preset--spacing--10)\">le coude \u00e0 90 degr\u00e9s assure un d\u00e9gagement maximal sur le dessus du bain d\u2019\u00e9talonnage<\/h3>\n\n<figure class=\"wp-block-image alignwide size-full has-custom-border\" style=\"margin-top:var(--wp--preset--spacing--10);margin-right:var(--wp--preset--spacing--10);margin-bottom:var(--wp--preset--spacing--10);margin-left:var(--wp--preset--spacing--10)\"><img loading=\"lazy\" decoding=\"async\" width=\"1541\" height=\"875\" src=\"https:\/\/www.klasmeier.com\/wp-content\/uploads\/90-grad-abgewinkelt-Pt100.png\" alt=\"\" class=\"wp-image-5895\" style=\"border-radius:50px\" srcset=\"https:\/\/www.klasmeier.com\/wp-content\/uploads\/90-grad-abgewinkelt-Pt100.png 1541w, https:\/\/www.klasmeier.com\/wp-content\/uploads\/90-grad-abgewinkelt-Pt100-300x170.png 300w, https:\/\/www.klasmeier.com\/wp-content\/uploads\/90-grad-abgewinkelt-Pt100-1024x581.png 1024w, https:\/\/www.klasmeier.com\/wp-content\/uploads\/90-grad-abgewinkelt-Pt100-768x436.png 768w, https:\/\/www.klasmeier.com\/wp-content\/uploads\/90-grad-abgewinkelt-Pt100-1536x872.png 1536w, https:\/\/www.klasmeier.com\/wp-content\/uploads\/90-grad-abgewinkelt-Pt100-600x341.png 600w\" sizes=\"auto, (max-width: 1541px) 100vw, 1541px\" \/><\/figure>\n\n<figure class=\"wp-block-table alignwide\" style=\"padding-top:var(--wp--preset--spacing--20);padding-right:var(--wp--preset--spacing--10);padding-bottom:var(--wp--preset--spacing--20);padding-left:var(--wp--preset--spacing--10)\"><table><tbody><tr><td><strong>Mod\u00e8le<\/strong><\/td><td><strong>Plage de<\/strong><br\/><strong>temp\u00e9rature<\/strong><\/td><td><strong>Longueur du<\/strong><br\/><strong>capteur<\/strong><\/td><td><strong>C\u00e2ble<\/strong><\/td><td class=\"has-text-align-center\" data-align=\"center\"><strong>Application<\/strong><\/td><\/tr><tr><td><a href=\"https:\/\/www.klasmeier.com\/produkt\/90-abgewinkeltes-referenzthermometer-50c-bis-250c\/\">Thermom\u00e8tre de r\u00e9f\u00e9rence<br\/>935-14-75<\/a><\/td><td>-50 \u00b0C \u00e0<br\/>250 \u00b0C<\/td><td>6 mm<\/td><td>2 m PTFE<\/td><td class=\"has-text-align-center\" data-align=\"center\">adapt\u00e9 aux calibrateurs \u00e0 bloc portables <a href=\"https:\/\/www.klasmeier.com\/produkt\/blockkalibrator\/\">Europa<\/a>, <a href=\"https:\/\/www.klasmeier.com\/produkt\/temperatur-blockkalibrator\/\">Venus<\/a> et <a href=\"https:\/\/www.klasmeier.com\/produkt\/blockkalibrator-kalibrierung-temperatur\/\">Calisto<\/a><\/td><\/tr><tr><td><a href=\"https:\/\/www.klasmeier.com\/produkt\/90-abgewinkeltes-referenzthermometer-0c-bis-660c\/\">Thermom\u00e8tre de r\u00e9f\u00e9rence<br\/>935-14-79<\/a><\/td><td>0 \u00b0C \u00e0<br\/>660 \u00b0C<\/td><td>25 mm<\/td><td>2 m PTFE<\/td><td class=\"has-text-align-center\" data-align=\"center\">adapt\u00e9 aux calibrateurs \u00e0 bloc portables <a href=\"https:\/\/www.klasmeier.com\/produkt\/blockkalibrator-gemini-35-bis-550\/\">Gemini<\/a> et <a href=\"https:\/\/www.klasmeier.com\/produkt\/blockkalibrator-jupiter-35c-bis-660c\/\">Jupiter<\/a><\/td><\/tr><\/tbody><\/table><\/figure>\n","protected":false},"excerpt":{"rendered":"<p>Thermom\u00e8tre de pr\u00e9cision ISOTECH (Pt100) Thermom\u00e8tres \u00e0 r\u00e9sistance de haute stabilit\u00e9 pour une utilisation comme \u00e9talons industriels et thermom\u00e8tres de pr\u00e9cision avec des calibrateurs \u00e0 bloc et des bains d\u2019\u00e9talonnage Mod\u00e8le Plage detemp\u00e9rature \u2300 Longueur (A) CapteurLongueur (B) Poign\u00e9e (C) Application Thermom\u00e8tre de r\u00e9f\u00e9rence935-14-112 -50 \u00b0C \u00e0250 \u00b0C 3 mm 225 mm 6 mm sans [&hellip;]<\/p>\n","protected":false},"author":2,"featured_media":0,"parent":0,"menu_order":0,"comment_status":"closed","ping_status":"closed","template":"page-no-title","meta":{"footnotes":""},"class_list":["post-14477","page","type-page","status-publish","hentry"],"_links":{"self":[{"href":"https:\/\/www.klasmeier.com\/fr\/wp-json\/wp\/v2\/pages\/14477","targetHints":{"allow":["GET"]}}],"collection":[{"href":"https:\/\/www.klasmeier.com\/fr\/wp-json\/wp\/v2\/pages"}],"about":[{"href":"https:\/\/www.klasmeier.com\/fr\/wp-json\/wp\/v2\/types\/page"}],"author":[{"embeddable":true,"href":"https:\/\/www.klasmeier.com\/fr\/wp-json\/wp\/v2\/users\/2"}],"replies":[{"embeddable":true,"href":"https:\/\/www.klasmeier.com\/fr\/wp-json\/wp\/v2\/comments?post=14477"}],"version-history":[{"count":1,"href":"https:\/\/www.klasmeier.com\/fr\/wp-json\/wp\/v2\/pages\/14477\/revisions"}],"predecessor-version":[{"id":14483,"href":"https:\/\/www.klasmeier.com\/fr\/wp-json\/wp\/v2\/pages\/14477\/revisions\/14483"}],"wp:attachment":[{"href":"https:\/\/www.klasmeier.com\/fr\/wp-json\/wp\/v2\/media?parent=14477"}],"curies":[{"name":"wp","href":"https:\/\/api.w.org\/{rel}","templated":true}]}}