{"id":14314,"date":"2024-04-02T15:05:01","date_gmt":"2024-04-02T13:05:01","guid":{"rendered":"https:\/\/www.klasmeier.com\/boutique\/calibrateurs-basse-temperature-efficaces\/"},"modified":"2026-05-12T12:21:48","modified_gmt":"2026-05-12T10:21:48","slug":"calibrateurs-basse-temperature-efficaces","status":"publish","type":"page","link":"https:\/\/www.klasmeier.com\/fr\/boutique\/calibrateurs-basse-temperature-efficaces\/","title":{"rendered":"Calibrateurs basse temp\u00e9rature efficaces"},"content":{"rendered":"\n<div class=\"wp-block-group alignfull has-global-padding is-layout-constrained wp-container-core-group-is-layout-b510c29b wp-block-group-is-layout-constrained\" style=\"padding-top:0;padding-bottom:0\">\n<h1 class=\"wp-block-heading alignwide has-text-align-center\" style=\"font-size:clamp(27.894px, 1.743rem + ((1vw - 3.2px) * 2.094), 48px);\"><strong>Calibrateurs basse temp\u00e9rature d&rsquo;ISOTECH<\/strong><\/h1>\n\n\n\n<h2 class=\"wp-block-heading has-text-align-center\" style=\"font-size:clamp(15.747px, 0.984rem + ((1vw - 3.2px) * 0.86), 24px);\">Souhaitez-vous <strong>calibrer pr\u00e9cis\u00e9ment des thermom\u00e8tres \u00e0 des temp\u00e9ratures extr\u00eamement basses ?<\/strong> <br\/>Les proc\u00e9dures standardis\u00e9es et les bains de calibration n&rsquo;offrent pas la plage de temp\u00e9rature requise ? <br\/><br\/>Alors vous \u00eates au bon endroit ! <br\/><strong>Nos calibrateurs basse temp\u00e9rature permettent des calibrations pr\u00e9cises m\u00eame \u00e0 de tr\u00e8s basses temp\u00e9ratures.<\/strong><\/h2>\n<\/div>\n\n<div class=\"wp-block-group alignfull has-global-padding is-layout-constrained wp-block-group-is-layout-constrained\" style=\"padding-top:0;padding-bottom:0\">\n<div class=\"wp-block-group alignwide has-global-padding is-content-justification-center is-layout-constrained wp-block-group-is-layout-constrained\" style=\"margin-top:var(--wp--preset--spacing--10);margin-bottom:var(--wp--preset--spacing--10)\">\n<div class=\"wp-block-group alignwide hvr-grow has-accent-background-color has-background has-global-padding is-layout-constrained wp-container-core-group-is-layout-9ea8ae60 wp-block-group-is-layout-constrained\" style=\"border-radius:50px;margin-top:var(--wp--preset--spacing--30);margin-bottom:var(--wp--preset--spacing--30);padding-top:var(--wp--preset--spacing--30);padding-right:var(--wp--preset--spacing--30);padding-bottom:var(--wp--preset--spacing--40);padding-left:var(--wp--preset--spacing--30)\">\n<div class=\"wp-block-group alignwide has-global-padding is-layout-constrained wp-container-core-group-is-layout-19e250f3 wp-block-group-is-layout-constrained\">\n<h3 class=\"wp-block-heading alignwide has-text-align-center\"><a href=\"https:\/\/www.klasmeier.com\/produkt\/cryostat-tiefkuehlkalibriereinrichtung\/\">Cryostat \u00e0 azote pour la calibration de thermom\u00e8tres<\/a><\/h3>\n<\/div>\n\n\n\n<div class=\"wp-block-columns is-layout-flex wp-container-core-columns-is-layout-0806ab5c wp-block-columns-is-layout-flex\" style=\"margin-top:var(--wp--preset--spacing--30);margin-bottom:var(--wp--preset--spacing--30)\">\n<div class=\"wp-block-column is-vertically-aligned-center is-layout-flow wp-block-column-is-layout-flow\" style=\"padding-right:0%;padding-left:0px;flex-basis:66%\">\n<p>Avec le cryostat \u00e0 azote, vous pouvez calibrer des thermom\u00e8tres et des thermocouples \u00e0 des temp\u00e9ratures particuli\u00e8rement basses.<\/p>\n\n\n\n<p><mark style=\"background-color:rgba(0, 0, 0, 0);color:#dd3333\" class=\"has-inline-color\"><i class=\"fas fa-circle-check\"><\/i><\/mark> <strong>Plage de temp\u00e9rature de -80 \u00b0C \u00e0 -180 \u00b0C avec points de calibration librement s\u00e9lectionnables<\/strong><br\/><mark style=\"background-color:rgba(0, 0, 0, 0);color:#dd3333\" class=\"has-inline-color\"><i class=\"fas fa-circle-check\"><\/i><\/mark> <strong>aucune contamination par les milieux de calibration<\/strong><br\/><mark style=\"background-color:rgba(0, 0, 0, 0);color:#dd3333\" class=\"has-inline-color\"><i class=\"fas fa-circle-check\"><\/i><\/mark> <strong>haute pr\u00e9cision gr\u00e2ce \u00e0 des inserts de calibration personnalis\u00e9s<\/strong> <br\/>(doivent \u00eatre command\u00e9s en m\u00eame temps)<br\/><mark style=\"background-color:rgba(0, 0, 0, 0);color:#dd3333\" class=\"has-inline-color\"><i class=\"fas fa-circle-check\"><\/i><\/mark> <strong>Solution \u00e9conomique<\/strong> par rapport aux appareils \u00e9lectriques avec une plage de temp\u00e9rature comparable<\/p>\n<\/div>\n\n\n\n<div class=\"wp-block-column is-vertically-aligned-center is-layout-flow wp-block-column-is-layout-flow\" style=\"flex-basis:33%\">\n<figure class=\"wp-block-image aligncenter size-full is-resized has-custom-border\"><a href=\"https:\/\/www.klasmeier.com\/produkt\/cryostat-tiefkuehlkalibriereinrichtung\/\"><img loading=\"lazy\" decoding=\"async\" width=\"370\" height=\"370\" src=\"https:\/\/www.klasmeier.com\/wp-content\/uploads\/2024\/04\/Cryostat-zur-Thermometer-Kalibrierung.png\" alt=\"\" class=\"wp-image-2236\" style=\"border-radius:50px;width:322px;height:auto\" srcset=\"https:\/\/www.klasmeier.com\/wp-content\/uploads\/2024\/04\/Cryostat-zur-Thermometer-Kalibrierung.png 370w, https:\/\/www.klasmeier.com\/wp-content\/uploads\/2024\/04\/Cryostat-zur-Thermometer-Kalibrierung-300x300.png 300w, https:\/\/www.klasmeier.com\/wp-content\/uploads\/2024\/04\/Cryostat-zur-Thermometer-Kalibrierung-150x150.png 150w, https:\/\/www.klasmeier.com\/wp-content\/uploads\/2024\/04\/Cryostat-zur-Thermometer-Kalibrierung-100x100.png 100w\" sizes=\"auto, (max-width: 370px) 100vw, 370px\" \/><\/a><\/figure>\n<\/div>\n<\/div>\n\n\n\n<div class=\"wp-block-buttons is-content-justification-center is-layout-flex wp-container-core-buttons-is-layout-a89b3969 wp-block-buttons-is-layout-flex\">\n<div class=\"wp-block-button has-custom-font-size is-style-outline has-medium-font-size is-style-outline--1\"><a class=\"wp-block-button__link wp-element-button\" href=\"https:\/\/www.klasmeier.com\/produkt\/cryostat-tiefkuehlkalibriereinrichtung\/\" style=\"border-radius:50px;padding-top:var(--wp--preset--spacing--10);padding-right:var(--wp--preset--spacing--20);padding-bottom:var(--wp--preset--spacing--10);padding-left:var(--wp--preset--spacing--20)\">Vers le cryostat \u00e0 azote<\/a><\/div>\n<\/div>\n<\/div>\n\n\n\n<div class=\"wp-block-group alignwide hvr-grow has-accent-background-color has-background has-global-padding is-layout-constrained wp-container-core-group-is-layout-9ea8ae60 wp-block-group-is-layout-constrained\" style=\"border-radius:50px;margin-top:var(--wp--preset--spacing--30);margin-bottom:var(--wp--preset--spacing--30);padding-top:var(--wp--preset--spacing--30);padding-right:var(--wp--preset--spacing--30);padding-bottom:var(--wp--preset--spacing--40);padding-left:var(--wp--preset--spacing--30)\">\n<div class=\"wp-block-group alignwide has-global-padding is-layout-constrained wp-container-core-group-is-layout-19e250f3 wp-block-group-is-layout-constrained\">\n<h3 class=\"wp-block-heading alignwide has-text-align-center\"><a href=\"https:\/\/www.klasmeier.com\/produkt\/stickstoff-siedepunktkalibrator\/\">Calibrateur de point d&rsquo;\u00e9bullition de l&rsquo;azote mod\u00e8le ITL M 18205<\/a><\/h3>\n<\/div>\n\n\n\n<div class=\"wp-block-columns is-layout-flex wp-container-core-columns-is-layout-0806ab5c wp-block-columns-is-layout-flex\" style=\"margin-top:var(--wp--preset--spacing--30);margin-bottom:var(--wp--preset--spacing--30)\">\n<div class=\"wp-block-column is-vertically-aligned-center is-layout-flow wp-block-column-is-layout-flow\" style=\"padding-right:0%;padding-left:0px;flex-basis:66%\">\n<p><mark style=\"background-color:rgba(0, 0, 0, 0);color:#dd3333\" class=\"has-inline-color\"><i class=\"fas fa-circle-check\"><\/i><\/mark> <strong>Haute pr\u00e9cision de mesure \u00e0 faible co\u00fbt<\/strong> : Gr\u00e2ce \u00e0 la calibration comparative, les incertitudes de mesure peuvent \u00eatre r\u00e9duites \u00e0 \u00b1 0,002 K. Cela vous permet d&rsquo;effectuer une calibration pr\u00e9cise pour une fraction du co\u00fbt d&rsquo;une calibration \u00e0 point fixe. <br\/><mark style=\"background-color:rgba(0, 0, 0, 0);color:#dd3333\" class=\"has-inline-color\"><i class=\"fas fa-circle-check\"><\/i><\/mark> <strong>Aucune source d&rsquo;alimentation externe requise<\/strong> \u2013 Cela permet une <strong>application flexible et conviviale<\/strong> du calibrateur basse temp\u00e9rature<\/p>\n<\/div>\n\n\n\n<div class=\"wp-block-column is-vertically-aligned-center is-layout-flow wp-block-column-is-layout-flow\" style=\"flex-basis:33%\">\n<figure class=\"wp-block-image aligncenter size-full is-resized has-custom-border\"><a href=\"https:\/\/www.klasmeier.com\/produkt\/stickstoff-siedepunktkalibrator\/\"><img loading=\"lazy\" decoding=\"async\" width=\"370\" height=\"370\" src=\"https:\/\/www.klasmeier.com\/wp-content\/uploads\/2024\/04\/Stickstoff-Siedepunktkalibrator.png\" alt=\"\" class=\"wp-image-2238\" style=\"border-radius:50px;width:322px;height:auto\" srcset=\"https:\/\/www.klasmeier.com\/wp-content\/uploads\/2024\/04\/Stickstoff-Siedepunktkalibrator.png 370w, https:\/\/www.klasmeier.com\/wp-content\/uploads\/2024\/04\/Stickstoff-Siedepunktkalibrator-300x300.png 300w, https:\/\/www.klasmeier.com\/wp-content\/uploads\/2024\/04\/Stickstoff-Siedepunktkalibrator-150x150.png 150w, https:\/\/www.klasmeier.com\/wp-content\/uploads\/2024\/04\/Stickstoff-Siedepunktkalibrator-100x100.png 100w\" sizes=\"auto, (max-width: 370px) 100vw, 370px\" \/><\/a><\/figure>\n<\/div>\n<\/div>\n\n\n\n<div class=\"wp-block-buttons is-content-justification-center is-layout-flex wp-container-core-buttons-is-layout-a89b3969 wp-block-buttons-is-layout-flex\">\n<div class=\"wp-block-button has-custom-font-size is-style-outline has-medium-font-size is-style-outline--2\"><a class=\"wp-block-button__link wp-element-button\" href=\"https:\/\/www.klasmeier.com\/produkt\/stickstoff-siedepunktkalibrator\/\" style=\"border-radius:50px;padding-top:var(--wp--preset--spacing--10);padding-right:var(--wp--preset--spacing--20);padding-bottom:var(--wp--preset--spacing--10);padding-left:var(--wp--preset--spacing--20)\">Vers le calibrateur de point d&rsquo;\u00e9bullition de l&rsquo;azote<\/a><\/div>\n<\/div>\n<\/div>\n\n\n\n<div class=\"wp-block-group alignwide hvr-grow has-accent-background-color has-background has-global-padding is-layout-constrained wp-container-core-group-is-layout-9ea8ae60 wp-block-group-is-layout-constrained\" style=\"border-radius:50px;margin-top:var(--wp--preset--spacing--30);margin-bottom:var(--wp--preset--spacing--30);padding-top:var(--wp--preset--spacing--30);padding-right:var(--wp--preset--spacing--30);padding-bottom:var(--wp--preset--spacing--40);padding-left:var(--wp--preset--spacing--30)\">\n<div class=\"wp-block-group alignwide has-global-padding is-layout-constrained wp-container-core-group-is-layout-19e250f3 wp-block-group-is-layout-constrained\">\n<h3 class=\"wp-block-heading\"><a href=\"https:\/\/www.klasmeier.com\/produkt\/stickstoffsiedepunkt-kalibrator\/\">Calibrateur de point d&rsquo;\u00e9bullition de l&rsquo;azote mod\u00e8le 461<\/a><\/h3>\n<\/div>\n\n\n\n<div class=\"wp-block-columns is-layout-flex wp-container-core-columns-is-layout-0806ab5c wp-block-columns-is-layout-flex\" style=\"margin-top:var(--wp--preset--spacing--30);margin-bottom:var(--wp--preset--spacing--30)\">\n<div class=\"wp-block-column is-vertically-aligned-center is-layout-flow wp-block-column-is-layout-flow\" style=\"padding-right:0%;padding-left:0px;flex-basis:66%\">\n<p>Ce mod\u00e8le est une <strong>alternative plus \u00e9conomique<\/strong> \u00e0 l&rsquo;ITL M 18205. <br\/>Le calibrateur de point d&rsquo;\u00e9bullition de l&rsquo;azote est un appareil simple, ouvert \u00e0 l&rsquo;air ambiant. Il se compose d&rsquo;un vase Dewar en acier inoxydable rempli d&rsquo;azote liquide, d&rsquo;une couche isolante dans laquelle se trouve un bloc d&rsquo;\u00e9galisation m\u00e9tallique, et d&rsquo;un support de thermom\u00e8tre. <\/p>\n\n\n\n<p><mark style=\"background-color:rgba(0, 0, 0, 0);color:#dd3333\" class=\"has-inline-color\"><i class=\"fas fa-circle-check\"><\/i><\/mark> <strong>application tr\u00e8s simple et s\u00fbre<\/strong><br\/><mark style=\"background-color:rgba(0, 0, 0, 0);color:#dd3333\" class=\"has-inline-color\"><i class=\"fas fa-circle-check\"><\/i><\/mark> <strong>Plage de temp\u00e9rature -196 \u00b0C<\/strong><br\/><mark style=\"background-color:rgba(0, 0, 0, 0);color:#dd3333\" class=\"has-inline-color\"><i class=\"fas fa-circle-check\"><\/i><\/mark> <strong>Stabilit\u00e9 de la temp\u00e9rature \u00b10,002 \u00b0C<\/strong><br\/><mark style=\"background-color:rgba(0, 0, 0, 0);color:#dd3333\" class=\"has-inline-color\"><i class=\"fas fa-circle-check\"><\/i><\/mark> <strong><span style=\"font-size: 14pt;\">\u00e9conomique<\/span><\/strong><\/p>\n<\/div>\n\n\n\n<div class=\"wp-block-column is-vertically-aligned-center is-layout-flow wp-block-column-is-layout-flow\" style=\"flex-basis:33%\">\n<figure class=\"wp-block-image aligncenter size-full is-resized has-custom-border\"><a href=\"https:\/\/www.klasmeier.com\/produkt\/stickstoffsiedepunkt-kalibrator\/\"><img loading=\"lazy\" decoding=\"async\" width=\"370\" height=\"370\" src=\"https:\/\/www.klasmeier.com\/wp-content\/uploads\/Stickstoff-Siedepunktkalibrator-461.png\" alt=\"\" class=\"wp-image-3590\" style=\"border-radius:50px;width:322px;height:auto\" srcset=\"https:\/\/www.klasmeier.com\/wp-content\/uploads\/Stickstoff-Siedepunktkalibrator-461.png 370w, https:\/\/www.klasmeier.com\/wp-content\/uploads\/Stickstoff-Siedepunktkalibrator-461-300x300.png 300w, https:\/\/www.klasmeier.com\/wp-content\/uploads\/Stickstoff-Siedepunktkalibrator-461-150x150.png 150w, https:\/\/www.klasmeier.com\/wp-content\/uploads\/Stickstoff-Siedepunktkalibrator-461-100x100.png 100w\" sizes=\"auto, (max-width: 370px) 100vw, 370px\" \/><\/a><\/figure>\n<\/div>\n<\/div>\n\n\n\n<div class=\"wp-block-buttons is-content-justification-center is-layout-flex wp-container-core-buttons-is-layout-a89b3969 wp-block-buttons-is-layout-flex\">\n<div class=\"wp-block-button has-custom-font-size is-style-outline has-medium-font-size is-style-outline--3\"><a class=\"wp-block-button__link wp-element-button\" href=\"https:\/\/www.klasmeier.com\/produkt\/stickstoffsiedepunkt-kalibrator\/\" style=\"border-radius:50px;padding-top:var(--wp--preset--spacing--10);padding-right:var(--wp--preset--spacing--20);padding-bottom:var(--wp--preset--spacing--10);padding-left:var(--wp--preset--spacing--20)\">Vers le calibrateur de point d&rsquo;\u00e9bullition de l&rsquo;azote 461<\/a><\/div>\n<\/div>\n<\/div>\n<\/div>\n<\/div>\n\n<div class=\"wp-block-group alignfull has-global-padding is-layout-constrained wp-block-group-is-layout-constrained\" style=\"margin-top:var(--wp--preset--spacing--30);margin-bottom:var(--wp--preset--spacing--30);padding-top:var(--wp--preset--spacing--20);padding-bottom:var(--wp--preset--spacing--20)\">\n<div class=\"wp-block-columns alignwide hvr-grow has-accent-background-color has-background is-layout-flex wp-container-core-columns-is-layout-6e1574cc wp-block-columns-is-layout-flex\" style=\"border-radius:50px;margin-top:var(--wp--preset--spacing--40);margin-bottom:var(--wp--preset--spacing--40);padding-top:var(--wp--preset--spacing--30);padding-right:var(--wp--preset--spacing--30);padding-bottom:var(--wp--preset--spacing--30);padding-left:var(--wp--preset--spacing--30)\">\n<div class=\"wp-block-column is-vertically-aligned-center is-layout-flow wp-container-core-column-is-layout-f5bb311e wp-block-column-is-layout-flow\">\n<h2 class=\"wp-block-heading has-text-align-center\">Nicht das richtige Produkt f\u00fcr Sie?<\/h2>\n\n\n\n<div class=\"wp-block-buttons is-content-justification-center is-layout-flex wp-container-core-buttons-is-layout-a89b3969 wp-block-buttons-is-layout-flex\">\n<div class=\"wp-block-button hvr-shrink is-style-outline is-style-outline--4\"><a class=\"wp-block-button__link wp-element-button\" href=\"\/shop\/\">-> Hier geht&rsquo;s zur\u00fcck zur \u00dcbersicht<\/a><\/div>\n<\/div>\n<\/div>\n<\/div>\n<\/div>\n","protected":false},"excerpt":{"rendered":"<p>Calibrateurs basse temp\u00e9rature d&rsquo;ISOTECH Souhaitez-vous calibrer pr\u00e9cis\u00e9ment des thermom\u00e8tres \u00e0 des temp\u00e9ratures extr\u00eamement basses ? Les proc\u00e9dures standardis\u00e9es et les bains de calibration n&rsquo;offrent pas la plage de temp\u00e9rature requise ? Alors vous \u00eates au bon endroit ! Nos calibrateurs basse temp\u00e9rature permettent des calibrations pr\u00e9cises m\u00eame \u00e0 de tr\u00e8s basses temp\u00e9ratures. Cryostat \u00e0 azote [&hellip;]<\/p>\n","protected":false},"author":4,"featured_media":0,"parent":8222,"menu_order":0,"comment_status":"closed","ping_status":"closed","template":"","meta":{"footnotes":""},"class_list":["post-14314","page","type-page","status-publish","hentry"],"_links":{"self":[{"href":"https:\/\/www.klasmeier.com\/fr\/wp-json\/wp\/v2\/pages\/14314","targetHints":{"allow":["GET"]}}],"collection":[{"href":"https:\/\/www.klasmeier.com\/fr\/wp-json\/wp\/v2\/pages"}],"about":[{"href":"https:\/\/www.klasmeier.com\/fr\/wp-json\/wp\/v2\/types\/page"}],"author":[{"embeddable":true,"href":"https:\/\/www.klasmeier.com\/fr\/wp-json\/wp\/v2\/users\/4"}],"replies":[{"embeddable":true,"href":"https:\/\/www.klasmeier.com\/fr\/wp-json\/wp\/v2\/comments?post=14314"}],"version-history":[{"count":1,"href":"https:\/\/www.klasmeier.com\/fr\/wp-json\/wp\/v2\/pages\/14314\/revisions"}],"predecessor-version":[{"id":14319,"href":"https:\/\/www.klasmeier.com\/fr\/wp-json\/wp\/v2\/pages\/14314\/revisions\/14319"}],"up":[{"embeddable":true,"href":"https:\/\/www.klasmeier.com\/fr\/wp-json\/wp\/v2\/pages\/8222"}],"wp:attachment":[{"href":"https:\/\/www.klasmeier.com\/fr\/wp-json\/wp\/v2\/media?parent=14314"}],"curies":[{"name":"wp","href":"https:\/\/api.w.org\/{rel}","templated":true}]}}