{"id":8965,"date":"2024-02-20T15:55:35","date_gmt":"2024-02-20T14:55:35","guid":{"rendered":"https:\/\/www.klasmeier.com\/?post_type=product&#038;p=8965"},"modified":"2025-12-03T12:30:54","modified_gmt":"2025-12-03T11:30:54","slug":"pt100-modelo-m-termometro-de-precision-para-temperaturas-medias-100-c-a-250-c","status":"publish","type":"product","link":"https:\/\/www.klasmeier.com\/es\/produkt\/pt100-modelo-m-termometro-de-precision-para-temperaturas-medias-100-c-a-250-c\/","title":{"rendered":"Pt100 Modelo M Term\u00f3metro de Precisi\u00f3n para Temperaturas Medias (-100 \u00b0C a 250 \u00b0C)"},"content":{"rendered":"\n<div class=\"wp-block-group has-global-padding is-layout-constrained wp-container-core-group-is-layout-530ec779 wp-block-group-is-layout-constrained\">\n<figure class=\"wp-block-image aligncenter size-full\"><img loading=\"lazy\" decoding=\"async\" width=\"310\" height=\"89\" src=\"https:\/\/www.klasmeier.com\/wp-content\/uploads\/exacal.png\" alt=\"\" class=\"wp-image-8533\" srcset=\"https:\/\/www.klasmeier.com\/wp-content\/uploads\/exacal.png 310w, https:\/\/www.klasmeier.com\/wp-content\/uploads\/exacal-300x86.png 300w\" sizes=\"auto, (max-width: 310px) 100vw, 310px\" \/><\/figure>\n\n\n\n<div class=\"wp-block-columns is-layout-flex wp-container-core-columns-is-layout-28f84493 wp-block-columns-is-layout-flex\">\n<div class=\"wp-block-column is-layout-flow wp-block-column-is-layout-flow\" style=\"flex-basis:66.66%\">\n<p>Term\u00f3metro de resistencia de precisi\u00f3n con <strong>cubierta met\u00e1lica delgada y resistencia de medici\u00f3n cer\u00e1mica extra peque\u00f1a.<\/strong> Este term\u00f3metro eXacal ha sido dise\u00f1ado para <strong>determinar perfiles de temperatura radiales y verticales<\/strong>.<\/p>\n\n\n\n<div class=\"wp-block-group is-vertical is-layout-flex wp-container-core-group-is-layout-893838bc wp-block-group-is-layout-flex\" style=\"padding-top:var(--wp--preset--spacing--10);padding-bottom:var(--wp--preset--spacing--10)\">\n<p><mark style=\"background-color:rgba(0, 0, 0, 0)\" class=\"has-inline-color has-accent-3-color\"><i class=\"fas fa-circle-check\"><\/i><\/mark> Rango de temperatura: <strong>-100 \u00b0C a 250 \u00b0C<\/strong><\/p>\n\n\n\n<p><mark style=\"background-color:rgba(0, 0, 0, 0)\" class=\"has-inline-color has-accent-3-color\"><i class=\"fas fa-circle-check\"><\/i><\/mark> Baja incertidumbre de medici\u00f3n: <strong>entre 5 mK y 10 mK<\/strong><\/p>\n\n\n\n<p><mark style=\"background-color:rgba(0, 0, 0, 0)\" class=\"has-inline-color has-accent-3-color\"><i class=\"fas fa-circle-check\"><\/i><\/mark> <strong>Tiempos de medici\u00f3n r\u00e1pidos gracias a la cubierta met\u00e1lica delgada<\/strong><\/p>\n\n\n\n<p><mark style=\"background-color:rgba(0, 0, 0, 0)\" class=\"has-inline-color has-accent-3-color\"><i class=\"fas fa-circle-check\"><\/i><\/mark> <strong>Buena conexi\u00f3n t\u00e9rmica gracias al peque\u00f1o sensor de temperatura<\/strong><\/p>\n\n\n\n<p><mark style=\"background-color:rgba(0, 0, 0, 0)\" class=\"has-inline-color has-accent-3-color\"><i class=\"fas fa-circle-check\"><\/i><\/mark> Ideal para la determinaci\u00f3n de <strong>gradientes de temperatura verticales<\/strong><\/p>\n<\/div>\n<\/div>\n\n\n\n<div class=\"wp-block-column is-layout-flow wp-block-column-is-layout-flow\" style=\"flex-basis:33.33%\">\n<figure class=\"wp-block-image size-medium\"><img loading=\"lazy\" decoding=\"async\" width=\"300\" height=\"300\" src=\"https:\/\/www.klasmeier.com\/wp-content\/uploads\/klasmeier_EU_Precision_Thermometry_transparent-300x300.webp\" alt=\"\" class=\"wp-image-13164\" srcset=\"https:\/\/www.klasmeier.com\/wp-content\/uploads\/klasmeier_EU_Precision_Thermometry_transparent-300x300.webp 300w, https:\/\/www.klasmeier.com\/wp-content\/uploads\/klasmeier_EU_Precision_Thermometry_transparent-150x150.webp 150w, https:\/\/www.klasmeier.com\/wp-content\/uploads\/klasmeier_EU_Precision_Thermometry_transparent-768x768.webp 768w, https:\/\/www.klasmeier.com\/wp-content\/uploads\/klasmeier_EU_Precision_Thermometry_transparent-600x600.webp 600w, https:\/\/www.klasmeier.com\/wp-content\/uploads\/klasmeier_EU_Precision_Thermometry_transparent-100x100.webp 100w, https:\/\/www.klasmeier.com\/wp-content\/uploads\/klasmeier_EU_Precision_Thermometry_transparent.webp 1024w\" sizes=\"auto, (max-width: 300px) 100vw, 300px\" \/><\/figure>\n<\/div>\n<\/div>\n\n\n\n<p>Este term\u00f3metro eXacal ha sido dise\u00f1ado para evaluar perfiles de temperatura radiales y verticales en instalaciones de calibraci\u00f3n, como parte de la incertidumbre de medici\u00f3n. Esto es requerido en diversas directrices como <strong>DKD-R 5-4 \u00abCalibraci\u00f3n de calibradores de bloque\u00bb, DKD-R 5-3 \u00abCalibraci\u00f3n de termopares\u00bb y DKD-R 5-1 \u00abCalibraci\u00f3n de term\u00f3metros de resistencia\u00bb<\/strong>. Tambi\u00e9n es adecuado para la <strong>medici\u00f3n y ajuste de zonas de calentamiento en hornos de calibraci\u00f3n<\/strong>. Por supuesto, el term\u00f3metro tambi\u00e9n puede utilizarse para <strong>mediciones de temperatura precisas en general<\/strong>.<\/p>\n\n\n\n<div class=\"wp-block-group has-global-padding is-layout-constrained wp-container-core-group-is-layout-b1d50903 wp-block-group-is-layout-constrained\" style=\"padding-top:var(--wp--preset--spacing--20);padding-bottom:var(--wp--preset--spacing--20)\">\n<h3 class=\"wp-block-heading\">Calibraci\u00f3n<\/h3>\n\n\n\n<p>Los term\u00f3metros eXacal son calibrados en nuestro propio <a href=\"https:\/\/www.klasmeier.com\/es\/empresa\/perfil-de-la-empresa\/kalibrierdienst-klasmeier\/\">laboratorio de calibraci\u00f3n DAkkS<\/a>. Gracias a la acreditaci\u00f3n DAkkS, todas las calibraciones est\u00e1n trazadas a est\u00e1ndares nacionales e internacionales.<\/p>\n\n\n\n<p>Los term\u00f3metros de precisi\u00f3n Pt100M est\u00e1n dise\u00f1ados para ser calibrados en puntos fijos de temperatura con alta precisi\u00f3n. La incertidumbre de medici\u00f3n se calcula a partir de m\u00faltiples factores. Los principales contribuyentes a la incertidumbre de medici\u00f3n incluyen la reproducibilidad del term\u00f3metro, la funci\u00f3n de desviaci\u00f3n ITS-90, el autocalentamiento y la hist\u00e9resis del sensor de temperatura. Con los par\u00e1metros del certificado de calibraci\u00f3n, el term\u00f3metro de precisi\u00f3n Pt100M puede utilizarse con su funci\u00f3n de desviaci\u00f3n en el rango de temperatura de -38 \u00b0C a 230 \u00b0C.<\/p>\n\n\n\n<div class=\"wp-block-buttons is-content-justification-center is-layout-flex wp-container-core-buttons-is-layout-e511ce0b wp-block-buttons-is-layout-flex\" style=\"margin-top:var(--wp--preset--spacing--30);margin-bottom:var(--wp--preset--spacing--30)\">\n<div class=\"wp-block-button hvr-shrink\"><a class=\"wp-block-button__link wp-element-button\" href=\"\/es\/kalibrierdienst-klasmeier\/kalibrierung-von-widerstandsthermometern\/\">Calibraci\u00f3n de term\u00f3metros de resistencia<\/a><\/div>\n<\/div>\n<\/div>\n\n\n\n<div class=\"wp-block-group has-global-padding is-layout-constrained wp-container-core-group-is-layout-b1d50903 wp-block-group-is-layout-constrained\" style=\"padding-top:var(--wp--preset--spacing--20);padding-bottom:var(--wp--preset--spacing--20)\">\n<h3 class=\"wp-block-heading\">Incertidumbre de medici\u00f3n<\/h3>\n\n\n\n<div class=\"wp-block-group is-vertical is-layout-flex wp-container-core-group-is-layout-893838bc wp-block-group-is-layout-flex\" style=\"padding-top:var(--wp--preset--spacing--10);padding-bottom:var(--wp--preset--spacing--10)\">\n<p><mark style=\"background-color:rgba(0, 0, 0, 0)\" class=\"has-inline-color has-accent-3-color\"><i class=\"fas fa-circle-check\"><\/i><\/mark> <strong>Peque\u00f1as incertidumbres de medici\u00f3n con certificado de calibraci\u00f3n DAkkS<\/strong><\/p>\n\n\n\n<p><mark style=\"background-color:rgba(0, 0, 0, 0)\" class=\"has-inline-color has-accent-3-color\"><i class=\"fas fa-circle-check\"><\/i><\/mark> <strong>Puntos fijos de temperatura desde el punto triple del mercurio (-38,8344 \u00b0C) hasta el punto de solidificaci\u00f3n del esta\u00f1o (231,928 \u00b0C)<\/strong><\/p>\n<\/div>\n\n\n\n<figure class=\"wp-block-image alignwide size-full has-custom-border\"><img loading=\"lazy\" decoding=\"async\" width=\"1024\" height=\"585\" src=\"https:\/\/www.klasmeier.com\/wp-content\/uploads\/Pt100-Modell-M-eXacal-Klasmeier-1024x585-1.png\" alt=\"\" class=\"wp-image-4673\" style=\"border-radius:50px\" srcset=\"https:\/\/www.klasmeier.com\/wp-content\/uploads\/Pt100-Modell-M-eXacal-Klasmeier-1024x585-1.png 1024w, https:\/\/www.klasmeier.com\/wp-content\/uploads\/Pt100-Modell-M-eXacal-Klasmeier-1024x585-1-300x171.png 300w, https:\/\/www.klasmeier.com\/wp-content\/uploads\/Pt100-Modell-M-eXacal-Klasmeier-1024x585-1-768x439.png 768w, https:\/\/www.klasmeier.com\/wp-content\/uploads\/Pt100-Modell-M-eXacal-Klasmeier-1024x585-1-600x343.png 600w\" sizes=\"auto, (max-width: 1024px) 100vw, 1024px\" \/><\/figure>\n\n\n\n<div style=\"height:33px\" aria-hidden=\"true\" class=\"wp-block-spacer\"><\/div>\n\n\n\n<figure class=\"wp-block-table alignwide pttb\" style=\"font-style:normal;font-weight:400\"><table class=\"has-fixed-layout\"><thead><tr><th class=\"has-text-align-center\" data-align=\"center\"><strong>Rango<\/strong><\/th><th><strong>Procedimiento<\/strong><\/th><th class=\"has-text-align-center\" data-align=\"center\"><strong>Incertidumbre de medici\u00f3n<\/strong><\/th><\/tr><\/thead><tbody><tr><td class=\"has-text-align-center\" data-align=\"center\">-38,8344 \u00b0C \u2013 0,01 \u00b0C<\/td><td>Mercurio a agua<\/td><td class=\"has-text-align-center\" data-align=\"center\">5 mK<\/td><\/tr><tr><td class=\"has-text-align-center\" data-align=\"center\">0,01 \u00b0C \u2013 29,7646 \u00b0C<\/td><td>Agua a galio<\/td><td class=\"has-text-align-center\" data-align=\"center\">6 mK<\/td><\/tr><tr><td class=\"has-text-align-center\" data-align=\"center\">0,01 \u00b0C \u2013 156,5985 \u00b0C<\/td><td>Agua a indio<\/td><td class=\"has-text-align-center\" data-align=\"center\">9 mK<\/td><\/tr><tr><td class=\"has-text-align-center\" data-align=\"center\">0,01 \u00b0C \u2013 231,928 \u00b0C<\/td><td>Agua a esta\u00f1o<\/td><td class=\"has-text-align-center\" data-align=\"center\">10 mK<\/td><\/tr><\/tbody><\/table><figcaption class=\"wp-element-caption\">\nLas incertidumbres de medici\u00f3n indicadas corresponden a k=2, incluyen una funci\u00f3n de desviaci\u00f3n ITS-90, autocalentamiento e hist\u00e9resis y est\u00e1n especificadas para cada rango.\n<\/figcaption><\/figure>\n<\/div>\n<\/div>\n\n\n\n<p><\/p>\n","protected":false},"excerpt":{"rendered":"<p>Fabricante: Klasmeier \/ eXacal<br \/>\nModelo: Pt100M<\/p>\n","protected":false},"featured_media":11111,"template":"","meta":[],"product_brand":[],"product_cat":[],"product_tag":[],"class_list":{"0":"post-8965","1":"product","2":"type-product","3":"status-publish","4":"has-post-thumbnail","7":"first","8":"instock","9":"shipping-taxable","10":"purchasable","11":"product-type-variable"},"_links":{"self":[{"href":"https:\/\/www.klasmeier.com\/es\/wp-json\/wp\/v2\/product\/8965","targetHints":{"allow":["GET"]}}],"collection":[{"href":"https:\/\/www.klasmeier.com\/es\/wp-json\/wp\/v2\/product"}],"about":[{"href":"https:\/\/www.klasmeier.com\/es\/wp-json\/wp\/v2\/types\/product"}],"wp:featuredmedia":[{"embeddable":true,"href":"https:\/\/www.klasmeier.com\/es\/wp-json\/wp\/v2\/media\/11111"}],"wp:attachment":[{"href":"https:\/\/www.klasmeier.com\/es\/wp-json\/wp\/v2\/media?parent=8965"}],"wp:term":[{"taxonomy":"product_brand","embeddable":true,"href":"https:\/\/www.klasmeier.com\/es\/wp-json\/wp\/v2\/product_brand?post=8965"},{"taxonomy":"product_cat","embeddable":true,"href":"https:\/\/www.klasmeier.com\/es\/wp-json\/wp\/v2\/product_cat?post=8965"},{"taxonomy":"product_tag","embeddable":true,"href":"https:\/\/www.klasmeier.com\/es\/wp-json\/wp\/v2\/product_tag?post=8965"}],"curies":[{"name":"wp","href":"https:\/\/api.w.org\/{rel}","templated":true}]}}