{"id":8922,"date":"2024-02-29T17:17:13","date_gmt":"2024-02-29T16:17:13","guid":{"rendered":"https:\/\/www.klasmeier.com\/?post_type=product&#038;p=8922"},"modified":"2025-12-03T13:04:04","modified_gmt":"2025-12-03T12:04:04","slug":"termopar-de-referencia-industrial-tipo-r-0-c-a-1200-c","status":"publish","type":"product","link":"https:\/\/www.klasmeier.com\/es\/produkt\/termopar-de-referencia-industrial-tipo-r-0-c-a-1200-c\/","title":{"rendered":"Termopar de Referencia Industrial Tipo R (0 \u00b0C a 1200 \u00b0C)"},"content":{"rendered":"\n<div class=\"wp-block-group has-global-padding is-layout-constrained wp-container-core-group-is-layout-530ec779 wp-block-group-is-layout-constrained\">\n<figure class=\"wp-block-image aligncenter size-full\"><img loading=\"lazy\" decoding=\"async\" width=\"310\" height=\"89\" src=\"https:\/\/www.klasmeier.com\/wp-content\/uploads\/exacal.png\" alt=\"\" class=\"wp-image-8533\" srcset=\"https:\/\/www.klasmeier.com\/wp-content\/uploads\/exacal.png 310w, https:\/\/www.klasmeier.com\/wp-content\/uploads\/exacal-300x86.png 300w\" sizes=\"auto, (max-width: 310px) 100vw, 310px\" \/><\/figure>\n\n\n\n<h3 class=\"wp-block-heading alignwide\">Termopar Tipo R<\/h3>\n\n\n\n<div class=\"wp-block-columns is-layout-flex wp-container-core-columns-is-layout-28f84493 wp-block-columns-is-layout-flex\">\n<div class=\"wp-block-column is-layout-flow wp-block-column-is-layout-flow\" style=\"flex-basis:66.66%\">\n<p>Termopares de precisi\u00f3n de metales nobles (Termopar Tipo R). Optimizado para aplicaciones con bajas profundidades de inmersi\u00f3n, por ejemplo, en calibradores de bloque de temperatura.<\/p>\n\n\n\n<div class=\"wp-block-group is-vertical is-layout-flex wp-container-core-group-is-layout-893838bc wp-block-group-is-layout-flex\" style=\"padding-top:var(--wp--preset--spacing--10);padding-bottom:var(--wp--preset--spacing--10)\">\n<p><mark style=\"background-color:rgba(0, 0, 0, 0)\" class=\"has-inline-color has-accent-3-color\"><i class=\"fas fa-circle-check\"><\/i><\/mark> Termopar industrial Tipo R&nbsp;<\/p>\n\n\n\n<p><mark style=\"background-color:rgba(0, 0, 0, 0)\" class=\"has-inline-color has-accent-3-color\"><i class=\"fas fa-circle-check\"><\/i><\/mark> <strong>Optimizado para aplicaciones con bajas profundidades de inmersi\u00f3n<\/strong><\/p>\n\n\n\n<p><mark style=\"background-color:rgba(0, 0, 0, 0)\" class=\"has-inline-color has-accent-3-color\"><i class=\"fas fa-circle-check\"><\/i><\/mark> Baja inhomogeneidad gracias a hilos termoel\u00e9ctricos tratados t\u00e9rmicamente<\/p>\n\n\n\n<p><mark style=\"background-color:rgba(0, 0, 0, 0)\" class=\"has-inline-color has-accent-3-color\"><i class=\"fas fa-circle-check\"><\/i><\/mark> Punto de medici\u00f3n delgado para <strong>tiempos de respuesta r\u00e1pidos<\/strong><\/p>\n\n\n\n<p><mark style=\"background-color:rgba(0, 0, 0, 0)\" class=\"has-inline-color has-accent-3-color\"><i class=\"fas fa-circle-check\"><\/i><\/mark> <strong>Ideal para uso industrial, por ejemplo, en calibradores de bloque&nbsp;<\/strong><\/p>\n<\/div>\n<\/div>\n\n\n\n<div class=\"wp-block-column is-layout-flow wp-block-column-is-layout-flow\" style=\"flex-basis:33.33%\">\n<figure class=\"wp-block-image size-medium\"><img loading=\"lazy\" decoding=\"async\" width=\"300\" height=\"300\" src=\"https:\/\/www.klasmeier.com\/wp-content\/uploads\/klasmeier_EU_Precision_Thermometry_transparent-300x300.webp\" alt=\"\" class=\"wp-image-13164\" srcset=\"https:\/\/www.klasmeier.com\/wp-content\/uploads\/klasmeier_EU_Precision_Thermometry_transparent-300x300.webp 300w, https:\/\/www.klasmeier.com\/wp-content\/uploads\/klasmeier_EU_Precision_Thermometry_transparent-150x150.webp 150w, https:\/\/www.klasmeier.com\/wp-content\/uploads\/klasmeier_EU_Precision_Thermometry_transparent-768x768.webp 768w, https:\/\/www.klasmeier.com\/wp-content\/uploads\/klasmeier_EU_Precision_Thermometry_transparent-600x600.webp 600w, https:\/\/www.klasmeier.com\/wp-content\/uploads\/klasmeier_EU_Precision_Thermometry_transparent-100x100.webp 100w, https:\/\/www.klasmeier.com\/wp-content\/uploads\/klasmeier_EU_Precision_Thermometry_transparent.webp 1024w\" sizes=\"auto, (max-width: 300px) 100vw, 300px\" \/><\/figure>\n<\/div>\n<\/div>\n\n\n\n<p>El termopar Tipo R fue dise\u00f1ado espec\u00edficamente como patr\u00f3n de temperatura para calibraciones industriales y mediciones de temperatura. Est\u00e1 fabricado con el mismo material termoel\u00e9ctrico de alta calidad que el <a href=\"https:\/\/2020.exacal.de\/exacal-thermometer\/praezisionsthermometer\/typ-r-typ-s-thermoelement\/\" target=\"_blank\" rel=\"noopener\">Termopar de Precisi\u00f3n Tipo R\/ Tipo S<\/a>. Sin embargo, la construcci\u00f3n del termopar Tipo R est\u00e1 especialmente adaptada a los requisitos industriales. Por ejemplo, el punto de medici\u00f3n se fabrica con un tubo protector m\u00e1s peque\u00f1o. Gracias a sus dimensiones compactas, el termopar Tipo R se puede utilizar como <strong>patr\u00f3n de temperatura para la calibraci\u00f3n con calibradores de bloque<\/strong>. Como otra adaptaci\u00f3n a las condiciones industriales, se puede optar por prescindir de una uni\u00f3n de referencia externa y en su lugar utilizar conectores miniatura para termopares Tipo R.<\/p>\n\n\n\n<p>Los termopares se suministran de serie con un conector miniatura de material termopar de clase 1;&nbsp;<strong>la uni\u00f3n de referencia se encuentra directamente en el conector<\/strong>, donde se produce la transici\u00f3n del material termopar al cobre. No se requiere una uni\u00f3n de referencia separada.<\/p>\n\n\n\n<div class=\"wp-block-group is-vertical is-layout-flex wp-container-core-group-is-layout-fe9cc265 wp-block-group-is-layout-flex\">\n<h3 class=\"wp-block-heading\"><strong>Malet\u00edn de transporte de madera adecuado<\/strong><\/h3>\n\n\n\n<p><span style=\"font-size: 14pt;\">Cada term\u00f3metro eXacal se entrega en un estuche adecuado. Opcionalmente, se puede adquirir un malet\u00edn de transporte de madera de alta calidad.<\/span><\/p>\n\n\n\n<div class=\"wp-block-columns are-vertically-aligned-top is-layout-flex wp-container-core-columns-is-layout-28f84493 wp-block-columns-is-layout-flex\">\n<div class=\"wp-block-column is-vertically-aligned-top is-layout-flow wp-block-column-is-layout-flow\">\n<div data-block-name=\"woocommerce\/single-product\" data-product-id=\"785\" data-wp-context=\"{&quot;productId&quot;:785,&quot;variationId&quot;:null}\" data-wp-interactive=\"woocommerce\/single-product\" class=\"wp-block-woocommerce-single-product woocommerce hvr-grow\"><div data-block-name=\"woocommerce\/product-image\" data-is-descendent-of-single-product-block=\"true\" data-show-sale-badge=\"false\" data-style=\"{&quot;border&quot;:{&quot;radius&quot;:&quot;50px&quot;}}\" style=\"border-radius:50px;\" class=\"wc-block-components-product-image wc-block-grid__product-image wc-block-components-product-image--aspect-ratio-auto wp-block-woocommerce-product-image\"><a href=\"https:\/\/www.klasmeier.com\/produkt\/holz-tragekoffer-fuer-exacal-thermometer-klein\/\" style=\"\" data-wp-on--click=\"woocommerce\/product-collection::actions.viewProduct\"><img decoding=\"async\" width=\"600\" height=\"600\" src=\"https:\/\/www.klasmeier.com\/wp-content\/uploads\/2024\/02\/eXacal-Praezisionsthermometer-im-Koffer-1-1.jpg\" class=\"attachment-woocommerce_single size-woocommerce_single\" alt=\"Holz-Tragekoffer f\u00fcr eXacal Thermometer - Klein\" data-testid=\"product-image\" data-image-id=\"880\" style=\"object-fit:cover;\" loading=\"lazy\" srcset=\"https:\/\/www.klasmeier.com\/wp-content\/uploads\/2024\/02\/eXacal-Praezisionsthermometer-im-Koffer-1-1.jpg 600w, https:\/\/www.klasmeier.com\/wp-content\/uploads\/2024\/02\/eXacal-Praezisionsthermometer-im-Koffer-1-1-300x300.jpg 300w, https:\/\/www.klasmeier.com\/wp-content\/uploads\/2024\/02\/eXacal-Praezisionsthermometer-im-Koffer-1-1-150x150.jpg 150w, https:\/\/www.klasmeier.com\/wp-content\/uploads\/2024\/02\/eXacal-Praezisionsthermometer-im-Koffer-1-1-100x100.jpg 100w\" sizes=\"auto, (max-width: 600px) 100vw, 600px\" \/><div class=\"wc-block-components-product-image__inner-container\"><\/div><\/a><\/div>\n\n\n<div class=\"wp-block-columns is-layout-flex wp-container-core-columns-is-layout-28f84493 wp-block-columns-is-layout-flex\">\n<div class=\"wp-block-column is-vertically-aligned-top is-layout-flow wp-block-column-is-layout-flow\"><h2 style=\"font-size:clamp(0.929rem, 0.929rem + ((1vw - 0.2rem) * 0.785), 1.4rem);font-style:normal;font-weight:600;\" class=\"wp-block-post-title\"><a href=\"https:\/\/www.klasmeier.com\/produkt\/holz-tragekoffer-fuer-exacal-thermometer-klein\/\" target=\"_self\">Holz-Tragekoffer f\u00fcr eXacal Thermometer &#8211; Klein<\/a><\/h2>\n\n<div data-block-name=\"woocommerce\/product-price\" data-is-descendent-of-single-product-block=\"true\" class=\"wp-block-woocommerce-product-price\" ><div class=\"wc-block-components-product-price wc-block-grid__product-price\" >\n\t\t\t\t\t<span class=\"woocommerce-Price-amount amount\"><bdi>100,00&nbsp;<span class=\"woocommerce-Price-currencySymbol\">&euro;<\/span><\/bdi><\/span>\n\t\t\t\t<\/div><\/div>\n\n<div class=\"wp-block-post-excerpt\"><p class=\"wp-block-post-excerpt__excerpt\">Hersteller: eXacal \/ KlasmeierModell: Holz-Tragekoffer klein <\/p><\/div><\/div>\n<\/div>\n<\/div>\n<\/div>\n\n\n\n<div class=\"wp-block-column is-vertically-aligned-top is-layout-flow wp-block-column-is-layout-flow\">\n<div style=\"height:100px\" aria-hidden=\"true\" class=\"wp-block-spacer\"><\/div>\n<\/div>\n\n\n\n<div class=\"wp-block-column is-vertically-aligned-top is-layout-flow wp-block-column-is-layout-flow\">\n<div style=\"height:100px\" aria-hidden=\"true\" class=\"wp-block-spacer\"><\/div>\n<\/div>\n<\/div>\n<\/div>\n<\/div>\n","protected":false},"excerpt":{"rendered":"<p>Fabricante: Klasmeier \/ eXacal<br \/>\nModelo: KK-167<\/p>\n","protected":false},"featured_media":11780,"template":"","meta":[],"product_brand":[],"product_cat":[],"product_tag":[],"class_list":{"0":"post-8922","1":"product","2":"type-product","3":"status-publish","4":"has-post-thumbnail","7":"first","8":"instock","9":"shipping-taxable","10":"purchasable","11":"product-type-variable"},"_links":{"self":[{"href":"https:\/\/www.klasmeier.com\/es\/wp-json\/wp\/v2\/product\/8922","targetHints":{"allow":["GET"]}}],"collection":[{"href":"https:\/\/www.klasmeier.com\/es\/wp-json\/wp\/v2\/product"}],"about":[{"href":"https:\/\/www.klasmeier.com\/es\/wp-json\/wp\/v2\/types\/product"}],"wp:featuredmedia":[{"embeddable":true,"href":"https:\/\/www.klasmeier.com\/es\/wp-json\/wp\/v2\/media\/11780"}],"wp:attachment":[{"href":"https:\/\/www.klasmeier.com\/es\/wp-json\/wp\/v2\/media?parent=8922"}],"wp:term":[{"taxonomy":"product_brand","embeddable":true,"href":"https:\/\/www.klasmeier.com\/es\/wp-json\/wp\/v2\/product_brand?post=8922"},{"taxonomy":"product_cat","embeddable":true,"href":"https:\/\/www.klasmeier.com\/es\/wp-json\/wp\/v2\/product_cat?post=8922"},{"taxonomy":"product_tag","embeddable":true,"href":"https:\/\/www.klasmeier.com\/es\/wp-json\/wp\/v2\/product_tag?post=8922"}],"curies":[{"name":"wp","href":"https:\/\/api.w.org\/{rel}","templated":true}]}}