{"id":8891,"date":"2024-02-29T17:17:13","date_gmt":"2024-02-29T16:17:13","guid":{"rendered":"https:\/\/www.klasmeier.com\/?post_type=product&#038;p=8891"},"modified":"2025-12-03T12:40:13","modified_gmt":"2025-12-03T11:40:13","slug":"termometro-de-precision-para-alta-temperatura-pt100-modelo-h-100-c-a-660-c","status":"publish","type":"product","link":"https:\/\/www.klasmeier.com\/es\/produkt\/termometro-de-precision-para-alta-temperatura-pt100-modelo-h-100-c-a-660-c\/","title":{"rendered":"Term\u00f3metro de precisi\u00f3n para alta temperatura Pt100 Modelo H (-100 \u00b0C a 660 \u00b0C)"},"content":{"rendered":"\n<div class=\"wp-block-group has-global-padding is-layout-constrained wp-container-core-group-is-layout-530ec779 wp-block-group-is-layout-constrained\">\n<figure class=\"wp-block-image aligncenter size-full\"><img loading=\"lazy\" decoding=\"async\" width=\"310\" height=\"89\" src=\"https:\/\/www.klasmeier.com\/wp-content\/uploads\/exacal.png\" alt=\"\" class=\"wp-image-8533\" srcset=\"https:\/\/www.klasmeier.com\/wp-content\/uploads\/exacal.png 310w, https:\/\/www.klasmeier.com\/wp-content\/uploads\/exacal-300x86.png 300w\" sizes=\"auto, (max-width: 310px) 100vw, 310px\" \/><\/figure>\n\n\n\n<div class=\"wp-block-columns is-layout-flex wp-container-core-columns-is-layout-28f84493 wp-block-columns-is-layout-flex\">\n<div class=\"wp-block-column is-layout-flow wp-block-column-is-layout-flow\" style=\"flex-basis:66.66%\">\n<p>Term\u00f3metro de resistencia de precisi\u00f3n modelo eXacal Pt100H. Con cubierta met\u00e1lica y resistencia de medici\u00f3n cer\u00e1mica de 100 ohmios hecha a mano. Los term\u00f3metros de precisi\u00f3n para alta temperatura se utilizan para mediciones de temperatura precisas o como patrones de calibraci\u00f3n.<\/p>\n\n\n\n<div class=\"wp-block-group is-vertical is-layout-flex wp-container-core-group-is-layout-893838bc wp-block-group-is-layout-flex\" style=\"padding-top:var(--wp--preset--spacing--10);padding-bottom:var(--wp--preset--spacing--10)\">\n<p><mark style=\"background-color:rgba(0, 0, 0, 0)\" class=\"has-inline-color has-accent-3-color\"><i class=\"fas fa-circle-check\"><\/i><\/mark> Rango de temperatura:&nbsp;<strong>-100 \u00b0C a 660 \u00b0C<\/strong><\/p>\n\n\n\n<p><mark style=\"background-color:rgba(0, 0, 0, 0)\" class=\"has-inline-color has-accent-3-color\"><i class=\"fas fa-circle-check\"><\/i><\/mark> Baja incertidumbre de medici\u00f3n:&nbsp;<strong>6 mK y 25 mK<\/strong><\/p>\n\n\n\n<p><mark style=\"background-color:rgba(0, 0, 0, 0)\" class=\"has-inline-color has-accent-3-color\"><i class=\"fas fa-circle-check\"><\/i><\/mark> Alternativa robusta a los term\u00f3metros de resistencia de platino est\u00e1ndar ITS-90 (SPRTs)<\/p>\n\n\n\n<p><mark style=\"background-color:rgba(0, 0, 0, 0)\" class=\"has-inline-color has-accent-3-color\"><i class=\"fas fa-circle-check\"><\/i><\/mark> Alta estabilidad y buena capacidad de calibraci\u00f3n<\/p>\n\n\n\n<p><mark style=\"background-color:rgba(0, 0, 0, 0)\" class=\"has-inline-color has-accent-3-color\"><i class=\"fas fa-circle-check\"><\/i><\/mark> <strong>Baja incertidumbre de medici\u00f3n con certificado de calibraci\u00f3n DAkkS<\/strong><\/p>\n<\/div>\n<\/div>\n\n\n\n<div class=\"wp-block-column is-layout-flow wp-block-column-is-layout-flow\" style=\"flex-basis:33.33%\">\n<figure class=\"wp-block-image size-medium\"><img loading=\"lazy\" decoding=\"async\" width=\"300\" height=\"300\" src=\"https:\/\/www.klasmeier.com\/wp-content\/uploads\/klasmeier_EU_Precision_Thermometry_transparent-300x300.webp\" alt=\"\" class=\"wp-image-13164\" srcset=\"https:\/\/www.klasmeier.com\/wp-content\/uploads\/klasmeier_EU_Precision_Thermometry_transparent-300x300.webp 300w, https:\/\/www.klasmeier.com\/wp-content\/uploads\/klasmeier_EU_Precision_Thermometry_transparent-150x150.webp 150w, https:\/\/www.klasmeier.com\/wp-content\/uploads\/klasmeier_EU_Precision_Thermometry_transparent-768x768.webp 768w, https:\/\/www.klasmeier.com\/wp-content\/uploads\/klasmeier_EU_Precision_Thermometry_transparent-600x600.webp 600w, https:\/\/www.klasmeier.com\/wp-content\/uploads\/klasmeier_EU_Precision_Thermometry_transparent-100x100.webp 100w, https:\/\/www.klasmeier.com\/wp-content\/uploads\/klasmeier_EU_Precision_Thermometry_transparent.webp 1024w\" sizes=\"auto, (max-width: 300px) 100vw, 300px\" \/><\/figure>\n<\/div>\n<\/div>\n\n\n\n<div class=\"wp-block-group has-global-padding is-layout-constrained wp-container-core-group-is-layout-b1d50903 wp-block-group-is-layout-constrained\" style=\"padding-top:var(--wp--preset--spacing--20);padding-bottom:var(--wp--preset--spacing--20)\">\n<h3 class=\"wp-block-heading\">Calibraci\u00f3n DAkkS en puntos fijos de temperatura<\/h3>\n\n\n\n<p>Los term\u00f3metros de precisi\u00f3n para alta temperatura pueden calibrarse en nuestro propio <a href=\"https:\/\/www.klasmeier.com\/es\/el-servicio-de-calibracion-klasmeier\/\">laboratorio de calibraci\u00f3n DAkkS<\/a>. La acreditaci\u00f3n DAkkS garantiza que todas las calibraciones son trazables a est\u00e1ndares nacionales e internacionales.<\/p>\n\n\n\n<p>Los term\u00f3metros de precisi\u00f3n para alta temperatura est\u00e1n dise\u00f1ados para calibrarse con alta precisi\u00f3n en puntos fijos de temperatura hasta el punto de congelaci\u00f3n del aluminio. La incertidumbre de medici\u00f3n se calcula a partir de m\u00faltiples componentes. Los mayores contribuyentes en el balance de incertidumbre son la reproducibilidad del term\u00f3metro, la funci\u00f3n de desviaci\u00f3n ITS-90, el autocalentamiento y la hist\u00e9resis del sensor de temperatura. Con los par\u00e1metros del certificado de calibraci\u00f3n, el term\u00f3metro de precisi\u00f3n para alta temperatura puede utilizarse con la funci\u00f3n de desviaci\u00f3n correspondiente en el rango de temperatura de -38 \u00b0C a 660 \u00b0C.<\/p>\n\n\n\n<div class=\"wp-block-group is-vertical is-layout-flex wp-container-core-group-is-layout-893838bc wp-block-group-is-layout-flex\" style=\"padding-top:var(--wp--preset--spacing--10);padding-bottom:var(--wp--preset--spacing--10)\">\n<p><mark style=\"background-color:rgba(0, 0, 0, 0)\" class=\"has-inline-color has-accent-3-color\"><i class=\"fas fa-circle-check\"><\/i><\/mark> <span style=\"font-size: 14pt;\"><strong>Baja incertidumbre de medici\u00f3n con certificado de calibraci\u00f3n DAkkS<\/strong><\/span><\/p>\n\n\n\n<p><mark style=\"background-color:rgba(0, 0, 0, 0)\" class=\"has-inline-color has-accent-3-color\"><i class=\"fas fa-circle-check\"><\/i><\/mark> <strong>Puntos fijos de temperatura desde el punto triple del mercurio (-38,8344 \u00b0C) hasta el punto de solidificaci\u00f3n del aluminio (660,323 \u00b0C)<\/strong><\/p>\n<\/div>\n\n\n\n<div class=\"wp-block-buttons is-content-justification-center is-layout-flex wp-container-core-buttons-is-layout-e511ce0b wp-block-buttons-is-layout-flex\" style=\"margin-top:var(--wp--preset--spacing--30);margin-bottom:var(--wp--preset--spacing--30)\">\n<div class=\"wp-block-button hvr-shrink\"><a class=\"wp-block-button__link wp-element-button\" href=\"\/es\/kalibrierdienst-klasmeier\/kalibrierung-von-widerstandsthermometern\/\">Calibraci\u00f3n de term\u00f3metros de resistencia<\/a><\/div>\n<\/div>\n<\/div>\n\n\n\n<div class=\"wp-block-group has-global-padding is-layout-constrained wp-container-core-group-is-layout-b1d50903 wp-block-group-is-layout-constrained\" style=\"padding-top:var(--wp--preset--spacing--20);padding-bottom:var(--wp--preset--spacing--20)\">\n<h3 class=\"wp-block-heading\">Incertidumbre de medici\u00f3n DAkkS<\/h3>\n\n\n\n<figure class=\"wp-block-image alignwide size-full has-custom-border\"><img loading=\"lazy\" decoding=\"async\" width=\"1024\" height=\"585\" src=\"https:\/\/www.klasmeier.com\/wp-content\/uploads\/Pt100-Modell-H-eXacal-Klasmeier-1024x585-1.png\" alt=\"\" class=\"wp-image-4679\" style=\"border-radius:50px\" srcset=\"https:\/\/www.klasmeier.com\/wp-content\/uploads\/Pt100-Modell-H-eXacal-Klasmeier-1024x585-1.png 1024w, https:\/\/www.klasmeier.com\/wp-content\/uploads\/Pt100-Modell-H-eXacal-Klasmeier-1024x585-1-300x171.png 300w, https:\/\/www.klasmeier.com\/wp-content\/uploads\/Pt100-Modell-H-eXacal-Klasmeier-1024x585-1-768x439.png 768w, https:\/\/www.klasmeier.com\/wp-content\/uploads\/Pt100-Modell-H-eXacal-Klasmeier-1024x585-1-600x343.png 600w\" sizes=\"auto, (max-width: 1024px) 100vw, 1024px\" \/><\/figure>\n\n\n\n<div style=\"height:33px\" aria-hidden=\"true\" class=\"wp-block-spacer\"><\/div>\n\n\n\n<figure class=\"wp-block-table alignwide pttb\" style=\"font-style:normal;font-weight:400\"><table class=\"has-fixed-layout\"><thead><tr><th class=\"has-text-align-center\" data-align=\"center\"><strong>Rango<\/strong><\/th><th><strong>Punto fijo de temperatura<\/strong><\/th><th class=\"has-text-align-center\" data-align=\"center\"><strong>Incertidumbre de medici\u00f3n<\/strong><\/th><\/tr><\/thead><tbody><tr><td class=\"has-text-align-center\" data-align=\"center\">-38,8344 \u00b0C \u2013 0,01 \u00b0C<\/td><td>Mercurio a Agua&nbsp;<\/td><td class=\"has-text-align-center\" data-align=\"center\">6 mK<\/td><\/tr><tr><td class=\"has-text-align-center\" data-align=\"center\">0,01 \u00b0C \u2013 29,7646 \u00b0C<\/td><td>Agua a Galio<\/td><td class=\"has-text-align-center\" data-align=\"center\">6 mK<\/td><\/tr><tr><td class=\"has-text-align-center\" data-align=\"center\">0,01 \u00b0C \u2013 156,5985 \u00b0C<\/td><td>Agua a Indio<\/td><td class=\"has-text-align-center\" data-align=\"center\">10 mK<\/td><\/tr><tr><td class=\"has-text-align-center\" data-align=\"center\">0,01 \u00b0C \u2013 231,928 \u00b0C<\/td><td>Agua a Esta\u00f1o<\/td><td class=\"has-text-align-center\" data-align=\"center\">11 mK<\/td><\/tr><tr><td class=\"has-text-align-center\" data-align=\"center\">0,01 \u00b0C \u2013 419,527 \u00b0C<\/td><td>Agua a Zinc<\/td><td class=\"has-text-align-center\" data-align=\"center\">21 mK<\/td><\/tr><tr><td class=\"has-text-align-center\" data-align=\"center\">0,01 \u00b0C \u2013 660,323 \u00b0C<\/td><td>Agua a Aluminio<\/td><td class=\"has-text-align-center\" data-align=\"center\">25 mK<\/td><\/tr><\/tbody><\/table><figcaption class=\"wp-element-caption\">\nLas incertidumbres de medici\u00f3n indicadas corresponden a&nbsp;k=2, incluyen una funci\u00f3n de desviaci\u00f3n ITS-90, autocalentamiento e hist\u00e9resis, y est\u00e1n especificadas para el rango correspondiente.\n<\/figcaption><\/figure>\n<\/div>\n<\/div>\n","protected":false},"excerpt":{"rendered":"<p>Fabricante: Klasmeier \/ eXacal<br \/>\nModelo: Pt100H<\/p>\n","protected":false},"featured_media":11176,"template":"","meta":[],"product_brand":[],"product_cat":[],"product_tag":[],"class_list":{"0":"post-8891","1":"product","2":"type-product","3":"status-publish","4":"has-post-thumbnail","7":"first","8":"instock","9":"shipping-taxable","10":"purchasable","11":"product-type-variable"},"_links":{"self":[{"href":"https:\/\/www.klasmeier.com\/es\/wp-json\/wp\/v2\/product\/8891","targetHints":{"allow":["GET"]}}],"collection":[{"href":"https:\/\/www.klasmeier.com\/es\/wp-json\/wp\/v2\/product"}],"about":[{"href":"https:\/\/www.klasmeier.com\/es\/wp-json\/wp\/v2\/types\/product"}],"wp:featuredmedia":[{"embeddable":true,"href":"https:\/\/www.klasmeier.com\/es\/wp-json\/wp\/v2\/media\/11176"}],"wp:attachment":[{"href":"https:\/\/www.klasmeier.com\/es\/wp-json\/wp\/v2\/media?parent=8891"}],"wp:term":[{"taxonomy":"product_brand","embeddable":true,"href":"https:\/\/www.klasmeier.com\/es\/wp-json\/wp\/v2\/product_brand?post=8891"},{"taxonomy":"product_cat","embeddable":true,"href":"https:\/\/www.klasmeier.com\/es\/wp-json\/wp\/v2\/product_cat?post=8891"},{"taxonomy":"product_tag","embeddable":true,"href":"https:\/\/www.klasmeier.com\/es\/wp-json\/wp\/v2\/product_tag?post=8891"}],"curies":[{"name":"wp","href":"https:\/\/api.w.org\/{rel}","templated":true}]}}