{"id":8871,"date":"2024-02-29T17:17:56","date_gmt":"2024-02-29T16:17:56","guid":{"rendered":"https:\/\/www.klasmeier.com\/?post_type=product&#038;p=8871"},"modified":"2025-12-03T13:09:09","modified_gmt":"2025-12-03T12:09:09","slug":"pt100-tipo-d-termometro-de-diferencia-de-temperatura-100-c-250-c","status":"publish","type":"product","link":"https:\/\/www.klasmeier.com\/es\/produkt\/pt100-tipo-d-termometro-de-diferencia-de-temperatura-100-c-250-c\/","title":{"rendered":"Pt100 Tipo D Term\u00f3metro de Diferencia de Temperatura (-100 \u00b0C \u2026 250 \u00b0C)"},"content":{"rendered":"\n<div class=\"wp-block-group has-global-padding is-layout-constrained wp-container-core-group-is-layout-530ec779 wp-block-group-is-layout-constrained\">\n<figure class=\"wp-block-image aligncenter size-full\"><img loading=\"lazy\" decoding=\"async\" width=\"310\" height=\"89\" src=\"https:\/\/www.klasmeier.com\/wp-content\/uploads\/exacal.png\" alt=\"\" class=\"wp-image-8533\" srcset=\"https:\/\/www.klasmeier.com\/wp-content\/uploads\/exacal.png 310w, https:\/\/www.klasmeier.com\/wp-content\/uploads\/exacal-300x86.png 300w\" sizes=\"auto, (max-width: 310px) 100vw, 310px\" \/><\/figure>\n\n\n\n<div class=\"wp-block-columns is-layout-flex wp-container-core-columns-is-layout-28f84493 wp-block-columns-is-layout-flex\">\n<div class=\"wp-block-column is-layout-flow wp-block-column-is-layout-flow\" style=\"flex-basis:66.66%\">\n<p>Term\u00f3metro de diferencia de temperatura para la determinaci\u00f3n de gradientes de temperatura verticales y mediciones de temperatura de alta precisi\u00f3n.<\/p>\n\n\n\n<div class=\"wp-block-group is-vertical is-layout-flex wp-container-core-group-is-layout-893838bc wp-block-group-is-layout-flex\" style=\"padding-top:var(--wp--preset--spacing--10);padding-bottom:var(--wp--preset--spacing--10)\">\n<p><mark style=\"background-color:rgba(0, 0, 0, 0)\" class=\"has-inline-color has-accent-3-color\"><i class=\"fas fa-circle-check\"><\/i><\/mark> Rango de temperatura: <strong>-100 \u00b0C hasta 250 \u00b0C<\/strong><\/p>\n\n\n\n<p><mark style=\"background-color:rgba(0, 0, 0, 0)\" class=\"has-inline-color has-accent-3-color\"><i class=\"fas fa-circle-check\"><\/i><\/mark> Peque\u00f1as incertidumbres de medici\u00f3n: <strong>6 mK y 11 mK<\/strong><\/p>\n\n\n\n<p><mark style=\"background-color:rgba(0, 0, 0, 0)\" class=\"has-inline-color has-accent-3-color\"><i class=\"fas fa-circle-check\"><\/i><\/mark> Determinaci\u00f3n de <strong>gradientes de temperatura verticales<\/strong><\/p>\n\n\n\n<p><mark style=\"background-color:rgba(0, 0, 0, 0)\" class=\"has-inline-color has-accent-3-color\"><i class=\"fas fa-circle-check\"><\/i><\/mark> <strong>Norma de temperatura y term\u00f3metro de diferencia de temperatura<\/strong><\/p>\n<\/div>\n<\/div>\n\n\n\n<div class=\"wp-block-column is-layout-flow wp-block-column-is-layout-flow\" style=\"flex-basis:33.33%\">\n<figure class=\"wp-block-image size-medium\"><img loading=\"lazy\" decoding=\"async\" width=\"300\" height=\"300\" src=\"https:\/\/www.klasmeier.com\/wp-content\/uploads\/klasmeier_EU_Precision_Thermometry_transparent-300x300.webp\" alt=\"\" class=\"wp-image-13164\" srcset=\"https:\/\/www.klasmeier.com\/wp-content\/uploads\/klasmeier_EU_Precision_Thermometry_transparent-300x300.webp 300w, https:\/\/www.klasmeier.com\/wp-content\/uploads\/klasmeier_EU_Precision_Thermometry_transparent-150x150.webp 150w, https:\/\/www.klasmeier.com\/wp-content\/uploads\/klasmeier_EU_Precision_Thermometry_transparent-768x768.webp 768w, https:\/\/www.klasmeier.com\/wp-content\/uploads\/klasmeier_EU_Precision_Thermometry_transparent-600x600.webp 600w, https:\/\/www.klasmeier.com\/wp-content\/uploads\/klasmeier_EU_Precision_Thermometry_transparent-100x100.webp 100w, https:\/\/www.klasmeier.com\/wp-content\/uploads\/klasmeier_EU_Precision_Thermometry_transparent.webp 1024w\" sizes=\"auto, (max-width: 300px) 100vw, 300px\" \/><\/figure>\n<\/div>\n<\/div>\n\n\n\n<p>El term\u00f3metro de diferencia de temperatura es una herramienta pr\u00e1ctica para el trabajo de laboratorio diario. Facilita el trabajo en:<\/p>\n\n\n\n<div class=\"wp-block-group is-vertical is-layout-flex wp-container-core-group-is-layout-893838bc wp-block-group-is-layout-flex\" style=\"padding-top:var(--wp--preset--spacing--10);padding-bottom:var(--wp--preset--spacing--10)\">\n<p><mark style=\"background-color:rgba(0, 0, 0, 0)\" class=\"has-inline-color has-accent-3-color\"><i class=\"fas fa-circle-check\"><\/i><\/mark> <strong>Determinaci\u00f3n de gradientes de temperatura verticales<\/strong><br>Los gradientes de temperatura verticales deben determinarse como parte de la incertidumbre de medici\u00f3n en una calibraci\u00f3n (por ejemplo, seg\u00fan DKD-R 5-4 \u00abCalibraci\u00f3n de calibradores de bloque de temperatura\u00bb, DKD-R 5-3 \u00abCalibraci\u00f3n de termopares\u00bb o DKD-R 5-1 \u00abCalibraci\u00f3n de term\u00f3metros de resistencia\u00bb).<\/p>\n\n\n\n<p><mark style=\"background-color:rgba(0, 0, 0, 0)\" class=\"has-inline-color has-accent-3-color\"><i class=\"fas fa-circle-check\"><\/i><\/mark><strong> Optimizaci\u00f3n de hornos de calibraci\u00f3n<br><\/strong>Al optimizar las zonas de calentamiento en hornos de calibraci\u00f3n, como el <a href=\"\/producto\/3-zonen-hochtemperatur-kalibrierofen\/\">horno de calibraci\u00f3n de alta temperatura de 3 zonas<\/a> o el <a href=\"\/producto\/kalibrierofen-511\/\">horno de calibraci\u00f3n Medusa<\/a>, se deben determinar diferencias de temperatura precisas.<\/p>\n\n\n\n<p><mark style=\"background-color:rgba(0, 0, 0, 0)\" class=\"has-inline-color has-accent-3-color\"><i class=\"fas fa-circle-check\"><\/i><\/mark> <strong>Norma de temperatura precisa<\/strong><br>El punto de medici\u00f3n principal del term\u00f3metro de diferencia tiene la misma construcci\u00f3n que el <a href=\"https:\/\/www.klasmeier.com\/producto\/pt100-typ-m-medium-temperatur-praezisionsthermometer-50-c-bis-230-c\/\">eXacal PT 100 M<\/a> y puede calibrarse con las mismas incertidumbres de medici\u00f3n. Esto permite que el term\u00f3metro de diferencia no solo se utilice para medir diferencias de temperatura, sino tambi\u00e9n como norma de temperatura.<\/p>\n<\/div>\n\n\n\n<p>El term\u00f3metro de diferencia consta de dos sensores de temperatura Pt100 posicionados en la base del term\u00f3metro y con una separaci\u00f3n de 4 cm.<\/p>\n\n\n\n<figure class=\"wp-block-image alignwide size-full has-custom-border\"><img loading=\"lazy\" decoding=\"async\" width=\"900\" height=\"200\" src=\"https:\/\/www.klasmeier.com\/wp-content\/uploads\/eXacal_Differenz-Thermometer.png\" alt=\"\" class=\"wp-image-5273\" style=\"border-radius:50px\" srcset=\"https:\/\/www.klasmeier.com\/wp-content\/uploads\/eXacal_Differenz-Thermometer.png 900w, https:\/\/www.klasmeier.com\/wp-content\/uploads\/eXacal_Differenz-Thermometer-300x67.png 300w, https:\/\/www.klasmeier.com\/wp-content\/uploads\/eXacal_Differenz-Thermometer-768x171.png 768w, https:\/\/www.klasmeier.com\/wp-content\/uploads\/eXacal_Differenz-Thermometer-600x133.png 600w\" sizes=\"auto, (max-width: 900px) 100vw, 900px\" \/><figcaption class=\"wp-element-caption\">Representaci\u00f3n esquem\u00e1tica del term\u00f3metro de diferencia<\/figcaption><\/figure>\n\n\n\n<div class=\"wp-block-group has-global-padding is-layout-constrained wp-container-core-group-is-layout-b1d50903 wp-block-group-is-layout-constrained\" style=\"padding-top:var(--wp--preset--spacing--20);padding-bottom:var(--wp--preset--spacing--20)\">\n<h3 class=\"wp-block-heading\">Incertidumbre de medici\u00f3n<\/h3>\n\n\n\n<p>Los term\u00f3metros eXacal pueden calibrarse en nuestro propio laboratorio de calibraci\u00f3n acreditado por DAkkS. Gracias a la acreditaci\u00f3n DAkkS, se garantiza que todas las calibraciones sean trazables a est\u00e1ndares nacionales e internacionales.<\/p>\n\n\n\n<p>La calibraci\u00f3n de los term\u00f3metros de resistencia eXacal se lleva a cabo en puntos fijos de ITS-90. Tambi\u00e9n es posible realizar calibraciones mediante el m\u00e9todo de comparaci\u00f3n en ba\u00f1os de calibraci\u00f3n y hornos de calibraci\u00f3n. La incertidumbre de medici\u00f3n se calcula a partir de m\u00faltiples componentes, siendo los principales factores la reproducibilidad, la curva caracter\u00edstica ITS-90, el autocalentamiento y la hist\u00e9resis.<\/p>\n\n\n\n<p><strong>En el term\u00f3metro de diferencia, el punto de medici\u00f3n principal se calibra en puntos fijos de temperatura. La segunda medici\u00f3n se realiza a trav\u00e9s de una medici\u00f3n diferencial a la profundidad m\u00e1xima de inmersi\u00f3n en un&nbsp;<strong>Heat Pipe<\/strong>&nbsp;(horno de tubo t\u00e9rmico) con un perfil vertical extremadamente preciso.<\/strong><\/p>\n\n\n\n<div class=\"wp-block-group is-vertical is-layout-flex wp-container-core-group-is-layout-893838bc wp-block-group-is-layout-flex\" style=\"padding-top:var(--wp--preset--spacing--10);padding-bottom:var(--wp--preset--spacing--10)\">\n<p><mark style=\"background-color:rgba(0, 0, 0, 0)\" class=\"has-inline-color has-accent-3-color\"><i class=\"fas fa-circle-check\"><\/i><\/mark> <strong><strong><strong><strong>Peque\u00f1as incertidumbres de medici\u00f3n con certificado de calibraci\u00f3n DAkkS<\/strong><\/strong><\/strong><\/strong><\/p>\n\n\n\n<p><mark style=\"background-color:rgba(0, 0, 0, 0)\" class=\"has-inline-color has-accent-3-color\"><i class=\"fas fa-circle-check\"><\/i><\/mark> <strong><strong><strong><strong>Puntos fijos de temperatura desde el punto triple del mercurio (-38,8344 \u00b0C) hasta el punto de solidificaci\u00f3n del esta\u00f1o (231,928 \u00b0C)<\/strong><\/strong><\/strong><\/strong><\/p>\n\n\n\n<p><mark style=\"background-color:rgba(0, 0, 0, 0)\" class=\"has-inline-color has-accent-3-color\"><i class=\"fas fa-circle-check\"><\/i><\/mark> <strong><strong>Medici\u00f3n diferencial en un Heat Pipe \/ horno de tubo t\u00e9rmico<\/strong><\/strong><\/p>\n<\/div>\n\n\n\n<div class=\"wp-block-buttons alignwide is-content-justification-center is-layout-flex wp-container-core-buttons-is-layout-a89b3969 wp-block-buttons-is-layout-flex\">\n<div class=\"wp-block-button hvr-shrink\"><a class=\"wp-block-button__link wp-element-button\" href=\"https:\/\/www.klasmeier.com\/es\/el-servicio-de-calibracion-klasmeier\/calibracion-de-termometros-de-resistencia\/\"><strong>Calibraci\u00f3n de term\u00f3metros de resistencia<\/strong><\/a><\/div>\n<\/div>\n\n\n\n<div style=\"height:33px\" aria-hidden=\"true\" class=\"wp-block-spacer\"><\/div>\n\n\n\n<figure class=\"wp-block-table alignwide pttb\" style=\"font-style:normal;font-weight:400\"><table class=\"has-fixed-layout\"><thead><tr><th class=\"has-text-align-center\" data-align=\"center\"><strong>Rango<\/strong><\/th><th><strong>M\u00e9todo<\/strong><\/th><th class=\"has-text-align-center\" data-align=\"center\"><strong>Incertidumbre de medici\u00f3n<\/strong><\/th><\/tr><\/thead><tbody><tr><td class=\"has-text-align-center\" data-align=\"center\">-38,8344 \u00b0C \u2013 0,01 \u00b0C<\/td><td>Mercurio a Agua<\/td><td class=\"has-text-align-center\" data-align=\"center\">6 mK<\/td><\/tr><tr><td class=\"has-text-align-center\" data-align=\"center\">0,01 \u00b0C \u2013 29,7646 \u00b0C<\/td><td>Agua a Galio<\/td><td class=\"has-text-align-center\" data-align=\"center\">6 mK<\/td><\/tr><tr><td class=\"has-text-align-center\" data-align=\"center\">0,01 \u00b0C \u2013 156,5985 \u00b0C<\/td><td>Agua a Indio<\/td><td class=\"has-text-align-center\" data-align=\"center\">10 mK<\/td><\/tr><tr><td class=\"has-text-align-center\" data-align=\"center\">0,01 \u00b0C \u2013 231,928 \u00b0C<\/td><td>Agua a Esta\u00f1o<\/td><td class=\"has-text-align-center\" data-align=\"center\">11 mK<\/td><\/tr><\/tbody><\/table><figcaption class=\"wp-element-caption\">\n  Las incertidumbres de medici\u00f3n indicadas corresponden a k=2, incluyen una curva caracter\u00edstica ITS-90 y est\u00e1n especificadas para el rango correspondiente.\n<\/figcaption><\/figure>\n<\/div>\n<\/div>\n","protected":false},"excerpt":{"rendered":"<p>Fabricante: Klasmeier \/ eXacal<br \/>\nModelo: Pt100D<\/p>\n","protected":false},"featured_media":11903,"template":"","meta":[],"product_brand":[],"product_cat":[],"product_tag":[],"class_list":{"0":"post-8871","1":"product","2":"type-product","3":"status-publish","4":"has-post-thumbnail","7":"first","8":"instock","9":"shipping-taxable","10":"purchasable","11":"product-type-variable"},"_links":{"self":[{"href":"https:\/\/www.klasmeier.com\/es\/wp-json\/wp\/v2\/product\/8871","targetHints":{"allow":["GET"]}}],"collection":[{"href":"https:\/\/www.klasmeier.com\/es\/wp-json\/wp\/v2\/product"}],"about":[{"href":"https:\/\/www.klasmeier.com\/es\/wp-json\/wp\/v2\/types\/product"}],"wp:featuredmedia":[{"embeddable":true,"href":"https:\/\/www.klasmeier.com\/es\/wp-json\/wp\/v2\/media\/11903"}],"wp:attachment":[{"href":"https:\/\/www.klasmeier.com\/es\/wp-json\/wp\/v2\/media?parent=8871"}],"wp:term":[{"taxonomy":"product_brand","embeddable":true,"href":"https:\/\/www.klasmeier.com\/es\/wp-json\/wp\/v2\/product_brand?post=8871"},{"taxonomy":"product_cat","embeddable":true,"href":"https:\/\/www.klasmeier.com\/es\/wp-json\/wp\/v2\/product_cat?post=8871"},{"taxonomy":"product_tag","embeddable":true,"href":"https:\/\/www.klasmeier.com\/es\/wp-json\/wp\/v2\/product_tag?post=8871"}],"curies":[{"name":"wp","href":"https:\/\/api.w.org\/{rel}","templated":true}]}}