{"id":8867,"date":"2024-02-29T17:18:34","date_gmt":"2024-02-29T16:18:34","guid":{"rendered":"https:\/\/www.klasmeier.com\/?post_type=product&#038;p=8867"},"modified":"2025-12-03T13:05:40","modified_gmt":"2025-12-03T12:05:40","slug":"termopar-de-referencia-industrial-tipo-s-0-c-a-1200-c","status":"publish","type":"product","link":"https:\/\/www.klasmeier.com\/es\/produkt\/termopar-de-referencia-industrial-tipo-s-0-c-a-1200-c\/","title":{"rendered":"Termopar de referencia industrial Tipo S 0 \u00b0C a 1200 \u00b0C"},"content":{"rendered":"\n<div class=\"wp-block-group has-global-padding is-layout-constrained wp-container-core-group-is-layout-530ec779 wp-block-group-is-layout-constrained\">\n<figure class=\"wp-block-image aligncenter size-full\"><img loading=\"lazy\" decoding=\"async\" width=\"310\" height=\"89\" src=\"https:\/\/www.klasmeier.com\/wp-content\/uploads\/exacal.png\" alt=\"\" class=\"wp-image-8533\" srcset=\"https:\/\/www.klasmeier.com\/wp-content\/uploads\/exacal.png 310w, https:\/\/www.klasmeier.com\/wp-content\/uploads\/exacal-300x86.png 300w\" sizes=\"auto, (max-width: 310px) 100vw, 310px\" \/><\/figure>\n\n\n\n<h3 class=\"wp-block-heading alignwide\">Termopar Tipo S<\/h3>\n\n\n\n<div class=\"wp-block-columns is-layout-flex wp-container-core-columns-is-layout-28f84493 wp-block-columns-is-layout-flex\">\n<div class=\"wp-block-column is-layout-flow wp-block-column-is-layout-flow\" style=\"flex-basis:66.66%\">\n<p>Termopares de precisi\u00f3n de metales nobles (termopar tipo S). Optimizado para aplicaciones con bajas profundidades de inmersi\u00f3n, por ejemplo, en calibradores de bloque de temperatura.<\/p>\n\n\n\n<div class=\"wp-block-group is-vertical is-layout-flex wp-container-core-group-is-layout-893838bc wp-block-group-is-layout-flex\" style=\"padding-top:var(--wp--preset--spacing--10);padding-bottom:var(--wp--preset--spacing--10)\">\n<p><mark style=\"background-color:rgba(0, 0, 0, 0)\" class=\"has-inline-color has-accent-3-color\"><i class=\"fas fa-circle-check\"><\/i><\/mark> Termopar industrial tipo S&nbsp;<\/p>\n\n\n\n<p><mark style=\"background-color:rgba(0, 0, 0, 0)\" class=\"has-inline-color has-accent-3-color\"><i class=\"fas fa-circle-check\"><\/i><\/mark> <strong><strong>Optimizado para aplicaciones con bajas profundidades de inmersi\u00f3n<\/strong><\/strong><\/p>\n\n\n\n<p><mark style=\"background-color:rgba(0, 0, 0, 0)\" class=\"has-inline-color has-accent-3-color\"><i class=\"fas fa-circle-check\"><\/i><\/mark> Baja inhomogeneidad gracias a hilos termopar tratados t\u00e9rmicamente<\/p>\n\n\n\n<p><mark style=\"background-color:rgba(0, 0, 0, 0)\" class=\"has-inline-color has-accent-3-color\"><i class=\"fas fa-circle-check\"><\/i><\/mark> Punto de medici\u00f3n delgado para <strong>tiempos de respuesta r\u00e1pidos<\/strong><\/p>\n\n\n\n<p><mark style=\"background-color:rgba(0, 0, 0, 0)\" class=\"has-inline-color has-accent-3-color\"><i class=\"fas fa-circle-check\"><\/i><\/mark> <strong><strong>Ideal para aplicaciones industriales, por ejemplo, en calibradores de bloque<\/strong><\/strong><\/p>\n<\/div>\n<\/div>\n\n\n\n<div class=\"wp-block-column is-layout-flow wp-block-column-is-layout-flow\" style=\"flex-basis:33.33%\">\n<figure class=\"wp-block-image size-medium\"><img loading=\"lazy\" decoding=\"async\" width=\"300\" height=\"300\" src=\"https:\/\/www.klasmeier.com\/wp-content\/uploads\/klasmeier_EU_Precision_Thermometry_transparent-300x300.webp\" alt=\"\" class=\"wp-image-13164\" srcset=\"https:\/\/www.klasmeier.com\/wp-content\/uploads\/klasmeier_EU_Precision_Thermometry_transparent-300x300.webp 300w, https:\/\/www.klasmeier.com\/wp-content\/uploads\/klasmeier_EU_Precision_Thermometry_transparent-150x150.webp 150w, https:\/\/www.klasmeier.com\/wp-content\/uploads\/klasmeier_EU_Precision_Thermometry_transparent-768x768.webp 768w, https:\/\/www.klasmeier.com\/wp-content\/uploads\/klasmeier_EU_Precision_Thermometry_transparent-600x600.webp 600w, https:\/\/www.klasmeier.com\/wp-content\/uploads\/klasmeier_EU_Precision_Thermometry_transparent-100x100.webp 100w, https:\/\/www.klasmeier.com\/wp-content\/uploads\/klasmeier_EU_Precision_Thermometry_transparent.webp 1024w\" sizes=\"auto, (max-width: 300px) 100vw, 300px\" \/><\/figure>\n<\/div>\n<\/div>\n\n\n\n<p>El termopar tipo S ha sido desarrollado espec\u00edficamente como un est\u00e1ndar de temperatura para calibraciones industriales y mediciones de temperatura. Est\u00e1 fabricado con el mismo material de alta calidad que el <a href=\"https:\/\/2020.exacal.de\/exacal-thermometer\/praezisionsthermometer\/typ-r-typ-s-thermoelement\/\" target=\"_blank\" rel=\"noopener\">Termopar de precisi\u00f3n Tipo R \/ Tipo S<\/a>. Sin embargo, la construcci\u00f3n del termopar tipo S est\u00e1 especialmente adaptada a los requisitos industriales. Por ejemplo, el punto de medici\u00f3n se fabrica con un tubo de protecci\u00f3n m\u00e1s peque\u00f1o. Gracias a estas dimensiones reducidas, el termopar tipo S puede utilizarse como <strong>est\u00e1ndar de temperatura para la calibraci\u00f3n con calibradores de bloque<\/strong>. Como otra adaptaci\u00f3n a las condiciones industriales, se puede prescindir opcionalmente de un punto de comparaci\u00f3n externo y en su lugar utilizar miniconectores para termopares tipo S.<\/p>\n<\/div>\n\n\n\n<p>Los termopares se suministran de serie con un conector miniatura de material termopar de clase 1;&nbsp;<strong>la uni\u00f3n de referencia se encuentra directamente en el conector<\/strong>, donde se produce la transici\u00f3n del material termopar al cobre. No se requiere una uni\u00f3n de referencia separada.<\/p>\n","protected":false},"excerpt":{"rendered":"<p>Fabricante: Klasmeier \/ eXacal<br \/>\nModelo: KK-168<\/p>\n","protected":false},"featured_media":11813,"template":"","meta":[],"product_brand":[],"product_cat":[],"product_tag":[],"class_list":{"0":"post-8867","1":"product","2":"type-product","3":"status-publish","4":"has-post-thumbnail","7":"first","8":"instock","9":"shipping-taxable","10":"purchasable","11":"product-type-variable"},"_links":{"self":[{"href":"https:\/\/www.klasmeier.com\/es\/wp-json\/wp\/v2\/product\/8867","targetHints":{"allow":["GET"]}}],"collection":[{"href":"https:\/\/www.klasmeier.com\/es\/wp-json\/wp\/v2\/product"}],"about":[{"href":"https:\/\/www.klasmeier.com\/es\/wp-json\/wp\/v2\/types\/product"}],"wp:featuredmedia":[{"embeddable":true,"href":"https:\/\/www.klasmeier.com\/es\/wp-json\/wp\/v2\/media\/11813"}],"wp:attachment":[{"href":"https:\/\/www.klasmeier.com\/es\/wp-json\/wp\/v2\/media?parent=8867"}],"wp:term":[{"taxonomy":"product_brand","embeddable":true,"href":"https:\/\/www.klasmeier.com\/es\/wp-json\/wp\/v2\/product_brand?post=8867"},{"taxonomy":"product_cat","embeddable":true,"href":"https:\/\/www.klasmeier.com\/es\/wp-json\/wp\/v2\/product_cat?post=8867"},{"taxonomy":"product_tag","embeddable":true,"href":"https:\/\/www.klasmeier.com\/es\/wp-json\/wp\/v2\/product_tag?post=8867"}],"curies":[{"name":"wp","href":"https:\/\/api.w.org\/{rel}","templated":true}]}}