{"id":8844,"date":"2024-02-29T17:20:51","date_gmt":"2024-02-29T16:20:51","guid":{"rendered":"https:\/\/www.klasmeier.com\/?post_type=product&#038;p=8844"},"modified":"2025-12-03T12:22:34","modified_gmt":"2025-12-03T11:22:34","slug":"termometro-de-referencia-sprt-secundario-100-c-hasta-430-c","status":"publish","type":"product","link":"https:\/\/www.klasmeier.com\/es\/produkt\/termometro-de-referencia-sprt-secundario-100-c-hasta-430-c\/","title":{"rendered":"Term\u00f3metro de referencia SPRT secundario -100 \u00b0C hasta 430 \u00b0C"},"content":{"rendered":"\n<figure class=\"wp-block-image aligncenter size-full\"><img loading=\"lazy\" decoding=\"async\" width=\"310\" height=\"89\" src=\"https:\/\/www.klasmeier.com\/wp-content\/uploads\/exacal.png\" alt=\"\" class=\"wp-image-8533\" srcset=\"https:\/\/www.klasmeier.com\/wp-content\/uploads\/exacal.png 310w, https:\/\/www.klasmeier.com\/wp-content\/uploads\/exacal-300x86.png 300w\" sizes=\"auto, (max-width: 310px) 100vw, 310px\" \/><\/figure>\n\n\n\n<h3 class=\"wp-block-heading\"><strong>Caracter\u00edsticas especiales del modelo SPRT secundario 217:<\/strong><\/h3>\n\n\n\n<div class=\"wp-block-columns is-layout-flex wp-container-core-columns-is-layout-28f84493 wp-block-columns-is-layout-flex\">\n<div class=\"wp-block-column is-layout-flow wp-block-column-is-layout-flow\" style=\"flex-basis:66.66%\">\n<p><mark style=\"background-color:rgba(0, 0, 0, 0)\" class=\"has-inline-color has-accent-3-color\"><i class=\"fas fa-circle-check\"><\/i> <\/mark><span><strong>Rango de temperatura:<\/strong> con un rango de uso de -100 \u00b0C a 430 \u00b0C, nuestro term\u00f3metro de referencia secundario SPRT modelo 217 cubre un rango de temperatura medio para aplicaciones comunes. Esto lo convierte en una soluci\u00f3n vers\u00e1til para una amplia variedad de requisitos de medici\u00f3n.<\/span><\/p>\n\n\n\n<p><mark style=\"background-color:rgba(0, 0, 0, 0)\" class=\"has-inline-color has-accent-3-color\"><i class=\"fas fa-circle-check\"><\/i><\/mark> <span><strong>Peque\u00f1as incertidumbres de medici\u00f3n:<\/strong> la precisi\u00f3n del term\u00f3metro se ve reforzada por sus reducidas incertidumbres de medici\u00f3n, de solo 2,5 mK a 8,5 mK, con una calibraci\u00f3n acreditada por DAkkS seg\u00fan la norma DIN EN ISO\/IEC 17025. Esta buena precisi\u00f3n garantiza resultados fiables en todos los \u00e1mbitos de aplicaci\u00f3n.<\/span><\/p>\n<\/div>\n\n\n\n<div class=\"wp-block-column is-layout-flow wp-block-column-is-layout-flow\" style=\"flex-basis:33.33%\">\n<figure class=\"wp-block-image size-medium\"><img loading=\"lazy\" decoding=\"async\" width=\"300\" height=\"300\" src=\"https:\/\/www.klasmeier.com\/wp-content\/uploads\/klasmeier_EU_Precision_Thermometry_transparent-300x300.webp\" alt=\"\" class=\"wp-image-13164\" srcset=\"https:\/\/www.klasmeier.com\/wp-content\/uploads\/klasmeier_EU_Precision_Thermometry_transparent-300x300.webp 300w, https:\/\/www.klasmeier.com\/wp-content\/uploads\/klasmeier_EU_Precision_Thermometry_transparent-150x150.webp 150w, https:\/\/www.klasmeier.com\/wp-content\/uploads\/klasmeier_EU_Precision_Thermometry_transparent-768x768.webp 768w, https:\/\/www.klasmeier.com\/wp-content\/uploads\/klasmeier_EU_Precision_Thermometry_transparent-600x600.webp 600w, https:\/\/www.klasmeier.com\/wp-content\/uploads\/klasmeier_EU_Precision_Thermometry_transparent-100x100.webp 100w, https:\/\/www.klasmeier.com\/wp-content\/uploads\/klasmeier_EU_Precision_Thermometry_transparent.webp 1024w\" sizes=\"auto, (max-width: 300px) 100vw, 300px\" \/><\/figure>\n<\/div>\n<\/div>\n\n\n\n<p><mark style=\"background-color:rgba(0, 0, 0, 0)\" class=\"has-inline-color has-accent-3-color\"><i class=\"fas fa-circle-check\"><\/i><\/mark> <span><strong>Robustez:<\/strong> como alternativa robusta a los SPRT muy sensibles con revestimiento de cuarzo, nuestro term\u00f3metro de referencia SPRT secundario destaca por su revestimiento met\u00e1lico y sus resistentes resistencias de medici\u00f3n. Por lo tanto, es ideal para un uso prolongado.<\/span><\/p>\n\n\n\n<p><mark style=\"background-color:rgba(0, 0, 0, 0)\" class=\"has-inline-color has-accent-3-color\"><i class=\"fas fa-circle-check\"><\/i><\/mark> <strong>Nuevo sensor SPRT<\/strong>: El sensor de temperatura SPRT, recientemente desarrollado por Klasmeier, ha sido mejorado en los siguientes aspectos:<\/p>\n\n\n\n<div class=\"wp-block-columns is-layout-flex wp-container-core-columns-is-layout-28f84493 wp-block-columns-is-layout-flex\">\n<div class=\"wp-block-column is-layout-flow wp-block-column-is-layout-flow\" style=\"flex-basis:50%\">\n<ul class=\"wp-block-list is-style-checkmark-list\">\n<li>R\u00e1pida capacidad de respuesta<\/li>\n\n\n\n<li>Baja hist\u00e9resis<\/li>\n\n\n\n<li>Bajo calentamiento propio<\/li>\n\n\n\n<li>Excelente reproducibilidad y estabilidad<\/li>\n<\/ul>\n<\/div>\n\n\n\n<div class=\"wp-block-column is-vertically-aligned-center is-layout-flow wp-block-column-is-layout-flow\" style=\"flex-basis:50%\">\n<figure class=\"wp-block-image aligncenter size-full is-resized is-style-default hvr-grow\"><a href=\"https:\/\/exacal.de\/\" target=\"_blank\" rel=\"noopener\"><img loading=\"lazy\" decoding=\"async\" width=\"489\" height=\"89\" src=\"https:\/\/www.klasmeier.com\/wp-content\/uploads\/2024\/03\/exacal-Logo.png\" alt=\"eXacal\" class=\"wp-image-1947\" style=\"width:396px;height:auto\" srcset=\"https:\/\/www.klasmeier.com\/wp-content\/uploads\/2024\/03\/exacal-Logo.png 489w, https:\/\/www.klasmeier.com\/wp-content\/uploads\/2024\/03\/exacal-Logo-300x55.png 300w\" sizes=\"auto, (max-width: 489px) 100vw, 489px\" \/><\/a><\/figure>\n<\/div>\n<\/div>\n\n\n\n<div class=\"wp-block-group alignwide is-vertical is-layout-flex wp-container-core-group-is-layout-ab79abe2 wp-block-group-is-layout-flex\" style=\"padding-top:var(--wp--preset--spacing--30);padding-bottom:var(--wp--preset--spacing--30)\">\n<h2 class=\"wp-block-heading\">Sensores de temperatura fabricados por nosotros mismos<\/h2>\n\n\n\n<p>Cada sensor de temperatura del term\u00f3metro de resistencia de platino est\u00e1ndar (SPRT) eXacal 230 se fabrica con el m\u00e1ximo cuidado y precisi\u00f3n en nuestra f\u00e1brica propia de Fulda. El desarrollo y la fabricaci\u00f3n de nuestras propias resistencias de medici\u00f3n garantizan la m\u00e1xima calidad y fiabilidad.<\/p>\n\n\n\n<p><strong>Por qu\u00e9 Klasmeier-Manufaktur?<\/strong><\/p>\n\n\n\n<p><strong>Control de calidad:<\/strong> cada sensor se somete a estrictos procedimientos de prueba para garantizar que cumple con los altos requisitos de la escala internacional de temperatura ITS-90.<\/p>\n\n\n\n<p><strong>Precisi\u00f3n artesanal:<\/strong> nuestros SPRT son fabricados por expertos con amplia experiencia que supervisan minuciosamente cada detalle.<\/p>\n\n\n\n<p><strong>Soluciones individuales:<\/strong> podemos responder a requisitos espec\u00edficos y fabricar sensores a medida para su aplicaci\u00f3n.<\/p>\n\n\n\n<p>Al fabricar en nuestra propia f\u00e1brica, tenemos un control total sobre todo el proceso de producci\u00f3n, desde la selecci\u00f3n de los materiales hasta la calibraci\u00f3n acreditada final. El resultado: un producto que cumple con los m\u00e1s altos est\u00e1ndares en tecnolog\u00eda de medici\u00f3n.<\/p>\n\n\n\n<h3 class=\"wp-block-heading\"><strong>Calibraci\u00f3n certificada por DAkkS de SPRT secundarios<\/strong><\/h3>\n\n\n\n<p>En nuestro <a href=\"https:\/\/www.klasmeier.com\/es\/empresa\/perfil-de-la-empresa\/kalibrierdienst-klasmeier\/\">laboratorio de calibraci\u00f3n interno acreditado por DAkkS<\/a>, ofrecemos servicios de calibraci\u00f3n de alta precisi\u00f3n para SPRT. Nuestra acreditaci\u00f3n garantiza que cada calibraci\u00f3n se realiza de acuerdo con las normas internacionalmente reconocidas DIN EN ISO\/IEC 17025. Esto garantiza una trazabilidad completa con respecto a las normas nacionales e internacionales.<\/p>\n\n\n\n<p><\/p>\n\n\n\n<figure class=\"wp-block-image size-large has-custom-border\"><img data-dominant-color=\"f7f7f8\" data-has-transparency=\"false\" loading=\"lazy\" decoding=\"async\" width=\"1024\" height=\"586\" src=\"https:\/\/www.klasmeier.com\/wp-content\/uploads\/SPRT-217-eXacal-Klasmeier-1024x586.webp\" alt=\"\" class=\"wp-image-11115 not-transparent\" style=\"--dominant-color: #f7f7f8; border-radius:50px\" srcset=\"https:\/\/www.klasmeier.com\/wp-content\/uploads\/SPRT-217-eXacal-Klasmeier-1024x586.webp 1024w, https:\/\/www.klasmeier.com\/wp-content\/uploads\/SPRT-217-eXacal-Klasmeier-300x172.webp 300w, https:\/\/www.klasmeier.com\/wp-content\/uploads\/SPRT-217-eXacal-Klasmeier-768x439.webp 768w, https:\/\/www.klasmeier.com\/wp-content\/uploads\/SPRT-217-eXacal-Klasmeier-1536x879.webp 1536w, https:\/\/www.klasmeier.com\/wp-content\/uploads\/SPRT-217-eXacal-Klasmeier-2048x1172.webp 2048w, https:\/\/www.klasmeier.com\/wp-content\/uploads\/SPRT-217-eXacal-Klasmeier-600x343.webp 600w\" sizes=\"auto, (max-width: 1024px) 100vw, 1024px\" \/><\/figure>\n\n\n\n<div style=\"height:45px\" aria-hidden=\"true\" class=\"wp-block-spacer wp-container-content-95fa6ccb\"><\/div>\n\n\n\n<figure class=\"wp-block-table pttb\"><table class=\"has-fixed-layout\"><tbody><tr><td class=\"has-text-align-center\" data-align=\"center\"><strong>\u00c1rea<\/strong><\/td><td><strong>Puntos fijos de temperatura<\/strong><\/td><td><strong>Incertidumbre de medici\u00f3n<\/strong><\/td><\/tr><tr><td class=\"has-text-align-center\" data-align=\"center\">-38,8344 \u00b0C &#8211; 0,01 \u00b0C<\/td><td>Del mercurio al agua<\/td><td>3,5 mK<\/td><\/tr><tr><td class=\"has-text-align-center\" data-align=\"center\">0,01 \u00b0C &#8211; 29,7646 \u00b0C<\/td><td>Agua hasta galio<\/td><td>3,5 mK<\/td><\/tr><tr><td class=\"has-text-align-center\" data-align=\"center\">0,01 \u00b0C &#8211; 156,5985 \u00b0C<\/td><td>Agua hasta indio<\/td><td>6 mK<\/td><\/tr><tr><td class=\"has-text-align-center\" data-align=\"center\">0,01 \u00b0C &#8211; 231,928 \u00b0C<\/td><td>Agua hasta esta\u00f1o<\/td><td>8,5 mK<\/td><\/tr><tr><td class=\"has-text-align-center\" data-align=\"center\">0,01 \u00b0C &#8211; 419,527 \u00b0C<\/td><td>Agua hasta zinc<\/td><td>12 mK<\/td><\/tr><\/tbody><\/table><figcaption class=\"wp-element-caption\">Las incertidumbres de medici\u00f3n indicadas corresponden a k=2, incluyen una funci\u00f3n de desviaci\u00f3n ITS-90, autocalentamiento e hist\u00e9resis, y se indican para el rango correspondiente.<\/figcaption><\/figure>\n<\/div>\n\n\n\n<div class=\"wp-block-group is-vertical is-content-justification-center is-layout-flex wp-container-core-group-is-layout-7add347e wp-block-group-is-layout-flex\" style=\"padding-top:var(--wp--preset--spacing--30);padding-bottom:var(--wp--preset--spacing--30)\">\n<h3 class=\"wp-block-heading\">Qu\u00e9 hace que nuestra calibraci\u00f3n sea especial?<\/h3>\n\n\n\n<p><mark style=\"background-color:rgba(0, 0, 0, 0)\" class=\"has-inline-color has-accent-3-color\"><i class=\"fas fa-circle-check\"><\/i><\/mark><strong> <span>Trazabilidad:<\/span><\/strong><span> gracias a nuestra acreditaci\u00f3n DAkkS, cada calibraci\u00f3n est\u00e1 directamente vinculada a los est\u00e1ndares nacionales e internacionales. Esto le garantiza que los resultados de sus mediciones ser\u00e1n reconocidos en todo el mundo.<\/span><\/p>\n\n\n\n<p><mark style=\"background-color:rgba(0, 0, 0, 0)\" class=\"has-inline-color has-accent-3-color\"><i class=\"fas fa-circle-check\"><\/i><\/mark> <span><strong>Incertidumbre de medici\u00f3n: <\/strong>La precisi\u00f3n de nuestra calibraci\u00f3n se basa en una evaluaci\u00f3n minuciosa de todos los componentes de incertidumbre, incluyendo la reproducibilidad del term\u00f3metro, la funci\u00f3n de desviaci\u00f3n ITS-90, el calentamiento propio y la hist\u00e9resis del sensor.<\/span><\/p>\n\n\n\n<p><mark style=\"background-color:rgba(0, 0, 0, 0)\" class=\"has-inline-color has-accent-3-color\"><i class=\"fas fa-circle-check\"><\/i><\/mark> <span><strong>\u00c1mbito de aplicaci\u00f3n:<\/strong> gracias a la informaci\u00f3n detallada del certificado de calibraci\u00f3n, puede utilizar su SPRT secundario con total confianza en un <strong>rango de temperatura de entre -38,8344 \u00b0C y 419,527 \u00b0C<\/strong>.<\/span><\/p>\n\n\n\n<p>M\u00e1s informaci\u00f3n sobre nuestro laboratorio de calibraci\u00f3n:<\/p>\n\n\n\n<p><a href=\"https:\/\/www.klasmeier.com\/es\/el-servicio-de-calibracion-klasmeier\/calibracion-de-termometros-de-resistencia-de-platino-estandar-sprts\/\">Calibraci\u00f3n de term\u00f3metros de resistencia de platino est\u00e1ndar<\/a><\/p>\n<\/div>\n","protected":false},"excerpt":{"rendered":"<p><span style=\"display: inline-block; width: 0px; overflow: hidden; line-height: 0;\" data-mce-type=\"bookmark\" class=\"mce_SELRES_start\">\ufeff<\/span>Modelo: eXacal 217<br \/>\nFabricante: Klasmeier<\/p>\n","protected":false},"featured_media":8845,"template":"","meta":[],"product_brand":[],"product_cat":[],"product_tag":[],"class_list":{"0":"post-8844","1":"product","2":"type-product","3":"status-publish","4":"has-post-thumbnail","7":"first","8":"instock","9":"shipping-taxable","10":"product-type-simple"},"_links":{"self":[{"href":"https:\/\/www.klasmeier.com\/es\/wp-json\/wp\/v2\/product\/8844","targetHints":{"allow":["GET"]}}],"collection":[{"href":"https:\/\/www.klasmeier.com\/es\/wp-json\/wp\/v2\/product"}],"about":[{"href":"https:\/\/www.klasmeier.com\/es\/wp-json\/wp\/v2\/types\/product"}],"wp:featuredmedia":[{"embeddable":true,"href":"https:\/\/www.klasmeier.com\/es\/wp-json\/wp\/v2\/media\/8845"}],"wp:attachment":[{"href":"https:\/\/www.klasmeier.com\/es\/wp-json\/wp\/v2\/media?parent=8844"}],"wp:term":[{"taxonomy":"product_brand","embeddable":true,"href":"https:\/\/www.klasmeier.com\/es\/wp-json\/wp\/v2\/product_brand?post=8844"},{"taxonomy":"product_cat","embeddable":true,"href":"https:\/\/www.klasmeier.com\/es\/wp-json\/wp\/v2\/product_cat?post=8844"},{"taxonomy":"product_tag","embeddable":true,"href":"https:\/\/www.klasmeier.com\/es\/wp-json\/wp\/v2\/product_tag?post=8844"}],"curies":[{"name":"wp","href":"https:\/\/api.w.org\/{rel}","templated":true}]}}