{"id":8840,"date":"2024-11-21T09:32:37","date_gmt":"2024-11-21T08:32:37","guid":{"rendered":"https:\/\/www.klasmeier.com\/?post_type=product&#038;p=8840"},"modified":"2025-12-03T12:26:37","modified_gmt":"2025-12-03T11:26:37","slug":"termometro-de-resistencia-de-platino-estandar-primario-sprt-200-c-hasta-670-c","status":"publish","type":"product","link":"https:\/\/www.klasmeier.com\/es\/produkt\/termometro-de-resistencia-de-platino-estandar-primario-sprt-200-c-hasta-670-c\/","title":{"rendered":"Term\u00f3metro de resistencia de platino est\u00e1ndar primario (SPRT) -200 \u00b0C hasta 670 \u00b0C"},"content":{"rendered":"\n<figure class=\"wp-block-image aligncenter size-full\"><img loading=\"lazy\" decoding=\"async\" width=\"310\" height=\"89\" src=\"https:\/\/www.klasmeier.com\/wp-content\/uploads\/exacal.png\" alt=\"\" class=\"wp-image-8533\" srcset=\"https:\/\/www.klasmeier.com\/wp-content\/uploads\/exacal.png 310w, https:\/\/www.klasmeier.com\/wp-content\/uploads\/exacal-300x86.png 300w\" sizes=\"auto, (max-width: 310px) 100vw, 310px\" \/><\/figure>\n\n\n\n<div class=\"wp-block-columns is-layout-flex wp-container-core-columns-is-layout-28f84493 wp-block-columns-is-layout-flex\">\n<div class=\"wp-block-column is-layout-flow wp-block-column-is-layout-flow\" style=\"flex-basis:66.66%\">\n<p>El <strong>modelo eXacal 230<\/strong> es un term\u00f3metro de resistencia de platino est\u00e1ndar (SPRT) de alta precisi\u00f3n, dise\u00f1ado espec\u00edficamente para su uso en laboratorios metrol\u00f3gicos. Ofrece una estabilidad excepcional, bajas incertidumbres de medici\u00f3n y est\u00e1 perfectamente alineado con los requisitos de la escala internacional de temperatura (ITS-90). Con un rango de medici\u00f3n de <strong>-200 \u00b0C a +670 \u00b0C<\/strong>, es la opci\u00f3n ideal para calibraciones en investigaci\u00f3n e industria.<\/p>\n\n\n\n<p><strong>Caracter\u00edsticas<\/strong><\/p>\n\n\n\n<p>\u2022 <strong>Precisi\u00f3n:<\/strong> Excelente exactitud de medici\u00f3n con incertidumbres m\u00ednimas.<\/p>\n\n\n\n<p>\u2022 <strong>Rango de temperatura:<\/strong> El term\u00f3metro de resistencia de platino est\u00e1ndar (SPRT) es adecuado para temperaturas de <strong>-200 \u00b0C a +670 \u00b0C<\/strong>.<\/p>\n\n\n\n<p>\u2022 <strong>Calidad:<\/strong> Fabricado con platino de alta pureza para m\u00e1xima estabilidad y fiabilidad.<\/p>\n\n\n\n<p>\u2022 <strong>Trazabilidad:<\/strong> El term\u00f3metro de resistencia de platino est\u00e1ndar eXacal 230 cumple completamente con los requisitos de la ITS-90.<\/p>\n<\/div>\n\n\n\n<div class=\"wp-block-column is-layout-flow wp-block-column-is-layout-flow\" style=\"flex-basis:33.33%\">\n<figure class=\"wp-block-image size-medium\"><img loading=\"lazy\" decoding=\"async\" width=\"300\" height=\"300\" src=\"https:\/\/www.klasmeier.com\/wp-content\/uploads\/klasmeier_EU_Precision_Thermometry_transparent-300x300.webp\" alt=\"\" class=\"wp-image-13164\" srcset=\"https:\/\/www.klasmeier.com\/wp-content\/uploads\/klasmeier_EU_Precision_Thermometry_transparent-300x300.webp 300w, https:\/\/www.klasmeier.com\/wp-content\/uploads\/klasmeier_EU_Precision_Thermometry_transparent-150x150.webp 150w, https:\/\/www.klasmeier.com\/wp-content\/uploads\/klasmeier_EU_Precision_Thermometry_transparent-768x768.webp 768w, https:\/\/www.klasmeier.com\/wp-content\/uploads\/klasmeier_EU_Precision_Thermometry_transparent-600x600.webp 600w, https:\/\/www.klasmeier.com\/wp-content\/uploads\/klasmeier_EU_Precision_Thermometry_transparent-100x100.webp 100w, https:\/\/www.klasmeier.com\/wp-content\/uploads\/klasmeier_EU_Precision_Thermometry_transparent.webp 1024w\" sizes=\"auto, (max-width: 300px) 100vw, 300px\" \/><\/figure>\n<\/div>\n<\/div>\n\n\n\n<p><strong>Aplicaciones<\/strong><\/p>\n\n\n\n<p>\u2022 Calibraci\u00f3n de sensores industriales y term\u00f3metros de referencia<\/p>\n\n\n\n<p>\u2022 Mediciones de temperatura de alta precisi\u00f3n en laboratorios metrol\u00f3gicos<\/p>\n\n\n\n<p>\u2022 Trazabilidad de las mediciones de temperatura a est\u00e1ndares internacionales<\/p>\n\n\n\n<h2 class=\"wp-block-heading\">Calibraci\u00f3n acreditada seg\u00fan DIN EN ISO\/IEC 17025<\/h2>\n\n\n\n<p>En nuestro <strong>laboratorio de calibraci\u00f3n acreditado seg\u00fan DIN EN ISO\/IEC 17025 (DAkkS)<\/strong>, calibramos term\u00f3metros de resistencia de platino est\u00e1ndar (SPRTs) con la m\u00e1xima precisi\u00f3n. Cada term\u00f3metro calibrado se entrega con un certificado de calibraci\u00f3n que documenta la trazabilidad y la incertidumbre de medici\u00f3n especificada.<\/p>\n\n\n\n<h3 class=\"wp-block-heading\">Incertidumbre de medici\u00f3n del term\u00f3metro de resistencia de platino est\u00e1ndar (SPRT)<\/h3>\n\n\n\n<figure class=\"wp-block-image size-large\"><img data-dominant-color=\"f7f7f8\" data-has-transparency=\"false\" style=\"--dominant-color: #f7f7f8;\" loading=\"lazy\" decoding=\"async\" width=\"1024\" height=\"585\" src=\"https:\/\/www.klasmeier.com\/wp-content\/uploads\/SPRT-230-eXacal-Klasmeier-1024x585.webp\" alt=\"eXacal 230 - Term\u00f3metro de resistencia de platino est\u00e1ndar\" class=\"wp-image-7766 not-transparent\" srcset=\"https:\/\/www.klasmeier.com\/wp-content\/uploads\/SPRT-230-eXacal-Klasmeier-1024x585.webp 1024w, https:\/\/www.klasmeier.com\/wp-content\/uploads\/SPRT-230-eXacal-Klasmeier-300x171.webp 300w, https:\/\/www.klasmeier.com\/wp-content\/uploads\/SPRT-230-eXacal-Klasmeier-768x439.webp 768w, https:\/\/www.klasmeier.com\/wp-content\/uploads\/SPRT-230-eXacal-Klasmeier-1536x878.webp 1536w, https:\/\/www.klasmeier.com\/wp-content\/uploads\/SPRT-230-eXacal-Klasmeier-2048x1170.webp 2048w, https:\/\/www.klasmeier.com\/wp-content\/uploads\/SPRT-230-eXacal-Klasmeier-600x343.webp 600w\" sizes=\"auto, (max-width: 1024px) 100vw, 1024px\" \/><\/figure>\n\n\n\n<figure class=\"wp-block-table\"><table class=\"has-fixed-layout\"><tbody><tr><td><strong>Rango<\/strong><\/td><td><strong>Puntos fijos de temperatura<\/strong><\/td><td><strong>Incertidumbre de medici\u00f3n<\/strong><\/td><\/tr><tr><td>-189,3442 \u00b0C \u2013 0,01 \u00b0C<\/td><td>Arg\u00f3n a agua<\/td><td>5,5 mK<\/td><\/tr><tr><td>-38,8344 \u00b0C \u2013 0,01 \u00b0C<\/td><td>Mercurio a agua<\/td><td>2,5 mK<\/td><\/tr><tr><td>0,01 \u00b0C \u2013 29,7646 \u00b0C<\/td><td>Agua a galio<\/td><td>4,5 mK<\/td><\/tr><tr><td>0,01 \u00b0C \u2013 420,527 \u00b0C<\/td><td>Agua a zinc<\/td><td>4,5 mK<\/td><\/tr><tr><td>0,01 \u00b0C &#8211; 660,323 \u00b0C<\/td><td>Agua a aluminio<\/td><td>7,0 mK<\/td><\/tr><\/tbody><\/table><\/figure>\n\n\n\n<p>Las incertidumbres de medici\u00f3n especificadas corresponden a k=2, incluyen una funci\u00f3n de desviaci\u00f3n ITS-90, autocalentamiento e hist\u00e9resis, y est\u00e1n indicadas para cada rango.<\/p>\n\n\n\n<p>Conozca m\u00e1s sobre nuestro laboratorio de calibraci\u00f3n:<\/p>\n\n\n\n<p><a href=\"https:\/\/www.klasmeier.com\/es\/el-servicio-de-calibracion-klasmeier\/calibracion-de-termometros-de-resistencia-de-platino-estandar-sprts\/\">Calibraci\u00f3n de term\u00f3metros de resistencia de platino est\u00e1ndar<\/a><\/p>\n\n\n\n<h2 class=\"wp-block-heading\">Sensores de temperatura de nuestra propia manufactura<\/h2>\n\n\n\n<p>Cada sensor de temperatura del term\u00f3metro de resistencia de platino est\u00e1ndar eXacal 230 (SPRT) se fabrica con el m\u00e1ximo cuidado y precisi\u00f3n en nuestra propia manufactura en Fulda. El desarrollo y la producci\u00f3n de nuestros propios sensores de resistencia garantizan la m\u00e1s alta calidad y fiabilidad.<\/p>\n\n\n\n<p><strong>\u00bfPor qu\u00e9 la manufactura de Klasmeier?<\/strong><br><strong>\u2022 Precisi\u00f3n artesanal:<\/strong> Nuestros SPRTs son fabricados por expertos con gran experiencia que supervisan cada detalle con cuidado.<br><strong>\u2022 Soluciones personalizadas:<\/strong> Podemos responder a requisitos espec\u00edficos y fabricar sensores personalizados para su aplicaci\u00f3n.<br><strong>\u2022 Control de calidad:<\/strong> Cada sensor pasa por rigurosos procedimientos de prueba para garantizar que cumple con los altos est\u00e1ndares de la escala internacional de temperatura ITS-90.<\/p>\n\n\n\n<p>Gracias a la producci\u00f3n en nuestra propia manufactura, tenemos un control total sobre todo el proceso de producci\u00f3n, desde la selecci\u00f3n de materiales hasta la calibraci\u00f3n acreditada final. El resultado es un producto que satisface las m\u00e1s altas exigencias en metrolog\u00eda.<\/p>\n","protected":false},"excerpt":{"rendered":"<p>Modelo: eXacal 230 Fabricante: Klasmeier<\/p>\n","protected":false},"featured_media":8842,"template":"","meta":[],"product_brand":[],"product_cat":[],"product_tag":[],"class_list":{"0":"post-8840","1":"product","2":"type-product","3":"status-publish","4":"has-post-thumbnail","7":"first","8":"instock","9":"shipping-taxable","10":"product-type-simple"},"_links":{"self":[{"href":"https:\/\/www.klasmeier.com\/es\/wp-json\/wp\/v2\/product\/8840","targetHints":{"allow":["GET"]}}],"collection":[{"href":"https:\/\/www.klasmeier.com\/es\/wp-json\/wp\/v2\/product"}],"about":[{"href":"https:\/\/www.klasmeier.com\/es\/wp-json\/wp\/v2\/types\/product"}],"wp:featuredmedia":[{"embeddable":true,"href":"https:\/\/www.klasmeier.com\/es\/wp-json\/wp\/v2\/media\/8842"}],"wp:attachment":[{"href":"https:\/\/www.klasmeier.com\/es\/wp-json\/wp\/v2\/media?parent=8840"}],"wp:term":[{"taxonomy":"product_brand","embeddable":true,"href":"https:\/\/www.klasmeier.com\/es\/wp-json\/wp\/v2\/product_brand?post=8840"},{"taxonomy":"product_cat","embeddable":true,"href":"https:\/\/www.klasmeier.com\/es\/wp-json\/wp\/v2\/product_cat?post=8840"},{"taxonomy":"product_tag","embeddable":true,"href":"https:\/\/www.klasmeier.com\/es\/wp-json\/wp\/v2\/product_tag?post=8840"}],"curies":[{"name":"wp","href":"https:\/\/api.w.org\/{rel}","templated":true}]}}