{"id":8817,"date":"2024-04-18T21:29:53","date_gmt":"2024-04-18T19:29:53","guid":{"rendered":"https:\/\/www.klasmeier.com\/?page_id=8817"},"modified":"2025-04-02T11:23:46","modified_gmt":"2025-04-02T09:23:46","slug":"reparacion-de-termometros","status":"publish","type":"page","link":"https:\/\/www.klasmeier.com\/es\/fabricacion-de-termometros\/reparacion-de-termometros\/","title":{"rendered":"Reparaci\u00f3n de term\u00f3metros"},"content":{"rendered":"\n<div class=\"wp-block-cover alignfull has-base-2-color has-text-color has-link-color wp-elements-3730a43685052cc9b4828a05edde979b\"><span aria-hidden=\"true\" class=\"wp-block-cover__background has-contrast-background-color has-background-dim\"><\/span><img loading=\"lazy\" decoding=\"async\" width=\"1820\" height=\"797\" class=\"wp-block-cover__image-background wp-image-2620\" alt=\"\" src=\"https:\/\/www.klasmeier.com\/wp-content\/uploads\/Thermometer-Reparatur-Klasmeier.jpg\" data-object-fit=\"cover\" srcset=\"https:\/\/www.klasmeier.com\/wp-content\/uploads\/Thermometer-Reparatur-Klasmeier.jpg 1820w, https:\/\/www.klasmeier.com\/wp-content\/uploads\/Thermometer-Reparatur-Klasmeier-300x131.jpg 300w, https:\/\/www.klasmeier.com\/wp-content\/uploads\/Thermometer-Reparatur-Klasmeier-1024x448.jpg 1024w, https:\/\/www.klasmeier.com\/wp-content\/uploads\/Thermometer-Reparatur-Klasmeier-768x336.jpg 768w, https:\/\/www.klasmeier.com\/wp-content\/uploads\/Thermometer-Reparatur-Klasmeier-1536x673.jpg 1536w, https:\/\/www.klasmeier.com\/wp-content\/uploads\/Thermometer-Reparatur-Klasmeier-600x263.jpg 600w\" sizes=\"auto, (max-width: 1820px) 100vw, 1820px\" \/><div class=\"wp-block-cover__inner-container is-layout-flow wp-block-cover-is-layout-flow\">\n<h2 class=\"wp-block-heading has-text-align-center hm\"><strong>Reparaci\u00f3n de term\u00f3metros<\/strong><\/h2>\n<\/div><\/div>\n\n\n\n<div class=\"wp-block-group alignfull has-global-padding is-layout-constrained wp-container-core-group-is-layout-a87bbb62 wp-block-group-is-layout-constrained\" style=\"padding-top:var(--wp--preset--spacing--30);padding-right:var(--wp--preset--spacing--30);padding-bottom:var(--wp--preset--spacing--30);padding-left:var(--wp--preset--spacing--30)\">\n<h1 class=\"wp-block-heading alignwide has-text-align-center has-large-font-size\"><span style=\"font-family: arial, helvetica, sans-serif;\">Reparamos term\u00f3metros de precisi\u00f3n<\/span><br>M\u00e1s sostenibilidad: rescatar term\u00f3metros con un valioso historial<\/h1>\n\n\n\n<div class=\"wp-block-columns is-layout-flex wp-container-core-columns-is-layout-28f84493 wp-block-columns-is-layout-flex\">\n<div class=\"wp-block-column is-layout-flow wp-block-column-is-layout-flow\" style=\"flex-basis:66%\">\n<p><strong>Nuevo en Klasmeier: tras cinco a\u00f1os de desarrollo, ahora ofrecemos la reparaci\u00f3n de term\u00f3metros de precisi\u00f3n, brindando as\u00ed una soluci\u00f3n especialmente sostenible para el sector.<\/strong><\/p>\n\n\n\n<p><mark style=\"background-color:rgba(0, 0, 0, 0);color:#dd3333\" class=\"has-inline-color\"><i class=\"fas fa-circle-check\"><\/i><\/mark> <strong>La reparaci\u00f3n<\/strong> se realiza <strong>en nuestra propia manufactura de term\u00f3metros<\/strong><br><mark style=\"background-color:rgba(0, 0, 0, 0);color:#dd3333\" class=\"has-inline-color\"><i class=\"fas fa-circle-check\"><\/i><\/mark> Podemos <strong>restaurar term\u00f3metros<\/strong> de diversos fabricantes<br><mark style=\"background-color:rgba(0, 0, 0, 0);color:#dd3333\" class=\"has-inline-color\"><i class=\"fas fa-circle-check\"><\/i><\/mark> <strong>Verificaci\u00f3n de estabilidad y calibraci\u00f3n<\/strong> en el laboratorio de calibraci\u00f3n de temperatura DAkkS<br><mark style=\"background-color:rgba(0, 0, 0, 0);color:#dd3333\" class=\"has-inline-color\"><i class=\"fas fa-circle-check\"><\/i><\/mark> Se <strong>conserva<\/strong> el <strong>historial<\/strong> del term\u00f3metro<br><mark style=\"background-color:rgba(0, 0, 0, 0);color:#dd3333\" class=\"has-inline-color\"><i class=\"fas fa-circle-check\"><\/i><\/mark> Los term\u00f3metros de alta calidad pueden seguir utiliz\u00e1ndose<\/p>\n<\/div>\n\n\n\n<div class=\"wp-block-column is-vertically-aligned-center is-layout-flow wp-block-column-is-layout-flow\" style=\"flex-basis:50%\">\n<figure class=\"wp-block-image aligncenter size-full is-resized has-custom-border hvr-grow\"><img loading=\"lazy\" decoding=\"async\" width=\"500\" height=\"333\" src=\"https:\/\/www.klasmeier.com\/wp-content\/uploads\/Thermometer-Reparatur-Elke-Seewald.jpg\" alt=\"\" class=\"wp-image-2624\" style=\"border-radius:50px;width:407px;height:auto\" srcset=\"https:\/\/www.klasmeier.com\/wp-content\/uploads\/Thermometer-Reparatur-Elke-Seewald.jpg 500w, https:\/\/www.klasmeier.com\/wp-content\/uploads\/Thermometer-Reparatur-Elke-Seewald-300x200.jpg 300w\" sizes=\"auto, (max-width: 500px) 100vw, 500px\" \/><\/figure>\n<\/div>\n<\/div>\n<\/div>\n\n\n\n<div class=\"wp-block-group alignfull has-accent-background-color has-background has-global-padding is-layout-constrained wp-container-core-group-is-layout-80fb368b wp-block-group-is-layout-constrained\" style=\"padding-top:var(--wp--preset--spacing--30);padding-right:var(--wp--preset--spacing--30);padding-bottom:var(--wp--preset--spacing--30);padding-left:var(--wp--preset--spacing--30)\">\n<p><\/p>\n\n\n\n<h2 class=\"wp-block-heading has-text-align-center\"><strong>Reparamos para usted:<\/strong><\/h2>\n\n\n\n<div class=\"wp-block-columns alignwide is-layout-flex wp-container-core-columns-is-layout-514d0522 wp-block-columns-is-layout-flex\" style=\"padding-top:var(--wp--preset--spacing--20);padding-bottom:var(--wp--preset--spacing--20)\">\n<div class=\"wp-block-column is-layout-flow wp-block-column-is-layout-flow\">\n<div class=\"wp-block-group hvr-grow is-vertical is-content-justification-stretch is-layout-flex wp-container-core-group-is-layout-4c964324 wp-block-group-is-layout-flex\" style=\"padding-top:var(--wp--preset--spacing--10);padding-right:var(--wp--preset--spacing--10);padding-bottom:var(--wp--preset--spacing--10);padding-left:var(--wp--preset--spacing--10)\">\n<figure class=\"wp-block-image size-full\"><img loading=\"lazy\" decoding=\"async\" width=\"455\" height=\"455\" src=\"https:\/\/www.klasmeier.com\/wp-content\/uploads\/SPRT-Reparatur-2.png\" alt=\"\" class=\"wp-image-2628\" srcset=\"https:\/\/www.klasmeier.com\/wp-content\/uploads\/SPRT-Reparatur-2.png 455w, https:\/\/www.klasmeier.com\/wp-content\/uploads\/SPRT-Reparatur-2-300x300.png 300w, https:\/\/www.klasmeier.com\/wp-content\/uploads\/SPRT-Reparatur-2-150x150.png 150w, https:\/\/www.klasmeier.com\/wp-content\/uploads\/SPRT-Reparatur-2-100x100.png 100w\" sizes=\"auto, (max-width: 455px) 100vw, 455px\" \/><\/figure>\n\n\n\n<h2 class=\"wp-block-heading has-text-align-center has-large-font-size\">SPRT<br>(Standard Platinum Resistance Thermometer)<\/h2>\n\n\n\n<p><\/p>\n\n\n\n<p><mark style=\"background-color:rgba(0, 0, 0, 0);color:#dd3333\" class=\"has-inline-color\"><i class=\"fas fa-circle-check\"><\/i><\/mark> <strong>Incluye llenado con gas protector<\/strong><br><mark style=\"background-color:rgba(0, 0, 0, 0);color:#dd3333\" class=\"has-inline-color\"><i class=\"fas fa-circle-check\"><\/i><\/mark> <strong>Mango herm\u00e9tico al gas<\/strong><\/p>\n<\/div>\n<\/div>\n\n\n\n<div class=\"wp-block-column is-layout-flow wp-block-column-is-layout-flow\">\n<div class=\"wp-block-group hvr-grow is-vertical is-content-justification-stretch is-layout-flex wp-container-core-group-is-layout-4c964324 wp-block-group-is-layout-flex\" style=\"padding-top:var(--wp--preset--spacing--10);padding-right:var(--wp--preset--spacing--10);padding-bottom:var(--wp--preset--spacing--10);padding-left:var(--wp--preset--spacing--10)\">\n<figure class=\"wp-block-image size-full\"><img loading=\"lazy\" decoding=\"async\" width=\"455\" height=\"455\" src=\"https:\/\/www.klasmeier.com\/wp-content\/uploads\/Praezisionsthermometer-Reparatur-1.png\" alt=\"\" class=\"wp-image-2634\" srcset=\"https:\/\/www.klasmeier.com\/wp-content\/uploads\/Praezisionsthermometer-Reparatur-1.png 455w, https:\/\/www.klasmeier.com\/wp-content\/uploads\/Praezisionsthermometer-Reparatur-1-300x300.png 300w, https:\/\/www.klasmeier.com\/wp-content\/uploads\/Praezisionsthermometer-Reparatur-1-150x150.png 150w, https:\/\/www.klasmeier.com\/wp-content\/uploads\/Praezisionsthermometer-Reparatur-1-100x100.png 100w\" sizes=\"auto, (max-width: 455px) 100vw, 455px\" \/><\/figure>\n\n\n\n<h2 class=\"wp-block-heading has-text-align-center has-large-font-size\">Term\u00f3metros de precisi\u00f3n<br>(Pt100, Pt25, etc.)<\/h2>\n\n\n\n<div class=\"wp-block-group has-global-padding is-layout-constrained wp-block-group-is-layout-constrained\">\n<p><mark style=\"background-color:rgba(0, 0, 0, 0);color:#dd3333\" class=\"has-inline-color\"><i class=\"fas fa-circle-check\"><\/i><\/mark> <strong>Sustituci\u00f3n de componentes seg\u00fan el tipo de aver\u00eda<\/strong><\/p>\n\n\n\n<div class=\"wp-block-group has-global-padding is-layout-constrained wp-container-core-group-is-layout-a119c273 wp-block-group-is-layout-constrained\" style=\"margin-top:0;margin-bottom:0;padding-top:var(--wp--preset--spacing--10);padding-right:var(--wp--preset--spacing--20);padding-bottom:var(--wp--preset--spacing--10);padding-left:var(--wp--preset--spacing--20)\">\n<p><mark style=\"background-color:rgba(0, 0, 0, 0);color:#dd3333\" class=\"has-inline-color\"><i class=\"fas fa-circle-check\"><\/i><\/mark> <strong>Resistencia de medici\u00f3n<\/strong><br><mark style=\"background-color:rgba(0, 0, 0, 0);color:#dd3333\" class=\"has-inline-color\"><i class=\"fas fa-circle-check\"><\/i><\/mark> <strong>Tubo protector<\/strong><br><mark style=\"background-color:rgba(0, 0, 0, 0);color:#dd3333\" class=\"has-inline-color\"><i class=\"fas fa-circle-check\"><\/i><\/mark> <strong>T\u00e9cnica de conexi\u00f3n<\/strong><\/p>\n<\/div>\n<\/div>\n<\/div>\n<\/div>\n\n\n\n<div class=\"wp-block-column is-layout-flow wp-block-column-is-layout-flow\">\n<div class=\"wp-block-group hvr-grow is-vertical is-content-justification-stretch is-layout-flex wp-container-core-group-is-layout-4c964324 wp-block-group-is-layout-flex\" style=\"padding-top:var(--wp--preset--spacing--10);padding-right:var(--wp--preset--spacing--10);padding-bottom:var(--wp--preset--spacing--10);padding-left:var(--wp--preset--spacing--10)\">\n<figure class=\"wp-block-image size-full\"><img loading=\"lazy\" decoding=\"async\" width=\"455\" height=\"455\" src=\"https:\/\/www.klasmeier.com\/wp-content\/uploads\/Thermoelement-Reparatur-1.png\" alt=\"\" class=\"wp-image-2636\" srcset=\"https:\/\/www.klasmeier.com\/wp-content\/uploads\/Thermoelement-Reparatur-1.png 455w, https:\/\/www.klasmeier.com\/wp-content\/uploads\/Thermoelement-Reparatur-1-300x300.png 300w, https:\/\/www.klasmeier.com\/wp-content\/uploads\/Thermoelement-Reparatur-1-150x150.png 150w, https:\/\/www.klasmeier.com\/wp-content\/uploads\/Thermoelement-Reparatur-1-100x100.png 100w\" sizes=\"auto, (max-width: 455px) 100vw, 455px\" \/><\/figure>\n\n\n\n<h2 class=\"wp-block-heading has-text-align-center has-large-font-size\">Termopares<br>(Tipo R, S, B, Pt\/Pd, Au\/Pt)<\/h2>\n\n\n\n<div class=\"wp-block-group has-global-padding is-layout-constrained wp-container-core-group-is-layout-19e250f3 wp-block-group-is-layout-constrained\">\n<p><mark style=\"background-color:rgba(0, 0, 0, 0);color:#dd3333\" class=\"has-inline-color\"><i class=\"fas fa-circle-check\"><\/i><\/mark> <strong>Reacondicionamiento de<\/strong><\/p>\n\n\n\n<div class=\"wp-block-group has-global-padding is-layout-constrained wp-container-core-group-is-layout-6ebb2501 wp-block-group-is-layout-constrained\" style=\"padding-top:var(--wp--preset--spacing--10);padding-right:var(--wp--preset--spacing--20);padding-bottom:var(--wp--preset--spacing--10);padding-left:var(--wp--preset--spacing--20)\">\n<p><mark style=\"background-color:rgba(0, 0, 0, 0);color:#dd3333\" class=\"has-inline-color\"><i class=\"fas fa-circle-check\"><\/i><\/mark> <strong>Tubo protector<\/strong><br><mark style=\"background-color:rgba(0, 0, 0, 0);color:#dd3333\" class=\"has-inline-color\"><i class=\"fas fa-circle-check\"><\/i><\/mark> <strong>T\u00e9cnica de conexi\u00f3n<\/strong><br><mark style=\"background-color:rgba(0, 0, 0, 0);color:#dd3333\" class=\"has-inline-color\"><i class=\"fas fa-circle-check\"><\/i><\/mark> <strong>Punto de medici\u00f3n<\/strong><\/p>\n<\/div>\n<\/div>\n<\/div>\n<\/div>\n<\/div>\n<\/div>\n\n\n\n<div class=\"wp-block-group alignfull has-global-padding is-layout-constrained wp-container-core-group-is-layout-80fb368b wp-block-group-is-layout-constrained\" style=\"padding-top:var(--wp--preset--spacing--30);padding-right:var(--wp--preset--spacing--30);padding-bottom:var(--wp--preset--spacing--30);padding-left:var(--wp--preset--spacing--30)\">\n<p><\/p>\n\n\n\n<h3 class=\"wp-block-heading alignwide has-text-align-center\"><strong>Env\u00edenos su term\u00f3metro para repararlo<\/strong><\/h3>\n\n\n\n<div class=\"wp-block-columns alignwide is-layout-flex wp-container-core-columns-is-layout-8d88fe0f wp-block-columns-is-layout-flex\" style=\"padding-top:var(--wp--preset--spacing--20);padding-bottom:var(--wp--preset--spacing--20)\">\n<div class=\"wp-block-column is-vertically-aligned-center is-layout-flow wp-block-column-is-layout-flow\" style=\"padding-right:var(--wp--preset--spacing--30);flex-basis:66%\">\n<p><mark style=\"background-color:rgba(0, 0, 0, 0);color:#dd3333\" class=\"has-inline-color\"><i class=\"fas fa-circle-check\"><\/i><\/mark> Tras <strong>recibir y evaluar su term\u00f3metro<\/strong>, le enviaremos un <strong>correo electr\u00f3nico con m\u00e1s informaci\u00f3n<\/strong> y con <strong>el presupuesto<\/strong> de la reparaci\u00f3n para su aprobaci\u00f3n.<\/p>\n\n\n\n<p><mark style=\"background-color:rgba(0, 0, 0, 0);color:#dd3333\" class=\"has-inline-color\"><i class=\"fas fa-circle-check\"><\/i><\/mark> <strong>Una vez aprobado<\/strong> el coste de la reparaci\u00f3n, recibir\u00e1 <strong>nuestra confirmaci\u00f3n de pedido con la fecha de entrega<\/strong>.<\/p>\n\n\n\n<p>Importante:<\/p>\n\n\n\n<p>No podemos garantizar las propiedades originales del SPRT despu\u00e9s de la reparaci\u00f3n. No tenemos control sobre el funcionamiento de la resistencia de medici\u00f3n ni sobre una posible contaminaci\u00f3n derivada de la aver\u00eda.<\/p>\n\n\n\n<p>Si tras la reparaci\u00f3n el term\u00f3metro ya no cumple con la ITS-90 o con los requisitos de estabilidad del laboratorio de calibraci\u00f3n, deberemos facturarle un coste fijo de reparaci\u00f3n como participaci\u00f3n en los gastos.<\/p>\n<\/div>\n\n\n\n<div class=\"wp-block-column is-vertically-aligned-center is-layout-flow wp-block-column-is-layout-flow\" style=\"flex-basis:50%\">\n<figure class=\"wp-block-image aligncenter size-full is-resized has-custom-border hvr-grow\"><img loading=\"lazy\" decoding=\"async\" width=\"500\" height=\"333\" src=\"https:\/\/www.klasmeier.com\/wp-content\/uploads\/Thermometer-Reparatur-unterschiedlicher-Hersteller.jpg\" alt=\"\" class=\"wp-image-2648\" style=\"border-radius:50px;width:423px;height:auto\" srcset=\"https:\/\/www.klasmeier.com\/wp-content\/uploads\/Thermometer-Reparatur-unterschiedlicher-Hersteller.jpg 500w, https:\/\/www.klasmeier.com\/wp-content\/uploads\/Thermometer-Reparatur-unterschiedlicher-Hersteller-300x200.jpg 300w\" sizes=\"auto, (max-width: 500px) 100vw, 500px\" \/><\/figure>\n<\/div>\n<\/div>\n<\/div>\n\n\n\n<div class=\"wp-block-group alignfull has-global-padding is-layout-constrained wp-container-core-group-is-layout-0c8379ad wp-block-group-is-layout-constrained\" style=\"margin-top:var(--wp--preset--spacing--30);margin-bottom:var(--wp--preset--spacing--30);padding-top:var(--wp--preset--spacing--20);padding-right:var(--wp--preset--spacing--30);padding-bottom:var(--wp--preset--spacing--20);padding-left:var(--wp--preset--spacing--30)\">\n<h3 class=\"wp-block-heading alignwide has-text-align-center\"><strong>Encontrar juntos la mejor soluci\u00f3n para usted<\/strong><\/h3>\n\n\n\n<div class=\"wp-block-columns alignwide hvr-grow has-accent-background-color has-background is-layout-flex wp-container-core-columns-is-layout-b6a795d6 wp-block-columns-is-layout-flex\" style=\"border-radius:50px;margin-top:var(--wp--preset--spacing--40);margin-bottom:var(--wp--preset--spacing--40);padding-top:var(--wp--preset--spacing--20);padding-right:var(--wp--preset--spacing--20);padding-bottom:var(--wp--preset--spacing--20);padding-left:var(--wp--preset--spacing--20)\">\n<div class=\"wp-block-column is-layout-flow wp-block-column-is-layout-flow\" style=\"flex-basis:40%\">\n<figure class=\"wp-block-image aligncenter size-full has-custom-border\"><img loading=\"lazy\" decoding=\"async\" width=\"500\" height=\"333\" src=\"https:\/\/www.klasmeier.com\/wp-content\/uploads\/ES.png\" alt=\"\" class=\"wp-image-2653\" style=\"border-radius:50px\" srcset=\"https:\/\/www.klasmeier.com\/wp-content\/uploads\/ES.png 500w, https:\/\/www.klasmeier.com\/wp-content\/uploads\/ES-300x200.png 300w\" sizes=\"auto, (max-width: 500px) 100vw, 500px\" \/><\/figure>\n<\/div>\n\n\n\n<div class=\"wp-block-column is-vertically-aligned-center is-layout-flow wp-block-column-is-layout-flow\" style=\"flex-basis:60%\">\n<h3 class=\"wp-block-heading has-text-align-center\">\u00a1Hable directamente con nuestra experta!<\/h3>\n\n\n\n<p class=\"has-text-align-center\"><br><strong>Su persona de contacto para <strong>term\u00f3metros de precisi\u00f3n<\/strong>:<\/strong><\/p>\n\n\n\n<p class=\"has-text-align-center\"><strong>Elke Seewald<\/strong><br><em>Directora de la manufactura eXacal de Klasmeier<\/em><\/p>\n\n\n\n<p class=\"has-text-align-center\"><mark style=\"background-color:rgba(0, 0, 0, 0);color:#dd3333\" class=\"has-inline-color\"><i class=\"fas fa-envelope\"><\/i><\/mark> <a href=\"https:\/\/www.klasmeier.com\/es\/empresa\/pongase-en-contacto-con-nosotros\/\">Contactar ahora<\/a><\/p>\n<\/div>\n<\/div>\n<\/div>\n","protected":false},"excerpt":{"rendered":"<p>Reparamos term\u00f3metros de precisi\u00f3nM\u00e1s sostenibilidad: rescatar term\u00f3metros con un valioso historial Nuevo en Klasmeier: tras cinco a\u00f1os de desarrollo, ahora ofrecemos la reparaci\u00f3n de term\u00f3metros de precisi\u00f3n, brindando as\u00ed una soluci\u00f3n especialmente sostenible para el sector. La reparaci\u00f3n se realiza en nuestra propia manufactura de term\u00f3metros Podemos restaurar term\u00f3metros de diversos fabricantes Verificaci\u00f3n de estabilidad [&hellip;]<\/p>\n","protected":false},"author":4,"featured_media":0,"parent":8779,"menu_order":0,"comment_status":"closed","ping_status":"closed","template":"","meta":{"footnotes":""},"class_list":["post-8817","page","type-page","status-publish","hentry"],"_links":{"self":[{"href":"https:\/\/www.klasmeier.com\/es\/wp-json\/wp\/v2\/pages\/8817","targetHints":{"allow":["GET"]}}],"collection":[{"href":"https:\/\/www.klasmeier.com\/es\/wp-json\/wp\/v2\/pages"}],"about":[{"href":"https:\/\/www.klasmeier.com\/es\/wp-json\/wp\/v2\/types\/page"}],"author":[{"embeddable":true,"href":"https:\/\/www.klasmeier.com\/es\/wp-json\/wp\/v2\/users\/4"}],"replies":[{"embeddable":true,"href":"https:\/\/www.klasmeier.com\/es\/wp-json\/wp\/v2\/comments?post=8817"}],"version-history":[{"count":2,"href":"https:\/\/www.klasmeier.com\/es\/wp-json\/wp\/v2\/pages\/8817\/revisions"}],"predecessor-version":[{"id":11598,"href":"https:\/\/www.klasmeier.com\/es\/wp-json\/wp\/v2\/pages\/8817\/revisions\/11598"}],"up":[{"embeddable":true,"href":"https:\/\/www.klasmeier.com\/es\/wp-json\/wp\/v2\/pages\/8779"}],"wp:attachment":[{"href":"https:\/\/www.klasmeier.com\/es\/wp-json\/wp\/v2\/media?parent=8817"}],"curies":[{"name":"wp","href":"https:\/\/api.w.org\/{rel}","templated":true}]}}