{"id":8801,"date":"2024-04-20T16:23:42","date_gmt":"2024-04-20T14:23:42","guid":{"rendered":"https:\/\/www.klasmeier.com\/?page_id=8801"},"modified":"2025-04-02T11:23:16","modified_gmt":"2025-04-02T09:23:16","slug":"tecnologia-exacal","status":"publish","type":"page","link":"https:\/\/www.klasmeier.com\/es\/fabricacion-de-termometros\/tecnologia-exacal\/","title":{"rendered":"Tecnolog\u00eda eXacal"},"content":{"rendered":"\n<div class=\"wp-block-cover alignfull has-base-2-color has-text-color has-link-color wp-elements-17a53388273298a047fc8bfc7c3b89ca\"><span aria-hidden=\"true\" class=\"wp-block-cover__background has-contrast-background-color has-background-dim\"><\/span><img loading=\"lazy\" decoding=\"async\" width=\"1280\" height=\"491\" class=\"wp-block-cover__image-background wp-image-1931\" alt=\"\" src=\"https:\/\/www.klasmeier.com\/wp-content\/uploads\/2024\/03\/eXacal-Koffer-mit-Thermoelement.png\" data-object-fit=\"cover\" srcset=\"https:\/\/www.klasmeier.com\/wp-content\/uploads\/2024\/03\/eXacal-Koffer-mit-Thermoelement.png 1280w, https:\/\/www.klasmeier.com\/wp-content\/uploads\/2024\/03\/eXacal-Koffer-mit-Thermoelement-300x115.png 300w, https:\/\/www.klasmeier.com\/wp-content\/uploads\/2024\/03\/eXacal-Koffer-mit-Thermoelement-1024x393.png 1024w, https:\/\/www.klasmeier.com\/wp-content\/uploads\/2024\/03\/eXacal-Koffer-mit-Thermoelement-768x295.png 768w, https:\/\/www.klasmeier.com\/wp-content\/uploads\/2024\/03\/eXacal-Koffer-mit-Thermoelement-600x230.png 600w\" sizes=\"auto, (max-width: 1280px) 100vw, 1280px\" \/><div class=\"wp-block-cover__inner-container is-layout-flow wp-block-cover-is-layout-flow\">\n<h2 class=\"wp-block-heading has-text-align-center\" style=\"font-size:clamp(3.652rem, 3.652rem + ((1vw - 0.2rem) * 6.58), 7.6rem);\"><strong>Tecnolog\u00eda eXacal<\/strong><\/h2>\n<\/div><\/div>\n\n\n\n<div class=\"wp-block-group alignfull has-global-padding is-layout-constrained wp-container-core-group-is-layout-7a94f013 wp-block-group-is-layout-constrained\" style=\"padding-top:var(--wp--preset--spacing--30);padding-right:var(--wp--preset--spacing--30);padding-bottom:var(--wp--preset--spacing--30);padding-left:var(--wp--preset--spacing--30)\">\n<p>Los term\u00f3metros de precisi\u00f3n eXacal han sido desarrollados desde cero. Cada componente ha sido dise\u00f1ado con el m\u00e1ximo cuidado y perfectamente ajustado a los dem\u00e1s. Un elemento clave es el innovador mango, que act\u00faa como el n\u00facleo tecnol\u00f3gico central. Gracias a su dise\u00f1o modular, permite m\u00faltiples combinaciones de los term\u00f3metros eXacal.<\/p>\n\n\n\n<div class=\"wp-block-columns hvr-grow has-accent-background-color has-background is-layout-flex wp-container-core-columns-is-layout-cc9b1f73 wp-block-columns-is-layout-flex\" style=\"border-radius:50px;margin-top:var(--wp--preset--spacing--30);margin-bottom:var(--wp--preset--spacing--30);padding-top:var(--wp--preset--spacing--30);padding-right:var(--wp--preset--spacing--30);padding-bottom:var(--wp--preset--spacing--30);padding-left:var(--wp--preset--spacing--30)\">\n<div class=\"wp-block-column is-layout-flow wp-block-column-is-layout-flow\" style=\"flex-basis:30%\">\n<figure class=\"wp-block-image aligncenter size-full is-resized has-custom-border\"><img loading=\"lazy\" decoding=\"async\" width=\"900\" height=\"900\" src=\"https:\/\/www.klasmeier.com\/wp-content\/uploads\/eXacal_Handgriff.jpg\" alt=\"\" class=\"wp-image-2745\" style=\"border-radius:50px;width:388px;height:auto\" srcset=\"https:\/\/www.klasmeier.com\/wp-content\/uploads\/eXacal_Handgriff.jpg 900w, https:\/\/www.klasmeier.com\/wp-content\/uploads\/eXacal_Handgriff-300x300.jpg 300w, https:\/\/www.klasmeier.com\/wp-content\/uploads\/eXacal_Handgriff-150x150.jpg 150w, https:\/\/www.klasmeier.com\/wp-content\/uploads\/eXacal_Handgriff-768x768.jpg 768w, https:\/\/www.klasmeier.com\/wp-content\/uploads\/eXacal_Handgriff-600x600.jpg 600w, https:\/\/www.klasmeier.com\/wp-content\/uploads\/eXacal_Handgriff-100x100.jpg 100w\" sizes=\"auto, (max-width: 900px) 100vw, 900px\" \/><\/figure>\n<\/div>\n\n\n\n<div class=\"wp-block-column is-layout-flow wp-block-column-is-layout-flow\" style=\"padding-left:var(--wp--preset--spacing--10);flex-basis:70%\">\n<h3 class=\"wp-block-heading has-text-align-center\" id=\"der-handgriff-als-technologietrager\">El mango como n\u00facleo tecnol\u00f3gico<\/h3>\n\n\n\n<p>Gracias a su dise\u00f1o modular, los <strong>term\u00f3metros eXacal<\/strong> se pueden adaptar de manera casi ilimitada. Su estructura de aluminio permite el uso de <strong>insertos impresos en 3D<\/strong>, personalizados para cada term\u00f3metro. Adem\u00e1s, se pueden integrar diferentes componentes, como <strong>alivios de tensi\u00f3n<\/strong> para mejorar la durabilidad, <strong>llenados de gas protector<\/strong> para optimizar la estabilidad y <strong>diferentes tubos de protecci\u00f3n<\/strong> adecuados para aplicaciones espec\u00edficas. Esta flexibilidad garantiza que los <strong>term\u00f3metros eXacal<\/strong> cumplan con los m\u00e1s altos est\u00e1ndares en medici\u00f3n y calibraci\u00f3n de temperatura de precisi\u00f3n.<\/p>\n<\/div>\n<\/div>\n\n\n\n<div class=\"wp-block-columns hvr-grow has-accent-background-color has-background is-layout-flex wp-container-core-columns-is-layout-cc9b1f73 wp-block-columns-is-layout-flex\" style=\"border-radius:50px;margin-top:var(--wp--preset--spacing--30);margin-bottom:var(--wp--preset--spacing--30);padding-top:var(--wp--preset--spacing--30);padding-right:var(--wp--preset--spacing--30);padding-bottom:var(--wp--preset--spacing--30);padding-left:var(--wp--preset--spacing--30)\">\n<div class=\"wp-block-column is-vertically-aligned-top is-layout-flow wp-block-column-is-layout-flow\" style=\"padding-left:var(--wp--preset--spacing--10);flex-basis:70%\">\n<h3 class=\"wp-block-heading has-text-align-center\" id=\"temperatursensoren\">Sensores de temperatura<\/h3>\n\n\n\n<p class=\"has-text-align-center\"><strong>Resistencias de medici\u00f3n de fabricaci\u00f3n propia<\/strong><\/p>\n\n\n\n<p>En nuestra manufactura, producimos&nbsp;<strong>resistencias de medici\u00f3n de temperatura<\/strong>&nbsp;con la m\u00e1xima precisi\u00f3n. Nuestros t\u00e9cnicos experimentados enrollan hilos de platino en cuerpos de cer\u00e1mica o cuarzo. Despu\u00e9s del proceso de bobinado, estas resistencias se convierten en&nbsp;<strong>term\u00f3metros de precisi\u00f3n<\/strong>.<\/p>\n\n\n\n<div class=\"wp-block-buttons is-content-justification-center is-layout-flex wp-container-core-buttons-is-layout-a89b3969 wp-block-buttons-is-layout-flex\">\n<div class=\"wp-block-button is-style-outline hvr-shrink is-style-outline--1\"><a class=\"wp-block-button__link wp-element-button\" href=\"\/es\/messwiderstaende-von-klasmeier\/\">Ver resistencias de medici\u00f3n<\/a><\/div>\n<\/div>\n<\/div>\n\n\n\n<div class=\"wp-block-column is-layout-flow wp-block-column-is-layout-flow\" style=\"flex-basis:30%\">\n<figure class=\"wp-block-image aligncenter size-full is-resized has-custom-border\"><img loading=\"lazy\" decoding=\"async\" width=\"900\" height=\"900\" src=\"https:\/\/www.klasmeier.com\/wp-content\/uploads\/eXacal_Messwiderstand.jpg\" alt=\"\" class=\"wp-image-2749\" style=\"border-radius:50px;width:388px;height:auto\" srcset=\"https:\/\/www.klasmeier.com\/wp-content\/uploads\/eXacal_Messwiderstand.jpg 900w, https:\/\/www.klasmeier.com\/wp-content\/uploads\/eXacal_Messwiderstand-300x300.jpg 300w, https:\/\/www.klasmeier.com\/wp-content\/uploads\/eXacal_Messwiderstand-150x150.jpg 150w, https:\/\/www.klasmeier.com\/wp-content\/uploads\/eXacal_Messwiderstand-768x768.jpg 768w, https:\/\/www.klasmeier.com\/wp-content\/uploads\/eXacal_Messwiderstand-600x600.jpg 600w, https:\/\/www.klasmeier.com\/wp-content\/uploads\/eXacal_Messwiderstand-100x100.jpg 100w\" sizes=\"auto, (max-width: 900px) 100vw, 900px\" \/><\/figure>\n<\/div>\n<\/div>\n\n\n\n<div class=\"wp-block-columns hvr-grow has-accent-background-color has-background is-layout-flex wp-container-core-columns-is-layout-cc9b1f73 wp-block-columns-is-layout-flex\" style=\"border-radius:50px;margin-top:var(--wp--preset--spacing--30);margin-bottom:var(--wp--preset--spacing--30);padding-top:var(--wp--preset--spacing--30);padding-right:var(--wp--preset--spacing--30);padding-bottom:var(--wp--preset--spacing--30);padding-left:var(--wp--preset--spacing--30)\">\n<div class=\"wp-block-column is-layout-flow wp-block-column-is-layout-flow\" style=\"flex-basis:30%\">\n<figure class=\"wp-block-image aligncenter size-full is-resized has-custom-border\"><img loading=\"lazy\" decoding=\"async\" width=\"900\" height=\"900\" src=\"https:\/\/www.klasmeier.com\/wp-content\/uploads\/eXacal_Thermometerdraht.jpg\" alt=\"\" class=\"wp-image-2752\" style=\"border-radius:50px;width:388px;height:auto\" srcset=\"https:\/\/www.klasmeier.com\/wp-content\/uploads\/eXacal_Thermometerdraht.jpg 900w, https:\/\/www.klasmeier.com\/wp-content\/uploads\/eXacal_Thermometerdraht-300x300.jpg 300w, https:\/\/www.klasmeier.com\/wp-content\/uploads\/eXacal_Thermometerdraht-150x150.jpg 150w, https:\/\/www.klasmeier.com\/wp-content\/uploads\/eXacal_Thermometerdraht-768x768.jpg 768w, https:\/\/www.klasmeier.com\/wp-content\/uploads\/eXacal_Thermometerdraht-600x600.jpg 600w, https:\/\/www.klasmeier.com\/wp-content\/uploads\/eXacal_Thermometerdraht-100x100.jpg 100w\" sizes=\"auto, (max-width: 900px) 100vw, 900px\" \/><\/figure>\n<\/div>\n\n\n\n<div class=\"wp-block-column is-layout-flow wp-block-column-is-layout-flow\" style=\"padding-left:var(--wp--preset--spacing--10);flex-basis:70%\">\n<h3 class=\"wp-block-heading has-text-align-center\" id=\"thermometerdraht\">Hilo de term\u00f3metro<\/h3>\n\n\n\n<p>Para las resistencias de medici\u00f3n y los capilares, utilizamos&nbsp;<strong>metales preciosos<\/strong>&nbsp;en lugar de hilos comerciales revestidos. Dependiendo del rango de temperatura, empleamos&nbsp;<strong>plata pura o platino<\/strong>. Esto minimiza los efectos termoel\u00e9ctricos y reduce las&nbsp;<strong>tensiones par\u00e1sitas<\/strong>&nbsp;en el term\u00f3metro.<\/p>\n<\/div>\n<\/div>\n\n\n\n<div class=\"wp-block-columns hvr-grow has-accent-background-color has-background is-layout-flex wp-container-core-columns-is-layout-cc9b1f73 wp-block-columns-is-layout-flex\" style=\"border-radius:50px;margin-top:var(--wp--preset--spacing--30);margin-bottom:var(--wp--preset--spacing--30);padding-top:var(--wp--preset--spacing--30);padding-right:var(--wp--preset--spacing--30);padding-bottom:var(--wp--preset--spacing--30);padding-left:var(--wp--preset--spacing--30)\">\n<div class=\"wp-block-column is-vertically-aligned-top is-layout-flow wp-block-column-is-layout-flow\" style=\"padding-left:var(--wp--preset--spacing--10);flex-basis:70%\">\n<h3 class=\"wp-block-heading has-text-align-center\" id=\"schutzrohre\">Tubos de protecci\u00f3n<\/h3>\n\n\n\n<p>Los tubos de protecci\u00f3n se seleccionan seg\u00fan la&nbsp;<strong>exigencia t\u00e9rmica<\/strong>&nbsp;y la composici\u00f3n de la atm\u00f3sfera de medici\u00f3n. Para proteger de manera \u00f3ptima el sensor de temperatura contra influencias mec\u00e1nicas y qu\u00edmicas, utilizamos&nbsp;<strong>cer\u00e1mica pura, metales preciosos, aleaciones de alta temperatura o zafiro<\/strong>, dependiendo de la aplicaci\u00f3n.<\/p>\n<\/div>\n\n\n\n<div class=\"wp-block-column is-layout-flow wp-block-column-is-layout-flow\" style=\"flex-basis:30%\">\n<figure class=\"wp-block-image aligncenter size-full is-resized has-custom-border\"><img loading=\"lazy\" decoding=\"async\" width=\"900\" height=\"900\" src=\"https:\/\/www.klasmeier.com\/wp-content\/uploads\/eXacal_Schutzrohre-1.jpg\" alt=\"\" class=\"wp-image-2759\" style=\"border-radius:50px;width:388px;height:auto\" srcset=\"https:\/\/www.klasmeier.com\/wp-content\/uploads\/eXacal_Schutzrohre-1.jpg 900w, https:\/\/www.klasmeier.com\/wp-content\/uploads\/eXacal_Schutzrohre-1-300x300.jpg 300w, https:\/\/www.klasmeier.com\/wp-content\/uploads\/eXacal_Schutzrohre-1-150x150.jpg 150w, https:\/\/www.klasmeier.com\/wp-content\/uploads\/eXacal_Schutzrohre-1-768x768.jpg 768w, https:\/\/www.klasmeier.com\/wp-content\/uploads\/eXacal_Schutzrohre-1-600x600.jpg 600w, https:\/\/www.klasmeier.com\/wp-content\/uploads\/eXacal_Schutzrohre-1-100x100.jpg 100w\" sizes=\"auto, (max-width: 900px) 100vw, 900px\" \/><\/figure>\n<\/div>\n<\/div>\n\n\n\n<div class=\"wp-block-columns hvr-grow has-accent-background-color has-background is-layout-flex wp-container-core-columns-is-layout-cc9b1f73 wp-block-columns-is-layout-flex\" style=\"border-radius:50px;margin-top:var(--wp--preset--spacing--30);margin-bottom:var(--wp--preset--spacing--30);padding-top:var(--wp--preset--spacing--30);padding-right:var(--wp--preset--spacing--30);padding-bottom:var(--wp--preset--spacing--30);padding-left:var(--wp--preset--spacing--30)\">\n<div class=\"wp-block-column is-layout-flow wp-block-column-is-layout-flow\" style=\"flex-basis:30%\">\n<figure class=\"wp-block-image aligncenter size-full is-resized has-custom-border\"><img loading=\"lazy\" decoding=\"async\" width=\"900\" height=\"900\" src=\"https:\/\/www.klasmeier.com\/wp-content\/uploads\/eXacal_Anschlussleitung-1.jpg\" alt=\"\" class=\"wp-image-2761\" style=\"border-radius:50px;width:388px;height:auto\" srcset=\"https:\/\/www.klasmeier.com\/wp-content\/uploads\/eXacal_Anschlussleitung-1.jpg 900w, https:\/\/www.klasmeier.com\/wp-content\/uploads\/eXacal_Anschlussleitung-1-300x300.jpg 300w, https:\/\/www.klasmeier.com\/wp-content\/uploads\/eXacal_Anschlussleitung-1-150x150.jpg 150w, https:\/\/www.klasmeier.com\/wp-content\/uploads\/eXacal_Anschlussleitung-1-768x768.jpg 768w, https:\/\/www.klasmeier.com\/wp-content\/uploads\/eXacal_Anschlussleitung-1-600x600.jpg 600w, https:\/\/www.klasmeier.com\/wp-content\/uploads\/eXacal_Anschlussleitung-1-100x100.jpg 100w\" sizes=\"auto, (max-width: 900px) 100vw, 900px\" \/><\/figure>\n<\/div>\n\n\n\n<div class=\"wp-block-column is-layout-flow wp-block-column-is-layout-flow\" style=\"padding-left:var(--wp--preset--spacing--10);flex-basis:70%\">\n<h3 class=\"wp-block-heading has-text-align-center\" id=\"anschlussleitungen\">Cables de conexi\u00f3n<\/h3>\n\n\n\n<p>Los cables de conexi\u00f3n para&nbsp;<strong>termopares y term\u00f3metros de resistencia<\/strong>&nbsp;se ensamblan manualmente. Empleamos&nbsp;<strong>hilos de cobre de baja tensi\u00f3n<\/strong>&nbsp;elaborados espec\u00edficamente para nuestros term\u00f3metros. Como aislamiento, utilizamos una&nbsp;<strong>cubierta textil reforzada<\/strong>, hecha de&nbsp;<strong>manga de fibra de vidrio tratada t\u00e9rmicamente<\/strong>, resistente a altas temperaturas. De este modo, los hilos individuales est\u00e1n protegidos contra esfuerzos mec\u00e1nicos, temperaturas extremas y disolventes org\u00e1nicos.<\/p>\n<\/div>\n<\/div>\n<\/div>\n\n\n\n<div class=\"wp-block-group alignfull has-global-padding is-layout-constrained wp-container-core-group-is-layout-0d683d8b wp-block-group-is-layout-constrained\" style=\"padding-top:var(--wp--preset--spacing--30);padding-bottom:var(--wp--preset--spacing--30)\">\n<h3 class=\"wp-block-heading alignwide has-text-align-center\" id=\"hochwertiger-e-xacal-tragekoffer\"><strong>Malet\u00edn de transporte eXacal de alta calidad<\/strong><\/h3>\n\n\n\n<p>Todos los term\u00f3metros eXacal se entregan en un estuche, pero tambi\u00e9n pueden solicitarse con un malet\u00edn de madera de alta calidad. Gracias a su estructura robusta y a la espuma adaptada en su interior, este malet\u00edn protege los delicados term\u00f3metros tanto durante el transporte como en el almacenamiento.<\/p>\n\n\n\n<figure class=\"wp-block-image alignwide size-full has-custom-border\"><img loading=\"lazy\" decoding=\"async\" width=\"1280\" height=\"491\" src=\"https:\/\/www.klasmeier.com\/wp-content\/uploads\/eXacal-Koffer-mit-Thermoelement.png\" alt=\"\" class=\"wp-image-2765\" style=\"border-radius:50px\" srcset=\"https:\/\/www.klasmeier.com\/wp-content\/uploads\/eXacal-Koffer-mit-Thermoelement.png 1280w, https:\/\/www.klasmeier.com\/wp-content\/uploads\/eXacal-Koffer-mit-Thermoelement-300x115.png 300w, https:\/\/www.klasmeier.com\/wp-content\/uploads\/eXacal-Koffer-mit-Thermoelement-1024x393.png 1024w, https:\/\/www.klasmeier.com\/wp-content\/uploads\/eXacal-Koffer-mit-Thermoelement-768x295.png 768w, https:\/\/www.klasmeier.com\/wp-content\/uploads\/eXacal-Koffer-mit-Thermoelement-600x230.png 600w\" sizes=\"auto, (max-width: 1280px) 100vw, 1280px\" \/><\/figure>\n\n\n\n<div class=\"wp-block-columns is-layout-flex wp-container-core-columns-is-layout-514d0522 wp-block-columns-is-layout-flex\" style=\"padding-top:var(--wp--preset--spacing--20);padding-bottom:var(--wp--preset--spacing--20)\">\n<div class=\"wp-block-column is-layout-flow wp-block-column-is-layout-flow\">\n<figure class=\"wp-block-image size-full has-custom-border hvr-float\"><img loading=\"lazy\" decoding=\"async\" width=\"425\" height=\"283\" src=\"https:\/\/www.klasmeier.com\/wp-content\/uploads\/eXacal-Koffer-mit-Pt100.png\" alt=\"\" class=\"wp-image-2767\" style=\"border-radius:50px\" srcset=\"https:\/\/www.klasmeier.com\/wp-content\/uploads\/eXacal-Koffer-mit-Pt100.png 425w, https:\/\/www.klasmeier.com\/wp-content\/uploads\/eXacal-Koffer-mit-Pt100-300x200.png 300w\" sizes=\"auto, (max-width: 425px) 100vw, 425px\" \/><\/figure>\n<\/div>\n\n\n\n<div class=\"wp-block-column is-layout-flow wp-block-column-is-layout-flow\">\n<figure class=\"wp-block-image size-full has-custom-border hvr-float\"><img loading=\"lazy\" decoding=\"async\" width=\"425\" height=\"283\" src=\"https:\/\/www.klasmeier.com\/wp-content\/uploads\/eXacal-Koffer-Klasmeier.png\" alt=\"\" class=\"wp-image-2769\" style=\"border-radius:50px\" srcset=\"https:\/\/www.klasmeier.com\/wp-content\/uploads\/eXacal-Koffer-Klasmeier.png 425w, https:\/\/www.klasmeier.com\/wp-content\/uploads\/eXacal-Koffer-Klasmeier-300x200.png 300w\" sizes=\"auto, (max-width: 425px) 100vw, 425px\" \/><\/figure>\n<\/div>\n\n\n\n<div class=\"wp-block-column is-layout-flow wp-block-column-is-layout-flow\">\n<figure class=\"wp-block-image size-full has-custom-border hvr-float\"><img loading=\"lazy\" decoding=\"async\" width=\"425\" height=\"283\" src=\"https:\/\/www.klasmeier.com\/wp-content\/uploads\/eXacal-Holzkoffer-Detailansicht.png\" alt=\"\" class=\"wp-image-2771\" style=\"border-radius:50px\" srcset=\"https:\/\/www.klasmeier.com\/wp-content\/uploads\/eXacal-Holzkoffer-Detailansicht.png 425w, https:\/\/www.klasmeier.com\/wp-content\/uploads\/eXacal-Holzkoffer-Detailansicht-300x200.png 300w\" sizes=\"auto, (max-width: 425px) 100vw, 425px\" \/><\/figure>\n<\/div>\n<\/div>\n<\/div>\n\n\n\n<div class=\"wp-block-group alignfull has-global-padding is-layout-constrained wp-block-group-is-layout-constrained\" style=\"margin-top:var(--wp--preset--spacing--30);margin-bottom:var(--wp--preset--spacing--30);padding-top:var(--wp--preset--spacing--20);padding-bottom:var(--wp--preset--spacing--20)\">\n<h3 class=\"wp-block-heading alignwide has-text-align-center\" id=\"gemeinsam-die-richtige-losung-fur-sie-finden\"><strong>Encontrando juntos la soluci\u00f3n adecuada para usted<\/strong><\/h3>\n\n\n\n<div class=\"wp-block-columns alignwide hvr-grow has-accent-background-color has-background is-layout-flex wp-container-core-columns-is-layout-b6a795d6 wp-block-columns-is-layout-flex\" style=\"border-radius:50px;margin-top:var(--wp--preset--spacing--40);margin-bottom:var(--wp--preset--spacing--40);padding-top:var(--wp--preset--spacing--20);padding-right:var(--wp--preset--spacing--20);padding-bottom:var(--wp--preset--spacing--20);padding-left:var(--wp--preset--spacing--20)\">\n<div class=\"wp-block-column is-layout-flow wp-block-column-is-layout-flow\">\n<figure class=\"wp-block-image size-full has-custom-border\"><img loading=\"lazy\" decoding=\"async\" width=\"500\" height=\"333\" src=\"https:\/\/www.klasmeier.com\/wp-content\/uploads\/2024\/03\/TK.png\" alt=\"\" class=\"wp-image-1440\" style=\"border-radius:50px\" srcset=\"https:\/\/www.klasmeier.com\/wp-content\/uploads\/2024\/03\/TK.png 500w, https:\/\/www.klasmeier.com\/wp-content\/uploads\/2024\/03\/TK-300x200.png 300w\" sizes=\"auto, (max-width: 500px) 100vw, 500px\" \/><\/figure>\n<\/div>\n\n\n\n<div class=\"wp-block-column is-vertically-aligned-center is-layout-flow wp-block-column-is-layout-flow\">\n<h3 class=\"wp-block-heading has-text-align-center\" id=\"sprechen-sie-direkt-mit-unserem-experten\">\u00a1Hable directamente con nuestro experto!<\/h3>\n\n\n\n<p class=\"has-text-align-center\"><br><strong>Su persona de contacto en Klasmeier:<\/strong><\/p>\n\n\n\n<p class=\"has-text-align-center\"><strong>Thomas Klasmeier<\/strong><\/p>\n\n\n\n<p class=\"has-text-align-center\"><mark style=\"background-color:rgba(0, 0, 0, 0);color:#dd3333\" class=\"has-inline-color\"><i class=\"fas fa-envelope\"><\/i><\/mark> <a href=\"https:\/\/www.klasmeier.com\/es\/empresa\/pongase-en-contacto-con-nosotros\/\">Contactar ahora<\/a><\/p>\n<\/div>\n<\/div>\n<\/div>\n","protected":false},"excerpt":{"rendered":"<p>Los term\u00f3metros de precisi\u00f3n eXacal han sido desarrollados desde cero. Cada componente ha sido dise\u00f1ado con el m\u00e1ximo cuidado y perfectamente ajustado a los dem\u00e1s. Un elemento clave es el innovador mango, que act\u00faa como el n\u00facleo tecnol\u00f3gico central. Gracias a su dise\u00f1o modular, permite m\u00faltiples combinaciones de los term\u00f3metros eXacal. El mango como n\u00facleo [&hellip;]<\/p>\n","protected":false},"author":4,"featured_media":0,"parent":8779,"menu_order":0,"comment_status":"closed","ping_status":"closed","template":"","meta":{"footnotes":""},"class_list":["post-8801","page","type-page","status-publish","hentry"],"_links":{"self":[{"href":"https:\/\/www.klasmeier.com\/es\/wp-json\/wp\/v2\/pages\/8801","targetHints":{"allow":["GET"]}}],"collection":[{"href":"https:\/\/www.klasmeier.com\/es\/wp-json\/wp\/v2\/pages"}],"about":[{"href":"https:\/\/www.klasmeier.com\/es\/wp-json\/wp\/v2\/types\/page"}],"author":[{"embeddable":true,"href":"https:\/\/www.klasmeier.com\/es\/wp-json\/wp\/v2\/users\/4"}],"replies":[{"embeddable":true,"href":"https:\/\/www.klasmeier.com\/es\/wp-json\/wp\/v2\/comments?post=8801"}],"version-history":[{"count":3,"href":"https:\/\/www.klasmeier.com\/es\/wp-json\/wp\/v2\/pages\/8801\/revisions"}],"predecessor-version":[{"id":11595,"href":"https:\/\/www.klasmeier.com\/es\/wp-json\/wp\/v2\/pages\/8801\/revisions\/11595"}],"up":[{"embeddable":true,"href":"https:\/\/www.klasmeier.com\/es\/wp-json\/wp\/v2\/pages\/8779"}],"wp:attachment":[{"href":"https:\/\/www.klasmeier.com\/es\/wp-json\/wp\/v2\/media?parent=8801"}],"curies":[{"name":"wp","href":"https:\/\/api.w.org\/{rel}","templated":true}]}}