{"id":8735,"date":"2024-03-21T09:52:00","date_gmt":"2024-03-21T08:52:00","guid":{"rendered":"https:\/\/www.klasmeier.com\/?page_id=8735"},"modified":"2025-04-02T11:26:44","modified_gmt":"2025-04-02T09:26:44","slug":"klasmeierconnect","status":"publish","type":"page","link":"https:\/\/www.klasmeier.com\/es\/empresa\/klasmeierconnect\/","title":{"rendered":"KlasmeierConnect"},"content":{"rendered":"\n<div class=\"wp-block-group alignfull has-global-padding is-layout-constrained wp-container-core-group-is-layout-667d36a5 wp-block-group-is-layout-constrained\" style=\"margin-top:0;margin-bottom:0;padding-top:var(--wp--preset--spacing--20);padding-right:var(--wp--preset--spacing--30);padding-bottom:var(--wp--preset--spacing--20);padding-left:var(--wp--preset--spacing--30)\">\n<div class=\"wp-block-group has-global-padding is-layout-constrained wp-block-group-is-layout-constrained\" style=\"margin-top:var(--wp--preset--spacing--30);margin-bottom:var(--wp--preset--spacing--30)\">\n<figure class=\"wp-block-image aligncenter size-full hvr-grow\"><img loading=\"lazy\" decoding=\"async\" width=\"750\" height=\"86\" src=\"https:\/\/www.klasmeier.com\/wp-content\/uploads\/2024\/03\/KK-connect-logo-final.png\" alt=\"\" class=\"wp-image-1716\" srcset=\"https:\/\/www.klasmeier.com\/wp-content\/uploads\/2024\/03\/KK-connect-logo-final.png 750w, https:\/\/www.klasmeier.com\/wp-content\/uploads\/2024\/03\/KK-connect-logo-final-300x34.png 300w, https:\/\/www.klasmeier.com\/wp-content\/uploads\/2024\/03\/KK-connect-logo-final-600x69.png 600w\" sizes=\"auto, (max-width: 750px) 100vw, 750px\" \/><\/figure>\n<\/div>\n\n\n\n<h2 class=\"wp-block-heading alignwide has-text-align-center\">Con\u00e9ctese de manera \u00f3ptima con KlasmeierConnect<\/h2>\n\n\n\n<h3 class=\"wp-block-heading alignwide has-text-align-center\">Comunidad en l\u00ednea: Plataforma para participantes de seminarios y ponentes con m\u00faltiples funciones<\/h3>\n\n\n\n<p>Quienes participan en un <a href=\"\/es\/seminare\/\">seminario<\/a> de Klasmeier reciben un servicio exclusivo y gratuito:&nbsp;<strong>KlasmeierConnect<\/strong>. En esta comunidad en l\u00ednea, los participantes del seminario y los ponentes pueden intercambiar informaci\u00f3n incluso durante la formaci\u00f3n. Sin embargo, el acceso a la comunidad, con funciones como chats grupales, mensajes directos y muchas otras caracter\u00edsticas, sigue estando disponible sin costos adicionales despu\u00e9s de finalizar la formaci\u00f3n.<\/p>\n\n\n\n<div class=\"wp-block-buttons is-content-justification-center is-layout-flex wp-container-core-buttons-is-layout-a89b3969 wp-block-buttons-is-layout-flex\">\n<div class=\"wp-block-button hvr-shrink\"><a class=\"wp-block-button__link wp-element-button\" href=\"https:\/\/connect.klasmeier.com\/\" style=\"padding-top:var(--wp--preset--spacing--10);padding-right:var(--wp--preset--spacing--20);padding-bottom:var(--wp--preset--spacing--10);padding-left:var(--wp--preset--spacing--20)\" target=\"_blank\" rel=\"noopener\">Iniciar sesi\u00f3n<\/a><\/div>\n<\/div>\n<\/div>\n\n\n\n<div class=\"wp-block-group alignfull has-global-padding is-layout-constrained wp-container-core-group-is-layout-570efc33 wp-block-group-is-layout-constrained\" style=\"padding-top:var(--wp--preset--spacing--30);padding-right:var(--wp--preset--spacing--30);padding-bottom:var(--wp--preset--spacing--30);padding-left:var(--wp--preset--spacing--30)\">\n<div class=\"wp-block-columns alignwide is-layout-flex wp-container-core-columns-is-layout-658170e2 wp-block-columns-is-layout-flex\">\n<div class=\"wp-block-column is-layout-flow wp-block-column-is-layout-flow\" style=\"flex-basis:100%\">\n<div class=\"wp-block-group hvr-grow has-accent-background-color has-background is-vertical is-content-justification-center is-layout-flex wp-container-core-group-is-layout-bc1c67bb wp-block-group-is-layout-flex\" style=\"border-radius:50px;padding-top:var(--wp--preset--spacing--20);padding-right:var(--wp--preset--spacing--20);padding-bottom:var(--wp--preset--spacing--20);padding-left:var(--wp--preset--spacing--20)\">\n<p class=\"has-text-align-center\"><strong>\u00c1rea de miembros<\/strong><\/p>\n\n\n\n<figure class=\"wp-block-image size-full is-resized has-custom-border is-style-default\"><img loading=\"lazy\" decoding=\"async\" width=\"300\" height=\"206\" src=\"https:\/\/www.klasmeier.com\/wp-content\/uploads\/2024\/03\/Klasmeier.Connect-Profil-Uebersicht-300x206-1.png\" alt=\"\" class=\"wp-image-1718\" style=\"border-radius:12px;width:344px\"\/><\/figure>\n<\/div>\n<\/div>\n\n\n\n<div class=\"wp-block-column is-layout-flow wp-block-column-is-layout-flow\" style=\"flex-basis:100%\">\n<div class=\"wp-block-group hvr-grow has-accent-background-color has-background is-vertical is-content-justification-center is-layout-flex wp-container-core-group-is-layout-bc1c67bb wp-block-group-is-layout-flex\" style=\"border-radius:50px;padding-top:var(--wp--preset--spacing--20);padding-right:var(--wp--preset--spacing--20);padding-bottom:var(--wp--preset--spacing--20);padding-left:var(--wp--preset--spacing--20)\">\n<p class=\"has-text-align-center\"><strong>Grupos<\/strong><\/p>\n\n\n\n<figure class=\"wp-block-image size-full is-resized has-custom-border\"><img loading=\"lazy\" decoding=\"async\" width=\"300\" height=\"204\" src=\"https:\/\/www.klasmeier.com\/wp-content\/uploads\/2024\/03\/Klasmeier.Connect-Gruppen-300x204-1.png\" alt=\"\" class=\"wp-image-1720\" style=\"border-radius:12px;width:344px;height:auto\"\/><\/figure>\n<\/div>\n<\/div>\n\n\n\n<div class=\"wp-block-column is-layout-flow wp-block-column-is-layout-flow\" style=\"flex-basis:100%\">\n<div class=\"wp-block-group hvr-grow has-accent-background-color has-background is-vertical is-content-justification-center is-layout-flex wp-container-core-group-is-layout-bc1c67bb wp-block-group-is-layout-flex\" style=\"border-radius:50px;padding-top:var(--wp--preset--spacing--20);padding-right:var(--wp--preset--spacing--20);padding-bottom:var(--wp--preset--spacing--20);padding-left:var(--wp--preset--spacing--20)\">\n<p class=\"has-text-align-center\"><strong>Mediateca<\/strong><\/p>\n\n\n\n<figure class=\"wp-block-image size-full is-resized has-custom-border\"><img loading=\"lazy\" decoding=\"async\" width=\"300\" height=\"203\" src=\"https:\/\/www.klasmeier.com\/wp-content\/uploads\/2024\/03\/Klasmeier.Connect-Mediathek-300x203-1.png\" alt=\"\" class=\"wp-image-1722\" style=\"border-radius:12px;width:344px;height:auto\"\/><\/figure>\n<\/div>\n<\/div>\n<\/div>\n<\/div>\n\n\n\n<div class=\"wp-block-group alignfull has-global-padding is-layout-constrained wp-container-core-group-is-layout-bffc7401 wp-block-group-is-layout-constrained\" style=\"padding-top:var(--wp--preset--spacing--30);padding-right:var(--wp--preset--spacing--30);padding-bottom:var(--wp--preset--spacing--30);padding-left:var(--wp--preset--spacing--30)\">\n<div class=\"wp-block-group alignwide has-global-padding is-layout-constrained wp-container-core-group-is-layout-530ec779 wp-block-group-is-layout-constrained\">\n<h3 class=\"wp-block-heading alignwide\"><mark style=\"background-color:rgba(0, 0, 0, 0);color:#dd3333\" class=\"has-inline-color\"><i class=\"fas fa-circle-check\"><\/i><\/mark> Asesoramiento profesional de expertos en industria e investigaci\u00f3n<\/h3>\n\n\n\n<p>Aqu\u00ed se plantean y responden preguntas, se intercambian documentos y se eval\u00faan datos y hallazgos actuales. J\u00f3venes especialistas y expertos con experiencia, empleados y directores de laboratorios de calibraci\u00f3n, as\u00ed como profesionales de la industria, utilizan esta red para un intercambio continuo de conocimientos.<\/p>\n\n\n\n<p><strong>Una ventaja especial:<\/strong>&nbsp;los instructores de los seminarios tambi\u00e9n permanecen en la comunidad como contactos y siguen disponibles para brindar asesoramiento t\u00e9cnico.<\/p>\n\n\n\n<p>Los participantes tambi\u00e9n reciben la documentaci\u00f3n completa del seminario en l\u00ednea y el certificado de participaci\u00f3n en formato digital. Si lo desean, los documentos pueden enviarse en formato impreso por correo postal.<\/p>\n<\/div>\n\n\n\n<div class=\"wp-block-group alignwide has-global-padding is-layout-constrained wp-container-core-group-is-layout-530ec779 wp-block-group-is-layout-constrained\">\n<h3 class=\"wp-block-heading alignwide\"><mark style=\"background-color:rgba(0, 0, 0, 0);color:#dd3333\" class=\"has-inline-color\"><i class=\"fas fa-circle-check\"><\/i><\/mark> M\u00e1s que un simple seminario web: Un encuentro virtual con interacci\u00f3n<\/h3>\n\n\n\n<p>En la sala de conferencias virtual, los participantes pueden hacer preguntas a los ponentes en cualquier momento. Esto permite un intercambio intensivo de conocimientos y garantiza un aprendizaje \u00f3ptimo.<\/p>\n\n\n\n<p>Los programas en l\u00ednea est\u00e1n estructurados en m\u00f3dulos te\u00f3ricos de 60 minutos, seguidos de sesiones pr\u00e1cticas en las que se realiza una conexi\u00f3n en vivo con el laboratorio de calibraci\u00f3n. De esta manera, los conocimientos adquiridos pueden aplicarse directamente en la pr\u00e1ctica.<\/p>\n\n\n\n<p>Adem\u00e1s, todos los m\u00f3dulos en l\u00ednea se graban y posteriormente se ponen a disposici\u00f3n de los participantes como videos en la comunidad&nbsp;<strong>KlasmeierConnect<\/strong>.<\/p>\n<\/div>\n<\/div>\n\n\n\n<div class=\"wp-block-group alignfull has-global-padding is-layout-constrained wp-container-core-group-is-layout-80fb368b wp-block-group-is-layout-constrained\" style=\"padding-top:var(--wp--preset--spacing--30);padding-right:var(--wp--preset--spacing--30);padding-bottom:var(--wp--preset--spacing--30);padding-left:var(--wp--preset--spacing--30)\">\n<div class=\"wp-block-columns alignwide hvr-grow has-accent-background-color has-background is-layout-flex wp-container-core-columns-is-layout-0d2466c3 wp-block-columns-is-layout-flex\" style=\"border-radius:50px;padding-top:var(--wp--preset--spacing--20);padding-right:var(--wp--preset--spacing--20);padding-bottom:var(--wp--preset--spacing--20);padding-left:var(--wp--preset--spacing--20)\">\n<div class=\"wp-block-column is-layout-flow wp-block-column-is-layout-flow\" style=\"flex-basis:40%\">\n<figure class=\"wp-block-image aligncenter size-full has-custom-border\"><img loading=\"lazy\" decoding=\"async\" width=\"500\" height=\"333\" src=\"https:\/\/www.klasmeier.com\/wp-content\/uploads\/2024\/03\/NW.png\" alt=\"\" class=\"wp-image-1619\" style=\"border-radius:30px\" srcset=\"https:\/\/www.klasmeier.com\/wp-content\/uploads\/2024\/03\/NW.png 500w, https:\/\/www.klasmeier.com\/wp-content\/uploads\/2024\/03\/NW-300x200.png 300w\" sizes=\"auto, (max-width: 500px) 100vw, 500px\" \/><\/figure>\n<\/div>\n\n\n\n<div class=\"wp-block-column is-vertically-aligned-center is-layout-flow wp-block-column-is-layout-flow\">\n<h3 class=\"wp-block-heading has-text-align-center\">\u00bfPreguntas sobre KlasmeierConnect?<\/h3>\n\n\n\n<p class=\"has-text-align-center\"><strong>Su persona de contacto en Klasmeier:<\/strong><\/p>\n\n\n\n<p class=\"has-text-align-center\">Nelli Wall &#8211; <a href=\"https:\/\/www.klasmeier.com\/es\/empresa\/pongase-en-contacto-con-nosotros\/\">Contactar ahora<\/a><\/p>\n<\/div>\n<\/div>\n<\/div>\n","protected":false},"excerpt":{"rendered":"<p>Con\u00e9ctese de manera \u00f3ptima con KlasmeierConnect Comunidad en l\u00ednea: Plataforma para participantes de seminarios y ponentes con m\u00faltiples funciones Quienes participan en un seminario de Klasmeier reciben un servicio exclusivo y gratuito:&nbsp;KlasmeierConnect. En esta comunidad en l\u00ednea, los participantes del seminario y los ponentes pueden intercambiar informaci\u00f3n incluso durante la formaci\u00f3n. Sin embargo, el acceso [&hellip;]<\/p>\n","protected":false},"author":4,"featured_media":0,"parent":8701,"menu_order":0,"comment_status":"closed","ping_status":"closed","template":"","meta":{"footnotes":""},"class_list":["post-8735","page","type-page","status-publish","hentry"],"_links":{"self":[{"href":"https:\/\/www.klasmeier.com\/es\/wp-json\/wp\/v2\/pages\/8735","targetHints":{"allow":["GET"]}}],"collection":[{"href":"https:\/\/www.klasmeier.com\/es\/wp-json\/wp\/v2\/pages"}],"about":[{"href":"https:\/\/www.klasmeier.com\/es\/wp-json\/wp\/v2\/types\/page"}],"author":[{"embeddable":true,"href":"https:\/\/www.klasmeier.com\/es\/wp-json\/wp\/v2\/users\/4"}],"replies":[{"embeddable":true,"href":"https:\/\/www.klasmeier.com\/es\/wp-json\/wp\/v2\/comments?post=8735"}],"version-history":[{"count":2,"href":"https:\/\/www.klasmeier.com\/es\/wp-json\/wp\/v2\/pages\/8735\/revisions"}],"predecessor-version":[{"id":11610,"href":"https:\/\/www.klasmeier.com\/es\/wp-json\/wp\/v2\/pages\/8735\/revisions\/11610"}],"up":[{"embeddable":true,"href":"https:\/\/www.klasmeier.com\/es\/wp-json\/wp\/v2\/pages\/8701"}],"wp:attachment":[{"href":"https:\/\/www.klasmeier.com\/es\/wp-json\/wp\/v2\/media?parent=8735"}],"curies":[{"name":"wp","href":"https:\/\/api.w.org\/{rel}","templated":true}]}}