{"id":8726,"date":"2024-03-21T08:07:52","date_gmt":"2024-03-21T07:07:52","guid":{"rendered":"https:\/\/www.klasmeier.com\/?page_id=8726"},"modified":"2025-04-02T11:26:50","modified_gmt":"2025-04-02T09:26:50","slug":"klasmeiercloud","status":"publish","type":"page","link":"https:\/\/www.klasmeier.com\/es\/empresa\/klasmeiercloud\/","title":{"rendered":"KlasmeierCloud"},"content":{"rendered":"\n<div class=\"wp-block-group alignfull has-global-padding is-layout-constrained wp-container-core-group-is-layout-c66841cd wp-block-group-is-layout-constrained\" style=\"padding-top:var(--wp--preset--spacing--30);padding-right:var(--wp--preset--spacing--30);padding-bottom:var(--wp--preset--spacing--30);padding-left:var(--wp--preset--spacing--30)\">\n<figure class=\"wp-block-image size-full has-custom-border\"><img loading=\"lazy\" decoding=\"async\" width=\"671\" height=\"86\" src=\"https:\/\/www.klasmeier.com\/wp-content\/uploads\/KlasmeierCloud.png\" alt=\"\" class=\"wp-image-3223\" style=\"border-radius:25px\" srcset=\"https:\/\/www.klasmeier.com\/wp-content\/uploads\/KlasmeierCloud.png 671w, https:\/\/www.klasmeier.com\/wp-content\/uploads\/KlasmeierCloud-300x38.png 300w, https:\/\/www.klasmeier.com\/wp-content\/uploads\/KlasmeierCloud-600x77.png 600w\" sizes=\"auto, (max-width: 671px) 100vw, 671px\" \/><\/figure>\n\n\n\n<h2 class=\"wp-block-heading alignwide has-text-align-center has-x-large-font-size\"><strong><strong>Nuestro Archivo Digital<\/strong><\/strong><\/h2>\n\n\n\n<h3 class=\"wp-block-heading alignwide has-text-align-center\"><strong><strong>Documentos de calibraci\u00f3n, contactos y toda la informaci\u00f3n importante sobre nuestros productos<\/strong><\/strong><\/h3>\n\n\n\n<div class=\"wp-block-group alignwide has-global-padding is-layout-constrained wp-container-core-group-is-layout-530ec779 wp-block-group-is-layout-constrained\" style=\"font-size:clamp(0.875rem, 0.875rem + ((1vw - 0.2rem) * 0.708), 1.3rem);\">\n<p>Con un clic en el archivo digital: todos los documentos de calibraci\u00f3n y otra informaci\u00f3n relevante acerca de los productos calibrados por Klasmeier se encuentran en la Klasmeier Cloud, disponibles por tiempo ilimitado y de manera totalmente gratuita.<\/p>\n\n\n\n<p>\n      <mark style=\"background-color:rgba(0, 0, 0, 0);color:#dd3333\" class=\"has-inline-color\"><i class=\"fas fa-circle-check\"><\/i><\/mark>\n      <strong> R\u00e1pido y sencillo<br><\/strong>\n      No m\u00e1s b\u00fasquedas prolongadas de la carpeta adecuada, ni gasto innecesario de papel: mediante el c\u00f3digo QR que los clientes encuentran directamente en todos los equipos calibrados por Klasmeier, pueden acceder de forma r\u00e1pida y sencilla al archivo digital, donde se encuentran disponibles de forma clara todos los datos relevantes sobre los productos.\n    <\/p>\n\n\n\n<p>\n      <mark style=\"background-color:rgba(0, 0, 0, 0);color:#dd3333\" class=\"has-inline-color\"><i class=\"fas fa-circle-check\"><\/i><\/mark>\n      <strong> Persona de contacto en Klasmeier<br><\/strong>\n      Adem\u00e1s de los certificados de calibraci\u00f3n, en la Klasmeier Cloud tambi\u00e9n se listan las personas de contacto en Klasmeier correspondientes que estar\u00e1n encantadas de ayudar en caso de consultas, incluso mucho tiempo despu\u00e9s.\n    <\/p>\n\n\n\n<p>\n      <mark style=\"background-color:rgba(0, 0, 0, 0);color:#dd3333\" class=\"has-inline-color\"><i class=\"fas fa-circle-check\"><\/i><\/mark>\n      <strong> Disponible en todos los dispositivos<br><\/strong>\n      Los documentos de la Klasmeier Cloud se pueden consultar desde cualquier dispositivo m\u00f3vil, ya sea en la oficina mediante PC o en movimiento con tel\u00e9fono o tablet. El archivo est\u00e1 configurado de acuerdo con el Reglamento General de Protecci\u00f3n de Datos (RGPD) de la UE, garantizando as\u00ed todas las ventajas legales para los usuarios.\n    <\/p>\n\n\n\n<p>Si a pesar de todo prefiere recibir los documentos de calibraci\u00f3n en formato papel, puede solicitarlos de forma gratuita.<\/p>\n<\/div>\n<\/div>\n\n\n\n<div class=\"wp-block-group alignfull has-global-padding is-layout-constrained wp-container-core-group-is-layout-dffbd562 wp-block-group-is-layout-constrained\" style=\"padding-top:var(--wp--preset--spacing--30);padding-right:var(--wp--preset--spacing--30);padding-bottom:var(--wp--preset--spacing--30);padding-left:var(--wp--preset--spacing--30)\">\n<h3 class=\"wp-block-heading alignwide has-text-align-center\"><strong><strong>Ventajas de un vistazo<\/strong><\/strong><\/h3>\n\n\n\n<div class=\"wp-block-columns alignwide are-vertically-aligned-top is-layout-flex wp-container-core-columns-is-layout-38638728 wp-block-columns-is-layout-flex\" style=\"margin-top:var(--wp--preset--spacing--40);margin-bottom:var(--wp--preset--spacing--40);padding-top:0;padding-right:0;padding-bottom:0;padding-left:0\">\n<div class=\"wp-block-column is-vertically-aligned-top hvr-grow is-layout-flow wp-block-column-is-layout-flow\" style=\"padding-top:0;padding-bottom:0\">\n<div class=\"wp-block-group has-accent-background-color has-background is-vertical is-content-justification-center is-layout-flex wp-container-core-group-is-layout-4fac4482 wp-block-group-is-layout-flex\" style=\"border-radius:50px;padding-top:var(--wp--preset--spacing--30);padding-right:var(--wp--preset--spacing--30);padding-bottom:var(--wp--preset--spacing--30);padding-left:var(--wp--preset--spacing--30)\">\n<p>\n          <mark style=\"background-color:rgba(0, 0, 0, 0);color:#dd3333\" class=\"has-inline-color\"><i class=\"fas fa-leaf fa-6x\"><\/i><\/mark>\n        <\/p>\n\n\n\n<p class=\"has-text-align-center has-large-font-size\"><strong>Ecol\u00f3gico<\/strong><\/p>\n\n\n\n<p class=\"has-text-align-center\" style=\"font-size:clamp(0.875rem, 0.875rem + ((1vw - 0.2rem) * 0.708), 1.3rem);\">La digitalizaci\u00f3n de documentos reduce el consumo de papel y, por ende, ayuda a cuidar el medio ambiente.<\/p>\n<\/div>\n<\/div>\n\n\n\n<div class=\"wp-block-column is-vertically-aligned-top hvr-grow is-layout-flow wp-block-column-is-layout-flow\">\n<div class=\"wp-block-group has-accent-background-color has-background is-vertical is-content-justification-center is-layout-flex wp-container-core-group-is-layout-4fac4482 wp-block-group-is-layout-flex\" style=\"border-radius:50px;padding-top:var(--wp--preset--spacing--30);padding-right:var(--wp--preset--spacing--30);padding-bottom:var(--wp--preset--spacing--30);padding-left:var(--wp--preset--spacing--30)\">\n<p>\n          <mark style=\"background-color:rgba(0, 0, 0, 0);color:#dd3333\" class=\"has-inline-color\"><i class=\"fas fa-clock fa-6x\"><\/i><\/mark>\n        <\/p>\n\n\n\n<p class=\"has-text-align-center has-large-font-size\"><strong>R\u00e1pido y ahorra tiempo<\/strong><\/p>\n\n\n\n<p class=\"has-text-align-center\" style=\"font-size:clamp(0.875rem, 0.875rem + ((1vw - 0.2rem) * 0.708), 1.3rem);\">No pierda tiempo buscando certificados de calibraci\u00f3n: en la nube, todos los documentos est\u00e1n organizados de forma clara.<\/p>\n<\/div>\n<\/div>\n<\/div>\n\n\n\n<div class=\"wp-block-columns alignwide are-vertically-aligned-top is-layout-flex wp-container-core-columns-is-layout-38638728 wp-block-columns-is-layout-flex\" style=\"margin-top:var(--wp--preset--spacing--40);margin-bottom:var(--wp--preset--spacing--40);padding-top:0;padding-right:0;padding-bottom:0;padding-left:0\">\n<div class=\"wp-block-column is-vertically-aligned-top hvr-grow is-layout-flow wp-block-column-is-layout-flow\" style=\"padding-top:0;padding-bottom:0\">\n<div class=\"wp-block-group has-accent-background-color has-background is-vertical is-content-justification-center is-layout-flex wp-container-core-group-is-layout-4fac4482 wp-block-group-is-layout-flex\" style=\"border-radius:50px;padding-top:var(--wp--preset--spacing--30);padding-right:var(--wp--preset--spacing--30);padding-bottom:var(--wp--preset--spacing--30);padding-left:var(--wp--preset--spacing--30)\">\n<p>\n          <mark style=\"background-color:rgba(0, 0, 0, 0);color:#dd3333\" class=\"has-inline-color\"><i class=\"fas fa-cloud-download fa-6x\"><\/i><\/mark>\n        <\/p>\n\n\n\n<p class=\"has-text-align-center has-large-font-size\"><strong>Multiplataforma<\/strong><\/p>\n\n\n\n<p class=\"has-text-align-center\" style=\"font-size:clamp(0.875rem, 0.875rem + ((1vw - 0.2rem) * 0.708), 1.3rem);\">Puede acceder a sus documentos en la nube desde cualquier dispositivo.<\/p>\n<\/div>\n<\/div>\n\n\n\n<div class=\"wp-block-column is-vertically-aligned-top hvr-grow is-layout-flow wp-block-column-is-layout-flow\">\n<div class=\"wp-block-group has-accent-background-color has-background is-vertical is-content-justification-center is-layout-flex wp-container-core-group-is-layout-2cdb2f0c wp-block-group-is-layout-flex\" style=\"border-radius:50px;margin-top:0;margin-bottom:0;padding-top:var(--wp--preset--spacing--30);padding-right:var(--wp--preset--spacing--30);padding-bottom:var(--wp--preset--spacing--30);padding-left:var(--wp--preset--spacing--30)\">\n<p>\n          <mark style=\"background-color:rgba(0, 0, 0, 0);color:#dd3333\" class=\"has-inline-color\"><i class=\"fas fa-folder fa-6x\"><\/i><\/mark>\n        <\/p>\n\n\n\n<p class=\"has-text-align-center has-large-font-size\"><strong>Cumple RGPD<\/strong><\/p>\n\n\n\n<p class=\"has-text-align-center\" style=\"font-size:clamp(0.875rem, 0.875rem + ((1vw - 0.2rem) * 0.708), 1.3rem);\">Archivo conforme al RGPD para todos sus documentos de calibraci\u00f3n.<\/p>\n<\/div>\n<\/div>\n<\/div>\n<\/div>\n\n\n\n<div class=\"wp-block-group alignfull has-accent-background-color has-background has-global-padding is-layout-constrained wp-container-core-group-is-layout-a87bbb62 wp-block-group-is-layout-constrained\" style=\"padding-top:var(--wp--preset--spacing--30);padding-right:var(--wp--preset--spacing--30);padding-bottom:var(--wp--preset--spacing--30);padding-left:var(--wp--preset--spacing--30)\">\n<h3 class=\"wp-block-heading alignwide has-text-align-center\"><strong><strong>As\u00ed funciona<\/strong><\/strong><\/h3>\n\n\n\n<div class=\"wp-block-columns alignwide is-layout-flex wp-container-core-columns-is-layout-eeddd1a4 wp-block-columns-is-layout-flex\">\n<div class=\"wp-block-column is-vertically-aligned-stretch is-layout-flow wp-container-core-column-is-layout-25092537 wp-block-column-is-layout-flow\" style=\"padding-right:var(--wp--preset--spacing--30);padding-left:0\">\n<div class=\"wp-block-group is-vertical is-content-justification-center is-layout-flex wp-container-core-group-is-layout-2cec4ef0 wp-block-group-is-layout-flex\" style=\"min-height:100%\">\n<figure class=\"wp-block-image size-full has-custom-border hvr-grow\"><img loading=\"lazy\" decoding=\"async\" width=\"392\" height=\"460\" src=\"https:\/\/www.klasmeier.com\/wp-content\/uploads\/2024\/03\/klasmeier.cloud-grey-background.png\" alt=\"\" class=\"wp-image-1691\" style=\"border-radius:50px\" srcset=\"https:\/\/www.klasmeier.com\/wp-content\/uploads\/2024\/03\/klasmeier.cloud-grey-background.png 392w, https:\/\/www.klasmeier.com\/wp-content\/uploads\/2024\/03\/klasmeier.cloud-grey-background-256x300.png 256w\" sizes=\"auto, (max-width: 392px) 100vw, 392px\" \/><\/figure>\n\n\n\n<h3 class=\"wp-block-heading\" style=\"writing-mode:horizontal-tb\">Escanee el c\u00f3digo QR en su equipo&#8230;<\/h3>\n<\/div>\n<\/div>\n\n\n\n<div class=\"wp-block-column is-vertically-aligned-center is-layout-flow wp-block-column-is-layout-flow\">\n<div class=\"wp-block-group is-vertical is-content-justification-center is-layout-flex wp-container-core-group-is-layout-e52c553a wp-block-group-is-layout-flex\" style=\"min-height:100%;padding-left:var(--wp--preset--spacing--30)\">\n<figure class=\"wp-block-image size-full has-custom-border hvr-grow wp-duotone-unset-2\"><img loading=\"lazy\" decoding=\"async\" width=\"364\" height=\"700\" src=\"https:\/\/www.klasmeier.com\/wp-content\/uploads\/2024\/03\/Klasmeier-Cloud-grey-background.jpg\" alt=\"\" class=\"wp-image-1693\" style=\"border-style:none;border-width:0px;border-radius:50px\" srcset=\"https:\/\/www.klasmeier.com\/wp-content\/uploads\/2024\/03\/Klasmeier-Cloud-grey-background.jpg 364w, https:\/\/www.klasmeier.com\/wp-content\/uploads\/2024\/03\/Klasmeier-Cloud-grey-background-156x300.jpg 156w\" sizes=\"auto, (max-width: 364px) 100vw, 364px\" \/><\/figure>\n\n\n\n<h3 class=\"wp-block-heading\">&#8230;\u00a1y tendr\u00e1 acceso a sus documentos de calibraci\u00f3n digitales en la Klasmeier Cloud!<\/h3>\n<\/div>\n<\/div>\n<\/div>\n<\/div>\n\n\n\n<div class=\"wp-block-group alignfull has-global-padding is-layout-constrained wp-container-core-group-is-layout-c035952e wp-block-group-is-layout-constrained\" style=\"padding-top:var(--wp--preset--spacing--30);padding-right:var(--wp--preset--spacing--30);padding-bottom:var(--wp--preset--spacing--30);padding-left:var(--wp--preset--spacing--30)\">\n<h3 class=\"wp-block-heading alignwide\">\u00bfDesea recibir sus documentos de calibraci\u00f3n en papel?<\/h3>\n\n\n\n<p style=\"font-size:clamp(0.875rem, 0.875rem + ((1vw - 0.2rem) * 0.708), 1.3rem);line-height:2.5\"><strong>Entonces puede solicitarlos de forma gratuita:<\/strong><\/p>\n\n\n\n<p style=\"line-height:0.9\">\n    <mark style=\"background-color:rgba(0, 0, 0, 0);color:#dd3333\" class=\"has-inline-color\"><i class=\"fas fa-cloud-download\"><\/i><\/mark>\n    &nbsp; de la forma m\u00e1s sencilla en la Klasmeier Cloud mediante el c\u00f3digo QR que aparece en su equipo\n  <\/p>\n\n\n\n<p style=\"line-height:0.9\"><mark style=\"background-color:rgba(0, 0, 0, 0);color:#dd3333\" class=\"has-inline-color\"><i class=\"fas fa-desktop\"><\/i><\/mark> \u00a0 en nuestra p\u00e1gina web:\u00a0<a href=\"https:\/\/www.klasmeier.com\/es\/kalibrierdokumente\">www.klasmeier.com\/es\/kalibrierdokumente<\/a><\/p>\n\n\n\n<p style=\"line-height:0.9\">\n    <mark style=\"background-color:rgba(0, 0, 0, 0);color:#dd3333\" class=\"has-inline-color\"><i class=\"fas fa-phone\"><\/i><\/mark>\n    &nbsp; por tel\u00e9fono al 0661 380940-0\n  <\/p>\n\n\n\n<p style=\"line-height:2\"><strong>Le enviaremos su documentaci\u00f3n por correo en unos pocos d\u00edas.<\/strong><\/p>\n<\/div>\n","protected":false},"excerpt":{"rendered":"<p>Nuestro Archivo Digital Documentos de calibraci\u00f3n, contactos y toda la informaci\u00f3n importante sobre nuestros productos Con un clic en el archivo digital: todos los documentos de calibraci\u00f3n y otra informaci\u00f3n relevante acerca de los productos calibrados por Klasmeier se encuentran en la Klasmeier Cloud, disponibles por tiempo ilimitado y de manera totalmente gratuita. R\u00e1pido y [&hellip;]<\/p>\n","protected":false},"author":4,"featured_media":0,"parent":8701,"menu_order":0,"comment_status":"closed","ping_status":"closed","template":"","meta":{"footnotes":""},"class_list":["post-8726","page","type-page","status-publish","hentry"],"_links":{"self":[{"href":"https:\/\/www.klasmeier.com\/es\/wp-json\/wp\/v2\/pages\/8726","targetHints":{"allow":["GET"]}}],"collection":[{"href":"https:\/\/www.klasmeier.com\/es\/wp-json\/wp\/v2\/pages"}],"about":[{"href":"https:\/\/www.klasmeier.com\/es\/wp-json\/wp\/v2\/types\/page"}],"author":[{"embeddable":true,"href":"https:\/\/www.klasmeier.com\/es\/wp-json\/wp\/v2\/users\/4"}],"replies":[{"embeddable":true,"href":"https:\/\/www.klasmeier.com\/es\/wp-json\/wp\/v2\/comments?post=8726"}],"version-history":[{"count":3,"href":"https:\/\/www.klasmeier.com\/es\/wp-json\/wp\/v2\/pages\/8726\/revisions"}],"predecessor-version":[{"id":11611,"href":"https:\/\/www.klasmeier.com\/es\/wp-json\/wp\/v2\/pages\/8726\/revisions\/11611"}],"up":[{"embeddable":true,"href":"https:\/\/www.klasmeier.com\/es\/wp-json\/wp\/v2\/pages\/8701"}],"wp:attachment":[{"href":"https:\/\/www.klasmeier.com\/es\/wp-json\/wp\/v2\/media?parent=8726"}],"curies":[{"name":"wp","href":"https:\/\/api.w.org\/{rel}","templated":true}]}}