{"id":8718,"date":"2024-03-12T16:53:26","date_gmt":"2024-03-12T15:53:26","guid":{"rendered":"https:\/\/www.klasmeier.com\/?page_id=8718"},"modified":"2025-05-08T13:16:51","modified_gmt":"2025-05-08T11:16:51","slug":"empleos-carrera","status":"publish","type":"page","link":"https:\/\/www.klasmeier.com\/es\/empresa\/empleos-carrera\/","title":{"rendered":"Empleos\/Carrera"},"content":{"rendered":"\n<div class=\"wp-block-group alignfull has-global-padding is-layout-constrained wp-container-core-group-is-layout-a87bbb62 wp-block-group-is-layout-constrained\" style=\"padding-top:var(--wp--preset--spacing--30);padding-right:var(--wp--preset--spacing--30);padding-bottom:var(--wp--preset--spacing--30);padding-left:var(--wp--preset--spacing--30)\">\n<h3 class=\"wp-block-heading alignwide\"><strong><strong>Empleos\/Carrera<\/strong><\/strong><\/h3>\n\n\n\n<figure class=\"wp-block-image alignwide size-full has-custom-border\"><img loading=\"lazy\" decoding=\"async\" width=\"1387\" height=\"871\" src=\"https:\/\/www.klasmeier.com\/wp-content\/uploads\/2024\/04\/KK-team.png\" alt=\"\" class=\"wp-image-2137\" style=\"border-radius:50px\" srcset=\"https:\/\/www.klasmeier.com\/wp-content\/uploads\/2024\/04\/KK-team.png 1387w, https:\/\/www.klasmeier.com\/wp-content\/uploads\/2024\/04\/KK-team-300x188.png 300w, https:\/\/www.klasmeier.com\/wp-content\/uploads\/2024\/04\/KK-team-1024x643.png 1024w, https:\/\/www.klasmeier.com\/wp-content\/uploads\/2024\/04\/KK-team-768x482.png 768w, https:\/\/www.klasmeier.com\/wp-content\/uploads\/2024\/04\/KK-team-600x377.png 600w\" sizes=\"auto, (max-width: 1387px) 100vw, 1387px\" \/><\/figure>\n\n\n\n<h3 class=\"wp-block-heading alignwide has-text-align-center\"><strong><strong>Trabajar en la empresa familiar Klasmeier<\/strong><\/strong><\/h3>\n\n\n\n<p class=\"has-text-align-left\">En Klasmeier Kalibrier- und Messtechnik GmbH combinamos tradici\u00f3n e innovaci\u00f3n, esp\u00edritu de equipo y creatividad, precisi\u00f3n y flexibilidad. Somos una empresa familiar y eso se nota. Nos apoyamos mutuamente en el equipo y valoramos un ambiente de trabajo agradable. Fundada en 1986 por Peter Klasmeier, con Thomas Klasmeier, la segunda generaci\u00f3n aporta conocimientos y nuevas ideas a la empresa. Nos desarrollamos continuamente, estamos abiertos a innovaciones y siempre tenemos en cuenta la sostenibilidad.<\/p>\n\n\n\n<div class=\"wp-block-buttons is-content-justification-center is-layout-flex wp-container-core-buttons-is-layout-a89b3969 wp-block-buttons-is-layout-flex\">\n<div class=\"wp-block-button hvr-shrink\"><a class=\"wp-block-button__link wp-element-button\" href=\"https:\/\/www.klasmeier.com\/es\/empresa\/perfil-de-la-empresa\/\" style=\"padding-top:var(--wp--preset--spacing--10);padding-right:var(--wp--preset--spacing--20);padding-bottom:var(--wp--preset--spacing--10);padding-left:var(--wp--preset--spacing--20)\">Ir al perfil de la empresa<\/a><\/div>\n<\/div>\n<\/div>\n\n\n\n<div class=\"wp-block-group alignwide has-accent-background-color has-background is-vertical is-content-justification-center is-layout-flex wp-container-core-group-is-layout-e14aaaa0 wp-block-group-is-layout-flex\" style=\"border-radius:50px;padding-top:var(--wp--preset--spacing--40);padding-right:var(--wp--preset--spacing--20);padding-bottom:var(--wp--preset--spacing--40);padding-left:var(--wp--preset--spacing--20)\">\n<h3 class=\"wp-block-heading alignwide has-text-align-center\"><strong><strong>Tenga en cuenta que nuestras ofertas de empleo actuales est\u00e1n disponibles exclusivamente en la\u00a0<a href=\"https:\/\/www.klasmeier.com\/es\/empresa\/empleos-carrera\/\">p\u00e1gina de empleo en alem\u00e1n<\/a>.<\/strong><\/strong><\/h3>\n<\/div>\n\n\n\n<div class=\"wp-block-group alignfull has-global-padding is-layout-constrained wp-container-core-group-is-layout-f90d3be4 wp-block-group-is-layout-constrained\" style=\"padding-top:var(--wp--preset--spacing--40);padding-right:var(--wp--preset--spacing--30);padding-bottom:var(--wp--preset--spacing--40);padding-left:var(--wp--preset--spacing--30)\">\n<h3 class=\"wp-block-heading alignwide has-text-align-center\"><strong><strong>Solicitudes espont\u00e1neas<\/strong><\/strong><\/h3>\n\n\n\n<div class=\"wp-block-columns alignwide is-layout-flex wp-container-core-columns-is-layout-28f84493 wp-block-columns-is-layout-flex\">\n<div class=\"wp-block-column is-vertically-aligned-center is-layout-flow wp-container-core-column-is-layout-f5bb311e wp-block-column-is-layout-flow\" style=\"flex-basis:70%\">\n<p style=\"font-size:clamp(0.875rem, 0.875rem + ((1vw - 0.2rem) * 0.708), 1.3rem);\">\u00bfNo encontr\u00f3 la oferta adecuada en nuestras vacantes actuales? Tal vez haya una oportunidad para usted en el futuro. Si es un entusiasta de la tecnolog\u00eda y le gustar\u00eda trabajar en un equipo joven y creativo, estaremos encantados de recibir su solicitud espont\u00e1nea.<\/p>\n\n\n\n<p style=\"font-size:clamp(0.875rem, 0.875rem + ((1vw - 0.2rem) * 0.708), 1.3rem);\">Por favor, env\u00ede su solicitud detallada a:<\/p>\n\n\n\n<div class=\"wp-block-group is-content-justification-center is-nowrap is-layout-flex wp-container-core-group-is-layout-23441af8 wp-block-group-is-layout-flex\">\n<p>Aviso: Actualmente solo aceptamos solicitudes a trav\u00e9s de nuestra\u00a0<a href=\"https:\/\/www.klasmeier.com\/es\/empresa\/empleos-carrera\/\">p\u00e1gina de empleo en alem\u00e1n<\/a><\/p>\n<\/div>\n<\/div>\n\n\n\n<div class=\"wp-block-column is-vertically-aligned-center is-layout-flow wp-block-column-is-layout-flow\" style=\"flex-basis:30%\">\n<figure class=\"wp-block-image aligncenter has-custom-border hvr-grow\"><img loading=\"lazy\" decoding=\"async\" width=\"300\" height=\"292\" src=\"https:\/\/www.klasmeier.com\/wp-content\/uploads\/2024\/03\/Klasmeier-Schulungen-300x292-1.jpg\" alt=\"\" class=\"wp-image-1645\" style=\"border-radius:50px\"\/><\/figure>\n<\/div>\n<\/div>\n<\/div>\n","protected":false},"excerpt":{"rendered":"<p>Empleos\/Carrera Trabajar en la empresa familiar Klasmeier En Klasmeier Kalibrier- und Messtechnik GmbH combinamos tradici\u00f3n e innovaci\u00f3n, esp\u00edritu de equipo y creatividad, precisi\u00f3n y flexibilidad. Somos una empresa familiar y eso se nota. Nos apoyamos mutuamente en el equipo y valoramos un ambiente de trabajo agradable. Fundada en 1986 por Peter Klasmeier, con Thomas Klasmeier, [&hellip;]<\/p>\n","protected":false},"author":4,"featured_media":0,"parent":8701,"menu_order":0,"comment_status":"closed","ping_status":"closed","template":"","meta":{"footnotes":""},"class_list":["post-8718","page","type-page","status-publish","hentry"],"_links":{"self":[{"href":"https:\/\/www.klasmeier.com\/es\/wp-json\/wp\/v2\/pages\/8718","targetHints":{"allow":["GET"]}}],"collection":[{"href":"https:\/\/www.klasmeier.com\/es\/wp-json\/wp\/v2\/pages"}],"about":[{"href":"https:\/\/www.klasmeier.com\/es\/wp-json\/wp\/v2\/types\/page"}],"author":[{"embeddable":true,"href":"https:\/\/www.klasmeier.com\/es\/wp-json\/wp\/v2\/users\/4"}],"replies":[{"embeddable":true,"href":"https:\/\/www.klasmeier.com\/es\/wp-json\/wp\/v2\/comments?post=8718"}],"version-history":[{"count":3,"href":"https:\/\/www.klasmeier.com\/es\/wp-json\/wp\/v2\/pages\/8718\/revisions"}],"predecessor-version":[{"id":11965,"href":"https:\/\/www.klasmeier.com\/es\/wp-json\/wp\/v2\/pages\/8718\/revisions\/11965"}],"up":[{"embeddable":true,"href":"https:\/\/www.klasmeier.com\/es\/wp-json\/wp\/v2\/pages\/8701"}],"wp:attachment":[{"href":"https:\/\/www.klasmeier.com\/es\/wp-json\/wp\/v2\/media?parent=8718"}],"curies":[{"name":"wp","href":"https:\/\/api.w.org\/{rel}","templated":true}]}}