{"id":8710,"date":"2024-03-12T16:55:17","date_gmt":"2024-03-12T15:55:17","guid":{"rendered":"https:\/\/www.klasmeier.com\/?page_id=8710"},"modified":"2025-02-04T08:53:23","modified_gmt":"2025-02-04T07:53:23","slug":"sobre-nosotros","status":"publish","type":"page","link":"https:\/\/www.klasmeier.com\/es\/empresa\/sobre-nosotros\/","title":{"rendered":"Sobre Nosotros"},"content":{"rendered":"\n<div class=\"wp-block-group alignwide has-global-padding is-layout-constrained wp-container-core-group-is-layout-2ce15999 wp-block-group-is-layout-constrained\" style=\"padding-top:var(--wp--preset--spacing--30);padding-bottom:var(--wp--preset--spacing--30)\">\n<figure class=\"wp-block-image alignwide size-full has-custom-border\"><img loading=\"lazy\" decoding=\"async\" width=\"1500\" height=\"1000\" src=\"https:\/\/www.klasmeier.com\/wp-content\/uploads\/2024\/03\/Ueber-Uns-Klasmeier-Team-1-1.jpg\" alt=\"\" class=\"wp-image-1435\" style=\"border-radius:50px\" srcset=\"https:\/\/www.klasmeier.com\/wp-content\/uploads\/2024\/03\/Ueber-Uns-Klasmeier-Team-1-1.jpg 1500w, https:\/\/www.klasmeier.com\/wp-content\/uploads\/2024\/03\/Ueber-Uns-Klasmeier-Team-1-1-300x200.jpg 300w, https:\/\/www.klasmeier.com\/wp-content\/uploads\/2024\/03\/Ueber-Uns-Klasmeier-Team-1-1-1024x683.jpg 1024w, https:\/\/www.klasmeier.com\/wp-content\/uploads\/2024\/03\/Ueber-Uns-Klasmeier-Team-1-1-768x512.jpg 768w, https:\/\/www.klasmeier.com\/wp-content\/uploads\/2024\/03\/Ueber-Uns-Klasmeier-Team-1-1-600x400.jpg 600w\" sizes=\"auto, (max-width: 1500px) 100vw, 1500px\" \/><\/figure>\n\n\n\n<h2 class=\"wp-block-heading alignwide has-text-align-center has-x-large-font-size\"><strong>Mida de forma segura y precisa \u2013 con nosotros a su lado<\/strong><\/h2>\n<\/div>\n\n\n\n<div class=\"wp-block-group alignfull has-accent-background-color has-background has-global-padding is-layout-constrained wp-container-core-group-is-layout-c66841cd wp-block-group-is-layout-constrained\" style=\"padding-top:var(--wp--preset--spacing--30);padding-right:var(--wp--preset--spacing--30);padding-bottom:var(--wp--preset--spacing--30);padding-left:var(--wp--preset--spacing--30)\">\n<div class=\"wp-block-group alignwide has-global-padding is-layout-constrained wp-block-group-is-layout-constrained\">\n<div class=\"wp-block-group alignwide is-nowrap is-layout-flex wp-container-core-group-is-layout-fc054d2d wp-block-group-is-layout-flex\">\n<blockquote class=\"wp-block-quote is-style-plain wp-container-content-9cfa9a5a is-layout-flow wp-block-quote-is-layout-flow is-style-plain--1\" style=\"font-size:clamp(14px, 0.875rem + ((1vw - 3.2px) * 0.521), 19px);\">\n<div class=\"wp-block-columns is-layout-flex wp-container-core-columns-is-layout-28f84493 wp-block-columns-is-layout-flex\">\n<div class=\"wp-block-column is-layout-flow wp-block-column-is-layout-flow\" style=\"flex-basis:66.66%\">\n<p id=\"block-f8609b11-d672-4073-bfc2-8a74bfaee9d1\"><br>\u201cEn el <strong>mundo de la metrolog\u00eda y la ingenier\u00eda<\/strong> encontr\u00e9 mi vocaci\u00f3n. Desde hace m\u00e1s de dos d\u00e9cadas, me dedico con pasi\u00f3n a la <strong>medici\u00f3n de temperatura de alta precisi\u00f3n y a la calibraci\u00f3n de term\u00f3metros<\/strong>.<br>Nuestra empresa se especializa en diversos aspectos de la <strong>medici\u00f3n y calibraci\u00f3n de temperatura<\/strong>. Desde la <strong>instalaci\u00f3n de laboratorios de calibraci\u00f3n de \u00faltima generaci\u00f3n<\/strong> y el <strong>servicio de calibraci\u00f3n acreditado DAkkS<\/strong>, hasta la <strong>fabricaci\u00f3n de term\u00f3metros de precisi\u00f3n<\/strong> en nuestra propia manufactura, lo hacemos todo con mucho entusiasmo.<\/p>\n<\/div>\n\n\n\n<div class=\"wp-block-column is-layout-flow wp-block-column-is-layout-flow\" style=\"flex-basis:33.33%\">\n<figure class=\"wp-block-image size-full has-custom-border\"><img loading=\"lazy\" decoding=\"async\" width=\"500\" height=\"333\" src=\"https:\/\/www.klasmeier.com\/wp-content\/uploads\/2024\/03\/TK.png\" alt=\"\" class=\"wp-image-1440\" style=\"border-radius:30px\" srcset=\"https:\/\/www.klasmeier.com\/wp-content\/uploads\/2024\/03\/TK.png 500w, https:\/\/www.klasmeier.com\/wp-content\/uploads\/2024\/03\/TK-300x200.png 300w\" sizes=\"auto, (max-width: 500px) 100vw, 500px\" \/><\/figure>\n<\/div>\n<\/div>\n\n\n\n<p><br>Me alegra <strong>compartir mis conocimientos en seminarios con empleados de laboratorios de calibraci\u00f3n, jefes de laboratorio, ingenieros de proyectos y desarrolladores<\/strong>. Doy gran importancia a no presentar solo hechos te\u00f3ricos, sino a usar ejemplos pr\u00e1cticos de nuestro d\u00eda a d\u00eda en el laboratorio para transmitir mi pasi\u00f3n por esta \u00e1rea. Estoy convencido de que aprender es m\u00e1s efectivo y mucho m\u00e1s divertido cuando nos apoyamos mutuamente.\u201d<\/p>\n<cite><strong>Thomas Klasmeier<br><\/strong>Director de Klasmeier Kalibrier- und Messtechnik GmbH<\/cite><\/blockquote>\n<\/div>\n<\/div>\n<\/div>\n\n\n\n<div class=\"wp-block-group alignfull has-global-padding is-layout-constrained wp-block-group-is-layout-constrained\" style=\"padding-top:var(--wp--preset--spacing--30);padding-bottom:var(--wp--preset--spacing--30)\">\n<h2 class=\"wp-block-heading alignwide has-text-align-center\"><strong>As\u00ed le ayudamos con sus tareas de medici\u00f3n:<\/strong><\/h2>\n\n\n\n<div class=\"wp-block-columns alignwide are-vertically-aligned-top is-layout-flex wp-container-core-columns-is-layout-53e754d2 wp-block-columns-is-layout-flex\" style=\"margin-top:var(--wp--preset--spacing--40);margin-bottom:var(--wp--preset--spacing--40);padding-top:var(--wp--preset--spacing--30);padding-right:var(--wp--preset--spacing--30);padding-bottom:var(--wp--preset--spacing--30);padding-left:var(--wp--preset--spacing--30)\">\n<div class=\"wp-block-column is-vertically-aligned-top hvr-grow is-layout-flow wp-block-column-is-layout-flow\" style=\"padding-top:0;padding-bottom:0\">\n<div class=\"wp-block-group has-accent-background-color has-background is-vertical is-content-justification-center is-layout-flex wp-container-core-group-is-layout-4fac4482 wp-block-group-is-layout-flex\" style=\"border-radius:50px;padding-top:var(--wp--preset--spacing--30);padding-right:var(--wp--preset--spacing--30);padding-bottom:var(--wp--preset--spacing--30);padding-left:var(--wp--preset--spacing--30)\">\n<p><mark style=\"background-color:rgba(0, 0, 0, 0);color:#dd3333\" class=\"has-inline-color\"><i class=\"fas fa-temperature-half fa-solid temperature-half fa-6x\"><\/i><\/mark><\/p>\n\n\n\n<p class=\"has-text-align-center has-large-font-size\"><strong>Instalaciones de calibraci\u00f3n<\/strong><\/p>\n\n\n\n<p><mark style=\"background-color:rgba(0, 0, 0, 0);color:#dd3333\" class=\"has-inline-color\"><i class=\"fas fa-circle-check\"><\/i><\/mark> <strong>Amplios conocimientos sobre productos<\/strong><br>Distribuimos <strong>productos de calibraci\u00f3n de un \u00fanico fabricante<\/strong>. Esto nos permite ofrecerle un <strong>asesoramiento experto<\/strong> y apoyo, ya que conocemos a fondo lo que los equipos pueden (y no pueden) hacer. As\u00ed puede evaluar mejor los productos y elegir exactamente los que mejor se adapten a sus requisitos.<\/p>\n\n\n\n<p><mark style=\"background-color:rgba(0, 0, 0, 0);color:#dd3333\" class=\"has-inline-color\"><i class=\"fas fa-circle-check\"><\/i><\/mark> <strong>Experiencia pr\u00e1ctica en el uso<\/strong><br>Utilizamos los productos de ISOTECH en nuestro propio laboratorio. Gracias a ello contamos con <strong>experiencia pr\u00e1ctica<\/strong> y podemos darle consejos e informaci\u00f3n valiosa sobre <strong>c\u00f3mo aprovechar al m\u00e1ximo<\/strong> estos productos.<\/p>\n\n\n\n<p><mark style=\"background-color:rgba(0, 0, 0, 0);color:#dd3333\" class=\"has-inline-color\"><i class=\"fas fa-circle-check\"><\/i><\/mark> <strong>Opciones de reparaci\u00f3n eficientes<\/strong><br>Disponemos de los conocimientos y la capacidad para realizar muchas <strong>reparaciones nosotros mismos<\/strong>. Esto se traduce en un <strong>servicio r\u00e1pido y rentable<\/strong>, ya que no dependemos de proveedores externos.<\/p>\n\n\n\n<div class=\"wp-block-buttons is-content-justification-center is-layout-flex wp-container-core-buttons-is-layout-a89b3969 wp-block-buttons-is-layout-flex\">\n<div class=\"wp-block-button has-custom-font-size is-style-outline hvr-shrink has-medium-font-size is-style-outline--2\"><a class=\"wp-block-button__link wp-element-button\" href=\"\/es\/shop\/\" style=\"padding-top:var(--wp--preset--spacing--10);padding-right:var(--wp--preset--spacing--20);padding-bottom:var(--wp--preset--spacing--10);padding-left:var(--wp--preset--spacing--20)\">Ver productos<\/a><\/div>\n<\/div>\n<\/div>\n<\/div>\n\n\n\n<div class=\"wp-block-column is-vertically-aligned-top hvr-grow is-layout-flow wp-block-column-is-layout-flow\">\n<div class=\"wp-block-group has-accent-background-color has-background is-vertical is-content-justification-center is-layout-flex wp-container-core-group-is-layout-4fac4482 wp-block-group-is-layout-flex\" style=\"border-radius:50px;padding-top:var(--wp--preset--spacing--30);padding-right:var(--wp--preset--spacing--30);padding-bottom:var(--wp--preset--spacing--30);padding-left:var(--wp--preset--spacing--30)\">\n<p><mark style=\"background-color:rgba(0, 0, 0, 0);color:#dd3333\" class=\"has-inline-color\"><i class=\"fas fa-fa-area-chart fa-solid fa-area-chart fa-6x\"><\/i><\/mark><\/p>\n\n\n\n<p class=\"has-text-align-center has-large-font-size\"><strong>Laboratorio de calibraci\u00f3n<\/strong><\/p>\n\n\n\n<p><mark style=\"background-color:rgba(0, 0, 0, 0);color:#dd3333\" class=\"has-inline-color\"><i class=\"fas fa-circle-check\"><\/i><\/mark> <strong>Laboratorio de calibraci\u00f3n libre e independiente<\/strong><br>Como <strong>laboratorio independiente<\/strong>, podemos adaptar completamente nuestros servicios a las necesidades de nuestros clientes. No estamos sujetos a pautas o limitaciones espec\u00edficas, lo que nos permite ofrecerle <strong>soluciones personalizadas<\/strong>.<\/p>\n\n\n\n<p><mark style=\"background-color:rgba(0, 0, 0, 0);color:#dd3333\" class=\"has-inline-color\"><i class=\"fas fa-circle-check\"><\/i><\/mark> <strong>Empresa familiar<\/strong><br>Como empresa familiar, podemos <strong>establecer relaciones a largo plazo con nuestros clientes<\/strong>, comprender sus <strong>necesidades individuales<\/strong> y tomar decisiones sin depender de inversores externos o asociaciones.<\/p>\n\n\n\n<p><mark style=\"background-color:rgba(0, 0, 0, 0);color:#dd3333\" class=\"has-inline-color\"><i class=\"fas fa-circle-check\"><\/i><\/mark> <strong>Acreditaci\u00f3n DAkkS<\/strong><br>Nuestra <strong>acreditaci\u00f3n voluntaria<\/strong> es una prueba de nuestros <strong>altos est\u00e1ndares de calidad<\/strong> y de la precisi\u00f3n de nuestros resultados de medici\u00f3n. Puede estar seguro de que nuestros servicios se prestan seg\u00fan directrices reconocidas y estrictas.<\/p>\n\n\n\n<div class=\"wp-block-buttons is-content-justification-center is-layout-flex wp-container-core-buttons-is-layout-a89b3969 wp-block-buttons-is-layout-flex\">\n<div class=\"wp-block-button has-custom-font-size is-style-outline hvr-shrink has-medium-font-size is-style-outline--3\"><a class=\"wp-block-button__link wp-element-button\" href=\"\/es\/kalibrierdienst-klasmeier\/\" style=\"padding-top:var(--wp--preset--spacing--10);padding-right:var(--wp--preset--spacing--20);padding-bottom:var(--wp--preset--spacing--10);padding-left:var(--wp--preset--spacing--20)\">Ver servicio de calibraci\u00f3n<\/a><\/div>\n<\/div>\n<\/div>\n<\/div>\n<\/div>\n\n\n\n<div class=\"wp-block-columns alignwide are-vertically-aligned-top is-layout-flex wp-container-core-columns-is-layout-53e754d2 wp-block-columns-is-layout-flex\" style=\"margin-top:var(--wp--preset--spacing--40);margin-bottom:var(--wp--preset--spacing--40);padding-top:var(--wp--preset--spacing--30);padding-right:var(--wp--preset--spacing--30);padding-bottom:var(--wp--preset--spacing--30);padding-left:var(--wp--preset--spacing--30)\">\n<div class=\"wp-block-column is-vertically-aligned-top hvr-grow is-layout-flow wp-block-column-is-layout-flow\" style=\"padding-top:0;padding-bottom:0\">\n<div class=\"wp-block-group has-accent-background-color has-background is-vertical is-content-justification-center is-layout-flex wp-container-core-group-is-layout-4fac4482 wp-block-group-is-layout-flex\" style=\"border-radius:50px;padding-top:var(--wp--preset--spacing--30);padding-right:var(--wp--preset--spacing--30);padding-bottom:var(--wp--preset--spacing--30);padding-left:var(--wp--preset--spacing--30)\">\n<p><mark style=\"background-color:rgba(0, 0, 0, 0);color:#dd3333\" class=\"has-inline-color\"><i class=\"fas fa-fa-thermometer-three-quarters fa-solid fa-thermometer-three-quarters fa-6x\"><\/i><\/mark><\/p>\n\n\n\n<p class=\"has-text-align-center has-large-font-size\"><strong>Term\u00f3metros de precisi\u00f3n<\/strong><\/p>\n\n\n\n<p><mark style=\"background-color:rgba(0, 0, 0, 0);color:#dd3333\" class=\"has-inline-color\"><i class=\"fas fa-circle-check\"><\/i><\/mark> <strong>Term\u00f3metros de precisi\u00f3n hechos a mano<\/strong><br>Nuestros term\u00f3metros de precisi\u00f3n se fabrican <strong>a mano<\/strong> en nuestra propia manufactura <strong>en Fulda, Alemania<\/strong>. Esto nos permite garantizar la m\u00e1s alta calidad y precisi\u00f3n, adem\u00e1s de <strong>adaptar los term\u00f3metros a sus requisitos espec\u00edficos<\/strong>. \u00bfNecesita cambios personalizados en el mango, conector, longitud de la sonda o cable de conexi\u00f3n? Implementamos sus deseos.<\/p>\n\n\n\n<p><mark style=\"background-color:rgba(0, 0, 0, 0);color:#dd3333\" class=\"has-inline-color\"><i class=\"fas fa-circle-check\"><\/i><\/mark> <strong>Amplio rango de temperatura<\/strong><br>Nuestros term\u00f3metros est\u00e1n dise\u00f1ados para <strong>realizar mediciones precisas<\/strong>. Seg\u00fan el modelo, pueden medir temperaturas en el rango de <strong>-200 \u00b0C hasta 1200 \u00b0C<\/strong>. Eso le brinda m\u00faltiples aplicaciones pr\u00e1cticas y flexibilidad a la hora de medir.<\/p>\n\n\n\n<p><mark style=\"background-color:rgba(0, 0, 0, 0);color:#dd3333\" class=\"has-inline-color\"><i class=\"fas fa-circle-check\"><\/i><\/mark> <strong>Dise\u00f1o optimizado para mediciones precisas<\/strong><br>Damos gran importancia a <strong>desarrollar nuestras propias herramientas y m\u00e9todos de producci\u00f3n<\/strong>. Con ello garantizamos que <strong>nuestros term\u00f3metros funcionen de forma precisa y confiable<\/strong>. Como no dependemos de proveedores externos para el dise\u00f1o, la producci\u00f3n y la calibraci\u00f3n, podemos controlar exhaustivamente la calidad de nuestros term\u00f3metros.<\/p>\n\n\n\n<div class=\"wp-block-buttons is-content-justification-center is-layout-flex wp-container-core-buttons-is-layout-a89b3969 wp-block-buttons-is-layout-flex\">\n<div class=\"wp-block-button has-custom-font-size is-style-outline hvr-shrink has-medium-font-size is-style-outline--4\"><a class=\"wp-block-button__link wp-element-button\" href=\"\/es\/thermometer-manufaktur\/thermometer\/\" style=\"padding-top:var(--wp--preset--spacing--10);padding-right:var(--wp--preset--spacing--20);padding-bottom:var(--wp--preset--spacing--10);padding-left:var(--wp--preset--spacing--20)\">Ver term\u00f3metros<\/a><\/div>\n<\/div>\n<\/div>\n<\/div>\n\n\n\n<div class=\"wp-block-column is-vertically-aligned-top hvr-grow is-layout-flow wp-block-column-is-layout-flow\">\n<div class=\"wp-block-group has-accent-background-color has-background is-vertical is-content-justification-center is-layout-flex wp-container-core-group-is-layout-4fac4482 wp-block-group-is-layout-flex\" style=\"border-radius:50px;padding-top:var(--wp--preset--spacing--30);padding-right:var(--wp--preset--spacing--30);padding-bottom:var(--wp--preset--spacing--30);padding-left:var(--wp--preset--spacing--30)\">\n<p><mark style=\"background-color:rgba(0, 0, 0, 0);color:#dd3333\" class=\"has-inline-color\"><i class=\"fas fa-fa-graduation-cap fa-solid fa-graduation-cap fa-6x\"><\/i><\/mark><\/p>\n\n\n\n<p class=\"has-text-align-center has-large-font-size\"><strong>Seminarios de temperatura<\/strong><\/p>\n\n\n\n<p><mark style=\"background-color:rgba(0, 0, 0, 0);color:#dd3333\" class=\"has-inline-color\"><i class=\"fas fa-circle-check\"><\/i><\/mark> <strong>Amplia experiencia y conocimientos<\/strong><br>Con <strong>m\u00e1s de 1600 participantes capacitados<\/strong>, contamos con <strong>gran experiencia en formaci\u00f3n<\/strong>. Nuestro conocimiento profundo y especializaci\u00f3n nos permiten transmitir los contenidos de manera precisa y eficaz.<\/p>\n\n\n\n<p><mark style=\"background-color:rgba(0, 0, 0, 0);color:#dd3333\" class=\"has-inline-color\"><i class=\"fas fa-circle-check\"><\/i><\/mark> <strong>Conocimientos actualizados<\/strong><br>Nuestro <strong>propio personal recibe formaci\u00f3n continua<\/strong> para cumplir con los requisitos de la Entidad de Acreditaci\u00f3n Alemana (DAkkS) y <strong>mantenerse siempre al d\u00eda<\/strong>. Esto garantiza que nuestros <strong>seminarios cumplan los est\u00e1ndares m\u00e1s recientes<\/strong> y que nuestro equipo posea la experiencia necesaria para ofrecerle <strong>contenidos de alta calidad<\/strong>.<\/p>\n\n\n\n<p><mark style=\"background-color:rgba(0, 0, 0, 0);color:#dd3333\" class=\"has-inline-color\"><i class=\"fas fa-circle-check\"><\/i><\/mark> <strong>Comunidad online para networking e intercambio de conocimientos<\/strong><br>A trav\u00e9s de nuestra comunidad online Klasmeier.Connect, <strong>creamos una plataforma donde nuestros clientes pueden conectarse entre s\u00ed<\/strong>. All\u00ed tienen la oportunidad de <strong>compartir su conocimiento<\/strong> y tambi\u00e9n de <strong>hacer preguntas a nuestros ponentes<\/strong>. De esta manera fomentamos el intercambio de informaci\u00f3n, apoyamos el aprendizaje y fortalecemos la red de nuestros clientes.<\/p>\n\n\n\n<div class=\"wp-block-buttons is-content-justification-center is-layout-flex wp-container-core-buttons-is-layout-a89b3969 wp-block-buttons-is-layout-flex\">\n<div class=\"wp-block-button has-custom-font-size is-style-outline hvr-shrink has-medium-font-size is-style-outline--5\"><a class=\"wp-block-button__link wp-element-button\" href=\"\/es\/seminare\/\" style=\"padding-top:var(--wp--preset--spacing--10);padding-right:var(--wp--preset--spacing--20);padding-bottom:var(--wp--preset--spacing--10);padding-left:var(--wp--preset--spacing--20)\">Ver seminarios<\/a><\/div>\n<\/div>\n<\/div>\n<\/div>\n<\/div>\n\n\n\n<h3 class=\"wp-block-heading alignwide has-text-align-center\"><strong>Qu\u00e9 nos diferencia de los dem\u00e1s:<\/strong><\/h3>\n\n\n\n<div class=\"wp-block-columns alignwide are-vertically-aligned-top is-layout-flex wp-container-core-columns-is-layout-c84009e0 wp-block-columns-is-layout-flex\" style=\"margin-top:0;margin-bottom:0;padding-top:var(--wp--preset--spacing--20);padding-right:var(--wp--preset--spacing--30);padding-bottom:var(--wp--preset--spacing--20);padding-left:var(--wp--preset--spacing--30)\">\n<div class=\"wp-block-column is-vertically-aligned-top hvr-grow is-layout-flow wp-block-column-is-layout-flow\">\n<div class=\"wp-block-group has-accent-background-color has-background is-vertical is-content-justification-center is-layout-flex wp-container-core-group-is-layout-4fac4482 wp-block-group-is-layout-flex\" style=\"border-radius:50px;padding-top:var(--wp--preset--spacing--30);padding-right:var(--wp--preset--spacing--30);padding-bottom:var(--wp--preset--spacing--30);padding-left:var(--wp--preset--spacing--30)\">\n<p><mark style=\"background-color:rgba(0, 0, 0, 0);color:#dd3333\" class=\"has-inline-color\"><i class=\"fas fa-fa-cubes fa-solid fa-cubes fa-6x\"><\/i><\/mark><\/p>\n\n\n\n<p class=\"has-text-align-center has-large-font-size\"><strong>Servicio integral<\/strong><\/p>\n\n\n\n<p><mark style=\"background-color:rgba(0, 0, 0, 0);color:#dd3333\" class=\"has-inline-color\"><i class=\"fas fa-circle-check\"><\/i><\/mark> Con nosotros lo obtiene todo de una sola fuente.<br>Desde la <strong>asesor\u00eda especializada<\/strong> al <strong>comprar<\/strong> sus equipos, pasando por nuestro <strong>servicio de calibraci\u00f3n<\/strong>, hasta el <strong>mantenimiento<\/strong> o <strong>reparaciones<\/strong> necesarias.<\/p>\n\n\n\n<p><mark style=\"background-color:rgba(0, 0, 0, 0);color:#dd3333\" class=\"has-inline-color\"><i class=\"fas fa-circle-check\"><\/i><\/mark> Nosotros nos encargamos de todo, para que usted pueda concentrarse en el n\u00facleo de su negocio.<\/p>\n<\/div>\n<\/div>\n\n\n\n<div class=\"wp-block-column is-vertically-aligned-top hvr-grow is-layout-flow wp-block-column-is-layout-flow\">\n<div class=\"wp-block-group has-accent-background-color has-background is-vertical is-content-justification-stretch is-layout-flex wp-container-core-group-is-layout-2a2118f6 wp-block-group-is-layout-flex\" style=\"border-radius:50px;padding-top:var(--wp--preset--spacing--30);padding-right:var(--wp--preset--spacing--30);padding-bottom:var(--wp--preset--spacing--30);padding-left:var(--wp--preset--spacing--30)\">\n<p class=\"has-text-align-center\"><mark style=\"background-color:rgba(0, 0, 0, 0);color:#dd3333\" class=\"has-inline-color\"><mark style=\"background-color:rgba(0, 0, 0, 0);color:#dd3333\" class=\"has-inline-color\"><i class=\"fas fa-fa-phone fa-solid fa-phone fa-6x\"><\/i><\/mark><\/mark><\/p>\n\n\n\n<p class=\"has-text-align-center has-large-font-size\"><strong>Contacto directo<\/strong><\/p>\n\n\n\n<p><mark style=\"background-color:rgba(0, 0, 0, 0);color:#dd3333\" class=\"has-inline-color\"><i class=\"fas fa-circle-check\"><\/i><\/mark> Con nosotros, usted tiene <strong>contactos fijos<\/strong> que le asesorar\u00e1n personalmente.<\/p>\n\n\n\n<p><mark style=\"background-color:rgba(0, 0, 0, 0);color:#dd3333\" class=\"has-inline-color\"><i class=\"fas fa-circle-check\"><\/i><\/mark> No necesita pasar por <strong>centralitas<\/strong>, sino que recibe <strong>atenci\u00f3n y asesoramiento directo<\/strong>.<\/p>\n\n\n\n<p><mark style=\"background-color:rgba(0, 0, 0, 0);color:#dd3333\" class=\"has-inline-color\"><i class=\"fas fa-circle-check\"><\/i><\/mark> Y si es necesario, nos desplazamos hasta sus instalaciones para encontrar in situ la mejor forma de ayudarle.<\/p>\n<\/div>\n<\/div>\n<\/div>\n\n\n\n<div class=\"wp-block-columns alignwide are-vertically-aligned-top is-layout-flex wp-container-core-columns-is-layout-4c119151 wp-block-columns-is-layout-flex\" style=\"padding-top:var(--wp--preset--spacing--10);padding-right:var(--wp--preset--spacing--30);padding-bottom:var(--wp--preset--spacing--10);padding-left:var(--wp--preset--spacing--30)\">\n<div class=\"wp-block-column is-vertically-aligned-top hvr-grow is-layout-flow wp-block-column-is-layout-flow\" style=\"padding-top:0;padding-bottom:0\">\n<div class=\"wp-block-group has-accent-background-color has-background is-vertical is-content-justification-center is-layout-flex wp-container-core-group-is-layout-4fac4482 wp-block-group-is-layout-flex\" style=\"border-radius:50px;padding-top:var(--wp--preset--spacing--30);padding-right:var(--wp--preset--spacing--30);padding-bottom:var(--wp--preset--spacing--30);padding-left:var(--wp--preset--spacing--30)\">\n<p><mark style=\"background-color:rgba(0, 0, 0, 0);color:#dd3333\" class=\"has-inline-color\"><i class=\"fas fa-fa-phone fa-solid fa-phone fa-6x\"><\/i><\/mark><\/p>\n\n\n\n<p class=\"has-text-align-center has-large-font-size\"><strong>R\u00e1pida respuesta<\/strong><\/p>\n\n\n\n<p><mark style=\"background-color:rgba(0, 0, 0, 0);color:#dd3333\" class=\"has-inline-color\"><i class=\"fas fa-circle-check\"><\/i><\/mark> \u00bfBusca el <strong>equipo adecuado<\/strong> para su tarea de medici\u00f3n, tiene <strong>dudas<\/strong> sobre la calibraci\u00f3n de su term\u00f3metro o <strong>un problema<\/strong> con alg\u00fan dispositivo? Estamos aqu\u00ed para atenderle.<\/p>\n\n\n\n<p><mark style=\"background-color:rgba(0, 0, 0, 0);color:#dd3333\" class=\"has-inline-color\"><i class=\"fas fa-circle-check\"><\/i><\/mark> A menudo podemos ayudarle <strong>por tel\u00e9fono o correo electr\u00f3nico<\/strong>, ofreci\u00e9ndole una soluci\u00f3n r\u00e1pida y sencilla, para que pueda continuar su trabajo sin contratiempos.<\/p>\n<\/div>\n<\/div>\n\n\n\n<div class=\"wp-block-column is-vertically-aligned-top hvr-grow is-layout-flow wp-block-column-is-layout-flow\">\n<div class=\"wp-block-group has-accent-background-color has-background is-vertical is-content-justification-center is-layout-flex wp-container-core-group-is-layout-4fac4482 wp-block-group-is-layout-flex\" style=\"border-radius:50px;padding-top:var(--wp--preset--spacing--30);padding-right:var(--wp--preset--spacing--30);padding-bottom:var(--wp--preset--spacing--30);padding-left:var(--wp--preset--spacing--30)\">\n<p><mark style=\"background-color:rgba(0, 0, 0, 0);color:#dd3333\" class=\"has-inline-color\"><i class=\"fas fa-fa-unlock fa-solid fa-unlock fa-6x\"><\/i><\/mark><\/p>\n\n\n\n<p class=\"has-text-align-center has-large-font-size\"><strong>Transparencia total<\/strong><\/p>\n\n\n\n<p><mark style=\"background-color:rgba(0, 0, 0, 0);color:#dd3333\" class=\"has-inline-color\"><i class=\"fas fa-circle-check\"><\/i><\/mark> Le ofrecemos <strong>acceso exclusivo<\/strong> a nuestro laboratorio de calibraci\u00f3n, por ejemplo, a trav\u00e9s de v\u00eddeos en directo en nuestros <strong>seminarios online<\/strong>. Podr\u00e1 realizar preguntas y beneficiarse de nuestra experiencia.<\/p>\n\n\n\n<p><mark style=\"background-color:rgba(0, 0, 0, 0);color:#dd3333\" class=\"has-inline-color\"><i class=\"fas fa-circle-check\"><\/i><\/mark> Si prefiere una visita presencial, tambi\u00e9n <strong>ofrecemos recorridos guiados por el laboratorio<\/strong>. Se llevar\u00e1 consejos y trucos \u00fatiles para optimizar sus propios procesos.<\/p>\n<\/div>\n<\/div>\n<\/div>\n<\/div>\n\n","protected":false},"excerpt":{"rendered":"<p>Mida de forma segura y precisa \u2013 con nosotros a su lado \u201cEn el mundo de la metrolog\u00eda y la ingenier\u00eda encontr\u00e9 mi vocaci\u00f3n. Desde hace m\u00e1s de dos d\u00e9cadas, me dedico con pasi\u00f3n a la medici\u00f3n de temperatura de alta precisi\u00f3n y a la calibraci\u00f3n de term\u00f3metros.Nuestra empresa se especializa en diversos aspectos de [&hellip;]<\/p>\n","protected":false},"author":4,"featured_media":0,"parent":8701,"menu_order":0,"comment_status":"closed","ping_status":"closed","template":"","meta":{"footnotes":""},"class_list":["post-8710","page","type-page","status-publish","hentry"],"_links":{"self":[{"href":"https:\/\/www.klasmeier.com\/es\/wp-json\/wp\/v2\/pages\/8710","targetHints":{"allow":["GET"]}}],"collection":[{"href":"https:\/\/www.klasmeier.com\/es\/wp-json\/wp\/v2\/pages"}],"about":[{"href":"https:\/\/www.klasmeier.com\/es\/wp-json\/wp\/v2\/types\/page"}],"author":[{"embeddable":true,"href":"https:\/\/www.klasmeier.com\/es\/wp-json\/wp\/v2\/users\/4"}],"replies":[{"embeddable":true,"href":"https:\/\/www.klasmeier.com\/es\/wp-json\/wp\/v2\/comments?post=8710"}],"version-history":[{"count":2,"href":"https:\/\/www.klasmeier.com\/es\/wp-json\/wp\/v2\/pages\/8710\/revisions"}],"predecessor-version":[{"id":8716,"href":"https:\/\/www.klasmeier.com\/es\/wp-json\/wp\/v2\/pages\/8710\/revisions\/8716"}],"up":[{"embeddable":true,"href":"https:\/\/www.klasmeier.com\/es\/wp-json\/wp\/v2\/pages\/8701"}],"wp:attachment":[{"href":"https:\/\/www.klasmeier.com\/es\/wp-json\/wp\/v2\/media?parent=8710"}],"curies":[{"name":"wp","href":"https:\/\/api.w.org\/{rel}","templated":true}]}}