{"id":8701,"date":"2024-03-12T16:50:42","date_gmt":"2024-03-12T15:50:42","guid":{"rendered":"https:\/\/www.klasmeier.com\/?page_id=8701"},"modified":"2025-02-04T08:53:17","modified_gmt":"2025-02-04T07:53:17","slug":"empresa","status":"publish","type":"page","link":"https:\/\/www.klasmeier.com\/es\/empresa\/","title":{"rendered":"Empresa"},"content":{"rendered":"\n<figure class=\"wp-block-image alignfull size-full\"><img decoding=\"async\" src=\"https:\/\/www.klasmeier.com\/wp-content\/uploads\/2024\/03\/Klasmeier-Header-1.jpg\" alt=\"\" class=\"wp-image-1581\"\/><\/figure>\n\n\n\n<div class=\"wp-block-group alignwide has-global-padding is-layout-constrained wp-container-core-group-is-layout-e1df7a91 wp-block-group-is-layout-constrained\" style=\"padding-top:var(--wp--preset--spacing--20);padding-bottom:var(--wp--preset--spacing--20)\">\n<h3 class=\"wp-block-heading alignwide has-text-align-center\"><strong><strong>Klasmeier &#8211; Precisi\u00f3n en Temperatura<\/strong><\/strong><\/h3>\n\n\n\n<figure class=\"wp-block-image alignwide size-full has-custom-border hvr-grow\"><img loading=\"lazy\" decoding=\"async\" width=\"1600\" height=\"1067\" src=\"https:\/\/www.klasmeier.com\/wp-content\/uploads\/2024\/03\/PK-TK.jpg\" alt=\"\" class=\"wp-image-1514\" style=\"border-radius:50px\" srcset=\"https:\/\/www.klasmeier.com\/wp-content\/uploads\/2024\/03\/PK-TK.jpg 1600w, https:\/\/www.klasmeier.com\/wp-content\/uploads\/2024\/03\/PK-TK-300x200.jpg 300w, https:\/\/www.klasmeier.com\/wp-content\/uploads\/2024\/03\/PK-TK-1024x683.jpg 1024w, https:\/\/www.klasmeier.com\/wp-content\/uploads\/2024\/03\/PK-TK-768x512.jpg 768w, https:\/\/www.klasmeier.com\/wp-content\/uploads\/2024\/03\/PK-TK-1536x1024.jpg 1536w, https:\/\/www.klasmeier.com\/wp-content\/uploads\/2024\/03\/PK-TK-600x400.jpg 600w\" sizes=\"auto, (max-width: 1600px) 100vw, 1600px\" \/><figcaption class=\"wp-element-caption\">Ingenieros diplomados Peter y Thomas Klasmeier<\/figcaption><\/figure>\n<\/div>\n\n\n\n<div class=\"wp-block-group alignfull has-accent-background-color has-background has-global-padding is-layout-constrained wp-container-core-group-is-layout-570efc33 wp-block-group-is-layout-constrained\" style=\"padding-top:var(--wp--preset--spacing--30);padding-right:var(--wp--preset--spacing--30);padding-bottom:var(--wp--preset--spacing--30);padding-left:var(--wp--preset--spacing--30)\">\n<p class=\"has-text-align-center\" style=\"font-size:clamp(0.875rem, 0.875rem + ((1vw - 0.2rem) * 0.708), 1.3rem);\">Klasmeier es una empresa familiar de tama\u00f1o mediano con sede en Fulda.&nbsp;Desde hace m\u00e1s de 35 a\u00f1os est\u00e1 en manos de la familia y est\u00e1 dirigida en&nbsp;segunda&nbsp;generaci\u00f3n por el ingeniero diplomado&nbsp;Thomas Klasmeier.<\/p>\n\n\n\n<p class=\"has-text-align-center\" style=\"font-size:clamp(0.875rem, 0.875rem + ((1vw - 0.2rem) * 0.708), 1.3rem);\">La empresa\u00a0se especializa en\u00a0<a href=\"\/es\/produkte\/\">medici\u00f3n y calibraci\u00f3n de temperatura<\/a>, opera el\u00a0<a href=\"http:\/\/www.kalibrierdienst-klasmeier.de\/\" target=\"_blank\" rel=\"noopener\">Kalibrierdienst Klasmeier<\/a>, organiza\u00a0<a href=\"\/es\/seminare\/\">formaciones<\/a>\u00a0y produce\u00a0<a href=\"http:\/\/www.exacal.de\/\" target=\"_blank\" rel=\"noopener\">term\u00f3metros de precisi\u00f3n eXacal<\/a>.<\/p>\n<\/div>\n\n\n\n<div class=\"wp-block-group alignfull has-global-padding is-layout-constrained wp-container-core-group-is-layout-a87bbb62 wp-block-group-is-layout-constrained\" style=\"padding-top:var(--wp--preset--spacing--30);padding-right:var(--wp--preset--spacing--30);padding-bottom:var(--wp--preset--spacing--30);padding-left:var(--wp--preset--spacing--30)\">\n<h3 class=\"wp-block-heading alignwide\"><strong><strong>M\u00e1s de 35 a\u00f1os &#8211; Precisi\u00f3n en temperatura<\/strong><\/strong><\/h3>\n\n\n\n<p class=\"has-text-align-left\">En noviembre de 1986 se fund\u00f3 la empresa Klasmeier como sociedad de distribuci\u00f3n para instalaciones de calibraci\u00f3n de temperatura de la marca&nbsp;<a href=\"https:\/\/www.klasmeier.com\/unternehmen\/isotech\/\">ISOTECH<\/a>. Desde entonces, el alcance de las tareas ha evolucionado continuamente. Posteriormente se a\u00f1adieron la planificaci\u00f3n y la puesta en marcha de instalaciones de calibraci\u00f3n, as\u00ed como la representaci\u00f3n y medici\u00f3n de alta precisi\u00f3n del par\u00e1metro f\u00edsico temperatura.<\/p>\n\n\n\n<figure class=\"wp-block-image aligncenter size-full is-resized has-custom-border hvr-grow\"><img loading=\"lazy\" decoding=\"async\" width=\"350\" height=\"226\" src=\"https:\/\/www.klasmeier.com\/wp-content\/uploads\/2024\/03\/image-1.jpeg\" alt=\"\" class=\"wp-image-1543\" style=\"border-radius:50px;width:620px\" srcset=\"https:\/\/www.klasmeier.com\/wp-content\/uploads\/2024\/03\/image-1.jpeg 350w, https:\/\/www.klasmeier.com\/wp-content\/uploads\/2024\/03\/image-1-300x194.jpeg 300w\" sizes=\"auto, (max-width: 350px) 100vw, 350px\" \/><figcaption class=\"wp-element-caption\">Oficina de ventas de 1986<\/figcaption><\/figure>\n\n\n\n<p class=\"has-text-align-left\">Desde 1997 operamos nuestro propio&nbsp;<a href=\"http:\/\/www.kalibrierdienst-klasmeier.de\/\" target=\"_blank\" rel=\"noopener\">laboratorio de calibraci\u00f3n de temperatura acreditado<\/a>. Normalmente, en estos laboratorios se comparan los sistemas de medici\u00f3n de temperatura a calibrar en termostatos con sensores de referencia calibrados. La diferencia documentada es la base para el resultado de la calibraci\u00f3n. Sin embargo, nosotros seguimos un camino propio, utilizando puntos fijos definitorios de la Escala Internacional de Temperaturas de 1990 (ITS-90) para llevar a cabo calibraciones de alta precisi\u00f3n. De esta manera, en el rango de -189 \u00b0C (punto triple de arg\u00f3n ultrapuro) hasta 962 \u00b0C (punto de solidificaci\u00f3n de plata ultrapura) podemos reproducir y medir estos puntos fijos con una precisi\u00f3n de hasta 1\/1000 \u00b0C (1 mK).<\/p>\n\n\n\n<div class=\"wp-block-group alignfull has-global-padding is-layout-constrained wp-container-core-group-is-layout-635d5d07 wp-block-group-is-layout-constrained\" style=\"padding-right:var(--wp--preset--spacing--30);padding-left:var(--wp--preset--spacing--30)\">\n<figure class=\"wp-block-image aligncenter size-full is-resized has-custom-border hvr-grow\"><img loading=\"lazy\" decoding=\"async\" width=\"383\" height=\"247\" src=\"https:\/\/www.klasmeier.com\/wp-content\/uploads\/2024\/03\/image-1.png\" alt=\"\" class=\"wp-image-1589\" style=\"border-radius:50px;width:620px\" srcset=\"https:\/\/www.klasmeier.com\/wp-content\/uploads\/2024\/03\/image-1.png 383w, https:\/\/www.klasmeier.com\/wp-content\/uploads\/2024\/03\/image-1-300x193.png 300w\" sizes=\"auto, (max-width: 383px) 100vw, 383px\" \/><figcaption class=\"wp-element-caption\">Stand de la empresa Klasmeier<\/figcaption><\/figure>\n<\/div>\n\n\n\n<p class=\"has-text-align-left\">Nuestros puntos fijos y sistemas de medici\u00f3n est\u00e1n vinculados a los patrones nacionales alemanes de la PTB (Physikalisch Technische Bundesanstalt) y tambi\u00e9n al servicio de calibraci\u00f3n ingl\u00e9s UKAS y a DAkkS. Por lo tanto, todas las mediciones o calibraciones son trazables a patrones nacionales e internacionales. Adicionalmente, podemos realizar calibraciones trazables en el rango de temperatura de -200 \u00b0C hasta 1300 \u00b0C.<\/p>\n\n\n\n<p class=\"has-text-align-left\">A principios de 2007 nos mudamos a nuevas instalaciones en la Flemingstra\u00dfe en Fulda. Gracias a ello, la capacidad de nuestro laboratorio de calibraci\u00f3n se triplic\u00f3.<\/p>\n<\/div>\n\n\n\n<div class=\"wp-block-group alignfull has-accent-background-color has-background has-global-padding is-layout-constrained wp-container-core-group-is-layout-bf4c8e8a wp-block-group-is-layout-constrained\" style=\"margin-top:0;margin-bottom:0;padding-top:var(--wp--preset--spacing--30);padding-right:var(--wp--preset--spacing--30);padding-bottom:var(--wp--preset--spacing--30);padding-left:var(--wp--preset--spacing--30)\">\n<h3 class=\"wp-block-heading alignwide has-text-align-center\"><strong><strong>Historia de la empresa<\/strong><\/strong><\/h3>\n\n\n\n<p class=\"has-text-align-left\"><strong>1986<\/strong><br>Fundaci\u00f3n de una sociedad de distribuci\u00f3n para instalaciones de calibraci\u00f3n de temperatura de la marca&nbsp;<a href=\"https:\/\/www.klasmeier.com\/unternehmen\/isotech\/\">ISOTECH<\/a>&nbsp;por parte del ingeniero diplomado Peter Klasmeier.<\/p>\n\n\n\n<p class=\"has-text-align-left\"><strong>1987 \u2013 1996<\/strong><br>Ampliaci\u00f3n continua de las \u00e1reas de actividad, como la planificaci\u00f3n y puesta en marcha de instalaciones de calibraci\u00f3n, la representaci\u00f3n de alta precisi\u00f3n y la medici\u00f3n del par\u00e1metro f\u00edsico temperatura.<\/p>\n\n\n\n<p class=\"has-text-align-left\"><strong>1996<\/strong><br>Puesta en marcha de un&nbsp;<a href=\"http:\/\/www.kalibrierdienst-klasmeier.de\/\" target=\"_blank\" rel=\"noopener\">laboratorio de calibraci\u00f3n acreditado DKD para el par\u00e1metro temperatura<\/a>.<\/p>\n\n\n\n<p class=\"has-text-align-left\">Los puntos fijos y los sistemas de medici\u00f3n est\u00e1n vinculados a los patrones nacionales alemanes de la PTB (Physikalisch Technische Bundesanstalt) y al servicio de calibraci\u00f3n ingl\u00e9s UKAS. De este modo, todas las mediciones o calibraciones son trazables a patrones nacionales e internacionales. Las calibraciones trazables pueden realizarse en el rango de temperatura de -200 \u00b0C a 1300 \u00b0C.<\/p>\n<\/div>\n\n\n\n<div class=\"wp-block-group alignfull has-global-padding is-layout-constrained wp-container-core-group-is-layout-bf4c8e8a wp-block-group-is-layout-constrained\" style=\"margin-top:0;margin-bottom:0;padding-top:var(--wp--preset--spacing--30);padding-right:var(--wp--preset--spacing--30);padding-bottom:var(--wp--preset--spacing--30);padding-left:var(--wp--preset--spacing--30)\">\n<p class=\"has-text-align-left\"><strong>2004<\/strong><br><a href=\"https:\/\/klasmeier.engineer\/ueber-mich-thomas-klasmeier\/\" target=\"_blank\" rel=\"noopener\">Dipl.- Ing. (FH) Thomas Klasmeier<\/a>&nbsp;es nombrado, junto con Dipl.- Ing.&nbsp;Peter Klasmeier, director general con poder de representaci\u00f3n individual.<\/p>\n\n\n\n<p class=\"has-text-align-left\">Ampliaci\u00f3n de la acreditaci\u00f3n DKD para la calibraci\u00f3n en puntos fijos de temperatura: se pueden realizar calibraciones DKD de -38,8344 \u00b0C hasta 419,527 \u00b0C.<\/p>\n\n\n\n<p class=\"has-text-align-left\"><strong>2005<\/strong><br>Ampliaci\u00f3n de la acreditaci\u00f3n DKD al punto fijo de aluminio: se pueden realizar calibraciones DKD de -38,8344 \u00b0C hasta 660,323 \u00b0C.<\/p>\n<\/div>\n\n\n\n<div class=\"wp-block-group alignfull has-accent-background-color has-background has-global-padding is-layout-constrained wp-container-core-group-is-layout-bf4c8e8a wp-block-group-is-layout-constrained\" style=\"margin-top:0;margin-bottom:0;padding-top:var(--wp--preset--spacing--30);padding-right:var(--wp--preset--spacing--30);padding-bottom:var(--wp--preset--spacing--30);padding-left:var(--wp--preset--spacing--30)\">\n<p class=\"has-text-align-left\"><strong>2007<\/strong><br>Traslado de la empresa a un edificio m\u00e1s grande en el parque industrial M\u00fcnsterfeld \/ Fulda. As\u00ed se triplic\u00f3 la capacidad de espacio del laboratorio de calibraci\u00f3n.<\/p>\n\n\n\n<figure class=\"wp-block-image aligncenter size-full is-resized has-custom-border hvr-grow\"><img loading=\"lazy\" decoding=\"async\" width=\"1024\" height=\"480\" src=\"https:\/\/www.klasmeier.com\/wp-content\/uploads\/2024\/03\/1-Klasmeier-Kalibrier-und-Messtechnik-GmbH-1024x480-1.jpg\" alt=\"\" class=\"wp-image-1591\" style=\"border-radius:50px;width:620px\" srcset=\"https:\/\/www.klasmeier.com\/wp-content\/uploads\/2024\/03\/1-Klasmeier-Kalibrier-und-Messtechnik-GmbH-1024x480-1.jpg 1024w, https:\/\/www.klasmeier.com\/wp-content\/uploads\/2024\/03\/1-Klasmeier-Kalibrier-und-Messtechnik-GmbH-1024x480-1-300x141.jpg 300w, https:\/\/www.klasmeier.com\/wp-content\/uploads\/2024\/03\/1-Klasmeier-Kalibrier-und-Messtechnik-GmbH-1024x480-1-768x360.jpg 768w, https:\/\/www.klasmeier.com\/wp-content\/uploads\/2024\/03\/1-Klasmeier-Kalibrier-und-Messtechnik-GmbH-1024x480-1-600x281.jpg 600w\" sizes=\"auto, (max-width: 1024px) 100vw, 1024px\" \/><figcaption class=\"wp-element-caption\">El nuevo edificio de la empresa Klasmeie<\/figcaption><\/figure>\n\n\n\n<p class=\"has-text-align-left\"><strong>2009<\/strong><br>Ampliaci\u00f3n de la acreditaci\u00f3n DKD para el punto fijo de plata: como \u00fanico laboratorio en Alemania podemos realizar calibraciones DKD de -38,8344 \u00b0C hasta 971,78 \u00b0C.<\/p>\n<\/div>\n\n\n\n<div class=\"wp-block-group alignfull has-global-padding is-layout-constrained wp-container-core-group-is-layout-bf4c8e8a wp-block-group-is-layout-constrained\" style=\"margin-top:0;margin-bottom:0;padding-top:var(--wp--preset--spacing--30);padding-right:var(--wp--preset--spacing--30);padding-bottom:var(--wp--preset--spacing--30);padding-left:var(--wp--preset--spacing--30)\">\n<figure class=\"wp-block-image aligncenter size-full is-resized hvr-grow\"><img loading=\"lazy\" decoding=\"async\" width=\"310\" height=\"89\" src=\"https:\/\/www.klasmeier.com\/wp-content\/uploads\/2024\/03\/exacal.png\" alt=\"\" class=\"wp-image-1593\" style=\"width:352px;height:auto\" srcset=\"https:\/\/www.klasmeier.com\/wp-content\/uploads\/2024\/03\/exacal.png 310w, https:\/\/www.klasmeier.com\/wp-content\/uploads\/2024\/03\/exacal-300x86.png 300w\" sizes=\"auto, (max-width: 310px) 100vw, 310px\" \/><\/figure>\n\n\n\n<p class=\"has-text-align-left\"><strong>2011<\/strong><br>Registro de la marca&nbsp;<a href=\"http:\/\/www.exacal.de\/\" target=\"_blank\" rel=\"noopener\">eXacal<\/a>.<\/p>\n\n\n\n<p class=\"has-text-align-left\"><strong>2011<\/strong><br>Ampliaci\u00f3n de la acreditaci\u00f3n DKD al punto triple de arg\u00f3n: se pueden realizar calibraciones DKD de -189,3442 \u00b0C hasta 971,78 \u00b0C.<\/p>\n\n\n\n<p class=\"has-text-align-left\"><strong>2012<\/strong><br>Nuestro servicio de calibraci\u00f3n obtiene una nueva acreditaci\u00f3n DAkkS.<br>Tras una auditor\u00eda satisfactoria, la acreditaci\u00f3n DKD existente se convirti\u00f3 en una acreditaci\u00f3n DAkkS.<br>El nuevo n\u00famero de acreditaci\u00f3n del laboratorio de calibraci\u00f3n es D-K-15224-01-00.<\/p>\n<\/div>\n\n\n\n<div class=\"wp-block-group alignfull has-accent-background-color has-background has-global-padding is-layout-constrained wp-container-core-group-is-layout-bf4c8e8a wp-block-group-is-layout-constrained\" style=\"margin-top:0;margin-bottom:0;padding-top:var(--wp--preset--spacing--30);padding-right:var(--wp--preset--spacing--30);padding-bottom:var(--wp--preset--spacing--30);padding-left:var(--wp--preset--spacing--30)\">\n<p class=\"has-text-align-left\"><strong>2015<\/strong><br>Ampliaci\u00f3n de la acreditaci\u00f3n DAkkS para calibrar puentes de medici\u00f3n de temperatura AC\/DC con las menores incertidumbres de medici\u00f3n dentro de DAkkS.<\/p>\n\n\n\n<p class=\"has-text-align-left\"><strong>2016<\/strong><br>Nueva asociaci\u00f3n de ventas: Klasmeier asume la representaci\u00f3n del l\u00edder de mercado en\u00a0<a href=\"\/es\/produkt-kategorie\/messwiderstaende\/\">sensores de resistencia de platino hechos a mano<\/a>\u00a0de la empresa\u00a0<a href=\"\/es\/tdi-pt100-messwiderstaende\/\">TDI &#8211; Thermal Development International<\/a>.<\/p>\n\n\n\n<p class=\"has-text-align-left\"><strong>2020<\/strong><br>La nueva <a href=\"https:\/\/www.exacal.de\/\" target=\"_blank\" rel=\"noopener\">eXacal Thermometer Manufaktur<\/a> inicia su actividad. Aqu\u00ed, en Fulda\/Alemania, se fabrican <a href=\"\/es\/praezisionsthermometer-von-klasmeier\/\">term\u00f3metros de precisi\u00f3n<\/a> mediante un cuidadoso trabajo manual. Adem\u00e1s del propio dise\u00f1o de los term\u00f3metros, otro foco de atenci\u00f3n radica en el desarrollo de nuestras propias herramientas y procesos de producci\u00f3n.<\/p>\n<\/div>\n\n\n\n<div class=\"wp-block-group alignfull has-global-padding is-layout-constrained wp-container-core-group-is-layout-530ec779 wp-block-group-is-layout-constrained\">\n<div class=\"wp-block-group alignfull has-global-padding is-layout-constrained wp-container-core-group-is-layout-a7646d0d wp-block-group-is-layout-constrained\" style=\"margin-top:0;margin-bottom:0;padding-top:var(--wp--preset--spacing--30);padding-right:var(--wp--preset--spacing--30);padding-bottom:var(--wp--preset--spacing--30);padding-left:var(--wp--preset--spacing--30)\">\n<figure class=\"wp-block-image aligncenter size-full is-resized has-custom-border hvr-grow\"><img loading=\"lazy\" decoding=\"async\" width=\"1600\" height=\"1003\" src=\"https:\/\/www.klasmeier.com\/wp-content\/uploads\/2024\/03\/eXacal_Fertigung.jpg\" alt=\"\" class=\"wp-image-1392\" style=\"border-radius:50px;width:620px\" srcset=\"https:\/\/www.klasmeier.com\/wp-content\/uploads\/2024\/03\/eXacal_Fertigung.jpg 1600w, https:\/\/www.klasmeier.com\/wp-content\/uploads\/2024\/03\/eXacal_Fertigung-300x188.jpg 300w, https:\/\/www.klasmeier.com\/wp-content\/uploads\/2024\/03\/eXacal_Fertigung-1024x642.jpg 1024w, https:\/\/www.klasmeier.com\/wp-content\/uploads\/2024\/03\/eXacal_Fertigung-768x481.jpg 768w, https:\/\/www.klasmeier.com\/wp-content\/uploads\/2024\/03\/eXacal_Fertigung-1536x963.jpg 1536w, https:\/\/www.klasmeier.com\/wp-content\/uploads\/2024\/03\/eXacal_Fertigung-600x376.jpg 600w\" sizes=\"auto, (max-width: 1600px) 100vw, 1600px\" \/><figcaption class=\"wp-element-caption\">eXacal Thermometer Manufaktur<\/figcaption><\/figure>\n<\/div>\n\n\n\n<p><strong>2024<\/strong><br>El Kalibrierdienst Klasmeier obtiene una nueva acreditaci\u00f3n DAkkS.<br>Tras una auditor\u00eda satisfactoria, ahora podemos ofrecer <a href=\"https:\/\/www.klasmeier.com\/es\/eignungspruefung-temperatur\/\">ensayos de aptitud acreditados<\/a> de acuerdo con DIN EN ISO\/IEC 17043. El n\u00famero de acreditaci\u00f3n como proveedor de ensayos de aptitud es D-EP-15224-01-00.<\/p>\n\n\n\n<div style=\"height:30px\" aria-hidden=\"true\" class=\"wp-block-spacer\"><\/div>\n<\/div>\n","protected":false},"excerpt":{"rendered":"<p>Klasmeier &#8211; Precisi\u00f3n en Temperatura Klasmeier es una empresa familiar de tama\u00f1o mediano con sede en Fulda.&nbsp;Desde hace m\u00e1s de 35 a\u00f1os est\u00e1 en manos de la familia y est\u00e1 dirigida en&nbsp;segunda&nbsp;generaci\u00f3n por el ingeniero diplomado&nbsp;Thomas Klasmeier. La empresa\u00a0se especializa en\u00a0medici\u00f3n y calibraci\u00f3n de temperatura, opera el\u00a0Kalibrierdienst Klasmeier, organiza\u00a0formaciones\u00a0y produce\u00a0term\u00f3metros de precisi\u00f3n eXacal. M\u00e1s de [&hellip;]<\/p>\n","protected":false},"author":4,"featured_media":0,"parent":0,"menu_order":0,"comment_status":"closed","ping_status":"closed","template":"","meta":{"footnotes":""},"class_list":["post-8701","page","type-page","status-publish","hentry"],"_links":{"self":[{"href":"https:\/\/www.klasmeier.com\/es\/wp-json\/wp\/v2\/pages\/8701","targetHints":{"allow":["GET"]}}],"collection":[{"href":"https:\/\/www.klasmeier.com\/es\/wp-json\/wp\/v2\/pages"}],"about":[{"href":"https:\/\/www.klasmeier.com\/es\/wp-json\/wp\/v2\/types\/page"}],"author":[{"embeddable":true,"href":"https:\/\/www.klasmeier.com\/es\/wp-json\/wp\/v2\/users\/4"}],"replies":[{"embeddable":true,"href":"https:\/\/www.klasmeier.com\/es\/wp-json\/wp\/v2\/comments?post=8701"}],"version-history":[{"count":3,"href":"https:\/\/www.klasmeier.com\/es\/wp-json\/wp\/v2\/pages\/8701\/revisions"}],"predecessor-version":[{"id":8717,"href":"https:\/\/www.klasmeier.com\/es\/wp-json\/wp\/v2\/pages\/8701\/revisions\/8717"}],"wp:attachment":[{"href":"https:\/\/www.klasmeier.com\/es\/wp-json\/wp\/v2\/media?parent=8701"}],"curies":[{"name":"wp","href":"https:\/\/api.w.org\/{rel}","templated":true}]}}