{"id":8545,"date":"2024-03-25T12:21:37","date_gmt":"2024-03-25T11:21:37","guid":{"rendered":"https:\/\/www.klasmeier.com\/?page_id=8545"},"modified":"2025-04-02T11:26:35","modified_gmt":"2025-04-02T09:26:35","slug":"tienda","status":"publish","type":"page","link":"https:\/\/www.klasmeier.com\/es\/tienda\/","title":{"rendered":"Tienda"},"content":{"rendered":"\n<div class=\"wp-block-group alignfull has-global-padding is-layout-constrained wp-block-group-is-layout-constrained\" style=\"margin-top:0;padding-top:var(--wp--preset--spacing--40);padding-bottom:var(--wp--preset--spacing--40)\">\n<h2 class=\"wp-block-heading alignwide has-text-align-center\"><strong>Productos<\/strong><\/h2>\n\n\n\n<h3 class=\"wp-block-heading alignwide has-text-align-center\">Term\u00f3metros de precisi\u00f3n fabricados a mano y servicios de calibraci\u00f3n de nuestro laboratorio de calibraci\u00f3n acreditado por DAkkS<\/h3>\n\n\n\n<div class=\"wp-block-group alignwide has-global-padding is-layout-constrained wp-block-group-is-layout-constrained\" style=\"padding-top:var(--wp--preset--spacing--30);padding-bottom:var(--wp--preset--spacing--30)\">\n<figure class=\"wp-block-image alignwide size-full has-custom-border\"><img loading=\"lazy\" decoding=\"async\" width=\"1280\" height=\"720\" src=\"https:\/\/www.klasmeier.com\/wp-content\/uploads\/Pt100I-Griff-edited.jpg\" alt=\"\" class=\"wp-image-4122\" style=\"border-radius:50px\" srcset=\"https:\/\/www.klasmeier.com\/wp-content\/uploads\/Pt100I-Griff-edited.jpg 1280w, https:\/\/www.klasmeier.com\/wp-content\/uploads\/Pt100I-Griff-edited-300x169.jpg 300w, https:\/\/www.klasmeier.com\/wp-content\/uploads\/Pt100I-Griff-edited-1024x576.jpg 1024w, https:\/\/www.klasmeier.com\/wp-content\/uploads\/Pt100I-Griff-edited-768x432.jpg 768w, https:\/\/www.klasmeier.com\/wp-content\/uploads\/Pt100I-Griff-edited-600x338.jpg 600w\" sizes=\"auto, (max-width: 1280px) 100vw, 1280px\" \/><\/figure>\n<\/div>\n<\/div>\n\n\n\n<div class=\"wp-block-group alignfull has-global-padding is-layout-constrained wp-block-group-is-layout-constrained\">\n<h2 class=\"wp-block-heading has-text-align-center\"><strong><strong>Lo que ofrecemos:<\/strong><\/strong><\/h2>\n\n\n\n<div class=\"wp-block-group alignwide has-global-padding is-layout-constrained wp-container-core-group-is-layout-8b335784 wp-block-group-is-layout-constrained\" style=\"padding-top:var(--wp--preset--spacing--40);padding-bottom:var(--wp--preset--spacing--40)\">\n<div class=\"wp-block-columns alignwide is-layout-flex wp-container-core-columns-is-layout-7fc3d43a wp-block-columns-is-layout-flex\">\n<div class=\"wp-block-column is-layout-flow wp-block-column-is-layout-flow\">\n<div class=\"wp-block-group hvr-grow has-accent-background-color has-background is-vertical is-content-justification-center is-layout-flex wp-container-core-group-is-layout-101fcb7d wp-block-group-is-layout-flex\" style=\"border-radius:50px;padding-top:var(--wp--preset--spacing--30);padding-right:var(--wp--preset--spacing--30);padding-bottom:var(--wp--preset--spacing--30);padding-left:var(--wp--preset--spacing--30)\">\n<figure class=\"wp-block-image size-full is-resized\"><img loading=\"lazy\" decoding=\"async\" width=\"310\" height=\"89\" src=\"https:\/\/www.klasmeier.com\/wp-content\/uploads\/exacal.png\" alt=\"\" class=\"wp-image-2717\" style=\"width:376px;height:auto\" srcset=\"https:\/\/www.klasmeier.com\/wp-content\/uploads\/exacal.png 310w, https:\/\/www.klasmeier.com\/wp-content\/uploads\/exacal-300x86.png 300w\" sizes=\"auto, (max-width: 310px) 100vw, 310px\" \/><\/figure>\n\n\n\n<h4 class=\"wp-block-heading has-text-align-center\"><strong><strong>Manufactura de Term\u00f3metros<\/strong><\/strong><\/h4>\n\n\n\n<div class=\"wp-block-group is-vertical is-content-justification-stretch is-layout-flex wp-container-core-group-is-layout-ef933e46 wp-block-group-is-layout-flex\">\n<p><mark style=\"background-color:rgba(0, 0, 0, 0);color:#dd3333\" class=\"has-inline-color\"><i class=\"fas fa-circle-check\"><\/i><\/mark> <strong>Term\u00f3metros<\/strong><br>Fabricados con meticuloso trabajo manual en la manufactura propia&nbsp;<strong>eXacal<\/strong>&nbsp;de Klasmeier.<\/p>\n\n\n\n<p><mark style=\"background-color:rgba(0, 0, 0, 0);color:#dd3333\" class=\"has-inline-color\"><i class=\"fas fa-circle-check\"><\/i><\/mark> <strong><strong><strong>Reparaci\u00f3n de term\u00f3metros<\/strong><\/strong><\/strong><br><strong>Por una mayor sostenibilidad:<\/strong>&nbsp;Siga utilizando term\u00f3metros con un historial de medici\u00f3n valioso. Tras cinco a\u00f1os de desarrollo, ahora ofrecemos&nbsp;<strong>reparaci\u00f3n de term\u00f3metros de precisi\u00f3n<\/strong>, una soluci\u00f3n altamente sostenible para la industria.<\/p>\n\n\n\n<p><mark style=\"background-color:rgba(0, 0, 0, 0);color:#dd3333\" class=\"has-inline-color\"><i class=\"fas fa-circle-check\"><\/i><\/mark> <strong>Manufactura<\/strong><br>Los&nbsp;<strong>term\u00f3metros de precisi\u00f3n eXacal<\/strong>&nbsp;se utilizan para&nbsp;<strong>mediciones de temperatura de alta exactitud<\/strong>&nbsp;o como&nbsp;<strong>patrones de calibraci\u00f3n<\/strong>. Han sido optimizados a lo largo de muchos a\u00f1os en nuestra manufactura para garantizar la&nbsp;<strong>m\u00e1xima precisi\u00f3n de medici\u00f3n<\/strong>.<\/p>\n\n\n\n<p><mark style=\"background-color:rgba(0, 0, 0, 0);color:#dd3333\" class=\"has-inline-color\"><i class=\"fas fa-circle-check\"><\/i><\/mark> <strong><strong>Detectores de temperatura<\/strong><\/strong><br>En el mundo de la&nbsp;<strong>termometr\u00eda<\/strong>, la precisi\u00f3n del&nbsp;<strong>detector de temperatura<\/strong>&nbsp;es un factor cr\u00edtico para la&nbsp;<strong>exactitud y fiabilidad<\/strong>&nbsp;de un term\u00f3metro.<\/p>\n\n\n\n<p><mark style=\"background-color:rgba(0, 0, 0, 0);color:#dd3333\" class=\"has-inline-color\"><i class=\"fas fa-circle-check\"><\/i><\/mark> <strong>Tecnolog\u00eda<\/strong><br>Los&nbsp;<strong>term\u00f3metros de precisi\u00f3n eXacal<\/strong>&nbsp;fueron dise\u00f1ados completamente desde cero. El tiempo de desarrollo super\u00f3 los&nbsp;<strong>cuatro a\u00f1os<\/strong>. Cada uno de sus componentes fue cuidadosamente&nbsp;<strong>dise\u00f1ado y ajustado<\/strong>&nbsp;para garantizar el mejor rendimiento.<\/p>\n<\/div>\n\n\n\n<div class=\"wp-block-buttons is-content-justification-center is-layout-flex wp-container-core-buttons-is-layout-b5994976 wp-block-buttons-is-layout-flex\">\n<div class=\"wp-block-button is-style-outline hvr-shrink is-style-outline--1\"><a class=\"wp-block-button__link has-text-align-center wp-element-button\" href=\"\/es\/thermometer-manufaktur\/\">Ir&nbsp;a&nbsp;la&nbsp;manufactura<\/a><\/div>\n<\/div>\n<\/div>\n<\/div>\n\n\n\n<div class=\"wp-block-column is-layout-flow wp-block-column-is-layout-flow\">\n<div class=\"wp-block-group hvr-grow has-accent-background-color has-background is-vertical is-content-justification-center is-layout-flex wp-container-core-group-is-layout-aacb5aaa wp-block-group-is-layout-flex\" style=\"border-radius:50px;padding-top:var(--wp--preset--spacing--30);padding-right:var(--wp--preset--spacing--30);padding-bottom:var(--wp--preset--spacing--30);padding-left:var(--wp--preset--spacing--30)\">\n<figure class=\"wp-block-image size-full is-resized\"><img loading=\"lazy\" decoding=\"async\" width=\"277\" height=\"98\" src=\"https:\/\/www.klasmeier.com\/wp-content\/uploads\/2024\/04\/dakks-akkreditierung-klasmeier.png\" alt=\"\" class=\"wp-image-2148\" style=\"width:302px;height:auto\"\/><\/figure>\n\n\n\n<h4 class=\"wp-block-heading has-text-align-center\"><strong><strong>Servicio de Calibraci\u00f3n<\/strong><\/strong><\/h4>\n\n\n\n<div class=\"wp-block-group is-vertical is-layout-flex wp-container-core-group-is-layout-ea0cb840 wp-block-group-is-layout-flex\">\n<p><mark style=\"background-color:rgba(0, 0, 0, 0);color:#dd3333\" class=\"has-inline-color\"><i class=\"fas fa-circle-check\"><\/i><\/mark> <strong>Term\u00f3metros est\u00e1ndar<\/strong><br>La&nbsp;<strong>calibraci\u00f3n DAkkS<\/strong>&nbsp;de&nbsp;<strong>term\u00f3metros est\u00e1ndar ITS-90 (SPRT)<\/strong>&nbsp;se realiza en&nbsp;<strong>puntos fijos de ITS-90<\/strong>.<\/p>\n\n\n\n<p><mark style=\"background-color:rgba(0, 0, 0, 0);color:#dd3333\" class=\"has-inline-color\"><i class=\"fas fa-circle-check\"><\/i><\/mark> <strong>Term\u00f3metros de resistencia<\/strong><br>Calibraci\u00f3n de&nbsp;<strong>term\u00f3metros de resistencia<\/strong>&nbsp;(sensores de temperatura como&nbsp;<strong>Pt100, Pt25, etc.<\/strong>) e&nbsp;<strong>indicadores<\/strong>&nbsp;con&nbsp;<strong>certificado de calibraci\u00f3n DAkkS<\/strong>&nbsp;en&nbsp;<strong>puntos fijos de ITS-90 de referencia<\/strong>.<\/p>\n\n\n\n<p><mark style=\"background-color:rgba(0, 0, 0, 0);color:#dd3333\" class=\"has-inline-color\"><i class=\"fas fa-circle-check\"><\/i><\/mark> <strong>Termopares<\/strong><br>Los&nbsp;<strong>termopares<\/strong>&nbsp;se calibran en&nbsp;<strong>puntos fijos de temperatura de ITS-90<\/strong>, desde el&nbsp;<strong>punto triple del agua<\/strong>&nbsp;hasta el&nbsp;<strong>punto de congelaci\u00f3n de la plata<\/strong>, con&nbsp;<strong>incertidumbres de medici\u00f3n excepcionales<\/strong>.<\/p>\n\n\n\n<p><mark style=\"background-color:rgba(0, 0, 0, 0);color:#dd3333\" class=\"has-inline-color\"><i class=\"fas fa-circle-check\"><\/i><\/mark> <strong><strong>Calibradores de bloque seco<\/strong><\/strong><br>Los&nbsp;<strong>calibradores de bloque seco<\/strong>&nbsp;se calibran por&nbsp;<strong>comparaci\u00f3n con term\u00f3metros de resistencia calibrados o termopares<\/strong>. La calibraci\u00f3n se basa en la&nbsp;<strong>directriz DAkkS-DKD R5-4<\/strong>&nbsp;para&nbsp;<strong>calibradores de bloque<\/strong>&nbsp;o en los&nbsp;<strong>informes de prueba propios de Klasmeier para dispositivos ISOTECH<\/strong>.<\/p>\n\n\n\n<p><mark style=\"background-color:rgba(0, 0, 0, 0);color:#dd3333\" class=\"has-inline-color\"><i class=\"fas fa-circle-check\"><\/i><\/mark> <strong><strong>Puntos fijos de temperatura<\/strong><\/strong><br>Los&nbsp;<strong>puntos fijos de temperatura<\/strong>&nbsp;se calibran por&nbsp;<strong>comparaci\u00f3n con puntos fijos de referencia<\/strong>, utilizando&nbsp;<strong>term\u00f3metros de resistencia est\u00e1ndar de alta estabilidad (SPRT)<\/strong>.<\/p>\n\n\n\n<p><mark style=\"background-color:rgba(0, 0, 0, 0);color:#dd3333\" class=\"has-inline-color\"><i class=\"fas fa-circle-check\"><\/i><\/mark> <strong><strong>Calibraci\u00f3n a temperaturas extremadamente bajas<\/strong><\/strong><br>\u00bfNecesita calibrar term\u00f3metros a&nbsp;<strong>temperaturas extremadamente bajas<\/strong>?<br>Si el rango de temperatura de los&nbsp;<strong>ba\u00f1os de calibraci\u00f3n<\/strong>&nbsp;y los&nbsp;<strong>procedimientos estandarizados<\/strong>&nbsp;no es suficiente para sus necesidades, en&nbsp;<strong>Klasmeier<\/strong>&nbsp;tenemos la soluci\u00f3n. <strong>Utilizamos nitr\u00f3geno en ebullici\u00f3n para extender el rango de temperatura<\/strong>.<\/p>\n<\/div>\n\n\n\n<div class=\"wp-block-buttons is-content-justification-center is-layout-flex wp-container-core-buttons-is-layout-a89b3969 wp-block-buttons-is-layout-flex\">\n<div class=\"wp-block-button is-style-outline hvr-shrink is-style-outline--2\"><a class=\"wp-block-button__link wp-element-button\" href=\"\/es\/kalibrierdienst-klasmeier\/\">Ir&nbsp;al&nbsp;servicio&nbsp;de&nbsp;calibraci\u00f3n<\/a><\/div>\n<\/div>\n<\/div>\n<\/div>\n<\/div>\n<\/div>\n<\/div>\n\n\n\n<div class=\"wp-block-group alignfull has-global-padding is-layout-constrained wp-block-group-is-layout-constrained\" style=\"padding-top:var(--wp--preset--spacing--30);padding-bottom:var(--wp--preset--spacing--30)\">\n<h3 class=\"wp-block-heading has-text-align-center\"><strong><strong>\u00a1Perm\u00edtanos asesorarle personalmente!<\/strong><\/strong><\/h3>\n\n\n\n<div class=\"wp-block-group alignwide has-global-padding is-layout-constrained wp-container-core-group-is-layout-7657ddd5 wp-block-group-is-layout-constrained\" style=\"padding-top:var(--wp--preset--spacing--30);padding-bottom:var(--wp--preset--spacing--30)\">\n<div class=\"wp-block-columns alignwide is-layout-flex wp-container-core-columns-is-layout-7fc3d43a wp-block-columns-is-layout-flex\">\n<div class=\"wp-block-column is-layout-flow wp-block-column-is-layout-flow\" style=\"flex-basis:50%\">\n<div class=\"wp-block-group hvr-grow has-accent-background-color has-background is-vertical is-content-justification-center is-layout-flex wp-container-core-group-is-layout-101fcb7d wp-block-group-is-layout-flex\" style=\"border-radius:50px;padding-top:var(--wp--preset--spacing--30);padding-right:var(--wp--preset--spacing--30);padding-bottom:var(--wp--preset--spacing--30);padding-left:var(--wp--preset--spacing--30)\">\n<figure class=\"wp-block-image size-full is-resized has-custom-border\"><img loading=\"lazy\" decoding=\"async\" width=\"500\" height=\"333\" src=\"https:\/\/www.klasmeier.com\/wp-content\/uploads\/ES.png\" alt=\"\" class=\"wp-image-2654\" style=\"border-radius:50px;width:514px;height:auto\" srcset=\"https:\/\/www.klasmeier.com\/wp-content\/uploads\/ES.png 500w, https:\/\/www.klasmeier.com\/wp-content\/uploads\/ES-300x200.png 300w\" sizes=\"auto, (max-width: 500px) 100vw, 500px\" \/><\/figure>\n\n\n\n<h4 class=\"wp-block-heading has-text-align-center\"><strong>Elke Seewald<\/strong><br><em>Directora de la Manufactura eXacal y Producci\u00f3n de Term\u00f3metros<\/em><\/h4>\n\n\n\n<p class=\"has-text-align-center\"><mark style=\"background-color:rgba(0, 0, 0, 0)\" class=\"has-inline-color has-accent-3-color\"><i class=\"fas fa-envelope\"><\/i><\/mark> <a href=\"https:\/\/www.klasmeier.com\/es\/empresa\/pongase-en-contacto-con-nosotros\/\">Contactar ahora<\/a><\/p>\n<\/div>\n<\/div>\n\n\n\n<div class=\"wp-block-column is-layout-flow wp-block-column-is-layout-flow\" style=\"flex-basis:50%\">\n<div class=\"wp-block-group hvr-grow has-accent-background-color has-background is-vertical is-content-justification-center is-layout-flex wp-container-core-group-is-layout-aacb5aaa wp-block-group-is-layout-flex\" style=\"border-radius:50px;padding-top:var(--wp--preset--spacing--30);padding-right:var(--wp--preset--spacing--30);padding-bottom:var(--wp--preset--spacing--30);padding-left:var(--wp--preset--spacing--30)\">\n<figure class=\"wp-block-image size-full is-resized has-custom-border\"><img loading=\"lazy\" decoding=\"async\" width=\"640\" height=\"427\" src=\"https:\/\/www.klasmeier.com\/wp-content\/uploads\/2024\/03\/Ansprechpartner-Labor-Boris-Kalb.png\" alt=\"\" class=\"wp-image-1375\" style=\"border-radius:50px;width:514px\" srcset=\"https:\/\/www.klasmeier.com\/wp-content\/uploads\/2024\/03\/Ansprechpartner-Labor-Boris-Kalb.png 640w, https:\/\/www.klasmeier.com\/wp-content\/uploads\/2024\/03\/Ansprechpartner-Labor-Boris-Kalb-300x200.png 300w, https:\/\/www.klasmeier.com\/wp-content\/uploads\/2024\/03\/Ansprechpartner-Labor-Boris-Kalb-600x400.png 600w\" sizes=\"auto, (max-width: 640px) 100vw, 640px\" \/><\/figure>\n\n\n\n<h4 class=\"wp-block-heading has-text-align-center\"><strong>Boris Kalb<\/strong><br><em>Director del Laboratorio de Calibraci\u00f3n de Klasmeier y Ponente en Seminarios de Temperatura<\/em><\/h4>\n\n\n\n<p class=\"has-text-align-center\"><mark style=\"background-color:rgba(0, 0, 0, 0)\" class=\"has-inline-color has-accent-3-color\"><i class=\"fas fa-envelope\"><\/i><\/mark> <a href=\"https:\/\/www.klasmeier.com\/es\/empresa\/pongase-en-contacto-con-nosotros\/\">Contactar ahora<\/a><\/p>\n<\/div>\n<\/div>\n<\/div>\n<\/div>\n<\/div>\n","protected":false},"excerpt":{"rendered":"<p>Productos Term\u00f3metros de precisi\u00f3n fabricados a mano y servicios de calibraci\u00f3n de nuestro laboratorio de calibraci\u00f3n acreditado por DAkkS Lo que ofrecemos: Manufactura de Term\u00f3metros Term\u00f3metrosFabricados con meticuloso trabajo manual en la manufactura propia&nbsp;eXacal&nbsp;de Klasmeier. Reparaci\u00f3n de term\u00f3metrosPor una mayor sostenibilidad:&nbsp;Siga utilizando term\u00f3metros con un historial de medici\u00f3n valioso. Tras cinco a\u00f1os de desarrollo, ahora [&hellip;]<\/p>\n","protected":false},"author":4,"featured_media":0,"parent":0,"menu_order":0,"comment_status":"closed","ping_status":"closed","template":"","meta":{"footnotes":""},"class_list":["post-8545","page","type-page","status-publish","hentry"],"_links":{"self":[{"href":"https:\/\/www.klasmeier.com\/es\/wp-json\/wp\/v2\/pages\/8545","targetHints":{"allow":["GET"]}}],"collection":[{"href":"https:\/\/www.klasmeier.com\/es\/wp-json\/wp\/v2\/pages"}],"about":[{"href":"https:\/\/www.klasmeier.com\/es\/wp-json\/wp\/v2\/types\/page"}],"author":[{"embeddable":true,"href":"https:\/\/www.klasmeier.com\/es\/wp-json\/wp\/v2\/users\/4"}],"replies":[{"embeddable":true,"href":"https:\/\/www.klasmeier.com\/es\/wp-json\/wp\/v2\/comments?post=8545"}],"version-history":[{"count":4,"href":"https:\/\/www.klasmeier.com\/es\/wp-json\/wp\/v2\/pages\/8545\/revisions"}],"predecessor-version":[{"id":11609,"href":"https:\/\/www.klasmeier.com\/es\/wp-json\/wp\/v2\/pages\/8545\/revisions\/11609"}],"wp:attachment":[{"href":"https:\/\/www.klasmeier.com\/es\/wp-json\/wp\/v2\/media?parent=8545"}],"curies":[{"name":"wp","href":"https:\/\/api.w.org\/{rel}","templated":true}]}}