{"id":8536,"date":"2024-04-21T18:05:05","date_gmt":"2024-04-21T16:05:05","guid":{"rendered":"https:\/\/www.klasmeier.com\/?page_id=8536"},"modified":"2025-04-02T11:23:09","modified_gmt":"2025-04-02T09:23:09","slug":"distribuidores","status":"publish","type":"page","link":"https:\/\/www.klasmeier.com\/es\/distribuidores\/","title":{"rendered":"Distribuidores"},"content":{"rendered":"\n<div class=\"wp-block-group alignfull has-global-padding is-layout-constrained wp-container-core-group-is-layout-e6038ede wp-block-group-is-layout-constrained\" style=\"padding-top:var(--wp--preset--spacing--30);padding-bottom:var(--wp--preset--spacing--30)\">\n<h2 class=\"wp-block-heading alignwide\"><strong><strong>Distribuidores<\/strong><\/strong><\/h2>\n\n\n\n<div class=\"wp-block-group alignwide has-global-padding is-content-justification-center is-layout-constrained wp-container-core-group-is-layout-7cd3bfbb wp-block-group-is-layout-constrained\">\n<iframe src=\"https:\/\/www.google.com\/maps\/embed?pb=!1m14!1m8!1m3!1d5070.061945941722!2d9.644794!3d50.552194!3m2!1i1024!2i768!4f13.1!3m3!1m2!1s0x47a3344057492cb3%3A0x97f8a5df7758c8c1!2sKlasmeier%20Kalibrier-%20und%20Messtechnik%20GmbH!5e0!3m2!1sde!2sus!4v1710894420650!5m2!1sde!2sus\" width=\"1280\" height=\"500\" style=\"border:0;\" allowfullscreen=\"\" loading=\"lazy\" referrerpolicy=\"no-referrer-when-downgrade\"><\/iframe>\n<\/div>\n\n\n\n<div class=\"wp-block-group alignwide has-global-padding is-layout-constrained wp-block-group-is-layout-constrained\" style=\"padding-top:var(--wp--preset--spacing--20);padding-bottom:var(--wp--preset--spacing--20)\">\n<h3 class=\"wp-block-heading alignwide\">Sede principal \/ Distribuci\u00f3n en Alemania y a nivel mundial<\/h3>\n\n\n\n<div class=\"wp-block-group alignwide is-vertical is-layout-flex wp-container-core-group-is-layout-fe9cc265 wp-block-group-is-layout-flex\">\n<figure class=\"wp-block-image alignleft size-full is-resized\"><img loading=\"lazy\" decoding=\"async\" width=\"2952\" height=\"738\" src=\"https:\/\/www.klasmeier.com\/wp-content\/uploads\/2024\/02\/KK-Slogan-300-dpi.png\" alt=\"\" class=\"wp-image-34\" style=\"width:267px;height:auto\" srcset=\"https:\/\/www.klasmeier.com\/wp-content\/uploads\/2024\/02\/KK-Slogan-300-dpi.png 2952w, https:\/\/www.klasmeier.com\/wp-content\/uploads\/2024\/02\/KK-Slogan-300-dpi-300x75.png 300w, https:\/\/www.klasmeier.com\/wp-content\/uploads\/2024\/02\/KK-Slogan-300-dpi-1024x256.png 1024w, https:\/\/www.klasmeier.com\/wp-content\/uploads\/2024\/02\/KK-Slogan-300-dpi-768x192.png 768w, https:\/\/www.klasmeier.com\/wp-content\/uploads\/2024\/02\/KK-Slogan-300-dpi-1536x384.png 1536w, https:\/\/www.klasmeier.com\/wp-content\/uploads\/2024\/02\/KK-Slogan-300-dpi-2048x512.png 2048w\" sizes=\"auto, (max-width: 2952px) 100vw, 2952px\" \/><\/figure>\n\n\n\n<h6 class=\"wp-block-heading alignwide has-text-align-left\" style=\"font-size:clamp(0.984rem, 0.984rem + ((1vw - 0.2rem) * 0.86), 1.5rem);\"><strong>Klasmeier<\/strong><br><strong>Kalibrier- und Messtechnik GmbH<\/strong><\/h6>\n<\/div>\n\n\n\n<div class=\"wp-block-group alignwide is-content-justification-space-between is-nowrap is-layout-flex wp-container-core-group-is-layout-cb46ffcb wp-block-group-is-layout-flex\">\n<p style=\"font-size:clamp(0.875rem, 0.875rem + ((1vw - 0.2rem) * 0.708), 1.3rem);\"><strong>Direcci\u00f3n<\/strong><br>Flemingstrasse 12-14<br>36041 Fulda \u2013 Alemania<\/p>\n\n\n\n<p style=\"font-size:clamp(0.875rem, 0.875rem + ((1vw - 0.2rem) * 0.708), 1.3rem);\"><br>Tel\u00e9fono\u00a0+49 661 380 940 0<\/p>\n\n\n\n<p style=\"font-size:clamp(0.875rem, 0.875rem + ((1vw - 0.2rem) * 0.708), 1.3rem);\"><br><strong><strong>S\u00edganos en<\/strong>:<\/strong><br><a href=\"https:\/\/de.linkedin.com\/company\/klasmeier\" target=\"_blank\" rel=\"noopener\">LinkedIn<\/a> <i class=\"fab fa-linkedin-in\"><\/i><\/p>\n<\/div>\n<\/div>\n<\/div>\n\n\n\n<div class=\"wp-block-group alignfull has-global-padding is-layout-constrained wp-block-group-is-layout-constrained\">\n<h3 class=\"wp-block-heading alignwide\">Distribuidores internacionales<\/h3>\n\n\n\n<div class=\"wp-block-columns alignwide is-layout-flex wp-container-core-columns-is-layout-a58e361c wp-block-columns-is-layout-flex\" style=\"padding-top:var(--wp--preset--spacing--30);padding-right:var(--wp--preset--spacing--30);padding-bottom:var(--wp--preset--spacing--30);padding-left:var(--wp--preset--spacing--30)\">\n<div class=\"wp-block-column is-vertically-aligned-stretch is-layout-flow wp-container-core-column-is-layout-5d8b474c wp-block-column-is-layout-flow\" style=\"padding-top:0;padding-right:0;padding-bottom:0;padding-left:0\">\n<h4 class=\"wp-block-heading has-text-align-center\"><strong>Polonia<\/strong><\/h4>\n\n\n\n<div class=\"wp-block-group hvr-grow has-accent-background-color has-background is-vertical is-content-justification-stretch is-layout-flex wp-container-core-group-is-layout-e4cb8d06 wp-block-group-is-layout-flex\" style=\"border-radius:50px;padding-top:var(--wp--preset--spacing--30);padding-right:var(--wp--preset--spacing--30);padding-bottom:var(--wp--preset--spacing--30);padding-left:var(--wp--preset--spacing--30)\">\n<div class=\"wp-block-group has-global-padding is-layout-constrained wp-container-core-group-is-layout-b1d50903 wp-block-group-is-layout-constrained\" style=\"padding-top:var(--wp--preset--spacing--20);padding-bottom:var(--wp--preset--spacing--20)\">\n<figure class=\"wp-block-image aligncenter size-full is-resized\"><img loading=\"lazy\" decoding=\"async\" width=\"300\" height=\"40\" src=\"https:\/\/www.klasmeier.com\/wp-content\/uploads\/alitech_poland-300x40-1.png\" alt=\"\" class=\"wp-image-2871\" style=\"width:360px;height:auto\"\/><\/figure>\n<\/div>\n\n\n\n<p><strong>alitech sp. z o. o.<\/strong><br>ul.Stobrawska 30<br>54-211 Wroc\u0142aw<br>Polonia<\/p>\n\n\n\n<p>Tel\u00e9fono: +48 71 3521992<\/p>\n\n\n\n<p>Correo electr\u00f3nico: <a href=\"https:&#x2f;&#x2f;&#119;ww&#x2e;&#x6b;&#108;&#97;s&#x6d;&#x65;&#105;&#101;r&#x2e;&#x63;&#x6f;&#109;\/v&#x65;&#x72;&#116;&#114;i&#x65;&#x62;&#115;&#112;a&#x72;&#x74;&#110;&#101;r&#x2f;&#x62;&#x69;&#117;ro&#x40;&#x61;&#108;&#105;t&#x65;&#x63;&#104;&#46;c&#x6f;&#x6d;&#46;&#112;l&quot;>&#98;i&#x75;r&#x6f;&#64;&#x61;&#108;&#x69;&#116;&#x65;&#99;h&#x2e;c&#x6f;m&#x2e;&#112;&#x6c;<\/a>\u00ab><\/a><a href=\"ma&#105;&#108;&#116;&#x6f;&#x3a;&#x62;&#x69;&#x75;ro&#64;&#97;&#108;&#x69;&#x74;&#x65;&#x63;&#x68;&#46;c&#111;&#109;&#46;&#x70;&#x6c;\">&#x62;&#x69;&#x75;&#x72;&#x6f;&#x40;&#97;&#108;&#105;&#116;ech&#46;&#x63;&#x6f;&#x6d;&#x2e;&#x70;&#x6c;<\/a><br>Sitio web:&nbsp;<a href=\"http:\/\/www.alitech.com.pl\/\" target=\"_blank\" rel=\"noopener\">www.alitech.com.pl<\/a><\/p>\n\n\n\n<p>Persona de contacto: Alina Solon-Lipi\u0144ska, CEO<\/p>\n<\/div>\n<\/div>\n\n\n\n<div class=\"wp-block-column is-layout-flow wp-container-core-column-is-layout-5d8b474c wp-block-column-is-layout-flow\" style=\"padding-top:0;padding-right:0;padding-bottom:0;padding-left:0\">\n<h4 class=\"wp-block-heading has-text-align-center\"><strong>Suiza<\/strong><\/h4>\n\n\n\n<div class=\"wp-block-group hvr-grow has-accent-background-color has-background is-vertical is-content-justification-stretch is-layout-flex wp-container-core-group-is-layout-21c4ce27 wp-block-group-is-layout-flex\" style=\"border-radius:50px;padding-top:var(--wp--preset--spacing--30);padding-right:var(--wp--preset--spacing--30);padding-bottom:var(--wp--preset--spacing--30);padding-left:var(--wp--preset--spacing--30)\">\n<div class=\"wp-block-group has-global-padding is-layout-constrained wp-container-core-group-is-layout-b1d50903 wp-block-group-is-layout-constrained\" style=\"padding-top:var(--wp--preset--spacing--20);padding-bottom:var(--wp--preset--spacing--20)\">\n<figure class=\"wp-block-image aligncenter size-full is-resized\"><img loading=\"lazy\" decoding=\"async\" width=\"300\" height=\"68\" src=\"https:\/\/www.klasmeier.com\/wp-content\/uploads\/ALLMETRA-300x68-1.png\" alt=\"\" class=\"wp-image-2874\" style=\"width:353px;height:auto\"\/><\/figure>\n<\/div>\n\n\n\n<p><strong>ALLMETRA AG<\/strong><br>Flughofstrasse 57<br>8152 Glattbrugg-Z\u00fcrich<br>Suiza<\/p>\n\n\n\n<p>Tel\u00e9fono: +41 44 302 4455<br>Correo electr\u00f3nico: <a href=\"http:\/\/<a href=&quot;&#x6d;a&#x69;l&#x74;&#111;&#x3a;&#105;n&#x66;o&#x40;&#97;&#x6c;&#108;&#x6d;&#101;t&#x72;a&#x2e;&#99;&#x6f;&#109;&quot;>&#x69;&#x6e;&#x66;&#x6f;&#x40;&#x61;&#x6c;&#x6c;&#x6d;&#x65;&#x74;&#114;&#97;&#46;&#99;&#111;&#109;<\/a>\u00ab><\/a><a href=\"&#x6d;&#x61;&#105;l&#x74;&#x6f;&#58;in&#x66;&#x6f;&#64;a&#x6c;&#x6c;&#109;&#101;t&#x72;&#x61;&#46;c&#x6f;&#x6d;\">&#105;&#x6e;&#102;&#x6f;&#64;&#x61;&#108;&#x6c;m&#x65;t&#x72;a&#x2e;c&#111;&#x6d;<\/a><br>Sitio web: <a href=\"http:\/\/www.allmetra.com\/\" target=\"_blank\" rel=\"noopener\">www.allmetra.com<\/a><\/p>\n\n\n\n<p>Persona de contacto: Ren\u00e9 Seiler<\/p>\n<\/div>\n<\/div>\n<\/div>\n\n\n\n<div class=\"wp-block-columns alignwide is-layout-flex wp-container-core-columns-is-layout-a58e361c wp-block-columns-is-layout-flex\" style=\"padding-top:var(--wp--preset--spacing--30);padding-right:var(--wp--preset--spacing--30);padding-bottom:var(--wp--preset--spacing--30);padding-left:var(--wp--preset--spacing--30)\">\n<div class=\"wp-block-column is-vertically-aligned-stretch is-layout-flow wp-container-core-column-is-layout-5d8b474c wp-block-column-is-layout-flow\" style=\"padding-top:0;padding-right:0;padding-bottom:0;padding-left:0\">\n<h4 class=\"wp-block-heading has-text-align-center\"><strong>M\u00e9xico<\/strong><\/h4>\n\n\n\n<div class=\"wp-block-group hvr-grow has-accent-background-color has-background is-vertical is-content-justification-stretch is-layout-flex wp-container-core-group-is-layout-e4cb8d06 wp-block-group-is-layout-flex\" style=\"border-radius:50px;padding-top:var(--wp--preset--spacing--30);padding-right:var(--wp--preset--spacing--30);padding-bottom:var(--wp--preset--spacing--30);padding-left:var(--wp--preset--spacing--30)\">\n<div class=\"wp-block-group has-global-padding is-layout-constrained wp-container-core-group-is-layout-b1d50903 wp-block-group-is-layout-constrained\" style=\"padding-top:var(--wp--preset--spacing--20);padding-bottom:var(--wp--preset--spacing--20)\">\n<figure class=\"wp-block-image aligncenter size-full is-resized has-custom-border\"><img loading=\"lazy\" decoding=\"async\" width=\"300\" height=\"84\" src=\"https:\/\/www.klasmeier.com\/wp-content\/uploads\/Insco-300x84-1.png\" alt=\"\" class=\"wp-image-2882\" style=\"border-radius:15px;width:360px;height:auto\"\/><\/figure>\n<\/div>\n\n\n\n<p><strong><strong>INSCO de M\u00e9xico S. A. de C. V.<\/strong><\/strong><\/p>\n\n\n\n<p>Escape 3-A Local 2<br>Alce Blanco<br>Naucalpan de Ju\u00e1rez<br>Estado de M\u00e9xico<br>M\u00e9xico. 53370<\/p>\n\n\n\n<p>Tel\u00e9fono: +52 55 5359 0088<br>Correo electr\u00f3nico: <a href=\"m&#97;&#x69;&#x6c;t&#111;&#x3a;&#x76;e&#110;&#116;&#x61;&#x73;&#64;&#105;&#x6e;&#x73;c&#111;&#x6d;&#x65;x&#105;&#99;&#x6f;&#x2e;c&#111;&#x6d;\">&#x76;&#101;&#110;&#x74;&#x61;&#115;&#64;&#x69;&#x6e;&#115;&#99;&#x6f;&#x6d;&#101;&#120;&#x69;&#x63;&#111;&#46;&#x63;&#x6f;&#109;<\/a> <br>Sitio web: <a href=\"http:\/\/www.inscomex.com\/\" target=\"_blank\" rel=\"noopener\">www.inscomex.com<\/a><\/p>\n<\/div>\n<\/div>\n\n\n\n<div class=\"wp-block-column is-layout-flow wp-container-core-column-is-layout-5d8b474c wp-block-column-is-layout-flow\" style=\"padding-top:0;padding-right:0;padding-bottom:0;padding-left:0\">\n<h4 class=\"wp-block-heading has-text-align-center\"><strong>Argentina<\/strong><\/h4>\n\n\n\n<div class=\"wp-block-group hvr-grow has-accent-background-color has-background is-vertical is-content-justification-stretch is-layout-flex wp-container-core-group-is-layout-21c4ce27 wp-block-group-is-layout-flex\" style=\"border-radius:50px;padding-top:var(--wp--preset--spacing--30);padding-right:var(--wp--preset--spacing--30);padding-bottom:var(--wp--preset--spacing--30);padding-left:var(--wp--preset--spacing--30)\">\n<div class=\"wp-block-group has-global-padding is-layout-constrained wp-container-core-group-is-layout-b1d50903 wp-block-group-is-layout-constrained\" style=\"padding-top:var(--wp--preset--spacing--20);padding-bottom:var(--wp--preset--spacing--20)\">\n<figure class=\"wp-block-image aligncenter size-full is-resized\"><img loading=\"lazy\" decoding=\"async\" width=\"512\" height=\"128\" src=\"https:\/\/www.klasmeier.com\/wp-content\/uploads\/Sensotec.png\" alt=\"\" class=\"wp-image-2880\" style=\"width:353px;height:auto\" srcset=\"https:\/\/www.klasmeier.com\/wp-content\/uploads\/Sensotec.png 512w, https:\/\/www.klasmeier.com\/wp-content\/uploads\/Sensotec-300x75.png 300w\" sizes=\"auto, (max-width: 512px) 100vw, 512px\" \/><\/figure>\n<\/div>\n\n\n\n<p><strong><strong>Sensotec S. A.<\/strong><\/strong><\/p>\n\n\n\n<p><br>Estomba 831<br>(C1427COS)<br>Bs. As. \u2013 Argentina<\/p>\n\n\n\n<p>Tel\u00e9fono: (+54 11) 4551 5995<\/p>\n\n\n\n<p>Correo electr\u00f3nico: <a href=\"https:&#x2f;&#x2f;&#119;&#119;&#119;&#46;&#x6b;&#x6c;&#x61;&#115;&#109;ei&#x65;&#x72;&#x2e;&#99;&#111;m&#x2f;&#x76;&#x65;&#114;&#116;&#114;i&#x65;&#x62;&#x73;&#112;&#97;rt&#x6e;&#x65;&#x72;&#47;&#118;e&#x6e;&#x74;&#x61;&#115;&#64;&#115;e&#x6e;&#x73;&#x6f;&#116;&#101;c&#46;&#x63;&#x6f;&#x6d;&#46;&#97;r\"><\/a><a href=\"&#x6d;&#x61;&#x69;&#x6c;&#116;&#111;:ve&#x6e;&#x74;&#x61;&#x73;&#64;&#115;ens&#x6f;&#x74;&#x65;&#x63;&#46;&#99;&#111;m&#46;&#x61;&#x72;\">&#118;&#x65;&#110;&#x74;&#97;&#x73;&#64;&#x73;&#101;&#x6e;&#115;&#x6f;t&#x65;c&#x2e;c&#x6f;m&#x2e;a&#x72;<\/a><br>Sitio web: <a href=\"http:\/\/www.sensotec.com.ar\/\" target=\"_blank\" rel=\"noopener\">www.sensotec.com.ar<\/a><\/p>\n<\/div>\n<\/div>\n<\/div>\n\n\n\n<div class=\"wp-block-columns alignwide is-layout-flex wp-container-core-columns-is-layout-a58e361c wp-block-columns-is-layout-flex\" style=\"padding-top:var(--wp--preset--spacing--30);padding-right:var(--wp--preset--spacing--30);padding-bottom:var(--wp--preset--spacing--30);padding-left:var(--wp--preset--spacing--30)\">\n<div class=\"wp-block-column is-vertically-aligned-stretch is-layout-flow wp-container-core-column-is-layout-5d8b474c wp-block-column-is-layout-flow\" style=\"padding-top:0;padding-right:0;padding-bottom:0;padding-left:0\">\n<h4 class=\"wp-block-heading has-text-align-center\"><strong>Italia<\/strong><\/h4>\n\n\n\n<div class=\"wp-block-group hvr-grow has-accent-background-color has-background is-vertical is-content-justification-stretch is-layout-flex wp-container-core-group-is-layout-e4cb8d06 wp-block-group-is-layout-flex\" style=\"border-radius:50px;padding-top:var(--wp--preset--spacing--30);padding-right:var(--wp--preset--spacing--30);padding-bottom:var(--wp--preset--spacing--30);padding-left:var(--wp--preset--spacing--30)\">\n<div class=\"wp-block-group has-global-padding is-layout-constrained wp-container-core-group-is-layout-b1d50903 wp-block-group-is-layout-constrained\" style=\"padding-top:var(--wp--preset--spacing--20);padding-bottom:var(--wp--preset--spacing--20)\">\n<figure class=\"wp-block-image aligncenter size-full is-resized has-custom-border\"><img loading=\"lazy\" decoding=\"async\" width=\"300\" height=\"218\" src=\"https:\/\/www.klasmeier.com\/wp-content\/uploads\/CalRef-Logo.png\" alt=\"\" class=\"wp-image-2886\" style=\"border-radius:15px;width:360px;height:auto\"\/><\/figure>\n<\/div>\n\n\n\n<p><strong><strong><strong>CalRef Srl<\/strong><\/strong><\/strong><br>Via Ambrosoli 8\/B<br>20090 \u2013 Rodano (Milano)<br>Italia<\/p>\n\n\n\n<p>Tel\u00e9fono: +39 0270301324<\/p>\n\n\n\n<p>Correo electr\u00f3nico: <a class=\"\" href=\"mailto:<a href=&quot;&#x6d;&#x61;&#x69;&#x6c;&#x74;&#x6f;&#x3a;&#105;&#110;&#102;&#111;&#64;calr&#x65;&#x66;&#x2e;&#x65;&#x75;&quot;>&#105;&#x6e;f&#111;&#x40;c&#97;&#x6c;r&#x65;&#x66;&#46;&#x65;u<\/a>\u00ab><\/a><a href=\"m&#97;&#x69;&#x6c;t&#111;&#58;&#x69;&#x6e;f&#111;&#64;&#x63;&#x61;l&#114;&#x65;&#x66;&#x2e;e&#117;\">&#105;&#x6e;&#102;&#x6f;&#64;&#x63;a&#x6c;r&#x65;f&#46;&#x65;&#117;<\/a><br>Sitio web: <a class=\"\" href=\"http:\/\/www.calref.eu\/\" target=\"_blank\" rel=\"noopener\">www.calref.eu<\/a><\/p>\n\n\n\n<p>Persona de contacto: Marcello CARAVAGGIO<\/p>\n<\/div>\n<\/div>\n\n\n\n<div class=\"wp-block-column is-layout-flow wp-container-core-column-is-layout-5d8b474c wp-block-column-is-layout-flow\" style=\"padding-top:0;padding-right:0;padding-bottom:0;padding-left:0\">\n<div style=\"height:1px\" aria-hidden=\"true\" class=\"wp-block-spacer\"><\/div>\n<\/div>\n<\/div>\n<\/div>\n","protected":false},"excerpt":{"rendered":"<p>Distribuidores Sede principal \/ Distribuci\u00f3n en Alemania y a nivel mundial KlasmeierKalibrier- und Messtechnik GmbH Direcci\u00f3nFlemingstrasse 12-1436041 Fulda \u2013 Alemania Tel\u00e9fono\u00a0+49 661 380 940 0 S\u00edganos en:LinkedIn Distribuidores internacionales Polonia alitech sp. z o. o.ul.Stobrawska 3054-211 Wroc\u0142awPolonia Tel\u00e9fono: +48 71 3521992 Correo electr\u00f3nico: &#105;&#x6e;&#102;&#x6f;&#64;&#x61;l&#108;&#x6d;&#101;&#x74;&#114;&#x61;&#46;&#x63;o&#109;Sitio web: www.allmetra.com Persona de contacto: Ren\u00e9 Seiler M\u00e9xico INSCO de M\u00e9xico [&hellip;]<\/p>\n","protected":false},"author":4,"featured_media":0,"parent":0,"menu_order":0,"comment_status":"closed","ping_status":"closed","template":"","meta":{"footnotes":""},"class_list":["post-8536","page","type-page","status-publish","hentry"],"_links":{"self":[{"href":"https:\/\/www.klasmeier.com\/es\/wp-json\/wp\/v2\/pages\/8536","targetHints":{"allow":["GET"]}}],"collection":[{"href":"https:\/\/www.klasmeier.com\/es\/wp-json\/wp\/v2\/pages"}],"about":[{"href":"https:\/\/www.klasmeier.com\/es\/wp-json\/wp\/v2\/types\/page"}],"author":[{"embeddable":true,"href":"https:\/\/www.klasmeier.com\/es\/wp-json\/wp\/v2\/users\/4"}],"replies":[{"embeddable":true,"href":"https:\/\/www.klasmeier.com\/es\/wp-json\/wp\/v2\/comments?post=8536"}],"version-history":[{"count":3,"href":"https:\/\/www.klasmeier.com\/es\/wp-json\/wp\/v2\/pages\/8536\/revisions"}],"predecessor-version":[{"id":11594,"href":"https:\/\/www.klasmeier.com\/es\/wp-json\/wp\/v2\/pages\/8536\/revisions\/11594"}],"wp:attachment":[{"href":"https:\/\/www.klasmeier.com\/es\/wp-json\/wp\/v2\/media?parent=8536"}],"curies":[{"name":"wp","href":"https:\/\/api.w.org\/{rel}","templated":true}]}}