{"id":8530,"date":"2024-04-20T16:02:06","date_gmt":"2024-04-20T14:02:06","guid":{"rendered":"https:\/\/www.klasmeier.com\/?page_id=8530"},"modified":"2025-04-02T11:23:30","modified_gmt":"2025-04-02T09:23:30","slug":"resistencias-de-medicion-de-klasmeier","status":"publish","type":"page","link":"https:\/\/www.klasmeier.com\/es\/resistencias-de-medicion-de-klasmeier\/","title":{"rendered":"Resistencias de medici\u00f3n de Klasmeier"},"content":{"rendered":"\n<div class=\"wp-block-cover alignfull has-base-2-color has-text-color has-link-color wp-elements-32c0b4869c703c5261603be1518ebc43\"><span aria-hidden=\"true\" class=\"wp-block-cover__background has-contrast-background-color has-background-dim\"><\/span><img loading=\"lazy\" decoding=\"async\" width=\"1600\" height=\"762\" class=\"wp-block-cover__image-background wp-image-2712\" alt=\"\" src=\"https:\/\/www.klasmeier.com\/wp-content\/uploads\/Messwiderstaende-von-Klasmeier.png\" data-object-fit=\"cover\" srcset=\"https:\/\/www.klasmeier.com\/wp-content\/uploads\/Messwiderstaende-von-Klasmeier.png 1600w, https:\/\/www.klasmeier.com\/wp-content\/uploads\/Messwiderstaende-von-Klasmeier-300x143.png 300w, https:\/\/www.klasmeier.com\/wp-content\/uploads\/Messwiderstaende-von-Klasmeier-1024x488.png 1024w, https:\/\/www.klasmeier.com\/wp-content\/uploads\/Messwiderstaende-von-Klasmeier-768x366.png 768w, https:\/\/www.klasmeier.com\/wp-content\/uploads\/Messwiderstaende-von-Klasmeier-1536x732.png 1536w, https:\/\/www.klasmeier.com\/wp-content\/uploads\/Messwiderstaende-von-Klasmeier-600x286.png 600w\" sizes=\"auto, (max-width: 1600px) 100vw, 1600px\" \/><div class=\"wp-block-cover__inner-container is-layout-flow wp-block-cover-is-layout-flow\">\n<h2 class=\"wp-block-heading has-text-align-center hm2\"><strong>Resistencias de medici\u00f3n<\/strong><\/h2>\n<\/div><\/div>\n\n\n\n<div class=\"wp-block-group alignfull has-global-padding is-layout-constrained wp-container-core-group-is-layout-7a94f013 wp-block-group-is-layout-constrained\" style=\"padding-top:var(--wp--preset--spacing--30);padding-right:var(--wp--preset--spacing--30);padding-bottom:var(--wp--preset--spacing--30);padding-left:var(--wp--preset--spacing--30)\">\n<figure class=\"wp-block-image aligncenter size-full hvr-grow\"><img loading=\"lazy\" decoding=\"async\" width=\"310\" height=\"89\" src=\"https:\/\/www.klasmeier.com\/wp-content\/uploads\/exacal.png\" alt=\"\" class=\"wp-image-2716\" srcset=\"https:\/\/www.klasmeier.com\/wp-content\/uploads\/exacal.png 310w, https:\/\/www.klasmeier.com\/wp-content\/uploads\/exacal-300x86.png 300w\" sizes=\"auto, (max-width: 310px) 100vw, 310px\" \/><\/figure>\n\n\n\n<h3 class=\"wp-block-heading alignwide has-text-align-center\" style=\"line-height:1.7\"><strong>Resistencias de medici\u00f3n<br><\/strong>Pr\u00e4zision bis ins kleinste Detail<\/h3>\n\n\n\n<p>En el mundo de la termometr\u00eda, la precisi\u00f3n de la&nbsp;<strong>resistencia de medici\u00f3n<\/strong>&nbsp;es un factor clave para la exactitud y fiabilidad de un term\u00f3metro. Como especialistas en&nbsp;<strong>medici\u00f3n de temperatura de alta precisi\u00f3n<\/strong>, nuestra manufactura de term\u00f3metros es una de las pocas a nivel mundial que desarrolla y produce sus propias&nbsp;<strong>resistencias de medici\u00f3n de temperatura<\/strong>. Este sello distintivo nos diferencia y refleja nuestro compromiso con la m\u00e1xima calidad y personalizaci\u00f3n.<\/p>\n\n\n\n<p>Las&nbsp;<strong>resistencias de medici\u00f3n eXacal<\/strong>&nbsp;representan nuestra experiencia y enfoque en&nbsp;<strong>mediciones de temperatura de alta precisi\u00f3n<\/strong>, alineadas con la&nbsp;<strong>Escala Internacional de Temperatura de 1990 (ITS-90)<\/strong>&nbsp;y sin las limitaciones de la norma convencional&nbsp;<strong>DIN EN 60751<\/strong>. Con un rango de temperatura de&nbsp;<strong>-200 \u00b0C a 670 \u00b0C<\/strong>, cubrimos los intervalos de calibraci\u00f3n relevantes de la&nbsp;<strong>ITS-90<\/strong>, desde los&nbsp;<strong>puntos fijos de temperatura del arg\u00f3n hasta el aluminio<\/strong>.<\/p>\n\n\n\n<div class=\"wp-block-columns alignwide are-vertically-aligned-top is-layout-flex wp-container-core-columns-is-layout-10a0583f wp-block-columns-is-layout-flex\" style=\"margin-top:var(--wp--preset--spacing--40);margin-bottom:var(--wp--preset--spacing--40);padding-top:0;padding-right:0;padding-bottom:var(--wp--preset--spacing--20);padding-left:0\">\n<div class=\"wp-block-column is-vertically-aligned-top hvr-grow is-layout-flow wp-block-column-is-layout-flow\" style=\"padding-top:0;padding-bottom:0\">\n<div class=\"wp-block-group has-accent-background-color has-background is-vertical is-content-justification-center is-layout-flex wp-container-core-group-is-layout-348d87aa wp-block-group-is-layout-flex\" style=\"border-radius:50px;padding-top:var(--wp--preset--spacing--30);padding-right:var(--wp--preset--spacing--30);padding-bottom:var(--wp--preset--spacing--30);padding-left:var(--wp--preset--spacing--30)\">\n<p><mark style=\"background-color:rgba(0, 0, 0, 0);color:#dd3333\" class=\"has-inline-color\"><i class=\"fas fa-check fa-6x\"><\/i><\/mark><\/p>\n\n\n\n<h2 class=\"wp-block-heading has-text-align-center\" style=\"font-size:clamp(0.984rem, 0.984rem + ((1vw - 0.2rem) * 0.86), 1.5rem);\"><strong><strong><strong><strong>Nuestros resistencias de medici\u00f3n eXacal representan:<\/strong><\/strong><\/strong><\/strong><\/h2>\n\n\n\n<p class=\"has-text-align-left\"><strong><mark style=\"background-color:rgba(0, 0, 0, 0);color:#dd3333\" class=\"has-inline-color\"><i class=\"fas fa-circle-check\"><\/i><\/mark> <strong>M\u00e1xima estabilidad<\/strong><br><mark style=\"background-color:rgba(0, 0, 0, 0);color:#dd3333\" class=\"has-inline-color\"><i class=\"fas fa-circle-check\"><\/i><\/mark> <strong>Excelente reproducibilidad<\/strong><br><mark style=\"background-color:rgba(0, 0, 0, 0);color:#dd3333\" class=\"has-inline-color\"><i class=\"fas fa-circle-check\"><\/i><\/mark> <strong>Baja autocalentamiento<\/strong><br><mark style=\"background-color:rgba(0, 0, 0, 0);color:#dd3333\" class=\"has-inline-color\"><i class=\"fas fa-circle-check\"><\/i><\/mark> <strong>M\u00ednima hist\u00e9resis<\/strong><br><mark style=\"background-color:rgba(0, 0, 0, 0);color:#dd3333\" class=\"has-inline-color\"><i class=\"fas fa-circle-check\"><\/i><\/mark> <strong>Cumplimiento con los requisitos de la ITS-90<\/strong><\/strong><\/p>\n<\/div>\n<\/div>\n\n\n\n<div class=\"wp-block-column is-vertically-aligned-top hvr-grow is-layout-flow wp-block-column-is-layout-flow\" style=\"padding-top:0;padding-bottom:0\">\n<div class=\"wp-block-group has-accent-background-color has-background is-vertical is-content-justification-center is-layout-flex wp-container-core-group-is-layout-348d87aa wp-block-group-is-layout-flex\" style=\"border-radius:50px;padding-top:var(--wp--preset--spacing--30);padding-right:var(--wp--preset--spacing--30);padding-bottom:var(--wp--preset--spacing--30);padding-left:var(--wp--preset--spacing--30)\">\n<p><mark style=\"background-color:rgba(0, 0, 0, 0);color:#dd3333\" class=\"has-inline-color\"><mark style=\"background-color:rgba(0, 0, 0, 0);color:#dd3333\" class=\"has-inline-color\"><mark style=\"background-color:rgba(0, 0, 0, 0);color:#dd3333\" class=\"has-inline-color\"><i class=\"fas fa-temperature-half fa-6x\"><\/i><\/mark><\/mark><\/mark><\/p>\n\n\n\n<h2 class=\"wp-block-heading has-text-align-center\" style=\"font-size:clamp(0.984rem, 0.984rem + ((1vw - 0.2rem) * 0.86), 1.5rem);\"><strong><strong>Resistencias de medici\u00f3n y manufactura de term\u00f3metros: una simbiosis para la precisi\u00f3n<\/strong><\/strong><\/h2>\n\n\n\n<div class=\"wp-block-group is-vertical is-layout-flex wp-container-core-group-is-layout-67710c2e wp-block-group-is-layout-flex\" style=\"margin-top:0;margin-bottom:0;padding-top:0;padding-bottom:0\">\n<p>La integraci\u00f3n entre la fabricaci\u00f3n de&nbsp;<strong>resistencias de medici\u00f3n<\/strong>&nbsp;y&nbsp;<strong>term\u00f3metros<\/strong>&nbsp;nos permite ofrecer una amplia gama de&nbsp;<strong>term\u00f3metros de precisi\u00f3n<\/strong>, entre ellos:<\/p>\n\n\n\n<p class=\"has-text-align-left\"><strong><mark style=\"background-color:rgba(0, 0, 0, 0);color:#dd3333\" class=\"has-inline-color\"><i class=\"fas fa-circle-check\"><\/i><\/mark> <strong>Term\u00f3metros de resistencia de platino est\u00e1ndar (SPRT)<\/strong><br><mark style=\"background-color:rgba(0, 0, 0, 0);color:#dd3333\" class=\"has-inline-color\"><i class=\"fas fa-circle-check\"><\/i><\/mark> <strong>Term\u00f3metros de resistencia de platino secundarios (PRT secundarios)<\/strong><br><mark style=\"background-color:rgba(0, 0, 0, 0);color:#dd3333\" class=\"has-inline-color\"><i class=\"fas fa-circle-check\"><\/i><\/mark> <strong>Term\u00f3metros de referencia industriales (PRT) y sensores RTD<\/strong><\/strong><\/p>\n<\/div>\n<\/div>\n<\/div>\n<\/div>\n\n\n\n<div class=\"wp-block-group alignwide hvr-grow has-accent-background-color has-background is-vertical is-content-justification-center is-layout-flex wp-container-core-group-is-layout-386451ff wp-block-group-is-layout-flex\" style=\"border-radius:50px;padding-top:var(--wp--preset--spacing--30);padding-right:var(--wp--preset--spacing--30);padding-bottom:var(--wp--preset--spacing--30);padding-left:var(--wp--preset--spacing--30)\">\n<p><\/p>\n\n\n\n<h3 class=\"wp-block-heading alignwide has-text-align-left\">La fabricaci\u00f3n de resistencias de medici\u00f3n de temperatura es un arte en s\u00ed mismo\u2026<\/h3>\n\n\n\n<div class=\"wp-block-columns alignwide is-layout-flex wp-container-core-columns-is-layout-63d3099b wp-block-columns-is-layout-flex\" style=\"padding-top:var(--wp--preset--spacing--20);padding-bottom:0\">\n<div class=\"wp-block-column is-layout-flow wp-block-column-is-layout-flow\">\n<p>Se trata de un&nbsp;<strong>proceso altamente complejo y meticuloso<\/strong>, en el que un&nbsp;<strong>hilo ultrafino de platino de alta pureza<\/strong>&nbsp;se ensarta manualmente bajo un microscopio sobre un soporte, como cer\u00e1mica o cuarzo. Antes de este proceso, el hilo de platino debe enrollarse en una bobina mediante una m\u00e1quina especializada de&nbsp;<strong>bobinado de precisi\u00f3n<\/strong>.<\/p>\n\n\n\n<p>Estas&nbsp;<strong>resistencias de medici\u00f3n altamente sensibles<\/strong>, que deben ser protegidas contra influencias ambientales, se ensamblan en nuestra&nbsp;<strong>manufactura de term\u00f3metros<\/strong>&nbsp;y se transforman en&nbsp;<strong>term\u00f3metros de precisi\u00f3n<\/strong>.<\/p>\n\n\n\n<p>Nuestras&nbsp;<strong>resistencias de medici\u00f3n<\/strong>&nbsp;cumplen estrictamente con los criterios establecidos en la&nbsp;<strong>ITS-90<\/strong>, que define los requisitos para que un term\u00f3metro pueda ser clasificado como&nbsp;<strong>\u00abTerm\u00f3metro de Resistencia de Platino Est\u00e1ndar (SPRT)\u00bb<\/strong>.<\/p>\n<\/div>\n\n\n\n<div class=\"wp-block-column is-vertically-aligned-center is-layout-flow wp-block-column-is-layout-flow\">\n<figure class=\"wp-block-image size-full has-custom-border\"><img loading=\"lazy\" decoding=\"async\" width=\"600\" height=\"421\" src=\"https:\/\/www.klasmeier.com\/wp-content\/uploads\/eXacal-Messwiderstaende-von-Klasmeier.png\" alt=\"\" class=\"wp-image-2725\" style=\"border-radius:50px\" srcset=\"https:\/\/www.klasmeier.com\/wp-content\/uploads\/eXacal-Messwiderstaende-von-Klasmeier.png 600w, https:\/\/www.klasmeier.com\/wp-content\/uploads\/eXacal-Messwiderstaende-von-Klasmeier-300x211.png 300w\" sizes=\"auto, (max-width: 600px) 100vw, 600px\" \/><\/figure>\n<\/div>\n<\/div>\n\n\n\n<p>El coeficiente de temperatura (TK), o valor alfa, no se eval\u00faa seg\u00fan la norma DIN EN 60751, sino que se expresa como el denominado valor W, donde las resistencias de medici\u00f3n eXacal cumplen con el requisito de W-Gallium \u2265 1,11807.<\/p>\n<\/div>\n\n\n\n<div class=\"wp-block-group has-global-padding is-layout-constrained wp-block-group-is-layout-constrained\" style=\"padding-top:var(--wp--preset--spacing--30);padding-bottom:0\">\n<h3 class=\"wp-block-heading alignwide has-text-align-center\">Ventajas de las resistencias de medici\u00f3n eXacal<\/h3>\n\n\n\n<div class=\"wp-block-group alignwide hvr-grow has-accent-background-color has-background is-vertical is-content-justification-stretch is-layout-flex wp-container-core-group-is-layout-b0767e3e wp-block-group-is-layout-flex\" style=\"border-radius:50px;margin-top:var(--wp--preset--spacing--30);margin-bottom:var(--wp--preset--spacing--30);padding-top:var(--wp--preset--spacing--30);padding-right:var(--wp--preset--spacing--30);padding-bottom:var(--wp--preset--spacing--30);padding-left:var(--wp--preset--spacing--30)\">\n<p><\/p>\n\n\n\n<p class=\"has-text-align-center\"><mark style=\"background-color:rgba(0, 0, 0, 0);color:#dd3333\" class=\"has-inline-color\"><i class=\"fas fa-gears fa-6x\"><\/i><\/mark><\/p>\n\n\n\n<h4 class=\"wp-block-heading has-text-align-center\"><strong><strong>Calidad y control en un solo lugar<\/strong><\/strong><\/h4>\n\n\n\n<p class=\"has-text-align-left\"><mark style=\"background-color:rgba(0, 0, 0, 0);color:#dd3333\" class=\"has-inline-color\"><i class=\"fas fa-circle-check\"><\/i><\/mark> Nuestros clientes se benefician de la combinaci\u00f3n de nuestra&nbsp;<strong>manufactura de term\u00f3metros<\/strong>&nbsp;y la producci\u00f3n de nuestras propias&nbsp;<strong>resistencias de medici\u00f3n<\/strong>. Al tener el&nbsp;<strong>control total<\/strong>&nbsp;sobre cada etapa del proceso \u2013 desde el dise\u00f1o y la fabricaci\u00f3n hasta la calibraci\u00f3n final acreditada por&nbsp;<strong>DAkkS<\/strong>&nbsp;(seg\u00fan&nbsp;<strong>DIN EN ISO\/IEC 17025<\/strong>) \u2013 podemos ofrecer&nbsp;<strong>soluciones personalizadas<\/strong>&nbsp;y responder r\u00e1pidamente a las solicitudes de nuestros clientes.<br><mark style=\"background-color:rgba(0, 0, 0, 0);color:#dd3333\" class=\"has-inline-color\"><i class=\"fas fa-circle-check\"><\/i><\/mark> Como empresa familiar,&nbsp;<strong>no dependemos de influencias externas<\/strong>. Esto nos permite operar de manera independiente y enfocarnos completamente en&nbsp;<strong>las necesidades y requerimientos de nuestros clientes<\/strong>.<\/p>\n<\/div>\n<\/div>\n<\/div>\n\n\n\n<div class=\"wp-block-group alignfull has-global-padding is-layout-constrained wp-container-core-group-is-layout-0c8379ad wp-block-group-is-layout-constrained\" style=\"margin-top:var(--wp--preset--spacing--30);margin-bottom:var(--wp--preset--spacing--30);padding-top:var(--wp--preset--spacing--20);padding-right:var(--wp--preset--spacing--30);padding-bottom:var(--wp--preset--spacing--20);padding-left:var(--wp--preset--spacing--30)\">\n<h3 class=\"wp-block-heading alignwide has-text-align-center\"><strong><strong>Trabajemos juntos para encontrar la mejor soluci\u00f3n para usted<\/strong><\/strong><\/h3>\n\n\n\n<div class=\"wp-block-columns alignwide hvr-grow has-accent-background-color has-background is-layout-flex wp-container-core-columns-is-layout-b6a795d6 wp-block-columns-is-layout-flex\" style=\"border-radius:50px;margin-top:var(--wp--preset--spacing--40);margin-bottom:var(--wp--preset--spacing--40);padding-top:var(--wp--preset--spacing--20);padding-right:var(--wp--preset--spacing--20);padding-bottom:var(--wp--preset--spacing--20);padding-left:var(--wp--preset--spacing--20)\">\n<div class=\"wp-block-column is-layout-flow wp-block-column-is-layout-flow\" style=\"flex-basis:40%\">\n<figure class=\"wp-block-image aligncenter size-full has-custom-border\"><img loading=\"lazy\" decoding=\"async\" width=\"500\" height=\"333\" src=\"https:\/\/www.klasmeier.com\/wp-content\/uploads\/ES.png\" alt=\"\" class=\"wp-image-2653\" style=\"border-radius:50px\" srcset=\"https:\/\/www.klasmeier.com\/wp-content\/uploads\/ES.png 500w, https:\/\/www.klasmeier.com\/wp-content\/uploads\/ES-300x200.png 300w\" sizes=\"auto, (max-width: 500px) 100vw, 500px\" \/><\/figure>\n<\/div>\n\n\n\n<div class=\"wp-block-column is-vertically-aligned-center is-layout-flow wp-block-column-is-layout-flow\" style=\"flex-basis:60%\">\n<h3 class=\"wp-block-heading has-text-align-center\">Hable directamente con nuestra experta<\/h3>\n\n\n\n<p class=\"has-text-align-center\"><br><strong>Su persona de contacto para resistencias de medici\u00f3n:<\/strong><\/p>\n\n\n\n<p class=\"has-text-align-center\"><strong>Elke Seewald<\/strong><br><em>Directora de la manufactura <a href=\"\/es\/exacal\/\">eXacal<\/a> en Klasmeier<\/em><\/p>\n\n\n\n<p class=\"has-text-align-center\"><mark style=\"background-color:rgba(0, 0, 0, 0);color:#dd3333\" class=\"has-inline-color\"><i class=\"fas fa-envelope\"><\/i><\/mark> <a href=\"https:\/\/www.klasmeier.com\/es\/empresa\/pongase-en-contacto-con-nosotros\/\">Contactar ahora<\/a><\/p>\n<\/div>\n<\/div>\n<\/div>\n","protected":false},"excerpt":{"rendered":"<p>Resistencias de medici\u00f3nPr\u00e4zision bis ins kleinste Detail En el mundo de la termometr\u00eda, la precisi\u00f3n de la&nbsp;resistencia de medici\u00f3n&nbsp;es un factor clave para la exactitud y fiabilidad de un term\u00f3metro. Como especialistas en&nbsp;medici\u00f3n de temperatura de alta precisi\u00f3n, nuestra manufactura de term\u00f3metros es una de las pocas a nivel mundial que desarrolla y produce sus [&hellip;]<\/p>\n","protected":false},"author":4,"featured_media":0,"parent":0,"menu_order":0,"comment_status":"closed","ping_status":"closed","template":"","meta":{"footnotes":""},"class_list":["post-8530","page","type-page","status-publish","hentry"],"_links":{"self":[{"href":"https:\/\/www.klasmeier.com\/es\/wp-json\/wp\/v2\/pages\/8530","targetHints":{"allow":["GET"]}}],"collection":[{"href":"https:\/\/www.klasmeier.com\/es\/wp-json\/wp\/v2\/pages"}],"about":[{"href":"https:\/\/www.klasmeier.com\/es\/wp-json\/wp\/v2\/types\/page"}],"author":[{"embeddable":true,"href":"https:\/\/www.klasmeier.com\/es\/wp-json\/wp\/v2\/users\/4"}],"replies":[{"embeddable":true,"href":"https:\/\/www.klasmeier.com\/es\/wp-json\/wp\/v2\/comments?post=8530"}],"version-history":[{"count":3,"href":"https:\/\/www.klasmeier.com\/es\/wp-json\/wp\/v2\/pages\/8530\/revisions"}],"predecessor-version":[{"id":11597,"href":"https:\/\/www.klasmeier.com\/es\/wp-json\/wp\/v2\/pages\/8530\/revisions\/11597"}],"wp:attachment":[{"href":"https:\/\/www.klasmeier.com\/es\/wp-json\/wp\/v2\/media?parent=8530"}],"curies":[{"name":"wp","href":"https:\/\/api.w.org\/{rel}","templated":true}]}}