{"id":8518,"date":"2024-04-21T17:33:34","date_gmt":"2024-04-21T15:33:34","guid":{"rendered":"https:\/\/www.klasmeier.com\/?page_id=8518"},"modified":"2025-02-04T08:54:24","modified_gmt":"2025-02-04T07:54:24","slug":"servicio-y-soporte","status":"publish","type":"page","link":"https:\/\/www.klasmeier.com\/es\/servicio-y-soporte\/","title":{"rendered":"Servicio y Soporte"},"content":{"rendered":"\n<div class=\"wp-block-group alignfull has-global-padding is-layout-constrained wp-block-group-is-layout-constrained\" style=\"padding-top:var(--wp--preset--spacing--30);padding-bottom:var(--wp--preset--spacing--30)\">\n<figure class=\"wp-block-image alignwide size-full has-custom-border\"><img loading=\"lazy\" decoding=\"async\" width=\"1280\" height=\"853\" src=\"https:\/\/www.klasmeier.com\/wp-content\/uploads\/Service-Support-Klasmeier.jpg\" alt=\"\" class=\"wp-image-2852\" style=\"border-radius:50px\" srcset=\"https:\/\/www.klasmeier.com\/wp-content\/uploads\/Service-Support-Klasmeier.jpg 1280w, https:\/\/www.klasmeier.com\/wp-content\/uploads\/Service-Support-Klasmeier-300x200.jpg 300w, https:\/\/www.klasmeier.com\/wp-content\/uploads\/Service-Support-Klasmeier-1024x682.jpg 1024w, https:\/\/www.klasmeier.com\/wp-content\/uploads\/Service-Support-Klasmeier-768x512.jpg 768w, https:\/\/www.klasmeier.com\/wp-content\/uploads\/Service-Support-Klasmeier-600x400.jpg 600w\" sizes=\"auto, (max-width: 1280px) 100vw, 1280px\" \/><\/figure>\n<\/div>\n\n\n\n<div class=\"wp-block-group alignfull has-global-padding is-layout-constrained wp-container-core-group-is-layout-0d683d8b wp-block-group-is-layout-constrained\" style=\"padding-top:var(--wp--preset--spacing--30);padding-bottom:var(--wp--preset--spacing--30)\">\n<h2 class=\"wp-block-heading alignwide has-text-align-center\">Servicio y Soporte<\/h2>\n\n\n\n<h3 class=\"wp-block-heading alignwide\">Atenci\u00f3n tambi\u00e9n despu\u00e9s de la compra<\/h3>\n\n\n\n<p>Si alg\u00fan dispositivo falla, es crucial recibir ayuda r\u00e1pidamente. Como socio de larga data en la venta y el servicio de dispositivos de la empresa ISOTECH y como fabricante de productos eXacal, estamos en capacidad de reaccionar r\u00e1pidamente y brindarle asistencia.<\/p>\n\n\n\n<p><mark style=\"background-color:rgba(0, 0, 0, 0);color:#dd3333\" class=\"has-inline-color\"><i class=\"fas fa-circle-check\"><\/i><\/mark> Para minimizar los tiempos de procesamiento, todas las reparaciones se realizan en nuestras instalaciones. As\u00ed, sus dispositivos no tienen que ser enviados al fabricante.<br><mark style=\"background-color:rgba(0, 0, 0, 0);color:#dd3333\" class=\"has-inline-color\"><i class=\"fas fa-circle-check\"><\/i><\/mark> En las reparaciones de sus dispositivos, solo se utilizan piezas originales, lo que garantiza la m\u00e1xima calidad y fiabilidad.<br><mark style=\"background-color:rgba(0, 0, 0, 0);color:#dd3333\" class=\"has-inline-color\"><i class=\"fas fa-circle-check\"><\/i><\/mark> Si despu\u00e9s de una reparaci\u00f3n es necesario un ajuste o recalibraci\u00f3n, esto se puede realizar en nuestro propio laboratorio de calibraci\u00f3n acreditado DAkkS&nbsp;<strong>D\u2010K\u201015224\u201001\u201000<\/strong>&nbsp;seg\u00fan la&nbsp;<strong>DIN EN ISO\/IEC 17025:2005<\/strong>.<br><mark style=\"background-color:rgba(0, 0, 0, 0);color:#dd3333\" class=\"has-inline-color\"><i class=\"fas fa-circle-check\"><\/i><\/mark> Para un servicio eficiente, no solo es importante que las reparaciones se realicen r\u00e1pidamente y a bajo costo. Todos los procesos deben estar coordinados y los plazos deben cumplirse. A trav\u00e9s de nuestra gesti\u00f3n de servicios, nuestros clientes son informados sobre todo el proceso del pedido, desde la recepci\u00f3n hasta la entrega.<br><mark style=\"background-color:rgba(0, 0, 0, 0);color:#dd3333\" class=\"has-inline-color\"><i class=\"fas fa-circle-check\"><\/i><\/mark> Las actualizaciones de firmware para <a href=\"\/productos\/millik-praezisionsthermometer\/\">milliK<\/a> \/ <a href=\"\/productos\/milliskanner-bis-zu-33-messstellen\/\">millisKanner<\/a> \/ <a href=\"https:\/\/www.klasmeier.com\/product-category\/messgeraete-messbruecken\/\">m<\/a><a href=\"\/product-category\/messgeraete-messbruecken\/\">i<\/a><a href=\"https:\/\/www.klasmeier.com\/product-category\/messgeraete-messbruecken\/\">croK<\/a> \/ <a href=\"\/productos\/microskanner\/\">microsKanner<\/a> se realizan autom\u00e1ticamente durante las reparaciones o recalibraciones por parte de nuestro servicio. Esto garantiza que sus dispositivos siempre est\u00e9n actualizados.<br><mark style=\"background-color:rgba(0, 0, 0, 0);color:#dd3333\" class=\"has-inline-color\"><i class=\"fas fa-circle-check\"><\/i><\/mark> Tambi\u00e9n podemos ayudarle con la ampliaci\u00f3n posterior de sus tareas de calibraci\u00f3n con nuestros insertos de calibraci\u00f3n personalizados. Estos se planifican y fabrican con perforaciones individuales que se adaptan a sus necesidades espec\u00edficas.<\/p>\n<\/div>\n\n","protected":false},"excerpt":{"rendered":"<p>Servicio y Soporte Atenci\u00f3n tambi\u00e9n despu\u00e9s de la compra Si alg\u00fan dispositivo falla, es crucial recibir ayuda r\u00e1pidamente. Como socio de larga data en la venta y el servicio de dispositivos de la empresa ISOTECH y como fabricante de productos eXacal, estamos en capacidad de reaccionar r\u00e1pidamente y brindarle asistencia. Para minimizar los tiempos de [&hellip;]<\/p>\n","protected":false},"author":4,"featured_media":0,"parent":0,"menu_order":0,"comment_status":"closed","ping_status":"closed","template":"","meta":{"footnotes":""},"class_list":["post-8518","page","type-page","status-publish","hentry"],"_links":{"self":[{"href":"https:\/\/www.klasmeier.com\/es\/wp-json\/wp\/v2\/pages\/8518","targetHints":{"allow":["GET"]}}],"collection":[{"href":"https:\/\/www.klasmeier.com\/es\/wp-json\/wp\/v2\/pages"}],"about":[{"href":"https:\/\/www.klasmeier.com\/es\/wp-json\/wp\/v2\/types\/page"}],"author":[{"embeddable":true,"href":"https:\/\/www.klasmeier.com\/es\/wp-json\/wp\/v2\/users\/4"}],"replies":[{"embeddable":true,"href":"https:\/\/www.klasmeier.com\/es\/wp-json\/wp\/v2\/comments?post=8518"}],"version-history":[{"count":1,"href":"https:\/\/www.klasmeier.com\/es\/wp-json\/wp\/v2\/pages\/8518\/revisions"}],"predecessor-version":[{"id":8520,"href":"https:\/\/www.klasmeier.com\/es\/wp-json\/wp\/v2\/pages\/8518\/revisions\/8520"}],"wp:attachment":[{"href":"https:\/\/www.klasmeier.com\/es\/wp-json\/wp\/v2\/media?parent=8518"}],"curies":[{"name":"wp","href":"https:\/\/api.w.org\/{rel}","templated":true}]}}