{"id":15248,"date":"2024-03-25T15:28:01","date_gmt":"2024-03-25T14:28:01","guid":{"rendered":"https:\/\/www.klasmeier.com\/tienda\/termometros-de-precision\/"},"modified":"2026-05-12T15:38:32","modified_gmt":"2026-05-12T13:38:32","slug":"termometros-de-precision","status":"publish","type":"page","link":"https:\/\/www.klasmeier.com\/es\/tienda\/termometros-de-precision\/","title":{"rendered":"Term\u00f3metros de precisi\u00f3n"},"content":{"rendered":"\n<div class=\"wp-block-group alignfull has-global-padding is-layout-constrained wp-container-core-group-is-layout-d5d53815 wp-block-group-is-layout-constrained\" style=\"margin-top:0;margin-bottom:0;padding-top:var(--wp--preset--spacing--30);padding-right:var(--wp--preset--spacing--30);padding-bottom:var(--wp--preset--spacing--30);padding-left:var(--wp--preset--spacing--30)\">\n<figure class=\"wp-block-image aligncenter size-full is-resized has-custom-border hvr-grow\"><img loading=\"lazy\" decoding=\"async\" width=\"1280\" height=\"491\" src=\"https:\/\/www.klasmeier.com\/wp-content\/uploads\/2024\/03\/eXacal-Koffer-mit-Thermoelement.png\" alt=\"\" class=\"wp-image-1931\" style=\"border-radius:50px;width:1280px\" srcset=\"https:\/\/www.klasmeier.com\/wp-content\/uploads\/2024\/03\/eXacal-Koffer-mit-Thermoelement.png 1280w, https:\/\/www.klasmeier.com\/wp-content\/uploads\/2024\/03\/eXacal-Koffer-mit-Thermoelement-300x115.png 300w, https:\/\/www.klasmeier.com\/wp-content\/uploads\/2024\/03\/eXacal-Koffer-mit-Thermoelement-1024x393.png 1024w, https:\/\/www.klasmeier.com\/wp-content\/uploads\/2024\/03\/eXacal-Koffer-mit-Thermoelement-768x295.png 768w, https:\/\/www.klasmeier.com\/wp-content\/uploads\/2024\/03\/eXacal-Koffer-mit-Thermoelement-600x230.png 600w\" sizes=\"auto, (max-width: 1280px) 100vw, 1280px\" \/><\/figure>\n<\/div>\n\n<div class=\"wp-block-group alignfull has-global-padding is-layout-constrained wp-container-core-group-is-layout-c8acb7ff wp-block-group-is-layout-constrained\" style=\"margin-top:0;margin-bottom:0;padding-top:var(--wp--preset--spacing--30);padding-right:var(--wp--preset--spacing--30);padding-bottom:var(--wp--preset--spacing--30);padding-left:var(--wp--preset--spacing--30)\">\n<h2 class=\"wp-block-heading alignwide has-text-align-center\"><strong>Term\u00f3metros de precisi\u00f3n<\/strong><\/h2>\n\n\n\n<h3 class=\"wp-block-heading has-text-align-center\">Term\u00f3metros de resistencia y termopares<\/h3>\n\n\n\n<p>Nuestros term\u00f3metros de alta calidad est\u00e1n disponibles en dos \u00e1reas de productos: term\u00f3metros de precisi\u00f3n como term\u00f3metros de resistencia y termopares. En Klasmeier distribuimos term\u00f3metros de precisi\u00f3n de dos marcas de renombre: <a href=\"https:\/\/www.klasmeier.com\/es\/exacal\/\">eXacal<\/a> e <a href=\"https:\/\/www.klasmeier.com\/es\/termometros-isotech\/\">ISOTECH<\/a>. Nuestros term\u00f3metros se caracterizan por su m\u00e1xima precisi\u00f3n y calidad, y se calibran en nuestro propio <a href=\"https:\/\/www.klasmeier.com\/es\/el-servicio-de-calibracion-klasmeier\/\">laboratorio de calibraci\u00f3n seg\u00fan DAkkS (DIN EN ISO\/IEC 17025)<\/a>.  <\/p>\n<\/div>\n\n<div class=\"wp-block-group alignfull has-global-padding is-layout-constrained wp-container-core-group-is-layout-80fb368b wp-block-group-is-layout-constrained\" style=\"padding-top:var(--wp--preset--spacing--30);padding-right:var(--wp--preset--spacing--30);padding-bottom:var(--wp--preset--spacing--30);padding-left:var(--wp--preset--spacing--30)\">\n<h2 class=\"wp-block-heading has-text-align-center\"><strong>Nuestras dos marcas en detalle<\/strong><\/h2>\n\n\n\n<div class=\"wp-block-columns alignwide is-layout-flex wp-container-core-columns-is-layout-5d045043 wp-block-columns-is-layout-flex\" style=\"padding-top:var(--wp--preset--spacing--30);padding-bottom:var(--wp--preset--spacing--30)\">\n<div class=\"wp-block-column is-vertically-aligned-stretch is-layout-flow wp-block-column-is-layout-flow\" style=\"padding-top:0;padding-right:0;padding-bottom:0;padding-left:0\">\n<div class=\"wp-block-group hvr-grow has-accent-background-color has-background is-vertical is-content-justification-stretch is-layout-flex wp-container-core-group-is-layout-41ec66f3 wp-block-group-is-layout-flex\" style=\"border-radius:50px;padding-top:var(--wp--preset--spacing--30);padding-right:var(--wp--preset--spacing--30);padding-bottom:var(--wp--preset--spacing--30);padding-left:var(--wp--preset--spacing--30)\">\n<figure class=\"wp-block-image size-full is-resized has-custom-border\"><a href=\"https:\/\/www.klasmeier.com\/es\/termometros-isotech\/\"><img loading=\"lazy\" decoding=\"async\" width=\"489\" height=\"67\" src=\"https:\/\/www.klasmeier.com\/wp-content\/uploads\/2024\/03\/ISOTECH-Logo-1.png\" alt=\"\" class=\"wp-image-1940\" style=\"border-radius:50px;width:547px;height:auto\" srcset=\"https:\/\/www.klasmeier.com\/wp-content\/uploads\/2024\/03\/ISOTECH-Logo-1.png 489w, https:\/\/www.klasmeier.com\/wp-content\/uploads\/2024\/03\/ISOTECH-Logo-1-300x41.png 300w\" sizes=\"auto, (max-width: 489px) 100vw, 489px\" \/><\/a><\/figure>\n\n\n\n<h3 class=\"wp-block-heading has-text-align-center\">Term\u00f3metros de precisi\u00f3n ISOTECH<\/h3>\n\n\n\n<p><a href=\"https:\/\/www.klasmeier.com\/es\/termometros-isotech\/\">ISOTECH<\/a> es un fabricante de marca de renombre para productos de calibraci\u00f3n de temperatura. Con m\u00e1s de 40 a\u00f1os de experiencia en la fabricaci\u00f3n de term\u00f3metros, ISOTECH ofrece todo lo necesario, desde mediciones de temperatura industriales hasta calibraciones de temperatura de alta gama en puntos fijos de temperatura.  <\/p>\n\n\n\n<p>Los productos ISOTECH se distribuyen en todo el mundo a trav\u00e9s de una amplia red de ventas y se utilizan en las aplicaciones m\u00e1s diversas.<\/p>\n\n\n\n<p class=\"has-text-align-left\"><strong>Nuestra oferta incluye:<\/strong><\/p>\n\n\n\n<p class=\"has-text-align-left\"><mark style=\"background-color:rgba(0, 0, 0, 0);color:#dd3333\" class=\"has-inline-color\"><i class=\"fas fa-circle-check\"><\/i><\/mark> <strong>Term\u00f3metros de resistencia de platino est\u00e1ndar SPRT ITS-90<\/strong><br\/><mark style=\"background-color:rgba(0, 0, 0, 0);color:#dd3333\" class=\"has-inline-color\"><i class=\"fas fa-circle-check\"><\/i><\/mark> <strong>Termopares de metales nobles de los tipos R\/S, Pt\/Au y Pt\/PD<\/strong><br\/><mark style=\"background-color:rgba(0, 0, 0, 0);color:#dd3333\" class=\"has-inline-color\"><i class=\"fas fa-circle-check\"><\/i><\/mark> <strong>Semiest\u00e1ndares para uso industrial<\/strong><\/p>\n\n\n\n<div class=\"wp-block-buttons is-content-justification-center is-layout-flex wp-container-core-buttons-is-layout-a89b3969 wp-block-buttons-is-layout-flex\">\n<div class=\"wp-block-button hvr-shrink is-style-outline is-style-outline--1\"><a class=\"wp-block-button__link wp-element-button\" href=\"https:\/\/www.klasmeier.com\/es\/termometros-isotech\/\">Ver los term\u00f3metros ISOTECH<\/a><\/div>\n<\/div>\n<\/div>\n<\/div>\n\n\n\n<div class=\"wp-block-column is-layout-flow wp-block-column-is-layout-flow\" style=\"padding-top:0;padding-right:0;padding-bottom:0;padding-left:0\">\n<div class=\"wp-block-group hvr-grow has-accent-background-color has-background is-vertical is-content-justification-stretch is-layout-flex wp-container-core-group-is-layout-21c4ce27 wp-block-group-is-layout-flex\" style=\"border-radius:50px;padding-top:var(--wp--preset--spacing--30);padding-right:var(--wp--preset--spacing--30);padding-bottom:var(--wp--preset--spacing--30);padding-left:var(--wp--preset--spacing--30)\">\n<figure class=\"wp-block-image size-full is-resized\"><a href=\"https:\/\/www.klasmeier.com\/es\/exacal\/\"><img loading=\"lazy\" decoding=\"async\" width=\"489\" height=\"89\" src=\"https:\/\/www.klasmeier.com\/wp-content\/uploads\/2024\/03\/exacal-Logo.png\" alt=\"\" class=\"wp-image-1947\" style=\"width:544px;height:auto\" srcset=\"https:\/\/www.klasmeier.com\/wp-content\/uploads\/2024\/03\/exacal-Logo.png 489w, https:\/\/www.klasmeier.com\/wp-content\/uploads\/2024\/03\/exacal-Logo-300x55.png 300w\" sizes=\"auto, (max-width: 489px) 100vw, 489px\" \/><\/a><\/figure>\n\n\n\n<h3 class=\"wp-block-heading has-text-align-center\">Term\u00f3metro de precisi\u00f3n eXacal<\/h3>\n\n\n\n<p>Los term\u00f3metros de precisi\u00f3n <a href=\"https:\/\/www.klasmeier.com\/es\/exacal\/\">eXacal<\/a> est\u00e1n dise\u00f1ados espec\u00edficamente para mediciones de temperatura precisas y como patrones de calibraci\u00f3n. Se fabrican a mano en nuestra propia <a href=\"https:\/\/www.klasmeier.com\/es\/fabricacion-de-termometros\/\">manufactura de term\u00f3metros<\/a> y posteriormente se calibran en nuestro <a href=\"https:\/\/www.klasmeier.com\/es\/el-servicio-de-calibracion-klasmeier\/\">laboratorio de calibraci\u00f3n DAkkS seg\u00fan DIN IEC 17025<\/a>.  <\/p>\n\n\n\n<p><mark style=\"background-color:rgba(0, 0, 0, 0);color:#dd3333\" class=\"has-inline-color\"><i class=\"fas fa-circle-check\"><\/i><\/mark> <strong>Term\u00f3metros de resistencia de platino est\u00e1ndar (SPRT):<\/strong> sensores de referencia de alta precisi\u00f3n para la trazabilidad de las mediciones de temperatura a la Escala Internacional de Temperatura ITS-90, utilizados en laboratorios de calibraci\u00f3n y metrolog\u00eda. <br\/><mark style=\"background-color:rgba(0, 0, 0, 0);color:#dd3333\" class=\"has-inline-color\"><i class=\"fas fa-circle-check\"><\/i><\/mark> <strong>Term\u00f3metros de precisi\u00f3n:<\/strong> ideales como patr\u00f3n de temperatura en calibraciones o para mediciones de temperatura exactas. <br\/><mark style=\"background-color:rgba(0, 0, 0, 0);color:#dd3333\" class=\"has-inline-color\"><i class=\"fas fa-circle-check\"><\/i><\/mark> <strong>Term\u00f3metros de referencia industriales (Pt100 y termopares de metales nobles):<\/strong> perfectamente adecuados para el uso industrial, p. ej., en un calibrador de bloque de temperatura.<br\/><mark style=\"background-color:rgba(0, 0, 0, 0);color:#dd3333\" class=\"has-inline-color\"><i class=\"fas fa-circle-check\"><\/i><\/mark> <strong>Construcciones especiales:<\/strong> tambi\u00e9n fabricamos term\u00f3metros de precisi\u00f3n seg\u00fan requisitos individuales.<\/p>\n\n\n\n<div class=\"wp-block-buttons is-content-justification-center is-layout-flex wp-container-core-buttons-is-layout-a89b3969 wp-block-buttons-is-layout-flex\">\n<div class=\"wp-block-button hvr-shrink is-style-outline is-style-outline--2\"><a class=\"wp-block-button__link wp-element-button\" href=\"https:\/\/www.klasmeier.com\/es\/exacal\/\">Ver los term\u00f3metros eXacal<\/a><\/div>\n<\/div>\n<\/div>\n<\/div>\n<\/div>\n\n\n\n<div class=\"wp-block-group alignwide has-global-padding is-layout-constrained wp-block-group-is-layout-constrained\">\n<div class=\"wp-block-group alignwide hvr-grow has-accent-background-color has-background has-global-padding is-layout-constrained wp-container-core-group-is-layout-70cf6c39 wp-block-group-is-layout-constrained\" style=\"border-radius:50px;margin-top:var(--wp--preset--spacing--30);margin-bottom:var(--wp--preset--spacing--30);padding-top:var(--wp--preset--spacing--30);padding-right:var(--wp--preset--spacing--30);padding-bottom:var(--wp--preset--spacing--30);padding-left:var(--wp--preset--spacing--30)\">\n<h3 class=\"wp-block-heading has-text-align-center\">Calidad y servicio:<br\/>Term\u00f3metros con un paquete de atenci\u00f3n integral<\/h3>\n\n\n\n<p>Nuestra oferta no solo incluye la venta de term\u00f3metros, sino tambi\u00e9n un servicio integral.<br\/>Si alguno de nuestros <strong>term\u00f3metros<\/strong> llegara a presentar un defecto, puede <strong>solicitar su reparaci\u00f3n en nuestra propia <a href=\"https:\/\/www.klasmeier.com\/es\/fabricacion-de-termometros\/reparacion-de-termometros\/\">manufactura de term\u00f3metros<\/a><\/strong>. De este modo, le ofrecemos un paquete completo ventajoso y no solo la distribuci\u00f3n de productos. <\/p>\n\n\n\n<p>Nuestra larga experiencia se basa en <strong>m\u00e1s de 20 a\u00f1os de pr\u00e1ctica en la calibraci\u00f3n de term\u00f3metros de precisi\u00f3n<\/strong> en puntos fijos de temperatura en nuestro <a href=\"https:\/\/www.klasmeier.com\/es\/el-servicio-de-calibracion-klasmeier\/\"><strong>laboratorio de calibraci\u00f3n<\/strong><\/a>. Nuestros clientes se benefician de esta amplia experiencia y pueden confiar en que sus term\u00f3metros cumplir\u00e1n siempre con los est\u00e1ndares m\u00e1s exigentes. <\/p>\n<\/div>\n<\/div>\n<\/div>\n\n<div class=\"wp-block-group alignfull has-global-padding is-layout-constrained wp-container-core-group-is-layout-ff778368 wp-block-group-is-layout-constrained\" style=\"padding-right:var(--wp--preset--spacing--30);padding-left:var(--wp--preset--spacing--30)\">\n<h2 class=\"wp-block-heading has-text-align-center\"><strong>Ventajas de nuestros term\u00f3metros<\/strong><\/h2>\n\n\n\n<div class=\"wp-block-columns alignwide are-vertically-aligned-top is-layout-flex wp-container-core-columns-is-layout-38638728 wp-block-columns-is-layout-flex\" style=\"margin-top:var(--wp--preset--spacing--40);margin-bottom:var(--wp--preset--spacing--40);padding-top:0;padding-right:0;padding-bottom:0;padding-left:0\">\n<div class=\"wp-block-column is-vertically-aligned-top hvr-grow is-layout-flow wp-block-column-is-layout-flow\" style=\"padding-top:0;padding-bottom:0\">\n<div class=\"wp-block-group has-accent-background-color has-background is-vertical is-content-justification-center is-layout-flex wp-container-core-group-is-layout-4fac4482 wp-block-group-is-layout-flex\" style=\"border-radius:50px;padding-top:var(--wp--preset--spacing--30);padding-right:var(--wp--preset--spacing--30);padding-bottom:var(--wp--preset--spacing--30);padding-left:var(--wp--preset--spacing--30)\">\n<p><mark style=\"background-color:rgba(0, 0, 0, 0);color:#dd3333\" class=\"has-inline-color\"><i class=\"fas fa-temperature-half fa-6x\"><\/i><\/mark><\/p>\n\n\n\n<p class=\"has-text-align-left\"><mark style=\"background-color:rgba(0, 0, 0, 0);color:#dd3333\" class=\"has-inline-color\"><i class=\"fas fa-circle-check\"><\/i><\/mark> <strong>M\u00e1xima precisi\u00f3n y calidad:<\/strong> nuestros term\u00f3metros destacan por su precisi\u00f3n y calidad. Lo logramos mediante un cuidadoso trabajo manual y a\u00f1os de experiencia en nuestra <a href=\"https:\/\/www.klasmeier.com\/es\/fabricacion-de-termometros\/\">manufactura<\/a>, para que usted pueda confiar en unos resultados de medici\u00f3n exactos. <br\/><mark style=\"background-color:rgba(0, 0, 0, 0);color:#dd3333\" class=\"has-inline-color\"><i class=\"fas fa-circle-check\"><\/i><\/mark> <strong>Gama completa de servicios:<\/strong> no solo ofrecemos la venta de term\u00f3metros. Nuestro servicio tambi\u00e9n incluye <strong>calibraciones seg\u00fan DAkkS<\/strong> (DIN EN ISO\/IEC 17025) <strong>as\u00ed como reparaciones<\/strong> en nuestra manufactura de term\u00f3metros. De este modo, dispone de un punto de contacto fiable para todas sus necesidades relacionadas con los term\u00f3metros.  <br\/><mark style=\"background-color:rgba(0, 0, 0, 0);color:#dd3333\" class=\"has-inline-color\"><i class=\"fas fa-circle-check\"><\/i><\/mark> <strong>Trazabilidad:<\/strong> con las calibraciones de nuestro <a href=\"https:\/\/www.klasmeier.com\/es\/el-servicio-de-calibracion-klasmeier\/\">laboratorio DAkkS<\/a>, nuestros term\u00f3metros cuentan con <strong>trazabilidad seg\u00fan DIN IEC 17025<\/strong> a los est\u00e1ndares internacionales. <br\/><mark style=\"background-color:rgba(0, 0, 0, 0);color:#dd3333\" class=\"has-inline-color\"><i class=\"fas fa-circle-check\"><\/i><\/mark> <strong>Adaptaci\u00f3n flexible:<\/strong> ofrecemos soluciones a medida para sus requisitos. Ya se trate de <strong>dise\u00f1os especiales o requisitos espec\u00edficos de term\u00f3metros<\/strong>, podemos llevarlos a cabo. <\/p>\n<\/div>\n<\/div>\n\n\n\n<div class=\"wp-block-column is-vertically-aligned-top hvr-grow is-layout-flow wp-block-column-is-layout-flow\">\n<div class=\"wp-block-group has-accent-background-color has-background is-vertical is-content-justification-center is-layout-flex wp-container-core-group-is-layout-4fac4482 wp-block-group-is-layout-flex\" style=\"border-radius:50px;padding-top:var(--wp--preset--spacing--30);padding-right:var(--wp--preset--spacing--30);padding-bottom:var(--wp--preset--spacing--30);padding-left:var(--wp--preset--spacing--30)\">\n<p><mark style=\"background-color:rgba(0, 0, 0, 0);color:#dd3333\" class=\"has-inline-color\"><i class=\"fas fa-handshake fa-6x\"><\/i><\/mark><\/p>\n\n\n\n<p class=\"has-text-align-left\"><mark style=\"background-color:rgba(0, 0, 0, 0);color:#dd3333\" class=\"has-inline-color\"><i class=\"fas fa-circle-check\"><\/i><\/mark> <strong>Amplia gama de productos:<\/strong> gracias a nuestras dos marcas, eXacal e ISOTECH, puede <strong>elegir entre una amplia gama de productos<\/strong>. Independientemente de si necesita mediciones de temperatura de alta precisi\u00f3n en la industria, la investigaci\u00f3n u otras aplicaciones, tenemos la soluci\u00f3n adecuada para usted. <br\/><mark style=\"background-color:rgba(0, 0, 0, 0);color:#dd3333\" class=\"has-inline-color\"><i class=\"fas fa-circle-check\"><\/i><\/mark> <strong>Asesoramiento al cliente:<\/strong> nuestros <strong>expertos est\u00e1n a su disposici\u00f3n con sus conocimientos t\u00e9cnicos<\/strong> para ayudarle en la selecci\u00f3n del term\u00f3metro adecuado y en todas las cuestiones relativas a la calibraci\u00f3n de temperatura. Siempre nos esforzamos por ofrecerle el mejor asesoramiento posible. <br\/><mark style=\"background-color:rgba(0, 0, 0, 0);color:#dd3333\" class=\"has-inline-color\"><i class=\"fas fa-circle-check\"><\/i><\/mark> <strong>Socio de confianza:<\/strong> con una larga trayectoria en la tecnolog\u00eda de medici\u00f3n de temperatura y calibraci\u00f3n, somos un <strong>socio de confianza para empresas, instituciones de investigaci\u00f3n y laboratorios<\/strong> de todo el mundo.<br\/>Puede contar con nuestra fiabilidad y nuestro compromiso con la m\u00e1s alta calidad.<\/p>\n<\/div>\n<\/div>\n<\/div>\n<\/div>\n\n<div class=\"wp-block-group alignfull has-global-padding is-layout-constrained wp-container-core-group-is-layout-0c8379ad wp-block-group-is-layout-constrained\" style=\"margin-top:var(--wp--preset--spacing--30);margin-bottom:var(--wp--preset--spacing--30);padding-top:var(--wp--preset--spacing--20);padding-right:var(--wp--preset--spacing--30);padding-bottom:var(--wp--preset--spacing--20);padding-left:var(--wp--preset--spacing--30)\">\n<div class=\"wp-block-columns alignwide hvr-grow has-accent-background-color has-background is-layout-flex wp-container-core-columns-is-layout-6e1574cc wp-block-columns-is-layout-flex\" style=\"border-radius:50px;margin-top:var(--wp--preset--spacing--40);margin-bottom:var(--wp--preset--spacing--40);padding-top:var(--wp--preset--spacing--30);padding-right:var(--wp--preset--spacing--30);padding-bottom:var(--wp--preset--spacing--30);padding-left:var(--wp--preset--spacing--30)\">\n<div class=\"wp-block-column is-vertically-aligned-center is-layout-flow wp-container-core-column-is-layout-f5bb311e wp-block-column-is-layout-flow\">\n<h2 class=\"wp-block-heading has-text-align-center\">Nicht das richtige Produkt f\u00fcr Sie?<\/h2>\n\n\n\n<div class=\"wp-block-buttons is-content-justification-center is-layout-flex wp-container-core-buttons-is-layout-a89b3969 wp-block-buttons-is-layout-flex\">\n<div class=\"wp-block-button hvr-shrink is-style-outline is-style-outline--3\"><a class=\"wp-block-button__link wp-element-button\" href=\"\/shop\/\">-> Hier geht&#8217;s zur\u00fcck zur \u00dcbersicht<\/a><\/div>\n<\/div>\n<\/div>\n<\/div>\n<\/div>\n","protected":false},"excerpt":{"rendered":"<p>Term\u00f3metros de precisi\u00f3n Term\u00f3metros de resistencia y termopares Nuestros term\u00f3metros de alta calidad est\u00e1n disponibles en dos \u00e1reas de productos: term\u00f3metros de precisi\u00f3n como term\u00f3metros de resistencia y termopares. En Klasmeier distribuimos term\u00f3metros de precisi\u00f3n de dos marcas de renombre: eXacal e ISOTECH. Nuestros term\u00f3metros se caracterizan por su m\u00e1xima precisi\u00f3n y calidad, y se [&hellip;]<\/p>\n","protected":false},"author":4,"featured_media":0,"parent":8545,"menu_order":0,"comment_status":"closed","ping_status":"closed","template":"","meta":{"footnotes":""},"class_list":["post-15248","page","type-page","status-publish","hentry"],"_links":{"self":[{"href":"https:\/\/www.klasmeier.com\/es\/wp-json\/wp\/v2\/pages\/15248","targetHints":{"allow":["GET"]}}],"collection":[{"href":"https:\/\/www.klasmeier.com\/es\/wp-json\/wp\/v2\/pages"}],"about":[{"href":"https:\/\/www.klasmeier.com\/es\/wp-json\/wp\/v2\/types\/page"}],"author":[{"embeddable":true,"href":"https:\/\/www.klasmeier.com\/es\/wp-json\/wp\/v2\/users\/4"}],"replies":[{"embeddable":true,"href":"https:\/\/www.klasmeier.com\/es\/wp-json\/wp\/v2\/comments?post=15248"}],"version-history":[{"count":1,"href":"https:\/\/www.klasmeier.com\/es\/wp-json\/wp\/v2\/pages\/15248\/revisions"}],"predecessor-version":[{"id":15250,"href":"https:\/\/www.klasmeier.com\/es\/wp-json\/wp\/v2\/pages\/15248\/revisions\/15250"}],"up":[{"embeddable":true,"href":"https:\/\/www.klasmeier.com\/es\/wp-json\/wp\/v2\/pages\/8545"}],"wp:attachment":[{"href":"https:\/\/www.klasmeier.com\/es\/wp-json\/wp\/v2\/media?parent=15248"}],"curies":[{"name":"wp","href":"https:\/\/api.w.org\/{rel}","templated":true}]}}