{"id":14898,"date":"2024-04-02T15:05:01","date_gmt":"2024-04-02T13:05:01","guid":{"rendered":"https:\/\/www.klasmeier.com\/tienda\/calibradores-de-baja-temperatura-eficientes\/"},"modified":"2026-05-12T15:33:58","modified_gmt":"2026-05-12T13:33:58","slug":"calibradores-de-baja-temperatura-eficientes","status":"publish","type":"page","link":"https:\/\/www.klasmeier.com\/es\/tienda\/calibradores-de-baja-temperatura-eficientes\/","title":{"rendered":"Calibradores de baja temperatura eficientes"},"content":{"rendered":"\n<div class=\"wp-block-group alignfull has-global-padding is-layout-constrained wp-container-core-group-is-layout-b510c29b wp-block-group-is-layout-constrained\" style=\"padding-top:0;padding-bottom:0\">\n<h1 class=\"wp-block-heading alignwide has-text-align-center\" style=\"font-size:clamp(27.894px, 1.743rem + ((1vw - 3.2px) * 2.094), 48px);\"><strong>Calibradores de baja temperatura de ISOTECH<\/strong><\/h1>\n\n\n\n<h2 class=\"wp-block-heading has-text-align-center\" style=\"font-size:clamp(15.747px, 0.984rem + ((1vw - 3.2px) * 0.86), 24px);\">\u00bfDesea <strong>calibrar term\u00f3metros con precisi\u00f3n a temperaturas extremadamente bajas?<\/strong> <br\/>\u00bfLos procedimientos estandarizados y los ba\u00f1os de calibraci\u00f3n no ofrecen el rango de temperatura necesario? <br\/><br\/>Entonces, est\u00e1 en el lugar adecuado. <br\/><strong>Nuestros calibradores de baja temperatura permiten calibraciones precisas incluso a temperaturas muy bajas.<\/strong><\/h2>\n<\/div>\n\n<div class=\"wp-block-group alignfull has-global-padding is-layout-constrained wp-block-group-is-layout-constrained\" style=\"padding-top:0;padding-bottom:0\">\n<div class=\"wp-block-group alignwide has-global-padding is-content-justification-center is-layout-constrained wp-block-group-is-layout-constrained\" style=\"margin-top:var(--wp--preset--spacing--10);margin-bottom:var(--wp--preset--spacing--10)\">\n<div class=\"wp-block-group alignwide hvr-grow has-accent-background-color has-background has-global-padding is-layout-constrained wp-container-core-group-is-layout-9ea8ae60 wp-block-group-is-layout-constrained\" style=\"border-radius:50px;margin-top:var(--wp--preset--spacing--30);margin-bottom:var(--wp--preset--spacing--30);padding-top:var(--wp--preset--spacing--30);padding-right:var(--wp--preset--spacing--30);padding-bottom:var(--wp--preset--spacing--40);padding-left:var(--wp--preset--spacing--30)\">\n<div class=\"wp-block-group alignwide has-global-padding is-layout-constrained wp-container-core-group-is-layout-19e250f3 wp-block-group-is-layout-constrained\">\n<h3 class=\"wp-block-heading alignwide has-text-align-center\"><a href=\"https:\/\/www.klasmeier.com\/produkt\/cryostat-tiefkuehlkalibriereinrichtung\/\">Criostato de nitr\u00f3geno para la calibraci\u00f3n de term\u00f3metros<\/a><\/h3>\n<\/div>\n\n\n\n<div class=\"wp-block-columns is-layout-flex wp-container-core-columns-is-layout-0806ab5c wp-block-columns-is-layout-flex\" style=\"margin-top:var(--wp--preset--spacing--30);margin-bottom:var(--wp--preset--spacing--30)\">\n<div class=\"wp-block-column is-vertically-aligned-center is-layout-flow wp-block-column-is-layout-flow\" style=\"padding-right:0%;padding-left:0px;flex-basis:66%\">\n<p>Con el criostato de nitr\u00f3geno puede calibrar term\u00f3metros y termopares a temperaturas especialmente bajas.<\/p>\n\n\n\n<p><mark style=\"background-color:rgba(0, 0, 0, 0);color:#dd3333\" class=\"has-inline-color\"><i class=\"fas fa-circle-check\"><\/i><\/mark> <strong>Rango de temperatura de -80 \u00b0C a -180 \u00b0C con puntos de calibraci\u00f3n libremente seleccionables<\/strong><br\/><mark style=\"background-color:rgba(0, 0, 0, 0);color:#dd3333\" class=\"has-inline-color\"><i class=\"fas fa-circle-check\"><\/i><\/mark> <strong>sin contaminaci\u00f3n por medios de calibraci\u00f3n<\/strong><br\/><mark style=\"background-color:rgba(0, 0, 0, 0);color:#dd3333\" class=\"has-inline-color\"><i class=\"fas fa-circle-check\"><\/i><\/mark> <strong>alta precisi\u00f3n gracias a insertos de calibraci\u00f3n personalizados<\/strong><br\/>(deben pedirse por separado)<br\/><mark style=\"background-color:rgba(0, 0, 0, 0);color:#dd3333\" class=\"has-inline-color\"><i class=\"fas fa-circle-check\"><\/i><\/mark> <strong>Soluci\u00f3n econ\u00f3mica<\/strong> en comparaci\u00f3n con equipos el\u00e9ctricos con un rango de temperatura comparable<\/p>\n<\/div>\n\n\n\n<div class=\"wp-block-column is-vertically-aligned-center is-layout-flow wp-block-column-is-layout-flow\" style=\"flex-basis:33%\">\n<figure class=\"wp-block-image aligncenter size-full is-resized has-custom-border\"><a href=\"https:\/\/www.klasmeier.com\/produkt\/cryostat-tiefkuehlkalibriereinrichtung\/\"><img loading=\"lazy\" decoding=\"async\" width=\"370\" height=\"370\" src=\"https:\/\/www.klasmeier.com\/wp-content\/uploads\/2024\/04\/Cryostat-zur-Thermometer-Kalibrierung.png\" alt=\"\" class=\"wp-image-2236\" style=\"border-radius:50px;width:322px;height:auto\" srcset=\"https:\/\/www.klasmeier.com\/wp-content\/uploads\/2024\/04\/Cryostat-zur-Thermometer-Kalibrierung.png 370w, https:\/\/www.klasmeier.com\/wp-content\/uploads\/2024\/04\/Cryostat-zur-Thermometer-Kalibrierung-300x300.png 300w, https:\/\/www.klasmeier.com\/wp-content\/uploads\/2024\/04\/Cryostat-zur-Thermometer-Kalibrierung-150x150.png 150w, https:\/\/www.klasmeier.com\/wp-content\/uploads\/2024\/04\/Cryostat-zur-Thermometer-Kalibrierung-100x100.png 100w\" sizes=\"auto, (max-width: 370px) 100vw, 370px\" \/><\/a><\/figure>\n<\/div>\n<\/div>\n\n\n\n<div class=\"wp-block-buttons is-content-justification-center is-layout-flex wp-container-core-buttons-is-layout-a89b3969 wp-block-buttons-is-layout-flex\">\n<div class=\"wp-block-button has-custom-font-size is-style-outline has-medium-font-size is-style-outline--1\"><a class=\"wp-block-button__link wp-element-button\" href=\"https:\/\/www.klasmeier.com\/produkt\/cryostat-tiefkuehlkalibriereinrichtung\/\" style=\"border-radius:50px;padding-top:var(--wp--preset--spacing--10);padding-right:var(--wp--preset--spacing--20);padding-bottom:var(--wp--preset--spacing--10);padding-left:var(--wp--preset--spacing--20)\">Al criostato de nitr\u00f3geno<\/a><\/div>\n<\/div>\n<\/div>\n\n\n\n<div class=\"wp-block-group alignwide hvr-grow has-accent-background-color has-background has-global-padding is-layout-constrained wp-container-core-group-is-layout-9ea8ae60 wp-block-group-is-layout-constrained\" style=\"border-radius:50px;margin-top:var(--wp--preset--spacing--30);margin-bottom:var(--wp--preset--spacing--30);padding-top:var(--wp--preset--spacing--30);padding-right:var(--wp--preset--spacing--30);padding-bottom:var(--wp--preset--spacing--40);padding-left:var(--wp--preset--spacing--30)\">\n<div class=\"wp-block-group alignwide has-global-padding is-layout-constrained wp-container-core-group-is-layout-19e250f3 wp-block-group-is-layout-constrained\">\n<h3 class=\"wp-block-heading alignwide has-text-align-center\"><a href=\"https:\/\/www.klasmeier.com\/produkt\/stickstoff-siedepunktkalibrator\/\">Calibrador de punto de ebullici\u00f3n de nitr\u00f3geno modelo ITL M 18205<\/a><\/h3>\n<\/div>\n\n\n\n<div class=\"wp-block-columns is-layout-flex wp-container-core-columns-is-layout-0806ab5c wp-block-columns-is-layout-flex\" style=\"margin-top:var(--wp--preset--spacing--30);margin-bottom:var(--wp--preset--spacing--30)\">\n<div class=\"wp-block-column is-vertically-aligned-center is-layout-flow wp-block-column-is-layout-flow\" style=\"padding-right:0%;padding-left:0px;flex-basis:66%\">\n<p><mark style=\"background-color:rgba(0, 0, 0, 0);color:#dd3333\" class=\"has-inline-color\"><i class=\"fas fa-circle-check\"><\/i><\/mark> <strong>Alta precisi\u00f3n de medici\u00f3n a bajo coste<\/strong>: mediante calibraci\u00f3n por comparaci\u00f3n, las incertidumbres de medida pueden reducirse a \u00b1 0,002 K. Esto le permite realizar una calibraci\u00f3n precisa por una fracci\u00f3n del coste de una calibraci\u00f3n por punto fijo. <br\/><mark style=\"background-color:rgba(0, 0, 0, 0);color:#dd3333\" class=\"has-inline-color\"><i class=\"fas fa-circle-check\"><\/i><\/mark> <strong>No se requiere una fuente de alimentaci\u00f3n externa<\/strong> \u2013 Esto permite un <strong>uso flexible y f\u00e1cil de utilizar<\/strong> del calibrador de baja temperatura<\/p>\n<\/div>\n\n\n\n<div class=\"wp-block-column is-vertically-aligned-center is-layout-flow wp-block-column-is-layout-flow\" style=\"flex-basis:33%\">\n<figure class=\"wp-block-image aligncenter size-full is-resized has-custom-border\"><a href=\"https:\/\/www.klasmeier.com\/produkt\/stickstoff-siedepunktkalibrator\/\"><img loading=\"lazy\" decoding=\"async\" width=\"370\" height=\"370\" src=\"https:\/\/www.klasmeier.com\/wp-content\/uploads\/2024\/04\/Stickstoff-Siedepunktkalibrator.png\" alt=\"\" class=\"wp-image-2238\" style=\"border-radius:50px;width:322px;height:auto\" srcset=\"https:\/\/www.klasmeier.com\/wp-content\/uploads\/2024\/04\/Stickstoff-Siedepunktkalibrator.png 370w, https:\/\/www.klasmeier.com\/wp-content\/uploads\/2024\/04\/Stickstoff-Siedepunktkalibrator-300x300.png 300w, https:\/\/www.klasmeier.com\/wp-content\/uploads\/2024\/04\/Stickstoff-Siedepunktkalibrator-150x150.png 150w, https:\/\/www.klasmeier.com\/wp-content\/uploads\/2024\/04\/Stickstoff-Siedepunktkalibrator-100x100.png 100w\" sizes=\"auto, (max-width: 370px) 100vw, 370px\" \/><\/a><\/figure>\n<\/div>\n<\/div>\n\n\n\n<div class=\"wp-block-buttons is-content-justification-center is-layout-flex wp-container-core-buttons-is-layout-a89b3969 wp-block-buttons-is-layout-flex\">\n<div class=\"wp-block-button has-custom-font-size is-style-outline has-medium-font-size is-style-outline--2\"><a class=\"wp-block-button__link wp-element-button\" href=\"https:\/\/www.klasmeier.com\/produkt\/stickstoff-siedepunktkalibrator\/\" style=\"border-radius:50px;padding-top:var(--wp--preset--spacing--10);padding-right:var(--wp--preset--spacing--20);padding-bottom:var(--wp--preset--spacing--10);padding-left:var(--wp--preset--spacing--20)\">Ir al calibrador de punto de ebullici\u00f3n de nitr\u00f3geno<\/a><\/div>\n<\/div>\n<\/div>\n\n\n\n<div class=\"wp-block-group alignwide hvr-grow has-accent-background-color has-background has-global-padding is-layout-constrained wp-container-core-group-is-layout-9ea8ae60 wp-block-group-is-layout-constrained\" style=\"border-radius:50px;margin-top:var(--wp--preset--spacing--30);margin-bottom:var(--wp--preset--spacing--30);padding-top:var(--wp--preset--spacing--30);padding-right:var(--wp--preset--spacing--30);padding-bottom:var(--wp--preset--spacing--40);padding-left:var(--wp--preset--spacing--30)\">\n<div class=\"wp-block-group alignwide has-global-padding is-layout-constrained wp-container-core-group-is-layout-19e250f3 wp-block-group-is-layout-constrained\">\n<h3 class=\"wp-block-heading\"><a href=\"https:\/\/www.klasmeier.com\/produkt\/stickstoffsiedepunkt-kalibrator\/\">Calibrador de punto de ebullici\u00f3n de nitr\u00f3geno modelo 461<\/a><\/h3>\n<\/div>\n\n\n\n<div class=\"wp-block-columns is-layout-flex wp-container-core-columns-is-layout-0806ab5c wp-block-columns-is-layout-flex\" style=\"margin-top:var(--wp--preset--spacing--30);margin-bottom:var(--wp--preset--spacing--30)\">\n<div class=\"wp-block-column is-vertically-aligned-center is-layout-flow wp-block-column-is-layout-flow\" style=\"padding-right:0%;padding-left:0px;flex-basis:66%\">\n<p>Este modelo es una <strong>alternativa m\u00e1s econ\u00f3mica<\/strong> al ITL M 18205. <br\/>El calibrador de punto de ebullici\u00f3n de nitr\u00f3geno es un equipo sencillo, abierto al aire ambiente. Consta de un recipiente Dewar de acero inoxidable que se llena con nitr\u00f3geno l\u00edquido, una capa de aislamiento en la que se encuentra un bloque de compensaci\u00f3n met\u00e1lico y un soporte para term\u00f3metro. <\/p>\n\n\n\n<p><mark style=\"background-color:rgba(0, 0, 0, 0);color:#dd3333\" class=\"has-inline-color\"><i class=\"fas fa-circle-check\"><\/i><\/mark> <strong>uso muy sencillo y seguro<\/strong><br\/><mark style=\"background-color:rgba(0, 0, 0, 0);color:#dd3333\" class=\"has-inline-color\"><i class=\"fas fa-circle-check\"><\/i><\/mark> <strong>Rango de temperatura: -196 \u00b0C<\/strong><br\/><mark style=\"background-color:rgba(0, 0, 0, 0);color:#dd3333\" class=\"has-inline-color\"><i class=\"fas fa-circle-check\"><\/i><\/mark> <strong>Estabilidad de temperatura \u00b10,002 \u00b0C<\/strong><br\/><mark style=\"background-color:rgba(0, 0, 0, 0);color:#dd3333\" class=\"has-inline-color\"><i class=\"fas fa-circle-check\"><\/i><\/mark> <strong><span style=\"font-size: 14pt;\">econ\u00f3mico<\/span><\/strong><\/p>\n<\/div>\n\n\n\n<div class=\"wp-block-column is-vertically-aligned-center is-layout-flow wp-block-column-is-layout-flow\" style=\"flex-basis:33%\">\n<figure class=\"wp-block-image aligncenter size-full is-resized has-custom-border\"><a href=\"https:\/\/www.klasmeier.com\/produkt\/stickstoffsiedepunkt-kalibrator\/\"><img loading=\"lazy\" decoding=\"async\" width=\"370\" height=\"370\" src=\"https:\/\/www.klasmeier.com\/wp-content\/uploads\/Stickstoff-Siedepunktkalibrator-461.png\" alt=\"\" class=\"wp-image-3590\" style=\"border-radius:50px;width:322px;height:auto\" srcset=\"https:\/\/www.klasmeier.com\/wp-content\/uploads\/Stickstoff-Siedepunktkalibrator-461.png 370w, https:\/\/www.klasmeier.com\/wp-content\/uploads\/Stickstoff-Siedepunktkalibrator-461-300x300.png 300w, https:\/\/www.klasmeier.com\/wp-content\/uploads\/Stickstoff-Siedepunktkalibrator-461-150x150.png 150w, https:\/\/www.klasmeier.com\/wp-content\/uploads\/Stickstoff-Siedepunktkalibrator-461-100x100.png 100w\" sizes=\"auto, (max-width: 370px) 100vw, 370px\" \/><\/a><\/figure>\n<\/div>\n<\/div>\n\n\n\n<div class=\"wp-block-buttons is-content-justification-center is-layout-flex wp-container-core-buttons-is-layout-a89b3969 wp-block-buttons-is-layout-flex\">\n<div class=\"wp-block-button has-custom-font-size is-style-outline has-medium-font-size is-style-outline--3\"><a class=\"wp-block-button__link wp-element-button\" href=\"https:\/\/www.klasmeier.com\/produkt\/stickstoffsiedepunkt-kalibrator\/\" style=\"border-radius:50px;padding-top:var(--wp--preset--spacing--10);padding-right:var(--wp--preset--spacing--20);padding-bottom:var(--wp--preset--spacing--10);padding-left:var(--wp--preset--spacing--20)\">Ir al calibrador de punto de ebullici\u00f3n de nitr\u00f3geno 461<\/a><\/div>\n<\/div>\n<\/div>\n<\/div>\n<\/div>\n\n<div class=\"wp-block-group alignfull has-global-padding is-layout-constrained wp-block-group-is-layout-constrained\" style=\"margin-top:var(--wp--preset--spacing--30);margin-bottom:var(--wp--preset--spacing--30);padding-top:var(--wp--preset--spacing--20);padding-bottom:var(--wp--preset--spacing--20)\">\n<div class=\"wp-block-columns alignwide hvr-grow has-accent-background-color has-background is-layout-flex wp-container-core-columns-is-layout-6e1574cc wp-block-columns-is-layout-flex\" style=\"border-radius:50px;margin-top:var(--wp--preset--spacing--40);margin-bottom:var(--wp--preset--spacing--40);padding-top:var(--wp--preset--spacing--30);padding-right:var(--wp--preset--spacing--30);padding-bottom:var(--wp--preset--spacing--30);padding-left:var(--wp--preset--spacing--30)\">\n<div class=\"wp-block-column is-vertically-aligned-center is-layout-flow wp-container-core-column-is-layout-f5bb311e wp-block-column-is-layout-flow\">\n<h2 class=\"wp-block-heading has-text-align-center\">Nicht das richtige Produkt f\u00fcr Sie?<\/h2>\n\n\n\n<div class=\"wp-block-buttons is-content-justification-center is-layout-flex wp-container-core-buttons-is-layout-a89b3969 wp-block-buttons-is-layout-flex\">\n<div class=\"wp-block-button hvr-shrink is-style-outline is-style-outline--4\"><a class=\"wp-block-button__link wp-element-button\" href=\"\/shop\/\">-> Hier geht&#8217;s zur\u00fcck zur \u00dcbersicht<\/a><\/div>\n<\/div>\n<\/div>\n<\/div>\n<\/div>\n","protected":false},"excerpt":{"rendered":"<p>Calibradores de baja temperatura de ISOTECH \u00bfDesea calibrar term\u00f3metros con precisi\u00f3n a temperaturas extremadamente bajas? \u00bfLos procedimientos estandarizados y los ba\u00f1os de calibraci\u00f3n no ofrecen el rango de temperatura necesario? Entonces, est\u00e1 en el lugar adecuado. Nuestros calibradores de baja temperatura permiten calibraciones precisas incluso a temperaturas muy bajas. Criostato de nitr\u00f3geno para la calibraci\u00f3n [&hellip;]<\/p>\n","protected":false},"author":4,"featured_media":0,"parent":8545,"menu_order":0,"comment_status":"closed","ping_status":"closed","template":"","meta":{"footnotes":""},"class_list":["post-14898","page","type-page","status-publish","hentry"],"_links":{"self":[{"href":"https:\/\/www.klasmeier.com\/es\/wp-json\/wp\/v2\/pages\/14898","targetHints":{"allow":["GET"]}}],"collection":[{"href":"https:\/\/www.klasmeier.com\/es\/wp-json\/wp\/v2\/pages"}],"about":[{"href":"https:\/\/www.klasmeier.com\/es\/wp-json\/wp\/v2\/types\/page"}],"author":[{"embeddable":true,"href":"https:\/\/www.klasmeier.com\/es\/wp-json\/wp\/v2\/users\/4"}],"replies":[{"embeddable":true,"href":"https:\/\/www.klasmeier.com\/es\/wp-json\/wp\/v2\/comments?post=14898"}],"version-history":[{"count":3,"href":"https:\/\/www.klasmeier.com\/es\/wp-json\/wp\/v2\/pages\/14898\/revisions"}],"predecessor-version":[{"id":14968,"href":"https:\/\/www.klasmeier.com\/es\/wp-json\/wp\/v2\/pages\/14898\/revisions\/14968"}],"up":[{"embeddable":true,"href":"https:\/\/www.klasmeier.com\/es\/wp-json\/wp\/v2\/pages\/8545"}],"wp:attachment":[{"href":"https:\/\/www.klasmeier.com\/es\/wp-json\/wp\/v2\/media?parent=14898"}],"curies":[{"name":"wp","href":"https:\/\/api.w.org\/{rel}","templated":true}]}}