{"id":14602,"date":"2024-05-21T16:27:13","date_gmt":"2024-05-21T14:27:13","guid":{"rendered":"https:\/\/www.klasmeier.com\/aviso-legal\/"},"modified":"2026-05-12T15:25:33","modified_gmt":"2026-05-12T13:25:33","slug":"aviso-legal","status":"publish","type":"page","link":"https:\/\/www.klasmeier.com\/es\/aviso-legal\/","title":{"rendered":"Aviso legal"},"content":{"rendered":"\n<div class=\"wp-block-group alignfull has-global-padding is-layout-constrained wp-container-core-group-is-layout-530ec779 wp-block-group-is-layout-constrained\">\n<h2 class=\"wp-block-heading alignwide\"><strong>Aviso legal<\/strong><\/h2>\n\n\n\n<p><strong>Klasmeier<\/strong><br\/>Kalibrier- und Messtechnik GmbH<\/p>\n\n\n\n<p>Flemingstrasse 12-14<br\/> D-36041 Fulda<\/p>\n\n\n\n<p>Director gerente representante: Dipl.-Ing. (FH) Thomas Klasmeier<\/p>\n\n\n\n<p>Tribunal de registro: Juzgado de Primera Instancia de Fulda<br\/>N\u00famero de registro: 5 HRB 727<br\/>N\u00famero de identificaci\u00f3n a efectos del IVA seg\u00fan el \u00a7 27 a de la Ley del Impuesto sobre el Valor A\u00f1adido: DE 112403195<\/p>\n\n\n\n<h3 class=\"wp-block-heading\">Resoluci\u00f3n alternativa de litigios de conformidad con el art. 14, apdo. 1 del Reglamento ODR y el \u00a7 36 de la VSBG: <\/h3>\n<\/div>\n","protected":false},"excerpt":{"rendered":"<p>Aviso legal KlasmeierKalibrier- und Messtechnik GmbH Flemingstrasse 12-14 D-36041 Fulda Director gerente representante: Dipl.-Ing. (FH) Thomas Klasmeier Tribunal de registro: Juzgado de Primera Instancia de FuldaN\u00famero de registro: 5 HRB 727N\u00famero de identificaci\u00f3n a efectos del IVA seg\u00fan el \u00a7 27 a de la Ley del Impuesto sobre el Valor A\u00f1adido: DE 112403195 Resoluci\u00f3n alternativa [&hellip;]<\/p>\n","protected":false},"author":4,"featured_media":0,"parent":0,"menu_order":0,"comment_status":"closed","ping_status":"closed","template":"","meta":{"footnotes":""},"class_list":["post-14602","page","type-page","status-publish","hentry"],"_links":{"self":[{"href":"https:\/\/www.klasmeier.com\/es\/wp-json\/wp\/v2\/pages\/14602","targetHints":{"allow":["GET"]}}],"collection":[{"href":"https:\/\/www.klasmeier.com\/es\/wp-json\/wp\/v2\/pages"}],"about":[{"href":"https:\/\/www.klasmeier.com\/es\/wp-json\/wp\/v2\/types\/page"}],"author":[{"embeddable":true,"href":"https:\/\/www.klasmeier.com\/es\/wp-json\/wp\/v2\/users\/4"}],"replies":[{"embeddable":true,"href":"https:\/\/www.klasmeier.com\/es\/wp-json\/wp\/v2\/comments?post=14602"}],"version-history":[{"count":1,"href":"https:\/\/www.klasmeier.com\/es\/wp-json\/wp\/v2\/pages\/14602\/revisions"}],"predecessor-version":[{"id":14604,"href":"https:\/\/www.klasmeier.com\/es\/wp-json\/wp\/v2\/pages\/14602\/revisions\/14604"}],"wp:attachment":[{"href":"https:\/\/www.klasmeier.com\/es\/wp-json\/wp\/v2\/media?parent=14602"}],"curies":[{"name":"wp","href":"https:\/\/api.w.org\/{rel}","templated":true}]}}