{"id":14586,"date":"2024-05-21T16:41:12","date_gmt":"2024-05-21T14:41:12","guid":{"rendered":"https:\/\/www.klasmeier.com\/politica-de-privacidad\/"},"modified":"2026-05-12T15:25:18","modified_gmt":"2026-05-12T13:25:18","slug":"politica-de-privacidad","status":"publish","type":"page","link":"https:\/\/www.klasmeier.com\/es\/politica-de-privacidad\/","title":{"rendered":"Pol\u00edtica de privacidad"},"content":{"rendered":"\n<div class=\"wp-block-group alignwide is-vertical is-layout-flex wp-container-core-group-is-layout-ab79abe2 wp-block-group-is-layout-flex\" style=\"padding-top:var(--wp--preset--spacing--30);padding-bottom:var(--wp--preset--spacing--30)\">\n<h2 class=\"wp-block-heading\"><strong>Pol\u00edtica de privacidad<\/strong><\/h2>\n\n\n\n<p>Los datos personales (en adelante, denominados en su mayor\u00eda \u00abDatos\u00bb) solo ser\u00e1n tratados por nosotros en la medida necesaria y con el fin de proporcionar un sitio web funcional y f\u00e1cil de usar, incluidos sus contenidos y los servicios ofrecidos en \u00e9l.<\/p>\n\n\n\n<p>Seg\u00fan el art\u00edculo 4, punto 1 del Reglamento (UE) 2016\/679, es decir, el Reglamento General de Protecci\u00f3n de Datos (en adelante, denominado \u00abRGPD\u00bb), se entiende por \u00abtratamiento\u00bb cualquier operaci\u00f3n o conjunto de operaciones realizadas sobre datos personales, ya sea por medios automatizados o no, como la recogida, registro, organizaci\u00f3n, estructuraci\u00f3n, conservaci\u00f3n, adaptaci\u00f3n o modificaci\u00f3n, extracci\u00f3n, consulta, utilizaci\u00f3n, comunicaci\u00f3n por transmisi\u00f3n, difusi\u00f3n o cualquier otra forma de habilitaci\u00f3n de acceso, cotejo o interconexi\u00f3n, limitaci\u00f3n, supresi\u00f3n o destrucci\u00f3n.<\/p>\n\n\n\n<p>Con la siguiente pol\u00edtica de privacidad, le informamos en particular sobre el tipo, alcance, finalidad, duraci\u00f3n y base legal del tratamiento de datos personales, en la medida en que decidamos, solos o junto con otros, sobre los fines y medios del tratamiento. Adem\u00e1s, a continuaci\u00f3n le informamos sobre los componentes externos que utilizamos para fines de optimizaci\u00f3n y para aumentar la calidad de uso, en la medida en que terceros traten datos bajo su propia responsabilidad. <\/p>\n\n\n\n<p>Nuestra pol\u00edtica de privacidad se estructura de la siguiente manera:<\/p>\n\n\n\n<p>I. Informaci\u00f3n sobre nosotros como responsables<br\/>II. Derechos de los usuarios y afectados<br\/>III. Informaci\u00f3n sobre el tratamiento de datos<\/p>\n<\/div>\n\n<div class=\"wp-block-group alignwide is-vertical is-layout-flex wp-container-core-group-is-layout-421549ea wp-block-group-is-layout-flex\" style=\"padding-top:var(--wp--preset--spacing--20);padding-bottom:var(--wp--preset--spacing--20)\">\n<h3 class=\"wp-block-heading\">I. Informaci\u00f3n sobre nosotros como responsables<\/h3>\n\n\n\n<p>El proveedor responsable de este sitio web en el sentido de la ley de protecci\u00f3n de datos es:<\/p>\n\n\n\n<p><strong>Klasmeier<\/strong><br\/>Kalibrier- und Messtechnik GmbH<\/p>\n\n\n\n<p>Flemingstrasse 12-14<br\/> D-36041 Fulda<\/p>\n\n\n\n<p>Director general autorizado: Dipl.-Ing. (FH) Thomas Klasmeier<\/p>\n\n\n\n<p>Juzgado de registro: Amtsgericht Fulda<br\/>N\u00famero de registro: 5 HRB 727<br\/>N\u00famero de identificaci\u00f3n fiscal seg\u00fan el \u00a7 27 a de la Ley del Impuesto sobre el Valor A\u00f1adido: DE 112403195<\/p>\n\n\n\n<p>Puede ponerse en contacto con el\/la responsable de protecci\u00f3n de datos del proveedor a trav\u00e9s de nuestro formulario de contacto: https:\/\/www.klasmeier.com\/unternehmen\/nehmen-sie-kontakt-mit-uns-auf\/<\/p>\n<\/div>\n\n<div class=\"wp-block-group alignwide is-vertical is-layout-flex wp-container-core-group-is-layout-421549ea wp-block-group-is-layout-flex\" style=\"padding-top:var(--wp--preset--spacing--20);padding-bottom:var(--wp--preset--spacing--20)\">\n<h3 class=\"wp-block-heading\">II. Derechos de los usuarios y afectados<\/h3>\n\n\n\n<p>Con respecto al tratamiento de datos que se describe con m\u00e1s detalle a continuaci\u00f3n, los usuarios y afectados tienen derecho<\/p>\n\n\n\n<ul class=\"wp-block-list\">\n<li>a la confirmaci\u00f3n de si se tratan datos que les conciernen, a la informaci\u00f3n sobre los datos tratados, a m\u00e1s informaci\u00f3n sobre el tratamiento de datos y a copias de los datos (v\u00e9ase tambi\u00e9n el art\u00edculo 15 del RGPD);<\/li>\n\n\n\n<li>a la rectificaci\u00f3n o complemento de datos incorrectos o incompletos (v\u00e9ase tambi\u00e9n el art\u00edculo 16 del RGPD);<\/li>\n\n\n\n<li>a la supresi\u00f3n inmediata de los datos que les conciernen (v\u00e9ase tambi\u00e9n el art\u00edculo 17 del RGPD), o, alternativamente, en la medida en que sea necesario un tratamiento posterior de conformidad con el art\u00edculo 17, apartado 3 del RGPD, a la limitaci\u00f3n del tratamiento de conformidad con el art\u00edculo 18 del RGPD; <\/li>\n\n\n\n<li>a recibir los datos que les conciernen y que han proporcionado y a transmitir estos datos a otros proveedores\/responsables (v\u00e9ase tambi\u00e9n el art\u00edculo 20 del RGPD);<\/li>\n\n\n\n<li>a presentar una reclamaci\u00f3n ante la autoridad de control si consideran que los datos que les conciernen son tratados por el proveedor en violaci\u00f3n de las disposiciones de protecci\u00f3n de datos (v\u00e9ase tambi\u00e9n el art\u00edculo 77 del RGPD).<\/li>\n<\/ul>\n\n\n\n<p>Adem\u00e1s, el proveedor est\u00e1 obligado a informar a todos los destinatarios a los que el proveedor haya comunicado datos sobre cualquier rectificaci\u00f3n o supresi\u00f3n de datos o la limitaci\u00f3n del tratamiento que se realice en virtud de los art\u00edculos 16, 17, apartado 1, 18 del RGPD. Sin embargo, esta obligaci\u00f3n no existe si dicha comunicaci\u00f3n es imposible o implica un esfuerzo desproporcionado. Sin perjuicio de lo anterior, el usuario tiene derecho a obtener informaci\u00f3n sobre dichos destinatarios.   <\/p>\n\n\n\n<p><strong>Asimismo, los usuarios y afectados tienen derecho, de conformidad con el art\u00edculo 21 del RGPD, a oponerse al tratamiento futuro de los datos que les conciernen, siempre que los datos sean tratados por el proveedor de conformidad con el art\u00edculo 6, apartado 1, letra f) del RGPD. En particular, es admisible la oposici\u00f3n al tratamiento de datos con fines de marketing directo.   <\/strong><\/p>\n<\/div>\n\n<div class=\"wp-block-group alignwide is-vertical is-layout-flex wp-container-core-group-is-layout-421549ea wp-block-group-is-layout-flex\" style=\"padding-top:var(--wp--preset--spacing--20);padding-bottom:var(--wp--preset--spacing--20)\">\n<h3 class=\"wp-block-heading\">III. Informaci\u00f3n sobre el tratamiento de datos<\/h3>\n\n\n\n<p>Los datos tratados durante el uso de nuestro sitio web se eliminar\u00e1n o bloquear\u00e1n tan pronto como el prop\u00f3sito de su almacenamiento deje de ser aplicable, no existan obligaciones legales de conservaci\u00f3n que impidan la eliminaci\u00f3n de los datos y no se realicen otras indicaciones sobre procedimientos de tratamiento individuales.<\/p>\n\n\n\n<div class=\"wp-block-group is-vertical is-layout-flex wp-container-core-group-is-layout-fb00d1fc wp-block-group-is-layout-flex\" style=\"padding-top:var(--wp--preset--spacing--10);padding-bottom:var(--wp--preset--spacing--10)\">\n<h4 class=\"wp-block-heading\"><strong>Datos del servidor<\/strong><\/h4>\n\n\n\n<p>Por razones t\u00e9cnicas, en particular para garantizar un sitio web seguro y estable, su navegador de Internet nos transmite datos a nosotros o a nuestro proveedor de espacio web. Con estos denominados archivos de registro del servidor, se recopilan, entre otros, el tipo y la versi\u00f3n de su navegador de Internet, el sistema operativo, el sitio web desde el que accedi\u00f3 a nuestro sitio web (URL de referencia), los sitios web de nuestro sitio web que visita, la fecha y hora de cada acceso y la direcci\u00f3n IP de la conexi\u00f3n a Internet desde la que se utiliza nuestro sitio web. <\/p>\n\n\n\n<p>Estos datos recopilados se almacenan temporalmente, pero no junto con otros datos suyos.<\/p>\n\n\n\n<p>Este almacenamiento se realiza sobre la base legal del art\u00edculo 6, apartado 1, letra f) del RGPD. Nuestro inter\u00e9s leg\u00edtimo radica en la mejora, estabilidad, funcionalidad y seguridad de nuestro sitio web.   <\/p>\n\n\n\n<p>Los datos se eliminar\u00e1n a m\u00e1s tardar despu\u00e9s de siete d\u00edas, a menos que sea necesario un almacenamiento adicional para fines probatorios. En caso contrario, los datos se excluir\u00e1n total o parcialmente de la eliminaci\u00f3n hasta la aclaraci\u00f3n definitiva de un incidente. <\/p>\n<\/div>\n\n\n\n<div class=\"wp-block-group is-vertical is-layout-flex wp-container-core-group-is-layout-fb00d1fc wp-block-group-is-layout-flex\" style=\"padding-top:var(--wp--preset--spacing--10);padding-bottom:var(--wp--preset--spacing--10)\">\n<h4 class=\"wp-block-heading\"><strong>Cookies<\/strong><\/h4>\n\n\n\n<p><strong>a) Cookies de sesi\u00f3n<\/strong><\/p>\n\n\n\n<p>Utilizamos las denominadas cookies en nuestro sitio web. Las cookies son peque\u00f1os archivos de texto u otras tecnolog\u00edas de almacenamiento que su navegador de Internet almacena en su dispositivo. A trav\u00e9s de estas cookies, se procesan ciertos datos suyos, como su navegador o datos de ubicaci\u00f3n o su direcci\u00f3n IP, en la medida individual.  <\/p>\n\n\n\n<p>Este tratamiento hace que nuestro sitio web sea m\u00e1s f\u00e1cil de usar, m\u00e1s eficaz y m\u00e1s seguro, ya que el tratamiento permite, por ejemplo, la visualizaci\u00f3n de nuestro sitio web en diferentes idiomas o la oferta de una funci\u00f3n de carrito de la compra. <\/p>\n\n\n\n<p>La base legal de este tratamiento es el art\u00edculo 6, apartado 1, letra b) del RGPD, siempre que estas cookies traten datos para la iniciaci\u00f3n o ejecuci\u00f3n de un contrato.<\/p>\n\n\n\n<p>Si el tratamiento no sirve para la iniciaci\u00f3n o ejecuci\u00f3n de un contrato, nuestro inter\u00e9s leg\u00edtimo radica en la mejora de la funcionalidad de nuestro sitio web. La base legal es entonces el art\u00edculo 6, apartado 1, letra f) del RGPD.   <\/p>\n\n\n\n<p>Al cerrar su navegador de Internet, estas cookies de sesi\u00f3n se eliminan.<\/p>\n\n\n\n<p><strong>b) Cookies de terceros<\/strong><\/p>\n\n\n\n<p>En su caso, en nuestro sitio web tambi\u00e9n se utilizan cookies de empresas asociadas con las que colaboramos con fines publicitarios, de an\u00e1lisis o de funcionalidad de nuestro sitio web.<\/p>\n\n\n\n<p>Los detalles al respecto, en particular sobre los fines y las bases legales del tratamiento de dichas cookies de terceros, se encuentran en la siguiente informaci\u00f3n.<\/p>\n\n\n\n<p><strong>c) Posibilidad de eliminaci\u00f3n<\/strong><\/p>\n\n\n\n<p>Puede evitar o restringir la instalaci\u00f3n de cookies configurando su navegador de Internet. Tambi\u00e9n puede eliminar las cookies ya almacenadas en cualquier momento. Sin embargo, los pasos y medidas necesarios para ello dependen de su navegador de Internet espec\u00edfico. Si tiene preguntas, utilice la funci\u00f3n de ayuda o la documentaci\u00f3n de su navegador de Internet o p\u00f3ngase en contacto con su fabricante o soporte. En el caso de las denominadas cookies Flash, el tratamiento no puede impedirse a trav\u00e9s de la configuraci\u00f3n del navegador. En su lugar, debe cambiar la configuraci\u00f3n de su reproductor Flash. Los pasos y medidas necesarios para ello tambi\u00e9n dependen de su reproductor Flash espec\u00edfico. Si tiene preguntas, utilice la funci\u00f3n de ayuda o la documentaci\u00f3n de su reproductor Flash o p\u00f3ngase en contacto con el fabricante o el soporte al usuario.       <\/p>\n\n\n\n<p>Sin embargo, si impide o restringe la instalaci\u00f3n de cookies, es posible que no todas las funciones de nuestro sitio web puedan utilizarse plenamente.<\/p>\n<\/div>\n\n\n\n<div class=\"wp-block-group is-vertical is-layout-flex wp-container-core-group-is-layout-fb00d1fc wp-block-group-is-layout-flex\" style=\"padding-top:var(--wp--preset--spacing--10);padding-bottom:var(--wp--preset--spacing--10)\">\n<h4 class=\"wp-block-heading\"><strong>Ejecuci\u00f3n del contrato<\/strong><\/h4>\n\n\n\n<p>Los datos que nos transmita para utilizar nuestra oferta de bienes y\/o servicios ser\u00e1n tratados por nosotros con el fin de ejecutar el contrato y son necesarios a tal efecto. La celebraci\u00f3n y ejecuci\u00f3n del contrato no son posibles sin la provisi\u00f3n de sus datos. <\/p>\n\n\n\n<p>La base legal para el tratamiento es el art\u00edculo 6, apartado 1, letra b) del RGPD.  <\/p>\n\n\n\n<p>Eliminamos los datos una vez finalizada la ejecuci\u00f3n del contrato, pero debemos observar los plazos de conservaci\u00f3n fiscales y comerciales.<\/p>\n\n\n\n<p>En el marco de la ejecuci\u00f3n del contrato, transmitimos sus datos a la empresa de transporte encargada de la entrega de la mercanc\u00eda o al proveedor de servicios financieros, en la medida en que la transmisi\u00f3n sea necesaria para la entrega de la mercanc\u00eda o para fines de pago.<\/p>\n\n\n\n<p>La base legal para la transmisi\u00f3n de datos es entonces el art\u00edculo 6, apartado 1, letra b) del RGPD.  <\/p>\n<\/div>\n\n\n\n<div class=\"wp-block-group is-vertical is-layout-flex wp-container-core-group-is-layout-fb00d1fc wp-block-group-is-layout-flex\" style=\"padding-top:var(--wp--preset--spacing--10);padding-bottom:var(--wp--preset--spacing--10)\">\n<h4 class=\"wp-block-heading\"><strong>Cuenta de cliente \/ Funci\u00f3n de registro<\/strong><\/h4>\n\n\n\n<p>Si crea una cuenta de cliente con nosotros a trav\u00e9s de nuestro sitio web, recopilaremos y almacenaremos los datos que introduzca durante el registro (por ejemplo, su nombre, direcci\u00f3n o direcci\u00f3n de correo electr\u00f3nico) exclusivamente para servicios precontractuales, para el cumplimiento del contrato o para fines de atenci\u00f3n al cliente (por ejemplo, para proporcionarle un resumen de sus pedidos anteriores con nosotros o para ofrecerle la funci\u00f3n de \u00ablista de deseos\u00bb). Al mismo tiempo, almacenaremos la direcci\u00f3n IP y la fecha y hora de su registro. Por supuesto, estos datos no se transmitir\u00e1n a terceros.  <\/p>\n\n\n\n<p>En el marco del proceso de registro posterior, se solicitar\u00e1 su consentimiento para este tratamiento y se har\u00e1 referencia a esta pol\u00edtica de privacidad. Los datos recopilados se utilizar\u00e1n exclusivamente para la provisi\u00f3n de la cuenta de cliente. <\/p>\n\n\n\n<p>En la medida en que usted consienta este tratamiento, el art\u00edculo 6, apartado 1, letra a) del RGPD es la base legal para el tratamiento.  <\/p>\n\n\n\n<p>Si la apertura de la cuenta de cliente tambi\u00e9n sirve para medidas precontractuales o para el cumplimiento del contrato, la base legal para este tratamiento es tambi\u00e9n el art\u00edculo 6, apartado 1, letra b) del RGPD.  <\/p>\n\n\n\n<p>Puede revocar el consentimiento que nos ha otorgado para la apertura y el mantenimiento de la cuenta de cliente en cualquier momento con efecto para el futuro, de conformidad con el art\u00edculo 7, apartado 3 del RGPD. Para ello, solo tiene que informarnos de su revocaci\u00f3n.  <\/p>\n\n\n\n<p>Los datos recopilados a este respecto se eliminar\u00e1n tan pronto como el tratamiento ya no sea necesario. Sin embargo, debemos observar los plazos de conservaci\u00f3n fiscales y comerciales. <\/p>\n<\/div>\n\n\n\n<div class=\"wp-block-group is-vertical is-layout-flex wp-container-core-group-is-layout-fb00d1fc wp-block-group-is-layout-flex\" style=\"padding-top:var(--wp--preset--spacing--10);padding-bottom:var(--wp--preset--spacing--10)\">\n<h4 class=\"wp-block-heading\"><strong>Bolet\u00edn de noticias<\/strong><\/h4>\n\n\n\n<p>Si se suscribe a nuestro bolet\u00edn de noticias gratuito, los datos que se le soliciten para ello, es decir, su direcci\u00f3n de correo electr\u00f3nico y, opcionalmente, su nombre y direcci\u00f3n, nos ser\u00e1n transmitidos. Al mismo tiempo, almacenaremos la direcci\u00f3n IP de la conexi\u00f3n a Internet desde la que accede a nuestro sitio web, as\u00ed como la fecha y hora de su registro. En el marco del proceso de registro posterior, solicitaremos su consentimiento para el env\u00edo del bolet\u00edn, describiremos el contenido de forma concreta y haremos referencia a esta pol\u00edtica de privacidad. Los datos recopilados se utilizar\u00e1n exclusivamente para el env\u00edo del bolet\u00edn, por lo que, en particular, no se transmitir\u00e1n a terceros.   <\/p>\n\n\n\n<p>La base legal para ello es el art\u00edculo 6, apartado 1, letra a) del RGPD.  <\/p>\n\n\n\n<p>Puede revocar el consentimiento para el env\u00edo del bolet\u00edn en cualquier momento con efecto para el futuro, de conformidad con el art\u00edculo 7, apartado 3 del RGPD. Para ello, solo tiene que informarnos de su revocaci\u00f3n o hacer clic en el enlace de cancelaci\u00f3n de suscripci\u00f3n que se incluye en cada bolet\u00edn.  <\/p>\n<\/div>\n\n\n\n<div class=\"wp-block-group is-vertical is-layout-flex wp-container-core-group-is-layout-fb00d1fc wp-block-group-is-layout-flex\" style=\"padding-top:var(--wp--preset--spacing--10);padding-bottom:var(--wp--preset--spacing--10)\">\n<h4 class=\"wp-block-heading\"><strong>Consultas de contacto \/ Posibilidad de contacto<\/strong><\/h4>\n\n\n\n<p>Si se pone en contacto con nosotros a trav\u00e9s del formulario de contacto o por correo electr\u00f3nico, los datos que nos proporcione se utilizar\u00e1n para procesar su solicitud. La provisi\u00f3n de los datos es necesaria para procesar y responder a su solicitud; sin ellos, no podremos responder a su solicitud o solo de forma limitada. <\/p>\n\n\n\n<p>La base legal para este tratamiento es el art\u00edculo 6, apartado 1, letra b) del RGPD.  <\/p>\n\n\n\n<p>Sus datos se eliminar\u00e1n una vez que su solicitud haya sido respondida de forma definitiva y no existan obligaciones legales de conservaci\u00f3n que impidan la eliminaci\u00f3n, como, por ejemplo, en el caso de una posible ejecuci\u00f3n de contrato posterior. <\/p>\n<\/div>\n\n\n\n<div class=\"wp-block-group is-vertical is-layout-flex wp-container-core-group-is-layout-fb00d1fc wp-block-group-is-layout-flex\" style=\"padding-top:var(--wp--preset--spacing--10);padding-bottom:var(--wp--preset--spacing--10)\">\n<h4 class=\"wp-block-heading\"><strong>YouTube<\/strong><\/h4>\n\n\n\n<p>Mantenemos una presencia en l\u00ednea en YouTube para presentar nuestra empresa y nuestros servicios y para comunicarnos con clientes\/interesados. YouTube es un servicio de Google Ireland Limited, Gordon House, Barrow Street, Dubl\u00edn 4, Irlanda, una filial de Google LLC, 1600 Amphitheatre Parkway, Mountain View, CA 94043 EE. UU. <\/p>\n\n\n\n<p>En este sentido, se\u00f1alamos que existe la posibilidad de que los datos de los usuarios se traten fuera de la Uni\u00f3n Europea, en particular en EE. UU. Esto puede implicar mayores riesgos para los usuarios, ya que, por ejemplo, el acceso posterior a los datos de los usuarios puede verse dificultado. Tampoco tenemos acceso a estos datos de usuario. La posibilidad de acceso recae exclusivamente en YouTube. Google LLC est\u00e1 certificada bajo el Escudo de Privacidad y, por lo tanto, se ha comprometido a cumplir con los est\u00e1ndares europeos de protecci\u00f3n de datos:    <\/p>\n\n\n\n<p><a href=\"https:\/\/www.privacyshield.gov\/participant?id=a2zt000000001L5AAI&amp;status=Active\" target=\"_blank\" rel=\"noopener\">https:\/\/www.privacyshield.gov\/participant?id=a2zt000000001L5AAI&amp;status=Active<\/a><\/p>\n\n\n\n<p>Puede encontrar la pol\u00edtica de privacidad de YouTube en:<\/p>\n\n\n\n<p><a href=\"https:\/\/policies.google.com\/privacy\" target=\"_blank\" rel=\"noopener\">https:\/\/policies.google.com\/privacy<\/a><\/p>\n<\/div>\n\n\n\n<div class=\"wp-block-group is-vertical is-layout-flex wp-container-core-group-is-layout-fb00d1fc wp-block-group-is-layout-flex\" style=\"padding-top:var(--wp--preset--spacing--10);padding-bottom:var(--wp--preset--spacing--10)\">\n<h4 class=\"wp-block-heading\"><strong>Google Maps<\/strong><\/h4>\n\n\n\n<p>En nuestro sitio web utilizamos Google Maps para mostrar nuestra ubicaci\u00f3n y para crear una descripci\u00f3n de c\u00f3mo llegar. Se trata de un servicio de Google LLC, 1600 Amphitheatre Parkway, Mountain View, CA 94043 EE. UU., en adelante denominado \u00abGoogle\u00bb. <\/p>\n\n\n\n<p>Mediante la certificaci\u00f3n seg\u00fan el Escudo de Privacidad UE-EE. UU. (\u00abEU-US Privacy Shield\u00bb)<\/p>\n\n\n\n<p><a href=\"https:\/\/www.privacyshield.gov\/participant?id=a2zt000000001L5AAI&amp;status=Active\" target=\"_blank\" rel=\"noopener\">https:\/\/www.privacyshield.gov\/participant?id=a2zt000000001L5AAI&amp;status=Active<\/a><\/p>\n\n\n\n<p>Google garantiza que las normas de protecci\u00f3n de datos de la UE tambi\u00e9n se cumplen al procesar datos en EE. UU.<\/p>\n\n\n\n<p>Para permitir la visualizaci\u00f3n de ciertas fuentes en nuestro sitio web, al acceder a nuestro sitio web se establece una conexi\u00f3n con el servidor de Google en EE. UU.<\/p>\n\n\n\n<p>Si accede al componente Google Maps integrado en nuestro sitio web, Google almacena una cookie en su dispositivo a trav\u00e9s de su navegador de Internet. Para mostrar nuestra ubicaci\u00f3n y crear una descripci\u00f3n de c\u00f3mo llegar, se procesan su configuraci\u00f3n de usuario y sus datos. En este caso, no podemos descartar que Google utilice servidores en EE. UU.  <\/p>\n\n\n\n<p>La base legal es el art\u00edculo 6, apartado 1, letra f) del RGPD. Nuestro inter\u00e9s leg\u00edtimo radica en la optimizaci\u00f3n de la funcionalidad de nuestro sitio web.   <\/p>\n\n\n\n<p>A trav\u00e9s de la conexi\u00f3n establecida con Google, Google puede determinar desde qu\u00e9 sitio web se envi\u00f3 su solicitud y a qu\u00e9 direcci\u00f3n IP debe transmitirse la descripci\u00f3n de c\u00f3mo llegar.<\/p>\n\n\n\n<p>Si no est\u00e1 de acuerdo con este tratamiento, tiene la posibilidad de evitar la instalaci\u00f3n de cookies mediante la configuraci\u00f3n correspondiente en su navegador de Internet. Los detalles al respecto se encuentran anteriormente en el punto \u00abCookies\u00bb. <\/p>\n\n\n\n<p>Adem\u00e1s, el uso de Google Maps y de la informaci\u00f3n obtenida a trav\u00e9s de Google Maps se rige por las <a href=\"http:\/\/www.google.de\/accounts\/TOS\" target=\"_blank\" rel=\"noreferrer noopener\">Condiciones de servicio de Google<\/a> <a href=\"https:\/\/policies.google.com\/terms?gl=DE&amp;hl=de\" target=\"_blank\" rel=\"noreferrer noopener\">https:\/\/policies.google.com\/terms?gl=DE&amp;hl=de<\/a> y las <a href=\"http:\/\/www.google.com\/intl\/de_de\/help\/terms_maps.html\" target=\"_blank\" rel=\"noreferrer noopener\">Condiciones de servicio de Google Maps<\/a> <a href=\"https:\/\/www.google.com\/intl\/de_de\/help\/terms_maps.html\" target=\"_blank\" rel=\"noopener\">https:\/\/www.google.com\/intl\/de_de\/help\/terms_maps.html<\/a>.<\/p>\n\n\n\n<p>Adem\u00e1s, Google ofrece en:<\/p>\n\n\n\n<p><a href=\"https:\/\/adssettings.google.com\/authenticated\" target=\"_blank\" rel=\"noopener\">https:\/\/adssettings.google.com\/authenticated<\/a><\/p>\n\n\n\n<p><a href=\"https:\/\/policies.google.com\/privacy\" target=\"_blank\" rel=\"noopener\">https:\/\/policies.google.com\/privacy<\/a><\/p>\n\n\n\n<p>informaci\u00f3n adicional.<\/p>\n<\/div>\n\n\n\n<p><a href=\"https:\/\/www.ratgeberrecht.eu\/leistungen\/muster-datenschutzerklaerung.html\" target=\"_blank\" rel=\"noreferrer noopener\">Modelo de pol\u00edtica de privacidad<\/a> del <a href=\"https:\/\/www.ratgeberrecht.eu\/\" target=\"_blank\" rel=\"noreferrer noopener\">bufete de abogados Wei\u00df &amp; Partner<\/a><\/p>\n<\/div>\n","protected":false},"excerpt":{"rendered":"<p>Pol\u00edtica de privacidad Los datos personales (en adelante, denominados en su mayor\u00eda \u00abDatos\u00bb) solo ser\u00e1n tratados por nosotros en la medida necesaria y con el fin de proporcionar un sitio web funcional y f\u00e1cil de usar, incluidos sus contenidos y los servicios ofrecidos en \u00e9l. Seg\u00fan el art\u00edculo 4, punto 1 del Reglamento (UE) 2016\/679, [&hellip;]<\/p>\n","protected":false},"author":4,"featured_media":0,"parent":0,"menu_order":0,"comment_status":"closed","ping_status":"closed","template":"","meta":{"footnotes":""},"class_list":["post-14586","page","type-page","status-publish","hentry"],"_links":{"self":[{"href":"https:\/\/www.klasmeier.com\/es\/wp-json\/wp\/v2\/pages\/14586","targetHints":{"allow":["GET"]}}],"collection":[{"href":"https:\/\/www.klasmeier.com\/es\/wp-json\/wp\/v2\/pages"}],"about":[{"href":"https:\/\/www.klasmeier.com\/es\/wp-json\/wp\/v2\/types\/page"}],"author":[{"embeddable":true,"href":"https:\/\/www.klasmeier.com\/es\/wp-json\/wp\/v2\/users\/4"}],"replies":[{"embeddable":true,"href":"https:\/\/www.klasmeier.com\/es\/wp-json\/wp\/v2\/comments?post=14586"}],"version-history":[{"count":1,"href":"https:\/\/www.klasmeier.com\/es\/wp-json\/wp\/v2\/pages\/14586\/revisions"}],"predecessor-version":[{"id":14589,"href":"https:\/\/www.klasmeier.com\/es\/wp-json\/wp\/v2\/pages\/14586\/revisions\/14589"}],"wp:attachment":[{"href":"https:\/\/www.klasmeier.com\/es\/wp-json\/wp\/v2\/media?parent=14586"}],"curies":[{"name":"wp","href":"https:\/\/api.w.org\/{rel}","templated":true}]}}