{"id":14524,"date":"2024-05-31T13:36:22","date_gmt":"2024-05-31T11:36:22","guid":{"rendered":"https:\/\/www.klasmeier.com\/termometros-isotech\/"},"modified":"2026-05-12T15:24:31","modified_gmt":"2026-05-12T13:24:31","slug":"termometros-isotech","status":"publish","type":"page","link":"https:\/\/www.klasmeier.com\/es\/termometros-isotech\/","title":{"rendered":"Term\u00f3metros ISOTECH"},"content":{"rendered":"\n<div class=\"wp-block-group alignfull has-global-padding is-layout-constrained wp-container-core-group-is-layout-33ac4ec4 wp-block-group-is-layout-constrained\" style=\"padding-top:var(--wp--preset--spacing--30);padding-bottom:var(--wp--preset--spacing--30)\">\n<figure class=\"wp-block-image aligncenter size-full is-resized has-custom-border hvr-grow\"><img loading=\"lazy\" decoding=\"async\" width=\"1024\" height=\"430\" src=\"https:\/\/www.klasmeier.com\/wp-content\/uploads\/Isotech-Model-670-SPRT-e1696836711911-1024x430-1.jpg\" alt=\"\" class=\"wp-image-4517\" style=\"border-radius:50px;width:691px;height:auto\" srcset=\"https:\/\/www.klasmeier.com\/wp-content\/uploads\/Isotech-Model-670-SPRT-e1696836711911-1024x430-1.jpg 1024w, https:\/\/www.klasmeier.com\/wp-content\/uploads\/Isotech-Model-670-SPRT-e1696836711911-1024x430-1-300x126.jpg 300w, https:\/\/www.klasmeier.com\/wp-content\/uploads\/Isotech-Model-670-SPRT-e1696836711911-1024x430-1-768x323.jpg 768w, https:\/\/www.klasmeier.com\/wp-content\/uploads\/Isotech-Model-670-SPRT-e1696836711911-1024x430-1-600x252.jpg 600w\" sizes=\"auto, (max-width: 1024px) 100vw, 1024px\" \/><\/figure>\n\n\n\n<figure class=\"wp-block-image aligncenter size-full is-resized hvr-grow\"><img loading=\"lazy\" decoding=\"async\" width=\"489\" height=\"67\" src=\"https:\/\/www.klasmeier.com\/wp-content\/uploads\/ISOTECH-Logo-1.png\" alt=\"\" class=\"wp-image-4520\" style=\"width:591px;height:auto\" srcset=\"https:\/\/www.klasmeier.com\/wp-content\/uploads\/ISOTECH-Logo-1.png 489w, https:\/\/www.klasmeier.com\/wp-content\/uploads\/ISOTECH-Logo-1-300x41.png 300w\" sizes=\"auto, (max-width: 489px) 100vw, 489px\" \/><\/figure>\n<\/div>\n\n<div class=\"wp-block-group alignwide has-global-padding is-layout-constrained wp-block-group-is-layout-constrained\" style=\"padding-top:var(--wp--preset--spacing--20);padding-bottom:var(--wp--preset--spacing--20)\">\n<h2 class=\"wp-block-heading alignwide has-text-align-center\">Term\u00f3metros de precisi\u00f3n de ISOTECH<\/h2>\n\n\n\n<div class=\"wp-block-group alignwide has-global-padding is-layout-constrained wp-container-core-group-is-layout-b1d50903 wp-block-group-is-layout-constrained\" style=\"padding-top:var(--wp--preset--spacing--20);padding-bottom:var(--wp--preset--spacing--20)\">\n<p>ISOTECH es un reconocido fabricante de productos para la calibraci\u00f3n de temperatura. <strong>Con m\u00e1s de 40 a\u00f1os de experiencia en la fabricaci\u00f3n de term\u00f3metros, ISOTECH ofrece todo lo necesario, desde mediciones de temperatura industriales hasta calibraciones de temperatura de alta gama en puntos fijos de temperatura.<\/strong> Los productos ISOTECH se distribuyen en todo el mundo a trav\u00e9s de una amplia red de distribuci\u00f3n y se utilizan en las m\u00e1s diversas aplicaciones.<\/p>\n\n\n\n<p><strong>Nuestra oferta incluye:<\/strong><\/p>\n\n\n\n<p><mark style=\"background-color:rgba(0, 0, 0, 0)\" class=\"has-inline-color has-accent-3-color\"><i class=\"fas fa-circle-check\"><\/i><\/mark> <strong>SPRTs term\u00f3metros de resistencia de platino est\u00e1ndar ITS-90<\/strong><br\/><mark style=\"background-color:rgba(0, 0, 0, 0)\" class=\"has-inline-color has-accent-3-color\"><i class=\"fas fa-circle-check\"><\/i><\/mark> <strong>Termopares de metales nobles de los tipos R\/S, Pt\/Au y Pt\/PD<\/strong><br\/><mark style=\"background-color:rgba(0, 0, 0, 0)\" class=\"has-inline-color has-accent-3-color\"><i class=\"fas fa-circle-check\"><\/i><\/mark> <strong>Semiest\u00e1ndares para uso industrial<\/strong><\/p>\n<\/div>\n\n\n\n<div class=\"wp-block-columns alignwide is-layout-flex wp-container-core-columns-is-layout-846212ff wp-block-columns-is-layout-flex\" style=\"padding-top:var(--wp--preset--spacing--10);padding-bottom:var(--wp--preset--spacing--10)\">\n<div class=\"wp-block-column is-layout-flow wp-block-column-is-layout-flow\">\n<div class=\"wp-block-group hvr-grow is-vertical is-content-justification-center is-layout-flex wp-container-core-group-is-layout-30778a02 wp-block-group-is-layout-flex\">\n<figure class=\"wp-block-image size-full has-custom-border\"><a href=\"https:\/\/www.klasmeier.com\/es\/termometro-de-precision-isotech\/\"><img loading=\"lazy\" decoding=\"async\" width=\"300\" height=\"300\" src=\"https:\/\/www.klasmeier.com\/wp-content\/uploads\/Referenzthermometer-300x300-1.png\" alt=\"\" class=\"wp-image-4526\" style=\"border-radius:50px\" srcset=\"https:\/\/www.klasmeier.com\/wp-content\/uploads\/Referenzthermometer-300x300-1.png 300w, https:\/\/www.klasmeier.com\/wp-content\/uploads\/Referenzthermometer-300x300-1-150x150.png 150w, https:\/\/www.klasmeier.com\/wp-content\/uploads\/Referenzthermometer-300x300-1-100x100.png 100w\" sizes=\"auto, (max-width: 300px) 100vw, 300px\" \/><\/a><\/figure>\n\n\n\n<p class=\"has-text-align-center\">Term\u00f3metros de precisi\u00f3n ISOTECH (Pt100)<\/p>\n\n\n\n<div class=\"wp-block-buttons is-content-justification-center is-layout-flex wp-container-core-buttons-is-layout-a89b3969 wp-block-buttons-is-layout-flex\">\n<div class=\"wp-block-button hvr-shrink\"><a class=\"wp-block-button__link wp-element-button\" href=\"https:\/\/www.klasmeier.com\/es\/termometro-de-precision-isotech\/\">M\u00e1s informaci\u00f3n<\/a><\/div>\n<\/div>\n<\/div>\n<\/div>\n\n\n\n<div class=\"wp-block-column is-layout-flow wp-block-column-is-layout-flow\">\n<div class=\"wp-block-group hvr-grow is-vertical is-content-justification-center is-layout-flex wp-container-core-group-is-layout-30778a02 wp-block-group-is-layout-flex\">\n<figure class=\"wp-block-image size-full has-custom-border\"><a href=\"https:\/\/www.klasmeier.com\/produkt-kategorie\/praezisions-thermometer\/isotech-praezisions-thermometer-thermoelemente\/\"><img loading=\"lazy\" decoding=\"async\" width=\"300\" height=\"300\" src=\"https:\/\/www.klasmeier.com\/wp-content\/uploads\/thermocouple-probes-300x300-1.jpg\" alt=\"\" class=\"wp-image-4528\" style=\"border-radius:50px\" srcset=\"https:\/\/www.klasmeier.com\/wp-content\/uploads\/thermocouple-probes-300x300-1.jpg 300w, https:\/\/www.klasmeier.com\/wp-content\/uploads\/thermocouple-probes-300x300-1-150x150.jpg 150w, https:\/\/www.klasmeier.com\/wp-content\/uploads\/thermocouple-probes-300x300-1-100x100.jpg 100w\" sizes=\"auto, (max-width: 300px) 100vw, 300px\" \/><\/a><\/figure>\n\n\n\n<p class=\"has-text-align-center\">Term\u00f3metros de precisi\u00f3n ISOTECH (termopares)<\/p>\n\n\n\n<div class=\"wp-block-buttons is-content-justification-center is-layout-flex wp-container-core-buttons-is-layout-a89b3969 wp-block-buttons-is-layout-flex\">\n<div class=\"wp-block-button hvr-shrink\"><a class=\"wp-block-button__link wp-element-button\" href=\"https:\/\/www.klasmeier.com\/produkt-kategorie\/praezisions-thermometer\/isotech-praezisions-thermometer-thermoelemente\/\">M\u00e1s informaci\u00f3n<\/a><\/div>\n<\/div>\n<\/div>\n<\/div>\n\n\n\n<div class=\"wp-block-column is-layout-flow wp-block-column-is-layout-flow\">\n<div class=\"wp-block-group hvr-grow is-vertical is-content-justification-center is-layout-flex wp-container-core-group-is-layout-30778a02 wp-block-group-is-layout-flex\">\n<figure class=\"wp-block-image size-full has-custom-border\"><a href=\"https:\/\/www.klasmeier.com\/produkt-kategorie\/praezisions-thermometer\/standard-platin-widerstandsthermometer-sprt\/\"><img loading=\"lazy\" decoding=\"async\" width=\"300\" height=\"300\" src=\"https:\/\/www.klasmeier.com\/wp-content\/uploads\/SPRT-300x300-1.jpg\" alt=\"\" class=\"wp-image-4530\" style=\"border-radius:50px\" srcset=\"https:\/\/www.klasmeier.com\/wp-content\/uploads\/SPRT-300x300-1.jpg 300w, https:\/\/www.klasmeier.com\/wp-content\/uploads\/SPRT-300x300-1-150x150.jpg 150w, https:\/\/www.klasmeier.com\/wp-content\/uploads\/SPRT-300x300-1-100x100.jpg 100w\" sizes=\"auto, (max-width: 300px) 100vw, 300px\" \/><\/a><\/figure>\n\n\n\n<p class=\"has-text-align-center\">Term\u00f3metros de resistencia de platino est\u00e1ndar (SPRT)<\/p>\n\n\n\n<div class=\"wp-block-buttons is-content-justification-center is-layout-flex wp-container-core-buttons-is-layout-a89b3969 wp-block-buttons-is-layout-flex\">\n<div class=\"wp-block-button hvr-shrink\"><a class=\"wp-block-button__link wp-element-button\" href=\"https:\/\/www.klasmeier.com\/produkt-kategorie\/praezisions-thermometer\/standard-platin-widerstandsthermometer-sprt\/\">M\u00e1s informaci\u00f3n<\/a><\/div>\n<\/div>\n<\/div>\n<\/div>\n<\/div>\n<\/div>\n","protected":false},"excerpt":{"rendered":"<p>Term\u00f3metros de precisi\u00f3n de ISOTECH ISOTECH es un reconocido fabricante de productos para la calibraci\u00f3n de temperatura. Con m\u00e1s de 40 a\u00f1os de experiencia en la fabricaci\u00f3n de term\u00f3metros, ISOTECH ofrece todo lo necesario, desde mediciones de temperatura industriales hasta calibraciones de temperatura de alta gama en puntos fijos de temperatura. Los productos ISOTECH se [&hellip;]<\/p>\n","protected":false},"author":4,"featured_media":0,"parent":0,"menu_order":0,"comment_status":"closed","ping_status":"closed","template":"","meta":{"footnotes":""},"class_list":["post-14524","page","type-page","status-publish","hentry"],"_links":{"self":[{"href":"https:\/\/www.klasmeier.com\/es\/wp-json\/wp\/v2\/pages\/14524","targetHints":{"allow":["GET"]}}],"collection":[{"href":"https:\/\/www.klasmeier.com\/es\/wp-json\/wp\/v2\/pages"}],"about":[{"href":"https:\/\/www.klasmeier.com\/es\/wp-json\/wp\/v2\/types\/page"}],"author":[{"embeddable":true,"href":"https:\/\/www.klasmeier.com\/es\/wp-json\/wp\/v2\/users\/4"}],"replies":[{"embeddable":true,"href":"https:\/\/www.klasmeier.com\/es\/wp-json\/wp\/v2\/comments?post=14524"}],"version-history":[{"count":1,"href":"https:\/\/www.klasmeier.com\/es\/wp-json\/wp\/v2\/pages\/14524\/revisions"}],"predecessor-version":[{"id":14532,"href":"https:\/\/www.klasmeier.com\/es\/wp-json\/wp\/v2\/pages\/14524\/revisions\/14532"}],"wp:attachment":[{"href":"https:\/\/www.klasmeier.com\/es\/wp-json\/wp\/v2\/media?parent=14524"}],"curies":[{"name":"wp","href":"https:\/\/api.w.org\/{rel}","templated":true}]}}