{"id":3410,"date":"2024-04-02T15:05:01","date_gmt":"2024-04-02T13:05:01","guid":{"rendered":"https:\/\/www.klasmeier.com\/niedertemperatur-kalibratoren\/"},"modified":"2024-10-21T11:53:44","modified_gmt":"2024-10-21T09:53:44","slug":"niedertemperatur-kalibratoren","status":"publish","type":"page","link":"https:\/\/www.klasmeier.com\/en\/shop\/niedertemperatur-kalibratoren\/","title":{"rendered":"Effiziente Niedertemperatur-Kalibratoren"},"content":{"rendered":"\n<div class=\"wp-block-group alignfull has-global-padding is-layout-constrained wp-container-core-group-is-layout-b510c29b wp-block-group-is-layout-constrained\" style=\"padding-top:0;padding-bottom:0\">\n<h1 class=\"wp-block-heading alignwide has-text-align-center\" style=\"font-size:clamp(27.894px, 1.743rem + ((1vw - 3.2px) * 2.094), 48px);\"><strong>Niedertemperatur-Kalibratoren von ISOTECH<\/strong><\/h1>\n\n\n\n<h2 class=\"wp-block-heading has-text-align-center\" style=\"font-size:clamp(15.747px, 0.984rem + ((1vw - 3.2px) * 0.86), 24px);\">M\u00f6chten Sie <strong>Thermometer bei extrem niedrigen Temperaturen pr\u00e4zise kalibrieren?<\/strong> <br>Standardisierte Verfahren und Kalibrierb\u00e4der bieten nicht den ben\u00f6tigten Temperaturbereich? <br><br>Dann sind Sie bei uns genau richtig! <br><strong>Unsere Niedertemperatur-Kalibratoren erm\u00f6glichen pr\u00e4zise Kalibrierungen selbst bei sehr niedrigen Temperaturen.<\/strong><\/h2>\n<\/div>\n\n\n\n<div class=\"wp-block-group alignfull has-global-padding is-layout-constrained wp-block-group-is-layout-constrained\" style=\"padding-top:0;padding-bottom:0\">\n<div class=\"wp-block-group alignwide has-global-padding is-content-justification-center is-layout-constrained wp-block-group-is-layout-constrained\" style=\"margin-top:var(--wp--preset--spacing--10);margin-bottom:var(--wp--preset--spacing--10)\">\n<div class=\"wp-block-group alignwide hvr-grow has-accent-background-color has-background has-global-padding is-layout-constrained wp-container-core-group-is-layout-9ea8ae60 wp-block-group-is-layout-constrained\" style=\"border-radius:50px;margin-top:var(--wp--preset--spacing--30);margin-bottom:var(--wp--preset--spacing--30);padding-top:var(--wp--preset--spacing--30);padding-right:var(--wp--preset--spacing--30);padding-bottom:var(--wp--preset--spacing--40);padding-left:var(--wp--preset--spacing--30)\">\n<div class=\"wp-block-group alignwide has-global-padding is-layout-constrained wp-container-core-group-is-layout-19e250f3 wp-block-group-is-layout-constrained\">\n<h3 class=\"wp-block-heading alignwide has-text-align-center\"><a href=\"https:\/\/www.klasmeier.com\/produkt\/cryostat-tiefkuehlkalibriereinrichtung\/\">Stickstoff-Kryostat zur Thermometer Kalibrierung<\/a><\/h3>\n<\/div>\n\n\n\n<div class=\"wp-block-columns is-layout-flex wp-container-core-columns-is-layout-0806ab5c wp-block-columns-is-layout-flex\" style=\"margin-top:var(--wp--preset--spacing--30);margin-bottom:var(--wp--preset--spacing--30)\">\n<div class=\"wp-block-column is-vertically-aligned-center is-layout-flow wp-block-column-is-layout-flow\" style=\"padding-right:0%;padding-left:0px;flex-basis:66%\">\n<p>Mit dem Stickstoff-Kryostaten k\u00f6nnen Sie Thermometer und Thermoelemente bei besonders niedrigen Temperaturen kalibrieren.<\/p>\n\n\n\n<p><mark style=\"background-color:rgba(0, 0, 0, 0);color:#dd3333\" class=\"has-inline-color\"><i class=\"fas fa-circle-check\"><\/i><\/mark> <strong>Temperaturbereich -80 \u00b0C bis -180 \u00b0C mit frei w\u00e4hlbaren Kalibrierpunkten<\/strong><br><mark style=\"background-color:rgba(0, 0, 0, 0);color:#dd3333\" class=\"has-inline-color\"><i class=\"fas fa-circle-check\"><\/i><\/mark> <strong>keine Kontamination durch Kalibriermedien<\/strong><br><mark style=\"background-color:rgba(0, 0, 0, 0);color:#dd3333\" class=\"has-inline-color\"><i class=\"fas fa-circle-check\"><\/i><\/mark> <strong>hohe Genauigkeit durch kundenspezifische Kalibriereins\u00e4tze <\/strong><br>(m\u00fcssen&nbsp;mitbestellt werden)<br><mark style=\"background-color:rgba(0, 0, 0, 0);color:#dd3333\" class=\"has-inline-color\"><i class=\"fas fa-circle-check\"><\/i><\/mark> <strong>Preisg\u00fcnstige L\u00f6sung <\/strong>im Vergleich zu elektrischen Ger\u00e4ten mit vergleichbarem Temperaturbereich<\/p>\n<\/div>\n\n\n\n<div class=\"wp-block-column is-vertically-aligned-center is-layout-flow wp-block-column-is-layout-flow\" style=\"flex-basis:33%\">\n<figure class=\"wp-block-image aligncenter size-full is-resized has-custom-border\"><a href=\"https:\/\/www.klasmeier.com\/produkt\/cryostat-tiefkuehlkalibriereinrichtung\/\"><img loading=\"lazy\" decoding=\"async\" width=\"370\" height=\"370\" src=\"https:\/\/www.klasmeier.com\/wp-content\/uploads\/2024\/04\/Cryostat-zur-Thermometer-Kalibrierung.png\" alt=\"\" class=\"wp-image-2236\" style=\"border-radius:50px;width:322px;height:auto\" srcset=\"https:\/\/www.klasmeier.com\/wp-content\/uploads\/2024\/04\/Cryostat-zur-Thermometer-Kalibrierung.png 370w, https:\/\/www.klasmeier.com\/wp-content\/uploads\/2024\/04\/Cryostat-zur-Thermometer-Kalibrierung-300x300.png 300w, https:\/\/www.klasmeier.com\/wp-content\/uploads\/2024\/04\/Cryostat-zur-Thermometer-Kalibrierung-150x150.png 150w, https:\/\/www.klasmeier.com\/wp-content\/uploads\/2024\/04\/Cryostat-zur-Thermometer-Kalibrierung-100x100.png 100w\" sizes=\"auto, (max-width: 370px) 100vw, 370px\" \/><\/a><\/figure>\n<\/div>\n<\/div>\n\n\n\n<div class=\"wp-block-buttons is-content-justification-center is-layout-flex wp-container-core-buttons-is-layout-a89b3969 wp-block-buttons-is-layout-flex\">\n<div class=\"wp-block-button has-custom-font-size is-style-outline has-medium-font-size is-style-outline--1\"><a class=\"wp-block-button__link wp-element-button\" href=\"https:\/\/www.klasmeier.com\/produkt\/cryostat-tiefkuehlkalibriereinrichtung\/\" style=\"border-radius:50px;padding-top:var(--wp--preset--spacing--10);padding-right:var(--wp--preset--spacing--20);padding-bottom:var(--wp--preset--spacing--10);padding-left:var(--wp--preset--spacing--20)\">Zum Stickstoff-Kryostat<\/a><\/div>\n<\/div>\n<\/div>\n\n\n\n<div class=\"wp-block-group alignwide hvr-grow has-accent-background-color has-background has-global-padding is-layout-constrained wp-container-core-group-is-layout-9ea8ae60 wp-block-group-is-layout-constrained\" style=\"border-radius:50px;margin-top:var(--wp--preset--spacing--30);margin-bottom:var(--wp--preset--spacing--30);padding-top:var(--wp--preset--spacing--30);padding-right:var(--wp--preset--spacing--30);padding-bottom:var(--wp--preset--spacing--40);padding-left:var(--wp--preset--spacing--30)\">\n<div class=\"wp-block-group alignwide has-global-padding is-layout-constrained wp-container-core-group-is-layout-19e250f3 wp-block-group-is-layout-constrained\">\n<h3 class=\"wp-block-heading alignwide has-text-align-center\"><a href=\"https:\/\/www.klasmeier.com\/produkt\/stickstoff-siedepunktkalibrator\/\">Stickstoff-Siedepunktkalibrator Modell ITL M 18205<\/a><\/h3>\n<\/div>\n\n\n\n<div class=\"wp-block-columns is-layout-flex wp-container-core-columns-is-layout-0806ab5c wp-block-columns-is-layout-flex\" style=\"margin-top:var(--wp--preset--spacing--30);margin-bottom:var(--wp--preset--spacing--30)\">\n<div class=\"wp-block-column is-vertically-aligned-center is-layout-flow wp-block-column-is-layout-flow\" style=\"padding-right:0%;padding-left:0px;flex-basis:66%\">\n<p><mark style=\"background-color:rgba(0, 0, 0, 0);color:#dd3333\" class=\"has-inline-color\"><i class=\"fas fa-circle-check\"><\/i><\/mark> <strong>Hohe Messgenauigkeit zu geringen Kosten<\/strong>: Durch Vergleichskalibrierung k\u00f6nnen Messunsicherheiten auf \u00b1 0,002 K reduziert werden. Dadurch k\u00f6nnen Sie eine pr\u00e4zise Kalibrierung zu einem Bruchteil der Kosten einer Fixpunktkalibrierung durchf\u00fchren.<br><mark style=\"background-color:rgba(0, 0, 0, 0);color:#dd3333\" class=\"has-inline-color\"><i class=\"fas fa-circle-check\"><\/i><\/mark> <strong>Keine externe Stromquelle erforderlich<\/strong> \u2013 Das erm\u00f6glicht eine <strong>flexible und benutzerfreundliche Anwendung<\/strong> des Niedertemperatur-Kalibrators<\/p>\n<\/div>\n\n\n\n<div class=\"wp-block-column is-vertically-aligned-center is-layout-flow wp-block-column-is-layout-flow\" style=\"flex-basis:33%\">\n<figure class=\"wp-block-image aligncenter size-full is-resized has-custom-border\"><a href=\"https:\/\/www.klasmeier.com\/produkt\/stickstoff-siedepunktkalibrator\/\"><img loading=\"lazy\" decoding=\"async\" width=\"370\" height=\"370\" src=\"https:\/\/www.klasmeier.com\/wp-content\/uploads\/2024\/04\/Stickstoff-Siedepunktkalibrator.png\" alt=\"\" class=\"wp-image-2238\" style=\"border-radius:50px;width:322px;height:auto\" srcset=\"https:\/\/www.klasmeier.com\/wp-content\/uploads\/2024\/04\/Stickstoff-Siedepunktkalibrator.png 370w, https:\/\/www.klasmeier.com\/wp-content\/uploads\/2024\/04\/Stickstoff-Siedepunktkalibrator-300x300.png 300w, https:\/\/www.klasmeier.com\/wp-content\/uploads\/2024\/04\/Stickstoff-Siedepunktkalibrator-150x150.png 150w, https:\/\/www.klasmeier.com\/wp-content\/uploads\/2024\/04\/Stickstoff-Siedepunktkalibrator-100x100.png 100w\" sizes=\"auto, (max-width: 370px) 100vw, 370px\" \/><\/a><\/figure>\n<\/div>\n<\/div>\n\n\n\n<div class=\"wp-block-buttons is-content-justification-center is-layout-flex wp-container-core-buttons-is-layout-a89b3969 wp-block-buttons-is-layout-flex\">\n<div class=\"wp-block-button has-custom-font-size is-style-outline has-medium-font-size is-style-outline--2\"><a class=\"wp-block-button__link wp-element-button\" href=\"https:\/\/www.klasmeier.com\/produkt\/stickstoff-siedepunktkalibrator\/\" style=\"border-radius:50px;padding-top:var(--wp--preset--spacing--10);padding-right:var(--wp--preset--spacing--20);padding-bottom:var(--wp--preset--spacing--10);padding-left:var(--wp--preset--spacing--20)\">Zum Stickstoff-Siedepunktkalibrator<\/a><\/div>\n<\/div>\n<\/div>\n\n\n\n<div class=\"wp-block-group alignwide hvr-grow has-accent-background-color has-background has-global-padding is-layout-constrained wp-container-core-group-is-layout-9ea8ae60 wp-block-group-is-layout-constrained\" style=\"border-radius:50px;margin-top:var(--wp--preset--spacing--30);margin-bottom:var(--wp--preset--spacing--30);padding-top:var(--wp--preset--spacing--30);padding-right:var(--wp--preset--spacing--30);padding-bottom:var(--wp--preset--spacing--40);padding-left:var(--wp--preset--spacing--30)\">\n<div class=\"wp-block-group alignwide has-global-padding is-layout-constrained wp-container-core-group-is-layout-19e250f3 wp-block-group-is-layout-constrained\">\n<h3 class=\"wp-block-heading\"><a href=\"https:\/\/www.klasmeier.com\/produkt\/stickstoffsiedepunkt-kalibrator\/\">Stickstoffsiedepunkt-Kalibrator Modell 461<\/a><\/h3>\n<\/div>\n\n\n\n<div class=\"wp-block-columns is-layout-flex wp-container-core-columns-is-layout-0806ab5c wp-block-columns-is-layout-flex\" style=\"margin-top:var(--wp--preset--spacing--30);margin-bottom:var(--wp--preset--spacing--30)\">\n<div class=\"wp-block-column is-vertically-aligned-center is-layout-flow wp-block-column-is-layout-flow\" style=\"padding-right:0%;padding-left:0px;flex-basis:66%\">\n<p>Dieses Modell ist eine <strong>preisg\u00fcnstigere Alternative<\/strong> zum ITL M 18205. <br>Der Stickstoffsiedepunkt-Kalibrator ist ein einfaches, zur Umgebungsluft hin offenes Ger\u00e4t. Es besteht aus einem Dewargef\u00e4\u00df aus Edelstahl, das mit fl\u00fcssigem Stickstoff gef\u00fcllt wird, einer Isolierschicht, in der sich ein metallischer Ausgleichsblock befindet, und einem Thermometerhalter.<\/p>\n\n\n\n<p><mark style=\"background-color:rgba(0, 0, 0, 0);color:#dd3333\" class=\"has-inline-color\"><i class=\"fas fa-circle-check\"><\/i><\/mark> <strong>sehr einfache und sichere Anwendung<\/strong><br><mark style=\"background-color:rgba(0, 0, 0, 0);color:#dd3333\" class=\"has-inline-color\"><i class=\"fas fa-circle-check\"><\/i><\/mark> <strong>Temperaturbereich -196 \u00b0C<\/strong><br><mark style=\"background-color:rgba(0, 0, 0, 0);color:#dd3333\" class=\"has-inline-color\"><i class=\"fas fa-circle-check\"><\/i><\/mark> <strong>Temperaturstabilit\u00e4t \u00b10,002 \u00b0C<\/strong><br><mark style=\"background-color:rgba(0, 0, 0, 0);color:#dd3333\" class=\"has-inline-color\"><i class=\"fas fa-circle-check\"><\/i><\/mark> <strong><span style=\"font-size: 14pt;\">kosteng\u00fcnstig<\/span><\/strong><\/p>\n<\/div>\n\n\n\n<div class=\"wp-block-column is-vertically-aligned-center is-layout-flow wp-block-column-is-layout-flow\" style=\"flex-basis:33%\">\n<figure class=\"wp-block-image aligncenter size-full is-resized has-custom-border\"><a href=\"https:\/\/www.klasmeier.com\/produkt\/stickstoffsiedepunkt-kalibrator\/\"><img loading=\"lazy\" decoding=\"async\" width=\"370\" height=\"370\" src=\"https:\/\/www.klasmeier.com\/wp-content\/uploads\/Stickstoff-Siedepunktkalibrator-461.png\" alt=\"\" class=\"wp-image-3590\" style=\"border-radius:50px;width:322px;height:auto\" srcset=\"https:\/\/www.klasmeier.com\/wp-content\/uploads\/Stickstoff-Siedepunktkalibrator-461.png 370w, https:\/\/www.klasmeier.com\/wp-content\/uploads\/Stickstoff-Siedepunktkalibrator-461-300x300.png 300w, https:\/\/www.klasmeier.com\/wp-content\/uploads\/Stickstoff-Siedepunktkalibrator-461-150x150.png 150w, https:\/\/www.klasmeier.com\/wp-content\/uploads\/Stickstoff-Siedepunktkalibrator-461-100x100.png 100w\" sizes=\"auto, (max-width: 370px) 100vw, 370px\" \/><\/a><\/figure>\n<\/div>\n<\/div>\n\n\n\n<div class=\"wp-block-buttons is-content-justification-center is-layout-flex wp-container-core-buttons-is-layout-a89b3969 wp-block-buttons-is-layout-flex\">\n<div class=\"wp-block-button has-custom-font-size is-style-outline has-medium-font-size is-style-outline--3\"><a class=\"wp-block-button__link wp-element-button\" href=\"https:\/\/www.klasmeier.com\/produkt\/stickstoffsiedepunkt-kalibrator\/\" style=\"border-radius:50px;padding-top:var(--wp--preset--spacing--10);padding-right:var(--wp--preset--spacing--20);padding-bottom:var(--wp--preset--spacing--10);padding-left:var(--wp--preset--spacing--20)\">Zum Stickstoff-Siedepunktkalibrator 461<\/a><\/div>\n<\/div>\n<\/div>\n<\/div>\n<\/div>\n\n\n\n<div class=\"wp-block-group alignfull has-global-padding is-layout-constrained wp-block-group-is-layout-constrained\" style=\"margin-top:var(--wp--preset--spacing--30);margin-bottom:var(--wp--preset--spacing--30);padding-top:var(--wp--preset--spacing--20);padding-bottom:var(--wp--preset--spacing--20)\">\n<div class=\"wp-block-columns alignwide hvr-grow has-accent-background-color has-background is-layout-flex wp-container-core-columns-is-layout-6e1574cc wp-block-columns-is-layout-flex\" style=\"border-radius:50px;margin-top:var(--wp--preset--spacing--40);margin-bottom:var(--wp--preset--spacing--40);padding-top:var(--wp--preset--spacing--30);padding-right:var(--wp--preset--spacing--30);padding-bottom:var(--wp--preset--spacing--30);padding-left:var(--wp--preset--spacing--30)\">\n<div class=\"wp-block-column is-vertically-aligned-center is-layout-flow wp-container-core-column-is-layout-f5bb311e wp-block-column-is-layout-flow\">\n<h2 class=\"wp-block-heading has-text-align-center\">Nicht das richtige Produkt f\u00fcr Sie?<\/h2>\n\n\n\n<div class=\"wp-block-buttons is-content-justification-center is-layout-flex wp-container-core-buttons-is-layout-a89b3969 wp-block-buttons-is-layout-flex\">\n<div class=\"wp-block-button hvr-shrink is-style-outline is-style-outline--4\"><a class=\"wp-block-button__link wp-element-button\" href=\"\/shop\/\">-> Hier geht&#8217;s zur\u00fcck zur \u00dcbersicht<\/a><\/div>\n<\/div>\n<\/div>\n<\/div>\n<\/div>\n","protected":false},"excerpt":{"rendered":"<p>Niedertemperatur-Kalibratoren von ISOTECH M\u00f6chten Sie Thermometer bei extrem niedrigen Temperaturen pr\u00e4zise kalibrieren? Standardisierte Verfahren und Kalibrierb\u00e4der bieten nicht den ben\u00f6tigten Temperaturbereich? Dann sind Sie bei uns genau richtig! Unsere Niedertemperatur-Kalibratoren erm\u00f6glichen pr\u00e4zise Kalibrierungen selbst bei sehr niedrigen Temperaturen. Stickstoff-Kryostat zur Thermometer Kalibrierung Mit dem Stickstoff-Kryostaten k\u00f6nnen Sie Thermometer und Thermoelemente bei besonders niedrigen Temperaturen kalibrieren. [&hellip;]<\/p>\n","protected":false},"author":4,"featured_media":0,"parent":3420,"menu_order":0,"comment_status":"closed","ping_status":"closed","template":"","meta":{"footnotes":""},"class_list":["post-3410","page","type-page","status-publish","hentry"],"_links":{"self":[{"href":"https:\/\/www.klasmeier.com\/en\/wp-json\/wp\/v2\/pages\/3410","targetHints":{"allow":["GET"]}}],"collection":[{"href":"https:\/\/www.klasmeier.com\/en\/wp-json\/wp\/v2\/pages"}],"about":[{"href":"https:\/\/www.klasmeier.com\/en\/wp-json\/wp\/v2\/types\/page"}],"author":[{"embeddable":true,"href":"https:\/\/www.klasmeier.com\/en\/wp-json\/wp\/v2\/users\/4"}],"replies":[{"embeddable":true,"href":"https:\/\/www.klasmeier.com\/en\/wp-json\/wp\/v2\/comments?post=3410"}],"version-history":[{"count":20,"href":"https:\/\/www.klasmeier.com\/en\/wp-json\/wp\/v2\/pages\/3410\/revisions"}],"predecessor-version":[{"id":6924,"href":"https:\/\/www.klasmeier.com\/en\/wp-json\/wp\/v2\/pages\/3410\/revisions\/6924"}],"up":[{"embeddable":true,"href":"https:\/\/www.klasmeier.com\/en\/wp-json\/wp\/v2\/pages\/3420"}],"wp:attachment":[{"href":"https:\/\/www.klasmeier.com\/en\/wp-json\/wp\/v2\/media?parent=3410"}],"curies":[{"name":"wp","href":"https:\/\/api.w.org\/{rel}","templated":true}]}}